{"id":10942,"date":"2025-08-05T10:40:17","date_gmt":"2025-08-05T08:40:17","guid":{"rendered":"https:\/\/librairiealkitab.fr\/boutique\/non%20class\u00e9\/epreuves-delivrance-recits-authentiques-de-la-vie-des-prophetes-et-des-pieux-predecesseurs-dar-al-muslim\/"},"modified":"2025-08-08T11:06:30","modified_gmt":"2025-08-08T09:06:30","slug":"epreuves-delivrance-recits-authentiques-de-la-vie-des-prophetes-et-des-pieux-predecesseurs-dar-al-muslim","status":"publish","type":"product","link":"https:\/\/www.librairiealkitab.fr\/ar\/boutique\/epreuves-delivrance-recits-authentiques-de-la-vie-des-prophetes-et-des-pieux-predecesseurs-dar-al-muslim\/","title":{"rendered":"\u00c9preuves &#038; d\u00e9livrance : r\u00e9cits authentiques de la vie des proph\u00e8tes et des pieux pr\u00e9d\u00e9cesseurs &#8211; Dar Al Muslim"},"content":{"rendered":"<p data-start=\"75\" data-end=\"539\">Le <strong data-start=\"78\" data-end=\"123\">th\u00e8me de la d\u00e9livrance apr\u00e8s les \u00e9preuves<\/strong> est essentiel en <strong data-start=\"141\" data-end=\"150\">Islam<\/strong>, car aucun croyant n\u2019\u00e9chappe aux <strong data-start=\"184\" data-end=\"196\">\u00e9preuves<\/strong> ni aux <strong data-start=\"204\" data-end=\"229\">difficult\u00e9s de la vie<\/strong> : qu\u2019il s\u2019agisse de sa propre personne, de ses <strong data-start=\"277\" data-end=\"286\">biens<\/strong>, de son <strong data-start=\"295\" data-end=\"308\">\u00e9poux(se)<\/strong>, de ses <strong data-start=\"317\" data-end=\"328\">enfants<\/strong>, de ses proches ou de ses amis. En <strong data-start=\"364\" data-end=\"379\">bonne sant\u00e9<\/strong>, on peut tomber malade ; dans la joie aujourd\u2019hui, on peut conna\u00eetre la tristesse demain ; \u00e0 l\u2019aise mat\u00e9riellement, on peut aussi faire face \u00e0 la <strong data-start=\"526\" data-end=\"538\">pauvret\u00e9<\/strong>.<\/p>\n<p data-start=\"541\" data-end=\"904\">Ce livre est une <strong data-start=\"558\" data-end=\"577\">source d\u2019espoir<\/strong> pour chaque <strong data-start=\"590\" data-end=\"602\">musulman<\/strong> confront\u00e9 \u00e0 la peine ou \u00e0 l\u2019affliction. Il aide \u00e0 garder <strong data-start=\"660\" data-end=\"673\">confiance<\/strong> en la <strong data-start=\"680\" data-end=\"703\">mis\u00e9ricorde d\u2019Allah<\/strong>, \u00e0 puiser dans Sa <strong data-start=\"722\" data-end=\"736\">g\u00e9n\u00e9rosit\u00e9<\/strong>, et \u00e0 rester <strong data-start=\"750\" data-end=\"760\">serein<\/strong> face aux \u00e9preuves. L\u2019auteur a pris soin de ne citer que des <strong data-start=\"821\" data-end=\"844\">r\u00e9cits authentiques<\/strong>, pour renforcer la <strong data-start=\"864\" data-end=\"871\">foi<\/strong> et la <strong data-start=\"878\" data-end=\"890\">patience<\/strong> des croyants.<\/p>","protected":false},"excerpt":{"rendered":"<p>Le th\u00e8me de la d\u00e9livrance apr\u00e8s les \u00e9preuves est essentiel en Islam, car aucun croyant n\u2019\u00e9chappe aux \u00e9preuves ni aux difficult\u00e9s de la vie : qu\u2019il s\u2019agisse de sa propre personne, de ses biens, de son \u00e9poux(se), de ses enfants, de ses proches ou de ses amis. En bonne sant\u00e9, on peut tomber malade ;<\/p>\n<div class=\"klb-readmore button\"><a class=\"btn link\" href=\"https:\/\/www.librairiealkitab.fr\/ar\/boutique\/epreuves-delivrance-recits-authentiques-de-la-vie-des-prophetes-et-des-pieux-predecesseurs-dar-al-muslim\/\">Read More <i class=\"klbth-icon-right-arrow\"><\/i><\/a><\/div>","protected":false},"featured_media":11373,"template":"","meta":[],"product_brand":[263],"product_cat":[274,127],"product_tag":[],"class_list":{"0":"post-10942","1":"product","2":"type-product","3":"status-publish","4":"has-post-thumbnail","6":"product_brand-dar-al-muslim","7":"product_cat-biographies-histoires","8":"product_cat-noslivres","10":"first","11":"instock","12":"taxable","13":"shipping-taxable","14":"purchasable","15":"product-type-simple"},"yoast_head":"<!-- This site is optimized with the Yoast SEO Premium plugin v25.4 (Yoast SEO v27.0) - https:\/\/yoast.com\/product\/yoast-seo-premium-wordpress\/ -->\n<title>\u00c9preuves &amp; d\u00e9livrance : r\u00e9cits authentiques de la vie des proph\u00e8tes et des pieux pr\u00e9d\u00e9cesseurs - Dar Al Muslim - Librairie Al Kitab | Livres islamiques en fran\u00e7ais et arabe \u2013 Coran, Hadith, apprentissage islamique en ligne<\/title>\n<meta name=\"robots\" content=\"index, follow, max-snippet:-1, max-image-preview:large, max-video-preview:-1\" \/>\n<link rel=\"canonical\" href=\"https:\/\/www.librairiealkitab.fr\/ar\/boutique\/epreuves-delivrance-recits-authentiques-de-la-vie-des-prophetes-et-des-pieux-predecesseurs-dar-al-muslim\/\" \/>\n<meta property=\"og:locale\" content=\"ar_AR\" \/>\n<meta property=\"og:type\" content=\"article\" \/>\n<meta property=\"og:title\" content=\"\u00c9preuves &amp; d\u00e9livrance : r\u00e9cits authentiques de la vie des proph\u00e8tes et des pieux pr\u00e9d\u00e9cesseurs - Dar Al Muslim\" \/>\n<meta property=\"og:description\" content=\"Le th\u00e8me de la d\u00e9livrance apr\u00e8s les \u00e9preuves est essentiel en Islam, car aucun croyant n\u2019\u00e9chappe aux \u00e9preuves ni aux difficult\u00e9s de la vie : qu\u2019il s\u2019agisse de sa propre personne, de ses biens, de son \u00e9poux(se), de ses enfants, de ses proches ou de ses amis. En bonne sant\u00e9, on peut tomber malade ;Read More\" \/>\n<meta property=\"og:url\" content=\"https:\/\/www.librairiealkitab.fr\/ar\/boutique\/epreuves-delivrance-recits-authentiques-de-la-vie-des-prophetes-et-des-pieux-predecesseurs-dar-al-muslim\/\" \/>\n<meta property=\"og:site_name\" content=\"Librairie Al Kitab | Livres islamiques en fran\u00e7ais et arabe \u2013 Coran, Hadith, apprentissage islamique en ligne\" \/>\n<meta property=\"article:modified_time\" content=\"2025-08-08T09:06:30+00:00\" \/>\n<meta property=\"og:image\" content=\"https:\/\/www.librairiealkitab.fr\/wp-content\/uploads\/2025\/08\/21_aec67a77-cfea-4b35-bcae-7b8a95bee522.png\" \/>\n\t<meta property=\"og:image:width\" content=\"1563\" \/>\n\t<meta property=\"og:image:height\" content=\"1563\" \/>\n\t<meta property=\"og:image:type\" content=\"image\/png\" \/>\n<meta name=\"twitter:card\" content=\"summary_large_image\" \/>\n<meta name=\"twitter:label1\" content=\"\u0648\u0642\u062a \u0627\u0644\u0642\u0631\u0627\u0621\u0629 \u0627\u0644\u0645\u064f\u0642\u062f\u0651\u0631\" \/>\n\t<meta name=\"twitter:data1\" content=\"\u062f\u0642\u064a\u0642\u0629 \u0648\u0627\u062d\u062f\u0629\" \/>\n<script type=\"application\/ld+json\" class=\"yoast-schema-graph\">{\"@context\":\"https:\/\/schema.org\",\"@graph\":[{\"@type\":\"WebPage\",\"@id\":\"https:\/\/www.librairiealkitab.fr\/boutique\/epreuves-delivrance-recits-authentiques-de-la-vie-des-prophetes-et-des-pieux-predecesseurs-dar-al-muslim\/\",\"url\":\"https:\/\/www.librairiealkitab.fr\/boutique\/epreuves-delivrance-recits-authentiques-de-la-vie-des-prophetes-et-des-pieux-predecesseurs-dar-al-muslim\/\",\"name\":\"\u00c9preuves & d\u00e9livrance : r\u00e9cits authentiques de la vie des proph\u00e8tes et des pieux pr\u00e9d\u00e9cesseurs - Dar Al Muslim - Librairie Al Kitab | Livres islamiques en fran\u00e7ais et arabe \u2013 Coran, Hadith, apprentissage islamique en ligne\",\"isPartOf\":{\"@id\":\"https:\/\/www.librairiealkitab.fr\/#website\"},\"primaryImageOfPage\":{\"@id\":\"https:\/\/www.librairiealkitab.fr\/boutique\/epreuves-delivrance-recits-authentiques-de-la-vie-des-prophetes-et-des-pieux-predecesseurs-dar-al-muslim\/#primaryimage\"},\"image\":{\"@id\":\"https:\/\/www.librairiealkitab.fr\/boutique\/epreuves-delivrance-recits-authentiques-de-la-vie-des-prophetes-et-des-pieux-predecesseurs-dar-al-muslim\/#primaryimage\"},\"thumbnailUrl\":\"https:\/\/www.librairiealkitab.fr\/wp-content\/uploads\/2025\/08\/21_aec67a77-cfea-4b35-bcae-7b8a95bee522.png\",\"datePublished\":\"2025-08-05T08:40:17+00:00\",\"dateModified\":\"2025-08-08T09:06:30+00:00\",\"breadcrumb\":{\"@id\":\"https:\/\/www.librairiealkitab.fr\/boutique\/epreuves-delivrance-recits-authentiques-de-la-vie-des-prophetes-et-des-pieux-predecesseurs-dar-al-muslim\/#breadcrumb\"},\"inLanguage\":\"ar\",\"potentialAction\":[{\"@type\":\"ReadAction\",\"target\":[\"https:\/\/www.librairiealkitab.fr\/boutique\/epreuves-delivrance-recits-authentiques-de-la-vie-des-prophetes-et-des-pieux-predecesseurs-dar-al-muslim\/\"]}]},{\"@type\":\"ImageObject\",\"inLanguage\":\"ar\",\"@id\":\"https:\/\/www.librairiealkitab.fr\/boutique\/epreuves-delivrance-recits-authentiques-de-la-vie-des-prophetes-et-des-pieux-predecesseurs-dar-al-muslim\/#primaryimage\",\"url\":\"https:\/\/www.librairiealkitab.fr\/wp-content\/uploads\/2025\/08\/21_aec67a77-cfea-4b35-bcae-7b8a95bee522.png\",\"contentUrl\":\"https:\/\/www.librairiealkitab.fr\/wp-content\/uploads\/2025\/08\/21_aec67a77-cfea-4b35-bcae-7b8a95bee522.png\",\"width\":1563,\"height\":1563},{\"@type\":\"BreadcrumbList\",\"@id\":\"https:\/\/www.librairiealkitab.fr\/boutique\/epreuves-delivrance-recits-authentiques-de-la-vie-des-prophetes-et-des-pieux-predecesseurs-dar-al-muslim\/#breadcrumb\",\"itemListElement\":[{\"@type\":\"ListItem\",\"position\":1,\"name\":\"Accueil\",\"item\":\"https:\/\/www.librairiealkitab.fr\/\"},{\"@type\":\"ListItem\",\"position\":2,\"name\":\"Shop\",\"item\":\"https:\/\/www.librairiealkitab.fr\/shop\/\"},{\"@type\":\"ListItem\",\"position\":3,\"name\":\"\u00c9preuves &#038; d\u00e9livrance : r\u00e9cits authentiques de la vie des proph\u00e8tes et des pieux pr\u00e9d\u00e9cesseurs &#8211; Dar Al Muslim\"}]},{\"@type\":\"WebSite\",\"@id\":\"https:\/\/www.librairiealkitab.fr\/#website\",\"url\":\"https:\/\/www.librairiealkitab.fr\/\",\"name\":\"Librairie Al Kitab | Livres islamiques en fran\u00e7ais et arabe \u2013 Coran, Hadith, apprentissage islamique en ligne\",\"description\":\"Boutique en ligne musulmane\",\"publisher\":{\"@id\":\"https:\/\/www.librairiealkitab.fr\/#organization\"},\"potentialAction\":[{\"@type\":\"SearchAction\",\"target\":{\"@type\":\"EntryPoint\",\"urlTemplate\":\"https:\/\/www.librairiealkitab.fr\/?s={search_term_string}\"},\"query-input\":{\"@type\":\"PropertyValueSpecification\",\"valueRequired\":true,\"valueName\":\"search_term_string\"}}],\"inLanguage\":\"ar\"},{\"@type\":\"Organization\",\"@id\":\"https:\/\/www.librairiealkitab.fr\/#organization\",\"name\":\"Librairie Al Kitab | Livres islamiques en fran\u00e7ais et arabe \u2013 Coran, Hadith, apprentissage islamique en ligne\",\"url\":\"https:\/\/www.librairiealkitab.fr\/\",\"logo\":{\"@type\":\"ImageObject\",\"inLanguage\":\"ar\",\"@id\":\"https:\/\/www.librairiealkitab.fr\/#\/schema\/logo\/image\/\",\"url\":\"https:\/\/www.librairiealkitab.fr\/wp-content\/uploads\/2025\/01\/Logo-Librairie-Al-Kitab-2.png\",\"contentUrl\":\"https:\/\/www.librairiealkitab.fr\/wp-content\/uploads\/2025\/01\/Logo-Librairie-Al-Kitab-2.png\",\"width\":500,\"height\":500,\"caption\":\"Librairie Al Kitab | Livres islamiques en fran\u00e7ais et arabe \u2013 Coran, Hadith, apprentissage islamique en ligne\"},\"image\":{\"@id\":\"https:\/\/www.librairiealkitab.fr\/#\/schema\/logo\/image\/\"}}]}<\/script>\n<!-- \/ Yoast SEO Premium plugin. -->","yoast_head_json":{"title":"\u00c9preuves & d\u00e9livrance : r\u00e9cits authentiques de la vie des proph\u00e8tes et des pieux pr\u00e9d\u00e9cesseurs - Dar Al Muslim - Librairie Al Kitab | Livres islamiques en fran\u00e7ais et arabe \u2013 Coran, Hadith, apprentissage islamique en ligne","robots":{"index":"index","follow":"follow","max-snippet":"max-snippet:-1","max-image-preview":"max-image-preview:large","max-video-preview":"max-video-preview:-1"},"canonical":"https:\/\/www.librairiealkitab.fr\/ar\/boutique\/epreuves-delivrance-recits-authentiques-de-la-vie-des-prophetes-et-des-pieux-predecesseurs-dar-al-muslim\/","og_locale":"ar_AR","og_type":"article","og_title":"\u00c9preuves & d\u00e9livrance : r\u00e9cits authentiques de la vie des proph\u00e8tes et des pieux pr\u00e9d\u00e9cesseurs - Dar Al Muslim","og_description":"Le th\u00e8me de la d\u00e9livrance apr\u00e8s les \u00e9preuves est essentiel en Islam, car aucun croyant n\u2019\u00e9chappe aux \u00e9preuves ni aux difficult\u00e9s de la vie : qu\u2019il s\u2019agisse de sa propre personne, de ses biens, de son \u00e9poux(se), de ses enfants, de ses proches ou de ses amis. En bonne sant\u00e9, on peut tomber malade ;Read More","og_url":"https:\/\/www.librairiealkitab.fr\/ar\/boutique\/epreuves-delivrance-recits-authentiques-de-la-vie-des-prophetes-et-des-pieux-predecesseurs-dar-al-muslim\/","og_site_name":"Librairie Al Kitab | Livres islamiques en fran\u00e7ais et arabe \u2013 Coran, Hadith, apprentissage islamique en ligne","article_modified_time":"2025-08-08T09:06:30+00:00","og_image":[{"width":1563,"height":1563,"url":"https:\/\/www.librairiealkitab.fr\/wp-content\/uploads\/2025\/08\/21_aec67a77-cfea-4b35-bcae-7b8a95bee522.png","type":"image\/png"}],"twitter_card":"summary_large_image","twitter_misc":{"\u0648\u0642\u062a \u0627\u0644\u0642\u0631\u0627\u0621\u0629 \u0627\u0644\u0645\u064f\u0642\u062f\u0651\u0631":"\u062f\u0642\u064a\u0642\u0629 \u0648\u0627\u062d\u062f\u0629"},"schema":{"@context":"https:\/\/schema.org","@graph":[{"@type":"WebPage","@id":"https:\/\/www.librairiealkitab.fr\/boutique\/epreuves-delivrance-recits-authentiques-de-la-vie-des-prophetes-et-des-pieux-predecesseurs-dar-al-muslim\/","url":"https:\/\/www.librairiealkitab.fr\/boutique\/epreuves-delivrance-recits-authentiques-de-la-vie-des-prophetes-et-des-pieux-predecesseurs-dar-al-muslim\/","name":"\u00c9preuves & d\u00e9livrance : r\u00e9cits authentiques de la vie des proph\u00e8tes et des pieux pr\u00e9d\u00e9cesseurs - Dar Al Muslim - Librairie Al Kitab | Livres islamiques en fran\u00e7ais et arabe \u2013 Coran, Hadith, apprentissage islamique en ligne","isPartOf":{"@id":"https:\/\/www.librairiealkitab.fr\/#website"},"primaryImageOfPage":{"@id":"https:\/\/www.librairiealkitab.fr\/boutique\/epreuves-delivrance-recits-authentiques-de-la-vie-des-prophetes-et-des-pieux-predecesseurs-dar-al-muslim\/#primaryimage"},"image":{"@id":"https:\/\/www.librairiealkitab.fr\/boutique\/epreuves-delivrance-recits-authentiques-de-la-vie-des-prophetes-et-des-pieux-predecesseurs-dar-al-muslim\/#primaryimage"},"thumbnailUrl":"https:\/\/www.librairiealkitab.fr\/wp-content\/uploads\/2025\/08\/21_aec67a77-cfea-4b35-bcae-7b8a95bee522.png","datePublished":"2025-08-05T08:40:17+00:00","dateModified":"2025-08-08T09:06:30+00:00","breadcrumb":{"@id":"https:\/\/www.librairiealkitab.fr\/boutique\/epreuves-delivrance-recits-authentiques-de-la-vie-des-prophetes-et-des-pieux-predecesseurs-dar-al-muslim\/#breadcrumb"},"inLanguage":"ar","potentialAction":[{"@type":"ReadAction","target":["https:\/\/www.librairiealkitab.fr\/boutique\/epreuves-delivrance-recits-authentiques-de-la-vie-des-prophetes-et-des-pieux-predecesseurs-dar-al-muslim\/"]}]},{"@type":"ImageObject","inLanguage":"ar","@id":"https:\/\/www.librairiealkitab.fr\/boutique\/epreuves-delivrance-recits-authentiques-de-la-vie-des-prophetes-et-des-pieux-predecesseurs-dar-al-muslim\/#primaryimage","url":"https:\/\/www.librairiealkitab.fr\/wp-content\/uploads\/2025\/08\/21_aec67a77-cfea-4b35-bcae-7b8a95bee522.png","contentUrl":"https:\/\/www.librairiealkitab.fr\/wp-content\/uploads\/2025\/08\/21_aec67a77-cfea-4b35-bcae-7b8a95bee522.png","width":1563,"height":1563},{"@type":"BreadcrumbList","@id":"https:\/\/www.librairiealkitab.fr\/boutique\/epreuves-delivrance-recits-authentiques-de-la-vie-des-prophetes-et-des-pieux-predecesseurs-dar-al-muslim\/#breadcrumb","itemListElement":[{"@type":"ListItem","position":1,"name":"Accueil","item":"https:\/\/www.librairiealkitab.fr\/"},{"@type":"ListItem","position":2,"name":"Shop","item":"https:\/\/www.librairiealkitab.fr\/shop\/"},{"@type":"ListItem","position":3,"name":"\u00c9preuves &#038; d\u00e9livrance : r\u00e9cits authentiques de la vie des proph\u00e8tes et des pieux pr\u00e9d\u00e9cesseurs &#8211; Dar Al Muslim"}]},{"@type":"WebSite","@id":"https:\/\/www.librairiealkitab.fr\/#website","url":"https:\/\/www.librairiealkitab.fr\/","name":"Librairie Al Kitab | Livres islamiques en fran\u00e7ais et arabe \u2013 Coran, Hadith, apprentissage islamique en ligne","description":"Boutique en ligne musulmane","publisher":{"@id":"https:\/\/www.librairiealkitab.fr\/#organization"},"potentialAction":[{"@type":"SearchAction","target":{"@type":"EntryPoint","urlTemplate":"https:\/\/www.librairiealkitab.fr\/?s={search_term_string}"},"query-input":{"@type":"PropertyValueSpecification","valueRequired":true,"valueName":"search_term_string"}}],"inLanguage":"ar"},{"@type":"Organization","@id":"https:\/\/www.librairiealkitab.fr\/#organization","name":"Librairie Al Kitab | Livres islamiques en fran\u00e7ais et arabe \u2013 Coran, Hadith, apprentissage islamique en ligne","url":"https:\/\/www.librairiealkitab.fr\/","logo":{"@type":"ImageObject","inLanguage":"ar","@id":"https:\/\/www.librairiealkitab.fr\/#\/schema\/logo\/image\/","url":"https:\/\/www.librairiealkitab.fr\/wp-content\/uploads\/2025\/01\/Logo-Librairie-Al-Kitab-2.png","contentUrl":"https:\/\/www.librairiealkitab.fr\/wp-content\/uploads\/2025\/01\/Logo-Librairie-Al-Kitab-2.png","width":500,"height":500,"caption":"Librairie Al Kitab | Livres islamiques en fran\u00e7ais et arabe \u2013 Coran, Hadith, apprentissage islamique en ligne"},"image":{"@id":"https:\/\/www.librairiealkitab.fr\/#\/schema\/logo\/image\/"}}]}},"jetpack_sharing_enabled":true,"_links":{"self":[{"href":"https:\/\/www.librairiealkitab.fr\/ar\/wp-json\/wp\/v2\/product\/10942","targetHints":{"allow":["GET"]}}],"collection":[{"href":"https:\/\/www.librairiealkitab.fr\/ar\/wp-json\/wp\/v2\/product"}],"about":[{"href":"https:\/\/www.librairiealkitab.fr\/ar\/wp-json\/wp\/v2\/types\/product"}],"version-history":[{"count":1,"href":"https:\/\/www.librairiealkitab.fr\/ar\/wp-json\/wp\/v2\/product\/10942\/revisions"}],"predecessor-version":[{"id":11374,"href":"https:\/\/www.librairiealkitab.fr\/ar\/wp-json\/wp\/v2\/product\/10942\/revisions\/11374"}],"wp:featuredmedia":[{"embeddable":true,"href":"https:\/\/www.librairiealkitab.fr\/ar\/wp-json\/wp\/v2\/media\/11373"}],"wp:attachment":[{"href":"https:\/\/www.librairiealkitab.fr\/ar\/wp-json\/wp\/v2\/media?parent=10942"}],"wp:term":[{"taxonomy":"product_brand","embeddable":true,"href":"https:\/\/www.librairiealkitab.fr\/ar\/wp-json\/wp\/v2\/product_brand?post=10942"},{"taxonomy":"product_cat","embeddable":true,"href":"https:\/\/www.librairiealkitab.fr\/ar\/wp-json\/wp\/v2\/product_cat?post=10942"},{"taxonomy":"product_tag","embeddable":true,"href":"https:\/\/www.librairiealkitab.fr\/ar\/wp-json\/wp\/v2\/product_tag?post=10942"}],"curies":[{"name":"wp","href":"https:\/\/api.w.org\/{rel}","templated":true}]}}