{"id":12920,"date":"2025-11-20T18:44:52","date_gmt":"2025-11-20T17:44:52","guid":{"rendered":"https:\/\/librairiealkitab.fr\/?post_type=product&#038;p=12920"},"modified":"2026-01-30T18:00:12","modified_gmt":"2026-01-30T17:00:12","slug":"ne-sois-pas-triste-ma-soeur-orientica","status":"publish","type":"product","link":"https:\/\/www.librairiealkitab.fr\/ar\/boutique\/ne-sois-pas-triste-ma-soeur-orientica\/","title":{"rendered":"Ne sois pas triste ma soeur &#8211; Orientica"},"content":{"rendered":"<p>Ce livre s\u2019adresse aux s\u0153urs musulmanes qui traversent des moments de doute, de fatigue morale ou de tristesse, ces p\u00e9riodes que chacun rencontre au cours de sa vie. Sans pr\u00e9tendre effacer toutes les difficult\u00e9s, il propose un accompagnement bienveillant pour all\u00e9ger le quotidien, apaiser le c\u0153ur et offrir une nouvelle fa\u00e7on d\u2019aborder les \u00e9preuves.<\/p>\n<p>En s\u2019appuyant sur les conseils des savants et de sp\u00e9cialistes du bien-\u00eatre, l\u2019ouvrage rassemble des pistes concr\u00e8tes, des astuces, des rappels spirituels et des orientations pratiques pour aider la lectrice \u00e0 sortir de la m\u00e9lancolie, \u00e0 reprendre confiance et \u00e0 retrouver un \u00e9tat d\u2019esprit tourn\u00e9 vers l\u2019espoir. L\u2019objectif est de transformer peu \u00e0 peu l\u2019\u00e9nergie n\u00e9gative en une force int\u00e9rieure capable de soutenir, d\u2019\u00e9lever et de guider vers un mieux-\u00eatre durable.<\/p>\n<p>Ce livre rappelle aussi que la vie est un don pr\u00e9cieux d\u2019Allah, et qu\u2019aussi sombre que puisse para\u00eetre certaines p\u00e9riodes, l\u2019espoir demeure tant que l\u2019\u00e2me n\u2019a pas quitt\u00e9 ce monde. Le bonheur reste accessible, m\u00eame quand tout semble perdu.<\/p>\n<p>\u00c0 travers ces pages, l\u2019auteure cherche \u00e0 offrir du r\u00e9confort, de l\u2019optimisme et des cl\u00e9s pour renouer avec la s\u00e9r\u00e9nit\u00e9, afin que chaque s\u0153ur puisse avancer avec confiance, retrouver de la lumi\u00e8re dans sa vie et s\u2019\u00e9panouir pleinement, par la permission d\u2019Allah.<\/p>","protected":false},"excerpt":{"rendered":"<p>Ce livre s\u2019adresse aux s\u0153urs musulmanes qui traversent des moments de doute, de fatigue morale ou de tristesse, ces p\u00e9riodes que chacun rencontre au cours de sa vie. Sans pr\u00e9tendre effacer toutes les difficult\u00e9s, il propose un accompagnement bienveillant pour all\u00e9ger le quotidien, apaiser le c\u0153ur et offrir une nouvelle fa\u00e7on d\u2019aborder les \u00e9preuves. En<\/p>\n<div class=\"klb-readmore button\"><a class=\"btn link\" href=\"https:\/\/www.librairiealkitab.fr\/ar\/boutique\/ne-sois-pas-triste-ma-soeur-orientica\/\">Read More <i class=\"klbth-icon-right-arrow\"><\/i><\/a><\/div>","protected":false},"featured_media":12922,"template":"","meta":[],"product_brand":[362],"product_cat":[276,127],"product_tag":[],"class_list":{"0":"post-12920","1":"product","2":"type-product","3":"status-publish","4":"has-post-thumbnail","6":"product_brand-orientica","7":"product_cat-femmes","8":"product_cat-noslivres","10":"first","11":"instock","12":"taxable","13":"shipping-taxable","14":"purchasable","15":"product-type-simple"},"yoast_head":"<!-- This site is optimized with the Yoast SEO Premium plugin v25.4 (Yoast SEO v27.0) - https:\/\/yoast.com\/product\/yoast-seo-premium-wordpress\/ -->\n<title>Ne sois pas triste ma soeur - Orientica - Librairie Al Kitab | Livres islamiques en fran\u00e7ais et arabe \u2013 Coran, Hadith, apprentissage islamique en ligne<\/title>\n<meta name=\"robots\" content=\"index, follow, max-snippet:-1, max-image-preview:large, max-video-preview:-1\" \/>\n<link rel=\"canonical\" href=\"https:\/\/www.librairiealkitab.fr\/ar\/boutique\/ne-sois-pas-triste-ma-soeur-orientica\/\" \/>\n<meta property=\"og:locale\" content=\"ar_AR\" \/>\n<meta property=\"og:type\" content=\"article\" \/>\n<meta property=\"og:title\" content=\"Ne sois pas triste ma soeur - Orientica\" \/>\n<meta property=\"og:description\" content=\"Ce livre s\u2019adresse aux s\u0153urs musulmanes qui traversent des moments de doute, de fatigue morale ou de tristesse, ces p\u00e9riodes que chacun rencontre au cours de sa vie. Sans pr\u00e9tendre effacer toutes les difficult\u00e9s, il propose un accompagnement bienveillant pour all\u00e9ger le quotidien, apaiser le c\u0153ur et offrir une nouvelle fa\u00e7on d\u2019aborder les \u00e9preuves. EnRead More\" \/>\n<meta property=\"og:url\" content=\"https:\/\/www.librairiealkitab.fr\/ar\/boutique\/ne-sois-pas-triste-ma-soeur-orientica\/\" \/>\n<meta property=\"og:site_name\" content=\"Librairie Al Kitab | Livres islamiques en fran\u00e7ais et arabe \u2013 Coran, Hadith, apprentissage islamique en ligne\" \/>\n<meta property=\"article:modified_time\" content=\"2026-01-30T17:00:12+00:00\" \/>\n<meta property=\"og:image\" content=\"https:\/\/www.librairiealkitab.fr\/wp-content\/uploads\/2025\/11\/Ne-sois-pas-triste-ma-soeur-1200x1200.png\" \/>\n\t<meta property=\"og:image:width\" content=\"1200\" \/>\n\t<meta property=\"og:image:height\" content=\"1200\" \/>\n\t<meta property=\"og:image:type\" content=\"image\/png\" \/>\n<meta name=\"twitter:card\" content=\"summary_large_image\" \/>\n<meta name=\"twitter:label1\" content=\"\u0648\u0642\u062a \u0627\u0644\u0642\u0631\u0627\u0621\u0629 \u0627\u0644\u0645\u064f\u0642\u062f\u0651\u0631\" \/>\n\t<meta name=\"twitter:data1\" content=\"\u062f\u0642\u064a\u0642\u062a\u0627\u0646\" \/>\n<script type=\"application\/ld+json\" class=\"yoast-schema-graph\">{\"@context\":\"https:\/\/schema.org\",\"@graph\":[{\"@type\":\"WebPage\",\"@id\":\"https:\/\/www.librairiealkitab.fr\/boutique\/ne-sois-pas-triste-ma-soeur-orientica\/\",\"url\":\"https:\/\/www.librairiealkitab.fr\/boutique\/ne-sois-pas-triste-ma-soeur-orientica\/\",\"name\":\"Ne sois pas triste ma soeur - Orientica - Librairie Al Kitab | Livres islamiques en fran\u00e7ais et arabe \u2013 Coran, Hadith, apprentissage islamique en ligne\",\"isPartOf\":{\"@id\":\"https:\/\/www.librairiealkitab.fr\/#website\"},\"primaryImageOfPage\":{\"@id\":\"https:\/\/www.librairiealkitab.fr\/boutique\/ne-sois-pas-triste-ma-soeur-orientica\/#primaryimage\"},\"image\":{\"@id\":\"https:\/\/www.librairiealkitab.fr\/boutique\/ne-sois-pas-triste-ma-soeur-orientica\/#primaryimage\"},\"thumbnailUrl\":\"https:\/\/www.librairiealkitab.fr\/wp-content\/uploads\/2025\/11\/Ne-sois-pas-triste-ma-soeur.png\",\"datePublished\":\"2025-11-20T17:44:52+00:00\",\"dateModified\":\"2026-01-30T17:00:12+00:00\",\"breadcrumb\":{\"@id\":\"https:\/\/www.librairiealkitab.fr\/boutique\/ne-sois-pas-triste-ma-soeur-orientica\/#breadcrumb\"},\"inLanguage\":\"ar\",\"potentialAction\":[{\"@type\":\"ReadAction\",\"target\":[\"https:\/\/www.librairiealkitab.fr\/boutique\/ne-sois-pas-triste-ma-soeur-orientica\/\"]}]},{\"@type\":\"ImageObject\",\"inLanguage\":\"ar\",\"@id\":\"https:\/\/www.librairiealkitab.fr\/boutique\/ne-sois-pas-triste-ma-soeur-orientica\/#primaryimage\",\"url\":\"https:\/\/www.librairiealkitab.fr\/wp-content\/uploads\/2025\/11\/Ne-sois-pas-triste-ma-soeur.png\",\"contentUrl\":\"https:\/\/www.librairiealkitab.fr\/wp-content\/uploads\/2025\/11\/Ne-sois-pas-triste-ma-soeur.png\",\"width\":1563,\"height\":1563},{\"@type\":\"BreadcrumbList\",\"@id\":\"https:\/\/www.librairiealkitab.fr\/boutique\/ne-sois-pas-triste-ma-soeur-orientica\/#breadcrumb\",\"itemListElement\":[{\"@type\":\"ListItem\",\"position\":1,\"name\":\"Accueil\",\"item\":\"https:\/\/www.librairiealkitab.fr\/\"},{\"@type\":\"ListItem\",\"position\":2,\"name\":\"Shop\",\"item\":\"https:\/\/www.librairiealkitab.fr\/shop\/\"},{\"@type\":\"ListItem\",\"position\":3,\"name\":\"Ne sois pas triste ma soeur &#8211; Orientica\"}]},{\"@type\":\"WebSite\",\"@id\":\"https:\/\/www.librairiealkitab.fr\/#website\",\"url\":\"https:\/\/www.librairiealkitab.fr\/\",\"name\":\"Librairie Al Kitab | Livres islamiques en fran\u00e7ais et arabe \u2013 Coran, Hadith, apprentissage islamique en ligne\",\"description\":\"Boutique en ligne musulmane\",\"publisher\":{\"@id\":\"https:\/\/www.librairiealkitab.fr\/#organization\"},\"potentialAction\":[{\"@type\":\"SearchAction\",\"target\":{\"@type\":\"EntryPoint\",\"urlTemplate\":\"https:\/\/www.librairiealkitab.fr\/?s={search_term_string}\"},\"query-input\":{\"@type\":\"PropertyValueSpecification\",\"valueRequired\":true,\"valueName\":\"search_term_string\"}}],\"inLanguage\":\"ar\"},{\"@type\":\"Organization\",\"@id\":\"https:\/\/www.librairiealkitab.fr\/#organization\",\"name\":\"Librairie Al Kitab | Livres islamiques en fran\u00e7ais et arabe \u2013 Coran, Hadith, apprentissage islamique en ligne\",\"url\":\"https:\/\/www.librairiealkitab.fr\/\",\"logo\":{\"@type\":\"ImageObject\",\"inLanguage\":\"ar\",\"@id\":\"https:\/\/www.librairiealkitab.fr\/#\/schema\/logo\/image\/\",\"url\":\"https:\/\/www.librairiealkitab.fr\/wp-content\/uploads\/2025\/01\/Logo-Librairie-Al-Kitab-2.png\",\"contentUrl\":\"https:\/\/www.librairiealkitab.fr\/wp-content\/uploads\/2025\/01\/Logo-Librairie-Al-Kitab-2.png\",\"width\":500,\"height\":500,\"caption\":\"Librairie Al Kitab | Livres islamiques en fran\u00e7ais et arabe \u2013 Coran, Hadith, apprentissage islamique en ligne\"},\"image\":{\"@id\":\"https:\/\/www.librairiealkitab.fr\/#\/schema\/logo\/image\/\"}}]}<\/script>\n<!-- \/ Yoast SEO Premium plugin. -->","yoast_head_json":{"title":"Ne sois pas triste ma soeur - Orientica - Librairie Al Kitab | Livres islamiques en fran\u00e7ais et arabe \u2013 Coran, Hadith, apprentissage islamique en ligne","robots":{"index":"index","follow":"follow","max-snippet":"max-snippet:-1","max-image-preview":"max-image-preview:large","max-video-preview":"max-video-preview:-1"},"canonical":"https:\/\/www.librairiealkitab.fr\/ar\/boutique\/ne-sois-pas-triste-ma-soeur-orientica\/","og_locale":"ar_AR","og_type":"article","og_title":"Ne sois pas triste ma soeur - Orientica","og_description":"Ce livre s\u2019adresse aux s\u0153urs musulmanes qui traversent des moments de doute, de fatigue morale ou de tristesse, ces p\u00e9riodes que chacun rencontre au cours de sa vie. Sans pr\u00e9tendre effacer toutes les difficult\u00e9s, il propose un accompagnement bienveillant pour all\u00e9ger le quotidien, apaiser le c\u0153ur et offrir une nouvelle fa\u00e7on d\u2019aborder les \u00e9preuves. EnRead More","og_url":"https:\/\/www.librairiealkitab.fr\/ar\/boutique\/ne-sois-pas-triste-ma-soeur-orientica\/","og_site_name":"Librairie Al Kitab | Livres islamiques en fran\u00e7ais et arabe \u2013 Coran, Hadith, apprentissage islamique en ligne","article_modified_time":"2026-01-30T17:00:12+00:00","og_image":[{"width":1200,"height":1200,"url":"https:\/\/www.librairiealkitab.fr\/wp-content\/uploads\/2025\/11\/Ne-sois-pas-triste-ma-soeur-1200x1200.png","type":"image\/png"}],"twitter_card":"summary_large_image","twitter_misc":{"\u0648\u0642\u062a \u0627\u0644\u0642\u0631\u0627\u0621\u0629 \u0627\u0644\u0645\u064f\u0642\u062f\u0651\u0631":"\u062f\u0642\u064a\u0642\u062a\u0627\u0646"},"schema":{"@context":"https:\/\/schema.org","@graph":[{"@type":"WebPage","@id":"https:\/\/www.librairiealkitab.fr\/boutique\/ne-sois-pas-triste-ma-soeur-orientica\/","url":"https:\/\/www.librairiealkitab.fr\/boutique\/ne-sois-pas-triste-ma-soeur-orientica\/","name":"Ne sois pas triste ma soeur - Orientica - Librairie Al Kitab | Livres islamiques en fran\u00e7ais et arabe \u2013 Coran, Hadith, apprentissage islamique en ligne","isPartOf":{"@id":"https:\/\/www.librairiealkitab.fr\/#website"},"primaryImageOfPage":{"@id":"https:\/\/www.librairiealkitab.fr\/boutique\/ne-sois-pas-triste-ma-soeur-orientica\/#primaryimage"},"image":{"@id":"https:\/\/www.librairiealkitab.fr\/boutique\/ne-sois-pas-triste-ma-soeur-orientica\/#primaryimage"},"thumbnailUrl":"https:\/\/www.librairiealkitab.fr\/wp-content\/uploads\/2025\/11\/Ne-sois-pas-triste-ma-soeur.png","datePublished":"2025-11-20T17:44:52+00:00","dateModified":"2026-01-30T17:00:12+00:00","breadcrumb":{"@id":"https:\/\/www.librairiealkitab.fr\/boutique\/ne-sois-pas-triste-ma-soeur-orientica\/#breadcrumb"},"inLanguage":"ar","potentialAction":[{"@type":"ReadAction","target":["https:\/\/www.librairiealkitab.fr\/boutique\/ne-sois-pas-triste-ma-soeur-orientica\/"]}]},{"@type":"ImageObject","inLanguage":"ar","@id":"https:\/\/www.librairiealkitab.fr\/boutique\/ne-sois-pas-triste-ma-soeur-orientica\/#primaryimage","url":"https:\/\/www.librairiealkitab.fr\/wp-content\/uploads\/2025\/11\/Ne-sois-pas-triste-ma-soeur.png","contentUrl":"https:\/\/www.librairiealkitab.fr\/wp-content\/uploads\/2025\/11\/Ne-sois-pas-triste-ma-soeur.png","width":1563,"height":1563},{"@type":"BreadcrumbList","@id":"https:\/\/www.librairiealkitab.fr\/boutique\/ne-sois-pas-triste-ma-soeur-orientica\/#breadcrumb","itemListElement":[{"@type":"ListItem","position":1,"name":"Accueil","item":"https:\/\/www.librairiealkitab.fr\/"},{"@type":"ListItem","position":2,"name":"Shop","item":"https:\/\/www.librairiealkitab.fr\/shop\/"},{"@type":"ListItem","position":3,"name":"Ne sois pas triste ma soeur &#8211; Orientica"}]},{"@type":"WebSite","@id":"https:\/\/www.librairiealkitab.fr\/#website","url":"https:\/\/www.librairiealkitab.fr\/","name":"Librairie Al Kitab | Livres islamiques en fran\u00e7ais et arabe \u2013 Coran, Hadith, apprentissage islamique en ligne","description":"Boutique en ligne musulmane","publisher":{"@id":"https:\/\/www.librairiealkitab.fr\/#organization"},"potentialAction":[{"@type":"SearchAction","target":{"@type":"EntryPoint","urlTemplate":"https:\/\/www.librairiealkitab.fr\/?s={search_term_string}"},"query-input":{"@type":"PropertyValueSpecification","valueRequired":true,"valueName":"search_term_string"}}],"inLanguage":"ar"},{"@type":"Organization","@id":"https:\/\/www.librairiealkitab.fr\/#organization","name":"Librairie Al Kitab | Livres islamiques en fran\u00e7ais et arabe \u2013 Coran, Hadith, apprentissage islamique en ligne","url":"https:\/\/www.librairiealkitab.fr\/","logo":{"@type":"ImageObject","inLanguage":"ar","@id":"https:\/\/www.librairiealkitab.fr\/#\/schema\/logo\/image\/","url":"https:\/\/www.librairiealkitab.fr\/wp-content\/uploads\/2025\/01\/Logo-Librairie-Al-Kitab-2.png","contentUrl":"https:\/\/www.librairiealkitab.fr\/wp-content\/uploads\/2025\/01\/Logo-Librairie-Al-Kitab-2.png","width":500,"height":500,"caption":"Librairie Al Kitab | Livres islamiques en fran\u00e7ais et arabe \u2013 Coran, Hadith, apprentissage islamique en ligne"},"image":{"@id":"https:\/\/www.librairiealkitab.fr\/#\/schema\/logo\/image\/"}}]}},"jetpack_sharing_enabled":true,"_links":{"self":[{"href":"https:\/\/www.librairiealkitab.fr\/ar\/wp-json\/wp\/v2\/product\/12920","targetHints":{"allow":["GET"]}}],"collection":[{"href":"https:\/\/www.librairiealkitab.fr\/ar\/wp-json\/wp\/v2\/product"}],"about":[{"href":"https:\/\/www.librairiealkitab.fr\/ar\/wp-json\/wp\/v2\/types\/product"}],"version-history":[{"count":1,"href":"https:\/\/www.librairiealkitab.fr\/ar\/wp-json\/wp\/v2\/product\/12920\/revisions"}],"predecessor-version":[{"id":12923,"href":"https:\/\/www.librairiealkitab.fr\/ar\/wp-json\/wp\/v2\/product\/12920\/revisions\/12923"}],"wp:featuredmedia":[{"embeddable":true,"href":"https:\/\/www.librairiealkitab.fr\/ar\/wp-json\/wp\/v2\/media\/12922"}],"wp:attachment":[{"href":"https:\/\/www.librairiealkitab.fr\/ar\/wp-json\/wp\/v2\/media?parent=12920"}],"wp:term":[{"taxonomy":"product_brand","embeddable":true,"href":"https:\/\/www.librairiealkitab.fr\/ar\/wp-json\/wp\/v2\/product_brand?post=12920"},{"taxonomy":"product_cat","embeddable":true,"href":"https:\/\/www.librairiealkitab.fr\/ar\/wp-json\/wp\/v2\/product_cat?post=12920"},{"taxonomy":"product_tag","embeddable":true,"href":"https:\/\/www.librairiealkitab.fr\/ar\/wp-json\/wp\/v2\/product_tag?post=12920"}],"curies":[{"name":"wp","href":"https:\/\/api.w.org\/{rel}","templated":true}]}}