{"id":14359,"date":"2026-02-24T13:24:40","date_gmt":"2026-02-24T12:24:40","guid":{"rendered":"https:\/\/www.librairiealkitab.fr\/?post_type=product&#038;p=14359"},"modified":"2026-02-24T13:24:41","modified_gmt":"2026-02-24T12:24:41","slug":"les-regles-de-leducation-de-lame-et-les-preuves-de-la-connaissance-spirituelle-ahmad-al-fasi-al-bayyinah","status":"publish","type":"product","link":"https:\/\/www.librairiealkitab.fr\/ar\/boutique\/les-regles-de-leducation-de-lame-et-les-preuves-de-la-connaissance-spirituelle-ahmad-al-fasi-al-bayyinah\/","title":{"rendered":"Les r\u00e8gles de l\u2019\u00e9ducation de l\u2019\u00e2me et les preuves de la connaissance spirituelle &#8211; Ahmad al-F\u00e2s\u00ee &#8211; Al Bayyinah"},"content":{"rendered":"<div id=\"model-response-message-contentr_9e9f528dd7350947\" class=\"markdown markdown-main-panel enable-updated-hr-color preserve-whitespaces-in-response\" dir=\"ltr\" aria-live=\"polite\" aria-busy=\"false\">\n<p data-path-to-node=\"0\">Cet ouvrage d&#8217;Ahmad Zarr\u00fbq al\u2011Barnas\u00ee al\u2011F\u00e2s\u00ee constitue un guide pr\u00e9cieux pour quiconque souhaite entreprendre une r\u00e9forme int\u00e9rieure authentique, solidement ancr\u00e9e dans les preuves du Coran et de la Sounnah. Loin des th\u00e9ories abstraites, il propose des principes clairs et des outils concrets pour purifier le c\u0153ur et dompter l&#8217;\u00e2me, tout en garantissant une approche spirituelle rigoureuse et exempte de toute approximation. Gr\u00e2ce \u00e0 une traduction fran\u00e7aise fluide et une organisation p\u00e9dagogique, ce livre rend la connaissance spirituelle accessible au plus grand nombre, s&#8217;affirmant non pas comme un simple manuel th\u00e9orique, mais comme un v\u00e9ritable mode d&#8217;emploi pour la transformation de soi au quotidien.<\/p>\n<\/div>","protected":false},"excerpt":{"rendered":"<p>Cet ouvrage d&#8217;Ahmad Zarr\u00fbq al\u2011Barnas\u00ee al\u2011F\u00e2s\u00ee constitue un guide pr\u00e9cieux pour quiconque souhaite entreprendre une r\u00e9forme int\u00e9rieure authentique, solidement ancr\u00e9e dans les preuves du Coran et de la Sounnah. Loin des th\u00e9ories abstraites, il propose des principes clairs et des outils concrets pour purifier le c\u0153ur et dompter l&#8217;\u00e2me, tout en garantissant une approche spirituelle<\/p>\n<div class=\"klb-readmore button\"><a class=\"btn link\" href=\"https:\/\/www.librairiealkitab.fr\/ar\/boutique\/les-regles-de-leducation-de-lame-et-les-preuves-de-la-connaissance-spirituelle-ahmad-al-fasi-al-bayyinah\/\">Read More <i class=\"klbth-icon-right-arrow\"><\/i><\/a><\/div>","protected":false},"featured_media":14360,"template":"","meta":[],"product_brand":[232],"product_cat":[275,127],"product_tag":[],"class_list":{"0":"post-14359","1":"product","2":"type-product","3":"status-publish","4":"has-post-thumbnail","6":"product_brand-al-bayyinah","7":"product_cat-spiritualite","8":"product_cat-noslivres","10":"first","11":"instock","12":"taxable","13":"shipping-taxable","14":"purchasable","15":"product-type-simple"},"yoast_head":"<!-- This site is optimized with the Yoast SEO Premium plugin v25.4 (Yoast SEO v27.0) - https:\/\/yoast.com\/product\/yoast-seo-premium-wordpress\/ -->\n<title>Les r\u00e8gles de l\u2019\u00e9ducation de l\u2019\u00e2me et les preuves de la connaissance spirituelle - Ahmad al-F\u00e2s\u00ee - Al Bayyinah - Librairie Al Kitab | Livres islamiques en fran\u00e7ais et arabe \u2013 Coran, Hadith, apprentissage islamique en ligne<\/title>\n<meta name=\"robots\" content=\"index, follow, max-snippet:-1, max-image-preview:large, max-video-preview:-1\" \/>\n<link rel=\"canonical\" href=\"https:\/\/www.librairiealkitab.fr\/ar\/boutique\/les-regles-de-leducation-de-lame-et-les-preuves-de-la-connaissance-spirituelle-ahmad-al-fasi-al-bayyinah\/\" \/>\n<meta property=\"og:locale\" content=\"ar_AR\" \/>\n<meta property=\"og:type\" content=\"article\" \/>\n<meta property=\"og:title\" content=\"Les r\u00e8gles de l\u2019\u00e9ducation de l\u2019\u00e2me et les preuves de la connaissance spirituelle - Ahmad al-F\u00e2s\u00ee - Al Bayyinah\" \/>\n<meta property=\"og:description\" content=\"Cet ouvrage d&#8217;Ahmad Zarr\u00fbq al\u2011Barnas\u00ee al\u2011F\u00e2s\u00ee constitue un guide pr\u00e9cieux pour quiconque souhaite entreprendre une r\u00e9forme int\u00e9rieure authentique, solidement ancr\u00e9e dans les preuves du Coran et de la Sounnah. Loin des th\u00e9ories abstraites, il propose des principes clairs et des outils concrets pour purifier le c\u0153ur et dompter l&#8217;\u00e2me, tout en garantissant une approche spirituelleRead More\" \/>\n<meta property=\"og:url\" content=\"https:\/\/www.librairiealkitab.fr\/ar\/boutique\/les-regles-de-leducation-de-lame-et-les-preuves-de-la-connaissance-spirituelle-ahmad-al-fasi-al-bayyinah\/\" \/>\n<meta property=\"og:site_name\" content=\"Librairie Al Kitab | Livres islamiques en fran\u00e7ais et arabe \u2013 Coran, Hadith, apprentissage islamique en ligne\" \/>\n<meta property=\"article:modified_time\" content=\"2026-02-24T12:24:41+00:00\" \/>\n<meta property=\"og:image\" content=\"https:\/\/www.librairiealkitab.fr\/wp-content\/uploads\/2026\/02\/Produits-Al-Bayyinah-9.png\" \/>\n\t<meta property=\"og:image:width\" content=\"500\" \/>\n\t<meta property=\"og:image:height\" content=\"500\" \/>\n\t<meta property=\"og:image:type\" content=\"image\/png\" \/>\n<meta name=\"twitter:card\" content=\"summary_large_image\" \/>\n<meta name=\"twitter:label1\" content=\"\u0648\u0642\u062a \u0627\u0644\u0642\u0631\u0627\u0621\u0629 \u0627\u0644\u0645\u064f\u0642\u062f\u0651\u0631\" \/>\n\t<meta name=\"twitter:data1\" content=\"\u062f\u0642\u064a\u0642\u0629 \u0648\u0627\u062d\u062f\u0629\" \/>\n<script type=\"application\/ld+json\" class=\"yoast-schema-graph\">{\"@context\":\"https:\/\/schema.org\",\"@graph\":[{\"@type\":\"WebPage\",\"@id\":\"https:\/\/www.librairiealkitab.fr\/boutique\/les-regles-de-leducation-de-lame-et-les-preuves-de-la-connaissance-spirituelle-ahmad-al-fasi-al-bayyinah\/\",\"url\":\"https:\/\/www.librairiealkitab.fr\/boutique\/les-regles-de-leducation-de-lame-et-les-preuves-de-la-connaissance-spirituelle-ahmad-al-fasi-al-bayyinah\/\",\"name\":\"Les r\u00e8gles de l\u2019\u00e9ducation de l\u2019\u00e2me et les preuves de la connaissance spirituelle - Ahmad al-F\u00e2s\u00ee - Al Bayyinah - Librairie Al Kitab | Livres islamiques en fran\u00e7ais et arabe \u2013 Coran, Hadith, apprentissage islamique en ligne\",\"isPartOf\":{\"@id\":\"https:\/\/www.librairiealkitab.fr\/#website\"},\"primaryImageOfPage\":{\"@id\":\"https:\/\/www.librairiealkitab.fr\/boutique\/les-regles-de-leducation-de-lame-et-les-preuves-de-la-connaissance-spirituelle-ahmad-al-fasi-al-bayyinah\/#primaryimage\"},\"image\":{\"@id\":\"https:\/\/www.librairiealkitab.fr\/boutique\/les-regles-de-leducation-de-lame-et-les-preuves-de-la-connaissance-spirituelle-ahmad-al-fasi-al-bayyinah\/#primaryimage\"},\"thumbnailUrl\":\"https:\/\/www.librairiealkitab.fr\/wp-content\/uploads\/2026\/02\/Produits-Al-Bayyinah-9.png\",\"datePublished\":\"2026-02-24T12:24:40+00:00\",\"dateModified\":\"2026-02-24T12:24:41+00:00\",\"breadcrumb\":{\"@id\":\"https:\/\/www.librairiealkitab.fr\/boutique\/les-regles-de-leducation-de-lame-et-les-preuves-de-la-connaissance-spirituelle-ahmad-al-fasi-al-bayyinah\/#breadcrumb\"},\"inLanguage\":\"ar\",\"potentialAction\":[{\"@type\":\"ReadAction\",\"target\":[\"https:\/\/www.librairiealkitab.fr\/boutique\/les-regles-de-leducation-de-lame-et-les-preuves-de-la-connaissance-spirituelle-ahmad-al-fasi-al-bayyinah\/\"]}]},{\"@type\":\"ImageObject\",\"inLanguage\":\"ar\",\"@id\":\"https:\/\/www.librairiealkitab.fr\/boutique\/les-regles-de-leducation-de-lame-et-les-preuves-de-la-connaissance-spirituelle-ahmad-al-fasi-al-bayyinah\/#primaryimage\",\"url\":\"https:\/\/www.librairiealkitab.fr\/wp-content\/uploads\/2026\/02\/Produits-Al-Bayyinah-9.png\",\"contentUrl\":\"https:\/\/www.librairiealkitab.fr\/wp-content\/uploads\/2026\/02\/Produits-Al-Bayyinah-9.png\",\"width\":500,\"height\":500},{\"@type\":\"BreadcrumbList\",\"@id\":\"https:\/\/www.librairiealkitab.fr\/boutique\/les-regles-de-leducation-de-lame-et-les-preuves-de-la-connaissance-spirituelle-ahmad-al-fasi-al-bayyinah\/#breadcrumb\",\"itemListElement\":[{\"@type\":\"ListItem\",\"position\":1,\"name\":\"Accueil\",\"item\":\"https:\/\/www.librairiealkitab.fr\/\"},{\"@type\":\"ListItem\",\"position\":2,\"name\":\"Shop\",\"item\":\"https:\/\/www.librairiealkitab.fr\/shop\/\"},{\"@type\":\"ListItem\",\"position\":3,\"name\":\"Les r\u00e8gles de l\u2019\u00e9ducation de l\u2019\u00e2me et les preuves de la connaissance spirituelle &#8211; Ahmad al-F\u00e2s\u00ee &#8211; Al Bayyinah\"}]},{\"@type\":\"WebSite\",\"@id\":\"https:\/\/www.librairiealkitab.fr\/#website\",\"url\":\"https:\/\/www.librairiealkitab.fr\/\",\"name\":\"Librairie Al Kitab | Livres islamiques en fran\u00e7ais et arabe \u2013 Coran, Hadith, apprentissage islamique en ligne\",\"description\":\"Boutique en ligne musulmane\",\"publisher\":{\"@id\":\"https:\/\/www.librairiealkitab.fr\/#organization\"},\"potentialAction\":[{\"@type\":\"SearchAction\",\"target\":{\"@type\":\"EntryPoint\",\"urlTemplate\":\"https:\/\/www.librairiealkitab.fr\/?s={search_term_string}\"},\"query-input\":{\"@type\":\"PropertyValueSpecification\",\"valueRequired\":true,\"valueName\":\"search_term_string\"}}],\"inLanguage\":\"ar\"},{\"@type\":\"Organization\",\"@id\":\"https:\/\/www.librairiealkitab.fr\/#organization\",\"name\":\"Librairie Al Kitab | Livres islamiques en fran\u00e7ais et arabe \u2013 Coran, Hadith, apprentissage islamique en ligne\",\"url\":\"https:\/\/www.librairiealkitab.fr\/\",\"logo\":{\"@type\":\"ImageObject\",\"inLanguage\":\"ar\",\"@id\":\"https:\/\/www.librairiealkitab.fr\/#\/schema\/logo\/image\/\",\"url\":\"https:\/\/www.librairiealkitab.fr\/wp-content\/uploads\/2025\/01\/Logo-Librairie-Al-Kitab-2.png\",\"contentUrl\":\"https:\/\/www.librairiealkitab.fr\/wp-content\/uploads\/2025\/01\/Logo-Librairie-Al-Kitab-2.png\",\"width\":500,\"height\":500,\"caption\":\"Librairie Al Kitab | Livres islamiques en fran\u00e7ais et arabe \u2013 Coran, Hadith, apprentissage islamique en ligne\"},\"image\":{\"@id\":\"https:\/\/www.librairiealkitab.fr\/#\/schema\/logo\/image\/\"}}]}<\/script>\n<!-- \/ Yoast SEO Premium plugin. -->","yoast_head_json":{"title":"Les r\u00e8gles de l\u2019\u00e9ducation de l\u2019\u00e2me et les preuves de la connaissance spirituelle - Ahmad al-F\u00e2s\u00ee - Al Bayyinah - Librairie Al Kitab | Livres islamiques en fran\u00e7ais et arabe \u2013 Coran, Hadith, apprentissage islamique en ligne","robots":{"index":"index","follow":"follow","max-snippet":"max-snippet:-1","max-image-preview":"max-image-preview:large","max-video-preview":"max-video-preview:-1"},"canonical":"https:\/\/www.librairiealkitab.fr\/ar\/boutique\/les-regles-de-leducation-de-lame-et-les-preuves-de-la-connaissance-spirituelle-ahmad-al-fasi-al-bayyinah\/","og_locale":"ar_AR","og_type":"article","og_title":"Les r\u00e8gles de l\u2019\u00e9ducation de l\u2019\u00e2me et les preuves de la connaissance spirituelle - Ahmad al-F\u00e2s\u00ee - Al Bayyinah","og_description":"Cet ouvrage d&#8217;Ahmad Zarr\u00fbq al\u2011Barnas\u00ee al\u2011F\u00e2s\u00ee constitue un guide pr\u00e9cieux pour quiconque souhaite entreprendre une r\u00e9forme int\u00e9rieure authentique, solidement ancr\u00e9e dans les preuves du Coran et de la Sounnah. Loin des th\u00e9ories abstraites, il propose des principes clairs et des outils concrets pour purifier le c\u0153ur et dompter l&#8217;\u00e2me, tout en garantissant une approche spirituelleRead More","og_url":"https:\/\/www.librairiealkitab.fr\/ar\/boutique\/les-regles-de-leducation-de-lame-et-les-preuves-de-la-connaissance-spirituelle-ahmad-al-fasi-al-bayyinah\/","og_site_name":"Librairie Al Kitab | Livres islamiques en fran\u00e7ais et arabe \u2013 Coran, Hadith, apprentissage islamique en ligne","article_modified_time":"2026-02-24T12:24:41+00:00","og_image":[{"width":500,"height":500,"url":"https:\/\/www.librairiealkitab.fr\/wp-content\/uploads\/2026\/02\/Produits-Al-Bayyinah-9.png","type":"image\/png"}],"twitter_card":"summary_large_image","twitter_misc":{"\u0648\u0642\u062a \u0627\u0644\u0642\u0631\u0627\u0621\u0629 \u0627\u0644\u0645\u064f\u0642\u062f\u0651\u0631":"\u062f\u0642\u064a\u0642\u0629 \u0648\u0627\u062d\u062f\u0629"},"schema":{"@context":"https:\/\/schema.org","@graph":[{"@type":"WebPage","@id":"https:\/\/www.librairiealkitab.fr\/boutique\/les-regles-de-leducation-de-lame-et-les-preuves-de-la-connaissance-spirituelle-ahmad-al-fasi-al-bayyinah\/","url":"https:\/\/www.librairiealkitab.fr\/boutique\/les-regles-de-leducation-de-lame-et-les-preuves-de-la-connaissance-spirituelle-ahmad-al-fasi-al-bayyinah\/","name":"Les r\u00e8gles de l\u2019\u00e9ducation de l\u2019\u00e2me et les preuves de la connaissance spirituelle - Ahmad al-F\u00e2s\u00ee - Al Bayyinah - Librairie Al Kitab | Livres islamiques en fran\u00e7ais et arabe \u2013 Coran, Hadith, apprentissage islamique en ligne","isPartOf":{"@id":"https:\/\/www.librairiealkitab.fr\/#website"},"primaryImageOfPage":{"@id":"https:\/\/www.librairiealkitab.fr\/boutique\/les-regles-de-leducation-de-lame-et-les-preuves-de-la-connaissance-spirituelle-ahmad-al-fasi-al-bayyinah\/#primaryimage"},"image":{"@id":"https:\/\/www.librairiealkitab.fr\/boutique\/les-regles-de-leducation-de-lame-et-les-preuves-de-la-connaissance-spirituelle-ahmad-al-fasi-al-bayyinah\/#primaryimage"},"thumbnailUrl":"https:\/\/www.librairiealkitab.fr\/wp-content\/uploads\/2026\/02\/Produits-Al-Bayyinah-9.png","datePublished":"2026-02-24T12:24:40+00:00","dateModified":"2026-02-24T12:24:41+00:00","breadcrumb":{"@id":"https:\/\/www.librairiealkitab.fr\/boutique\/les-regles-de-leducation-de-lame-et-les-preuves-de-la-connaissance-spirituelle-ahmad-al-fasi-al-bayyinah\/#breadcrumb"},"inLanguage":"ar","potentialAction":[{"@type":"ReadAction","target":["https:\/\/www.librairiealkitab.fr\/boutique\/les-regles-de-leducation-de-lame-et-les-preuves-de-la-connaissance-spirituelle-ahmad-al-fasi-al-bayyinah\/"]}]},{"@type":"ImageObject","inLanguage":"ar","@id":"https:\/\/www.librairiealkitab.fr\/boutique\/les-regles-de-leducation-de-lame-et-les-preuves-de-la-connaissance-spirituelle-ahmad-al-fasi-al-bayyinah\/#primaryimage","url":"https:\/\/www.librairiealkitab.fr\/wp-content\/uploads\/2026\/02\/Produits-Al-Bayyinah-9.png","contentUrl":"https:\/\/www.librairiealkitab.fr\/wp-content\/uploads\/2026\/02\/Produits-Al-Bayyinah-9.png","width":500,"height":500},{"@type":"BreadcrumbList","@id":"https:\/\/www.librairiealkitab.fr\/boutique\/les-regles-de-leducation-de-lame-et-les-preuves-de-la-connaissance-spirituelle-ahmad-al-fasi-al-bayyinah\/#breadcrumb","itemListElement":[{"@type":"ListItem","position":1,"name":"Accueil","item":"https:\/\/www.librairiealkitab.fr\/"},{"@type":"ListItem","position":2,"name":"Shop","item":"https:\/\/www.librairiealkitab.fr\/shop\/"},{"@type":"ListItem","position":3,"name":"Les r\u00e8gles de l\u2019\u00e9ducation de l\u2019\u00e2me et les preuves de la connaissance spirituelle &#8211; Ahmad al-F\u00e2s\u00ee &#8211; Al Bayyinah"}]},{"@type":"WebSite","@id":"https:\/\/www.librairiealkitab.fr\/#website","url":"https:\/\/www.librairiealkitab.fr\/","name":"Librairie Al Kitab | Livres islamiques en fran\u00e7ais et arabe \u2013 Coran, Hadith, apprentissage islamique en ligne","description":"Boutique en ligne musulmane","publisher":{"@id":"https:\/\/www.librairiealkitab.fr\/#organization"},"potentialAction":[{"@type":"SearchAction","target":{"@type":"EntryPoint","urlTemplate":"https:\/\/www.librairiealkitab.fr\/?s={search_term_string}"},"query-input":{"@type":"PropertyValueSpecification","valueRequired":true,"valueName":"search_term_string"}}],"inLanguage":"ar"},{"@type":"Organization","@id":"https:\/\/www.librairiealkitab.fr\/#organization","name":"Librairie Al Kitab | Livres islamiques en fran\u00e7ais et arabe \u2013 Coran, Hadith, apprentissage islamique en ligne","url":"https:\/\/www.librairiealkitab.fr\/","logo":{"@type":"ImageObject","inLanguage":"ar","@id":"https:\/\/www.librairiealkitab.fr\/#\/schema\/logo\/image\/","url":"https:\/\/www.librairiealkitab.fr\/wp-content\/uploads\/2025\/01\/Logo-Librairie-Al-Kitab-2.png","contentUrl":"https:\/\/www.librairiealkitab.fr\/wp-content\/uploads\/2025\/01\/Logo-Librairie-Al-Kitab-2.png","width":500,"height":500,"caption":"Librairie Al Kitab | Livres islamiques en fran\u00e7ais et arabe \u2013 Coran, Hadith, apprentissage islamique en ligne"},"image":{"@id":"https:\/\/www.librairiealkitab.fr\/#\/schema\/logo\/image\/"}}]}},"jetpack_sharing_enabled":true,"_links":{"self":[{"href":"https:\/\/www.librairiealkitab.fr\/ar\/wp-json\/wp\/v2\/product\/14359","targetHints":{"allow":["GET"]}}],"collection":[{"href":"https:\/\/www.librairiealkitab.fr\/ar\/wp-json\/wp\/v2\/product"}],"about":[{"href":"https:\/\/www.librairiealkitab.fr\/ar\/wp-json\/wp\/v2\/types\/product"}],"version-history":[{"count":1,"href":"https:\/\/www.librairiealkitab.fr\/ar\/wp-json\/wp\/v2\/product\/14359\/revisions"}],"predecessor-version":[{"id":14362,"href":"https:\/\/www.librairiealkitab.fr\/ar\/wp-json\/wp\/v2\/product\/14359\/revisions\/14362"}],"wp:featuredmedia":[{"embeddable":true,"href":"https:\/\/www.librairiealkitab.fr\/ar\/wp-json\/wp\/v2\/media\/14360"}],"wp:attachment":[{"href":"https:\/\/www.librairiealkitab.fr\/ar\/wp-json\/wp\/v2\/media?parent=14359"}],"wp:term":[{"taxonomy":"product_brand","embeddable":true,"href":"https:\/\/www.librairiealkitab.fr\/ar\/wp-json\/wp\/v2\/product_brand?post=14359"},{"taxonomy":"product_cat","embeddable":true,"href":"https:\/\/www.librairiealkitab.fr\/ar\/wp-json\/wp\/v2\/product_cat?post=14359"},{"taxonomy":"product_tag","embeddable":true,"href":"https:\/\/www.librairiealkitab.fr\/ar\/wp-json\/wp\/v2\/product_tag?post=14359"}],"curies":[{"name":"wp","href":"https:\/\/api.w.org\/{rel}","templated":true}]}}