{"id":2626,"date":"2025-04-13T08:57:46","date_gmt":"2025-04-13T06:57:46","guid":{"rendered":"https:\/\/librairiealkitab.fr\/produit\/10-conseils-pour-toi-soeur-musulmane\/"},"modified":"2025-08-04T15:34:44","modified_gmt":"2025-08-04T13:34:44","slug":"10-conseils-pour-toi-soeur-musulmane","status":"publish","type":"product","link":"https:\/\/www.librairiealkitab.fr\/ar\/boutique\/10-conseils-pour-toi-soeur-musulmane\/","title":{"rendered":"10 conseils pour toi s\u0153ur musulmane &#8211; Al Hadith"},"content":{"rendered":"<p data-start=\"71\" data-end=\"579\"><strong data-start=\"71\" data-end=\"85\">Ch\u00e8re s\u0153ur<\/strong>, cette \u00e9p\u00eetre s\u2019adresse \u00e0 toi qui nourris dans ton c\u0153ur un <strong data-start=\"145\" data-end=\"181\">amour incommensurable pour Allah<\/strong> et un profond respect pour notre <strong data-start=\"215\" data-end=\"229\">Proph\u00e8te \ufdfa<\/strong>. \u00c0 toi qui ressens cet appel sinc\u00e8re vers le Tr\u00e8s-Haut, cette <strong data-start=\"292\" data-end=\"315\">aspiration br\u00fblante<\/strong> de Le rencontrer et de L\u2019aimer comme Ses plus proches amis. Ta qu\u00eate pour gagner Son <strong data-start=\"401\" data-end=\"413\">agr\u00e9ment<\/strong>, pour obtenir Son <strong data-start=\"432\" data-end=\"441\">amour<\/strong> et pour cheminer vers Lui est noble et pr\u00e9cieuse. Ta d\u00e9termination \u00e0 te rapprocher de Lui montre la grandeur de ton ambition spirituelle.<\/p>\n<p data-start=\"581\" data-end=\"968\">Ces <strong data-start=\"585\" data-end=\"601\">dix conseils<\/strong> te sont destin\u00e9s, car en toi, je per\u00e7ois cette lumi\u00e8re de <strong data-start=\"660\" data-end=\"684\">crainte respectueuse<\/strong> et d\u2019<strong data-start=\"690\" data-end=\"711\">amour grandissant<\/strong> envers <strong data-start=\"719\" data-end=\"728\">Allah<\/strong>. Plus ta <strong data-start=\"738\" data-end=\"757\">crainte d\u2019Allah<\/strong> se renforce, plus ton <strong data-start=\"780\" data-end=\"790\">espoir<\/strong> en Sa mis\u00e9ricorde s\u2019enracine profond\u00e9ment. Et plus ton c\u0153ur se tourne vers Lui, plus ton aspiration \u00e0 Son agr\u00e9ment et \u00e0 une place \u00e9lev\u00e9e au <strong data-start=\"931\" data-end=\"942\">Paradis<\/strong> se manifeste intens\u00e9ment.<\/p>\n<p data-start=\"970\" data-end=\"1271\">C\u2019est en suivant ces conseils que tu fortifieras ton attachement \u00e0 \u00e9viter tout ce qui pourrait d\u00e9plaire \u00e0 ton <strong data-start=\"1080\" data-end=\"1092\">Seigneur<\/strong>, m\u00eame dans le moindre doute. Continue \u00e0 avancer, car chaque pas sur ce chemin est un pas vers Celui qui conna\u00eet les secrets des c\u0153urs et exauce les aspirations les plus sinc\u00e8res.<\/p>","protected":false},"excerpt":{"rendered":"<p>Ch\u00e8re s\u0153ur, cette \u00e9p\u00eetre s\u2019adresse \u00e0 toi qui nourris dans ton c\u0153ur un amour incommensurable pour Allah et un profond respect pour notre Proph\u00e8te \ufdfa. \u00c0 toi qui ressens cet appel sinc\u00e8re vers le Tr\u00e8s-Haut, cette aspiration br\u00fblante de Le rencontrer et de L\u2019aimer comme Ses plus proches amis. Ta qu\u00eate pour gagner Son agr\u00e9ment,<\/p>\n<div class=\"klb-readmore button\"><a class=\"btn link\" href=\"https:\/\/www.librairiealkitab.fr\/ar\/boutique\/10-conseils-pour-toi-soeur-musulmane\/\">Read More <i class=\"klbth-icon-right-arrow\"><\/i><\/a><\/div>","protected":false},"featured_media":2703,"template":"","meta":[],"product_brand":[238],"product_cat":[276,127],"product_tag":[],"class_list":{"0":"post-2626","1":"product","2":"type-product","3":"status-publish","4":"has-post-thumbnail","6":"product_brand-al-hadith","7":"product_cat-femmes","8":"product_cat-noslivres","10":"first","11":"instock","12":"taxable","13":"shipping-taxable","14":"purchasable","15":"product-type-simple"},"yoast_head":"<!-- This site is optimized with the Yoast SEO Premium plugin v25.4 (Yoast SEO v27.0) - https:\/\/yoast.com\/product\/yoast-seo-premium-wordpress\/ -->\n<title>10 conseils pour toi s\u0153ur musulmane - Al Hadith - Librairie Al Kitab | Livres islamiques en fran\u00e7ais et arabe \u2013 Coran, Hadith, apprentissage islamique en ligne<\/title>\n<meta name=\"robots\" content=\"index, follow, max-snippet:-1, max-image-preview:large, max-video-preview:-1\" \/>\n<link rel=\"canonical\" href=\"https:\/\/www.librairiealkitab.fr\/ar\/boutique\/10-conseils-pour-toi-soeur-musulmane\/\" \/>\n<meta property=\"og:locale\" content=\"ar_AR\" \/>\n<meta property=\"og:type\" content=\"article\" \/>\n<meta property=\"og:title\" content=\"10 conseils pour toi s\u0153ur musulmane - Al Hadith\" \/>\n<meta property=\"og:description\" content=\"Ch\u00e8re s\u0153ur, cette \u00e9p\u00eetre s\u2019adresse \u00e0 toi qui nourris dans ton c\u0153ur un amour incommensurable pour Allah et un profond respect pour notre Proph\u00e8te \ufdfa. \u00c0 toi qui ressens cet appel sinc\u00e8re vers le Tr\u00e8s-Haut, cette aspiration br\u00fblante de Le rencontrer et de L\u2019aimer comme Ses plus proches amis. Ta qu\u00eate pour gagner Son agr\u00e9ment,Read More\" \/>\n<meta property=\"og:url\" content=\"https:\/\/www.librairiealkitab.fr\/ar\/boutique\/10-conseils-pour-toi-soeur-musulmane\/\" \/>\n<meta property=\"og:site_name\" content=\"Librairie Al Kitab | Livres islamiques en fran\u00e7ais et arabe \u2013 Coran, Hadith, apprentissage islamique en ligne\" \/>\n<meta property=\"article:modified_time\" content=\"2025-08-04T13:34:44+00:00\" \/>\n<meta property=\"og:image\" content=\"https:\/\/www.librairiealkitab.fr\/wp-content\/uploads\/2025\/04\/3_44ee3741-c050-4e26-ada9-51d98a3269c3.png\" \/>\n\t<meta property=\"og:image:width\" content=\"1563\" \/>\n\t<meta property=\"og:image:height\" content=\"1563\" \/>\n\t<meta property=\"og:image:type\" content=\"image\/png\" \/>\n<meta name=\"twitter:card\" content=\"summary_large_image\" \/>\n<meta name=\"twitter:label1\" content=\"\u0648\u0642\u062a \u0627\u0644\u0642\u0631\u0627\u0621\u0629 \u0627\u0644\u0645\u064f\u0642\u062f\u0651\u0631\" \/>\n\t<meta name=\"twitter:data1\" content=\"\u062f\u0642\u064a\u0642\u0629 \u0648\u0627\u062d\u062f\u0629\" \/>\n<script type=\"application\/ld+json\" class=\"yoast-schema-graph\">{\"@context\":\"https:\/\/schema.org\",\"@graph\":[{\"@type\":\"WebPage\",\"@id\":\"https:\/\/www.librairiealkitab.fr\/boutique\/10-conseils-pour-toi-soeur-musulmane\/\",\"url\":\"https:\/\/www.librairiealkitab.fr\/boutique\/10-conseils-pour-toi-soeur-musulmane\/\",\"name\":\"10 conseils pour toi s\u0153ur musulmane - Al Hadith - Librairie Al Kitab | Livres islamiques en fran\u00e7ais et arabe \u2013 Coran, Hadith, apprentissage islamique en ligne\",\"isPartOf\":{\"@id\":\"https:\/\/www.librairiealkitab.fr\/#website\"},\"primaryImageOfPage\":{\"@id\":\"https:\/\/www.librairiealkitab.fr\/boutique\/10-conseils-pour-toi-soeur-musulmane\/#primaryimage\"},\"image\":{\"@id\":\"https:\/\/www.librairiealkitab.fr\/boutique\/10-conseils-pour-toi-soeur-musulmane\/#primaryimage\"},\"thumbnailUrl\":\"https:\/\/www.librairiealkitab.fr\/wp-content\/uploads\/2025\/04\/3_44ee3741-c050-4e26-ada9-51d98a3269c3.png\",\"datePublished\":\"2025-04-13T06:57:46+00:00\",\"dateModified\":\"2025-08-04T13:34:44+00:00\",\"breadcrumb\":{\"@id\":\"https:\/\/www.librairiealkitab.fr\/boutique\/10-conseils-pour-toi-soeur-musulmane\/#breadcrumb\"},\"inLanguage\":\"ar\",\"potentialAction\":[{\"@type\":\"ReadAction\",\"target\":[\"https:\/\/www.librairiealkitab.fr\/boutique\/10-conseils-pour-toi-soeur-musulmane\/\"]}]},{\"@type\":\"ImageObject\",\"inLanguage\":\"ar\",\"@id\":\"https:\/\/www.librairiealkitab.fr\/boutique\/10-conseils-pour-toi-soeur-musulmane\/#primaryimage\",\"url\":\"https:\/\/www.librairiealkitab.fr\/wp-content\/uploads\/2025\/04\/3_44ee3741-c050-4e26-ada9-51d98a3269c3.png\",\"contentUrl\":\"https:\/\/www.librairiealkitab.fr\/wp-content\/uploads\/2025\/04\/3_44ee3741-c050-4e26-ada9-51d98a3269c3.png\",\"width\":1563,\"height\":1563},{\"@type\":\"BreadcrumbList\",\"@id\":\"https:\/\/www.librairiealkitab.fr\/boutique\/10-conseils-pour-toi-soeur-musulmane\/#breadcrumb\",\"itemListElement\":[{\"@type\":\"ListItem\",\"position\":1,\"name\":\"Accueil\",\"item\":\"https:\/\/www.librairiealkitab.fr\/\"},{\"@type\":\"ListItem\",\"position\":2,\"name\":\"Shop\",\"item\":\"https:\/\/www.librairiealkitab.fr\/shop\/\"},{\"@type\":\"ListItem\",\"position\":3,\"name\":\"10 conseils pour toi s\u0153ur musulmane &#8211; Al Hadith\"}]},{\"@type\":\"WebSite\",\"@id\":\"https:\/\/www.librairiealkitab.fr\/#website\",\"url\":\"https:\/\/www.librairiealkitab.fr\/\",\"name\":\"Librairie Al Kitab | Livres islamiques en fran\u00e7ais et arabe \u2013 Coran, Hadith, apprentissage islamique en ligne\",\"description\":\"Boutique en ligne musulmane\",\"publisher\":{\"@id\":\"https:\/\/www.librairiealkitab.fr\/#organization\"},\"potentialAction\":[{\"@type\":\"SearchAction\",\"target\":{\"@type\":\"EntryPoint\",\"urlTemplate\":\"https:\/\/www.librairiealkitab.fr\/?s={search_term_string}\"},\"query-input\":{\"@type\":\"PropertyValueSpecification\",\"valueRequired\":true,\"valueName\":\"search_term_string\"}}],\"inLanguage\":\"ar\"},{\"@type\":\"Organization\",\"@id\":\"https:\/\/www.librairiealkitab.fr\/#organization\",\"name\":\"Librairie Al Kitab | Livres islamiques en fran\u00e7ais et arabe \u2013 Coran, Hadith, apprentissage islamique en ligne\",\"url\":\"https:\/\/www.librairiealkitab.fr\/\",\"logo\":{\"@type\":\"ImageObject\",\"inLanguage\":\"ar\",\"@id\":\"https:\/\/www.librairiealkitab.fr\/#\/schema\/logo\/image\/\",\"url\":\"https:\/\/www.librairiealkitab.fr\/wp-content\/uploads\/2025\/01\/Logo-Librairie-Al-Kitab-2.png\",\"contentUrl\":\"https:\/\/www.librairiealkitab.fr\/wp-content\/uploads\/2025\/01\/Logo-Librairie-Al-Kitab-2.png\",\"width\":500,\"height\":500,\"caption\":\"Librairie Al Kitab | Livres islamiques en fran\u00e7ais et arabe \u2013 Coran, Hadith, apprentissage islamique en ligne\"},\"image\":{\"@id\":\"https:\/\/www.librairiealkitab.fr\/#\/schema\/logo\/image\/\"}}]}<\/script>\n<!-- \/ Yoast SEO Premium plugin. -->","yoast_head_json":{"title":"10 conseils pour toi s\u0153ur musulmane - Al Hadith - Librairie Al Kitab | Livres islamiques en fran\u00e7ais et arabe \u2013 Coran, Hadith, apprentissage islamique en ligne","robots":{"index":"index","follow":"follow","max-snippet":"max-snippet:-1","max-image-preview":"max-image-preview:large","max-video-preview":"max-video-preview:-1"},"canonical":"https:\/\/www.librairiealkitab.fr\/ar\/boutique\/10-conseils-pour-toi-soeur-musulmane\/","og_locale":"ar_AR","og_type":"article","og_title":"10 conseils pour toi s\u0153ur musulmane - Al Hadith","og_description":"Ch\u00e8re s\u0153ur, cette \u00e9p\u00eetre s\u2019adresse \u00e0 toi qui nourris dans ton c\u0153ur un amour incommensurable pour Allah et un profond respect pour notre Proph\u00e8te \ufdfa. \u00c0 toi qui ressens cet appel sinc\u00e8re vers le Tr\u00e8s-Haut, cette aspiration br\u00fblante de Le rencontrer et de L\u2019aimer comme Ses plus proches amis. Ta qu\u00eate pour gagner Son agr\u00e9ment,Read More","og_url":"https:\/\/www.librairiealkitab.fr\/ar\/boutique\/10-conseils-pour-toi-soeur-musulmane\/","og_site_name":"Librairie Al Kitab | Livres islamiques en fran\u00e7ais et arabe \u2013 Coran, Hadith, apprentissage islamique en ligne","article_modified_time":"2025-08-04T13:34:44+00:00","og_image":[{"width":1563,"height":1563,"url":"https:\/\/www.librairiealkitab.fr\/wp-content\/uploads\/2025\/04\/3_44ee3741-c050-4e26-ada9-51d98a3269c3.png","type":"image\/png"}],"twitter_card":"summary_large_image","twitter_misc":{"\u0648\u0642\u062a \u0627\u0644\u0642\u0631\u0627\u0621\u0629 \u0627\u0644\u0645\u064f\u0642\u062f\u0651\u0631":"\u062f\u0642\u064a\u0642\u0629 \u0648\u0627\u062d\u062f\u0629"},"schema":{"@context":"https:\/\/schema.org","@graph":[{"@type":"WebPage","@id":"https:\/\/www.librairiealkitab.fr\/boutique\/10-conseils-pour-toi-soeur-musulmane\/","url":"https:\/\/www.librairiealkitab.fr\/boutique\/10-conseils-pour-toi-soeur-musulmane\/","name":"10 conseils pour toi s\u0153ur musulmane - Al Hadith - Librairie Al Kitab | Livres islamiques en fran\u00e7ais et arabe \u2013 Coran, Hadith, apprentissage islamique en ligne","isPartOf":{"@id":"https:\/\/www.librairiealkitab.fr\/#website"},"primaryImageOfPage":{"@id":"https:\/\/www.librairiealkitab.fr\/boutique\/10-conseils-pour-toi-soeur-musulmane\/#primaryimage"},"image":{"@id":"https:\/\/www.librairiealkitab.fr\/boutique\/10-conseils-pour-toi-soeur-musulmane\/#primaryimage"},"thumbnailUrl":"https:\/\/www.librairiealkitab.fr\/wp-content\/uploads\/2025\/04\/3_44ee3741-c050-4e26-ada9-51d98a3269c3.png","datePublished":"2025-04-13T06:57:46+00:00","dateModified":"2025-08-04T13:34:44+00:00","breadcrumb":{"@id":"https:\/\/www.librairiealkitab.fr\/boutique\/10-conseils-pour-toi-soeur-musulmane\/#breadcrumb"},"inLanguage":"ar","potentialAction":[{"@type":"ReadAction","target":["https:\/\/www.librairiealkitab.fr\/boutique\/10-conseils-pour-toi-soeur-musulmane\/"]}]},{"@type":"ImageObject","inLanguage":"ar","@id":"https:\/\/www.librairiealkitab.fr\/boutique\/10-conseils-pour-toi-soeur-musulmane\/#primaryimage","url":"https:\/\/www.librairiealkitab.fr\/wp-content\/uploads\/2025\/04\/3_44ee3741-c050-4e26-ada9-51d98a3269c3.png","contentUrl":"https:\/\/www.librairiealkitab.fr\/wp-content\/uploads\/2025\/04\/3_44ee3741-c050-4e26-ada9-51d98a3269c3.png","width":1563,"height":1563},{"@type":"BreadcrumbList","@id":"https:\/\/www.librairiealkitab.fr\/boutique\/10-conseils-pour-toi-soeur-musulmane\/#breadcrumb","itemListElement":[{"@type":"ListItem","position":1,"name":"Accueil","item":"https:\/\/www.librairiealkitab.fr\/"},{"@type":"ListItem","position":2,"name":"Shop","item":"https:\/\/www.librairiealkitab.fr\/shop\/"},{"@type":"ListItem","position":3,"name":"10 conseils pour toi s\u0153ur musulmane &#8211; Al Hadith"}]},{"@type":"WebSite","@id":"https:\/\/www.librairiealkitab.fr\/#website","url":"https:\/\/www.librairiealkitab.fr\/","name":"Librairie Al Kitab | Livres islamiques en fran\u00e7ais et arabe \u2013 Coran, Hadith, apprentissage islamique en ligne","description":"Boutique en ligne musulmane","publisher":{"@id":"https:\/\/www.librairiealkitab.fr\/#organization"},"potentialAction":[{"@type":"SearchAction","target":{"@type":"EntryPoint","urlTemplate":"https:\/\/www.librairiealkitab.fr\/?s={search_term_string}"},"query-input":{"@type":"PropertyValueSpecification","valueRequired":true,"valueName":"search_term_string"}}],"inLanguage":"ar"},{"@type":"Organization","@id":"https:\/\/www.librairiealkitab.fr\/#organization","name":"Librairie Al Kitab | Livres islamiques en fran\u00e7ais et arabe \u2013 Coran, Hadith, apprentissage islamique en ligne","url":"https:\/\/www.librairiealkitab.fr\/","logo":{"@type":"ImageObject","inLanguage":"ar","@id":"https:\/\/www.librairiealkitab.fr\/#\/schema\/logo\/image\/","url":"https:\/\/www.librairiealkitab.fr\/wp-content\/uploads\/2025\/01\/Logo-Librairie-Al-Kitab-2.png","contentUrl":"https:\/\/www.librairiealkitab.fr\/wp-content\/uploads\/2025\/01\/Logo-Librairie-Al-Kitab-2.png","width":500,"height":500,"caption":"Librairie Al Kitab | Livres islamiques en fran\u00e7ais et arabe \u2013 Coran, Hadith, apprentissage islamique en ligne"},"image":{"@id":"https:\/\/www.librairiealkitab.fr\/#\/schema\/logo\/image\/"}}]}},"jetpack_sharing_enabled":true,"_links":{"self":[{"href":"https:\/\/www.librairiealkitab.fr\/ar\/wp-json\/wp\/v2\/product\/2626","targetHints":{"allow":["GET"]}}],"collection":[{"href":"https:\/\/www.librairiealkitab.fr\/ar\/wp-json\/wp\/v2\/product"}],"about":[{"href":"https:\/\/www.librairiealkitab.fr\/ar\/wp-json\/wp\/v2\/types\/product"}],"version-history":[{"count":2,"href":"https:\/\/www.librairiealkitab.fr\/ar\/wp-json\/wp\/v2\/product\/2626\/revisions"}],"predecessor-version":[{"id":10197,"href":"https:\/\/www.librairiealkitab.fr\/ar\/wp-json\/wp\/v2\/product\/2626\/revisions\/10197"}],"wp:featuredmedia":[{"embeddable":true,"href":"https:\/\/www.librairiealkitab.fr\/ar\/wp-json\/wp\/v2\/media\/2703"}],"wp:attachment":[{"href":"https:\/\/www.librairiealkitab.fr\/ar\/wp-json\/wp\/v2\/media?parent=2626"}],"wp:term":[{"taxonomy":"product_brand","embeddable":true,"href":"https:\/\/www.librairiealkitab.fr\/ar\/wp-json\/wp\/v2\/product_brand?post=2626"},{"taxonomy":"product_cat","embeddable":true,"href":"https:\/\/www.librairiealkitab.fr\/ar\/wp-json\/wp\/v2\/product_cat?post=2626"},{"taxonomy":"product_tag","embeddable":true,"href":"https:\/\/www.librairiealkitab.fr\/ar\/wp-json\/wp\/v2\/product_tag?post=2626"}],"curies":[{"name":"wp","href":"https:\/\/api.w.org\/{rel}","templated":true}]}}