{"id":2780,"date":"2025-04-13T09:00:57","date_gmt":"2025-04-13T07:00:57","guid":{"rendered":"https:\/\/librairiealkitab.fr\/produit\/conseils-du-prophete-ibn-rajab\/"},"modified":"2026-04-23T17:55:15","modified_gmt":"2026-04-23T15:55:15","slug":"conseils-du-prophete-ibn-rajab","status":"publish","type":"product","link":"https:\/\/www.librairiealkitab.fr\/ar\/boutique\/conseils-du-prophete-ibn-rajab\/","title":{"rendered":"Conseils du Proph\u00e8te &#8211; Ibn Rajab &#8211; MuslimLife"},"content":{"rendered":"<p><strong data-start=\"85\" data-end=\"99\">Ibn &#8216;Abbas<\/strong> rapporte un enseignement pr\u00e9cieux du <strong data-start=\"137\" data-end=\"158\">Proph\u00e8te Muhammad<\/strong> (que la paix et les b\u00e9n\u00e9dictions soient sur lui) concernant la pr\u00e9servation de la <strong data-start=\"241\" data-end=\"265\">connaissance d&#8217;Allah<\/strong>. Ces paroles offrent des conseils spirituels fondamentaux, mettant en avant l&#8217;importance de la <strong data-start=\"361\" data-end=\"373\">patience<\/strong>, de la <strong data-start=\"381\" data-end=\"403\" data-is-only-node=\"\">confiance en Allah<\/strong> et de la recherche constante de Son aide en toutes circonstances.<\/p>","protected":false},"excerpt":{"rendered":"<p>Ibn &#8216;Abbas rapporte un enseignement pr\u00e9cieux du Proph\u00e8te Muhammad (que la paix et les b\u00e9n\u00e9dictions soient sur lui) concernant la pr\u00e9servation de la connaissance d&#8217;Allah. Ces paroles offrent des conseils spirituels fondamentaux, mettant en avant l&#8217;importance de la patience, de la confiance en Allah et de la recherche constante de Son aide en toutes circonstances.<\/p>","protected":false},"featured_media":5048,"template":"","meta":[],"product_brand":[254],"product_cat":[127,269],"product_tag":[],"class_list":{"0":"post-2780","1":"product","2":"type-product","3":"status-publish","4":"has-post-thumbnail","6":"product_brand-muslimlife","7":"product_cat-noslivres","8":"product_cat-muhammad-","10":"first","11":"instock","12":"taxable","13":"shipping-taxable","14":"purchasable","15":"product-type-simple"},"yoast_head":"<!-- This site is optimized with the Yoast SEO Premium plugin v25.4 (Yoast SEO v27.4) - https:\/\/yoast.com\/product\/yoast-seo-premium-wordpress\/ -->\n<title>Conseils du Proph\u00e8te - Ibn Rajab - MuslimLife - Librairie Al Kitab | Livres islamiques en fran\u00e7ais et arabe \u2013 Coran, Hadith, apprentissage islamique en ligne<\/title>\n<meta name=\"robots\" content=\"index, follow, max-snippet:-1, max-image-preview:large, max-video-preview:-1\" \/>\n<link rel=\"canonical\" href=\"https:\/\/www.librairiealkitab.fr\/ar\/boutique\/conseils-du-prophete-ibn-rajab\/\" \/>\n<meta property=\"og:locale\" content=\"ar_AR\" \/>\n<meta property=\"og:type\" content=\"article\" \/>\n<meta property=\"og:title\" content=\"Conseils du Proph\u00e8te - Ibn Rajab - MuslimLife\" \/>\n<meta property=\"og:description\" content=\"Ibn &#8216;Abbas rapporte un enseignement pr\u00e9cieux du Proph\u00e8te Muhammad (que la paix et les b\u00e9n\u00e9dictions soient sur lui) concernant la pr\u00e9servation de la connaissance d&#8217;Allah. Ces paroles offrent des conseils spirituels fondamentaux, mettant en avant l&#8217;importance de la patience, de la confiance en Allah et de la recherche constante de Son aide en toutes circonstances.\" \/>\n<meta property=\"og:url\" content=\"https:\/\/www.librairiealkitab.fr\/ar\/boutique\/conseils-du-prophete-ibn-rajab\/\" \/>\n<meta property=\"og:site_name\" content=\"Librairie Al Kitab | Livres islamiques en fran\u00e7ais et arabe \u2013 Coran, Hadith, apprentissage islamique en ligne\" \/>\n<meta property=\"article:modified_time\" content=\"2026-04-23T15:55:15+00:00\" \/>\n<meta property=\"og:image\" content=\"https:\/\/www.librairiealkitab.fr\/wp-content\/uploads\/2025\/04\/19_4c72a399-e24b-41e1-9fad-1a56080f23d7.png\" \/>\n\t<meta property=\"og:image:width\" content=\"1563\" \/>\n\t<meta property=\"og:image:height\" content=\"1563\" \/>\n\t<meta property=\"og:image:type\" content=\"image\/png\" \/>\n<meta name=\"twitter:card\" content=\"summary_large_image\" \/>\n<script type=\"application\/ld+json\" class=\"yoast-schema-graph\">{\"@context\":\"https:\\\/\\\/schema.org\",\"@graph\":[{\"@type\":\"WebPage\",\"@id\":\"https:\\\/\\\/www.librairiealkitab.fr\\\/boutique\\\/conseils-du-prophete-ibn-rajab\\\/\",\"url\":\"https:\\\/\\\/www.librairiealkitab.fr\\\/boutique\\\/conseils-du-prophete-ibn-rajab\\\/\",\"name\":\"Conseils du Proph\u00e8te - Ibn Rajab - MuslimLife - Librairie Al Kitab | Livres islamiques en fran\u00e7ais et arabe \u2013 Coran, Hadith, apprentissage islamique en ligne\",\"isPartOf\":{\"@id\":\"https:\\\/\\\/www.librairiealkitab.fr\\\/#website\"},\"primaryImageOfPage\":{\"@id\":\"https:\\\/\\\/www.librairiealkitab.fr\\\/boutique\\\/conseils-du-prophete-ibn-rajab\\\/#primaryimage\"},\"image\":{\"@id\":\"https:\\\/\\\/www.librairiealkitab.fr\\\/boutique\\\/conseils-du-prophete-ibn-rajab\\\/#primaryimage\"},\"thumbnailUrl\":\"https:\\\/\\\/www.librairiealkitab.fr\\\/wp-content\\\/uploads\\\/2025\\\/04\\\/19_4c72a399-e24b-41e1-9fad-1a56080f23d7.png\",\"datePublished\":\"2025-04-13T07:00:57+00:00\",\"dateModified\":\"2026-04-23T15:55:15+00:00\",\"breadcrumb\":{\"@id\":\"https:\\\/\\\/www.librairiealkitab.fr\\\/boutique\\\/conseils-du-prophete-ibn-rajab\\\/#breadcrumb\"},\"inLanguage\":\"ar\",\"potentialAction\":[{\"@type\":\"ReadAction\",\"target\":[\"https:\\\/\\\/www.librairiealkitab.fr\\\/boutique\\\/conseils-du-prophete-ibn-rajab\\\/\"]}]},{\"@type\":\"ImageObject\",\"inLanguage\":\"ar\",\"@id\":\"https:\\\/\\\/www.librairiealkitab.fr\\\/boutique\\\/conseils-du-prophete-ibn-rajab\\\/#primaryimage\",\"url\":\"https:\\\/\\\/www.librairiealkitab.fr\\\/wp-content\\\/uploads\\\/2025\\\/04\\\/19_4c72a399-e24b-41e1-9fad-1a56080f23d7.png\",\"contentUrl\":\"https:\\\/\\\/www.librairiealkitab.fr\\\/wp-content\\\/uploads\\\/2025\\\/04\\\/19_4c72a399-e24b-41e1-9fad-1a56080f23d7.png\",\"width\":1563,\"height\":1563},{\"@type\":\"BreadcrumbList\",\"@id\":\"https:\\\/\\\/www.librairiealkitab.fr\\\/boutique\\\/conseils-du-prophete-ibn-rajab\\\/#breadcrumb\",\"itemListElement\":[{\"@type\":\"ListItem\",\"position\":1,\"name\":\"Accueil\",\"item\":\"https:\\\/\\\/www.librairiealkitab.fr\\\/\"},{\"@type\":\"ListItem\",\"position\":2,\"name\":\"Shop\",\"item\":\"https:\\\/\\\/www.librairiealkitab.fr\\\/shop\\\/\"},{\"@type\":\"ListItem\",\"position\":3,\"name\":\"Conseils du Proph\u00e8te &#8211; Ibn Rajab &#8211; MuslimLife\"}]},{\"@type\":\"WebSite\",\"@id\":\"https:\\\/\\\/www.librairiealkitab.fr\\\/#website\",\"url\":\"https:\\\/\\\/www.librairiealkitab.fr\\\/\",\"name\":\"Librairie Al Kitab | Livres islamiques en fran\u00e7ais et arabe \u2013 Coran, Hadith, apprentissage islamique en ligne\",\"description\":\"Boutique en ligne musulmane\",\"publisher\":{\"@id\":\"https:\\\/\\\/www.librairiealkitab.fr\\\/#organization\"},\"potentialAction\":[{\"@type\":\"SearchAction\",\"target\":{\"@type\":\"EntryPoint\",\"urlTemplate\":\"https:\\\/\\\/www.librairiealkitab.fr\\\/?s={search_term_string}\"},\"query-input\":{\"@type\":\"PropertyValueSpecification\",\"valueRequired\":true,\"valueName\":\"search_term_string\"}}],\"inLanguage\":\"ar\"},{\"@type\":\"Organization\",\"@id\":\"https:\\\/\\\/www.librairiealkitab.fr\\\/#organization\",\"name\":\"Librairie Al Kitab | Livres islamiques en fran\u00e7ais et arabe \u2013 Coran, Hadith, apprentissage islamique en ligne\",\"url\":\"https:\\\/\\\/www.librairiealkitab.fr\\\/\",\"logo\":{\"@type\":\"ImageObject\",\"inLanguage\":\"ar\",\"@id\":\"https:\\\/\\\/www.librairiealkitab.fr\\\/#\\\/schema\\\/logo\\\/image\\\/\",\"url\":\"https:\\\/\\\/www.librairiealkitab.fr\\\/wp-content\\\/uploads\\\/2025\\\/01\\\/Logo-Librairie-Al-Kitab-2.png\",\"contentUrl\":\"https:\\\/\\\/www.librairiealkitab.fr\\\/wp-content\\\/uploads\\\/2025\\\/01\\\/Logo-Librairie-Al-Kitab-2.png\",\"width\":500,\"height\":500,\"caption\":\"Librairie Al Kitab | Livres islamiques en fran\u00e7ais et arabe \u2013 Coran, Hadith, apprentissage islamique en ligne\"},\"image\":{\"@id\":\"https:\\\/\\\/www.librairiealkitab.fr\\\/#\\\/schema\\\/logo\\\/image\\\/\"}}]}<\/script>\n<!-- \/ Yoast SEO Premium plugin. -->","yoast_head_json":{"title":"Conseils du Proph\u00e8te - Ibn Rajab - MuslimLife - Librairie Al Kitab | Livres islamiques en fran\u00e7ais et arabe \u2013 Coran, Hadith, apprentissage islamique en ligne","robots":{"index":"index","follow":"follow","max-snippet":"max-snippet:-1","max-image-preview":"max-image-preview:large","max-video-preview":"max-video-preview:-1"},"canonical":"https:\/\/www.librairiealkitab.fr\/ar\/boutique\/conseils-du-prophete-ibn-rajab\/","og_locale":"ar_AR","og_type":"article","og_title":"Conseils du Proph\u00e8te - Ibn Rajab - MuslimLife","og_description":"Ibn &#8216;Abbas rapporte un enseignement pr\u00e9cieux du Proph\u00e8te Muhammad (que la paix et les b\u00e9n\u00e9dictions soient sur lui) concernant la pr\u00e9servation de la connaissance d&#8217;Allah. Ces paroles offrent des conseils spirituels fondamentaux, mettant en avant l&#8217;importance de la patience, de la confiance en Allah et de la recherche constante de Son aide en toutes circonstances.","og_url":"https:\/\/www.librairiealkitab.fr\/ar\/boutique\/conseils-du-prophete-ibn-rajab\/","og_site_name":"Librairie Al Kitab | Livres islamiques en fran\u00e7ais et arabe \u2013 Coran, Hadith, apprentissage islamique en ligne","article_modified_time":"2026-04-23T15:55:15+00:00","og_image":[{"width":1563,"height":1563,"url":"https:\/\/www.librairiealkitab.fr\/wp-content\/uploads\/2025\/04\/19_4c72a399-e24b-41e1-9fad-1a56080f23d7.png","type":"image\/png"}],"twitter_card":"summary_large_image","schema":{"@context":"https:\/\/schema.org","@graph":[{"@type":"WebPage","@id":"https:\/\/www.librairiealkitab.fr\/boutique\/conseils-du-prophete-ibn-rajab\/","url":"https:\/\/www.librairiealkitab.fr\/boutique\/conseils-du-prophete-ibn-rajab\/","name":"Conseils du Proph\u00e8te - Ibn Rajab - MuslimLife - Librairie Al Kitab | Livres islamiques en fran\u00e7ais et arabe \u2013 Coran, Hadith, apprentissage islamique en ligne","isPartOf":{"@id":"https:\/\/www.librairiealkitab.fr\/#website"},"primaryImageOfPage":{"@id":"https:\/\/www.librairiealkitab.fr\/boutique\/conseils-du-prophete-ibn-rajab\/#primaryimage"},"image":{"@id":"https:\/\/www.librairiealkitab.fr\/boutique\/conseils-du-prophete-ibn-rajab\/#primaryimage"},"thumbnailUrl":"https:\/\/www.librairiealkitab.fr\/wp-content\/uploads\/2025\/04\/19_4c72a399-e24b-41e1-9fad-1a56080f23d7.png","datePublished":"2025-04-13T07:00:57+00:00","dateModified":"2026-04-23T15:55:15+00:00","breadcrumb":{"@id":"https:\/\/www.librairiealkitab.fr\/boutique\/conseils-du-prophete-ibn-rajab\/#breadcrumb"},"inLanguage":"ar","potentialAction":[{"@type":"ReadAction","target":["https:\/\/www.librairiealkitab.fr\/boutique\/conseils-du-prophete-ibn-rajab\/"]}]},{"@type":"ImageObject","inLanguage":"ar","@id":"https:\/\/www.librairiealkitab.fr\/boutique\/conseils-du-prophete-ibn-rajab\/#primaryimage","url":"https:\/\/www.librairiealkitab.fr\/wp-content\/uploads\/2025\/04\/19_4c72a399-e24b-41e1-9fad-1a56080f23d7.png","contentUrl":"https:\/\/www.librairiealkitab.fr\/wp-content\/uploads\/2025\/04\/19_4c72a399-e24b-41e1-9fad-1a56080f23d7.png","width":1563,"height":1563},{"@type":"BreadcrumbList","@id":"https:\/\/www.librairiealkitab.fr\/boutique\/conseils-du-prophete-ibn-rajab\/#breadcrumb","itemListElement":[{"@type":"ListItem","position":1,"name":"Accueil","item":"https:\/\/www.librairiealkitab.fr\/"},{"@type":"ListItem","position":2,"name":"Shop","item":"https:\/\/www.librairiealkitab.fr\/shop\/"},{"@type":"ListItem","position":3,"name":"Conseils du Proph\u00e8te &#8211; Ibn Rajab &#8211; MuslimLife"}]},{"@type":"WebSite","@id":"https:\/\/www.librairiealkitab.fr\/#website","url":"https:\/\/www.librairiealkitab.fr\/","name":"Librairie Al Kitab | Livres islamiques en fran\u00e7ais et arabe \u2013 Coran, Hadith, apprentissage islamique en ligne","description":"Boutique en ligne musulmane","publisher":{"@id":"https:\/\/www.librairiealkitab.fr\/#organization"},"potentialAction":[{"@type":"SearchAction","target":{"@type":"EntryPoint","urlTemplate":"https:\/\/www.librairiealkitab.fr\/?s={search_term_string}"},"query-input":{"@type":"PropertyValueSpecification","valueRequired":true,"valueName":"search_term_string"}}],"inLanguage":"ar"},{"@type":"Organization","@id":"https:\/\/www.librairiealkitab.fr\/#organization","name":"Librairie Al Kitab | Livres islamiques en fran\u00e7ais et arabe \u2013 Coran, Hadith, apprentissage islamique en ligne","url":"https:\/\/www.librairiealkitab.fr\/","logo":{"@type":"ImageObject","inLanguage":"ar","@id":"https:\/\/www.librairiealkitab.fr\/#\/schema\/logo\/image\/","url":"https:\/\/www.librairiealkitab.fr\/wp-content\/uploads\/2025\/01\/Logo-Librairie-Al-Kitab-2.png","contentUrl":"https:\/\/www.librairiealkitab.fr\/wp-content\/uploads\/2025\/01\/Logo-Librairie-Al-Kitab-2.png","width":500,"height":500,"caption":"Librairie Al Kitab | Livres islamiques en fran\u00e7ais et arabe \u2013 Coran, Hadith, apprentissage islamique en ligne"},"image":{"@id":"https:\/\/www.librairiealkitab.fr\/#\/schema\/logo\/image\/"}}]}},"jetpack_sharing_enabled":true,"_links":{"self":[{"href":"https:\/\/www.librairiealkitab.fr\/ar\/wp-json\/wp\/v2\/product\/2780","targetHints":{"allow":["GET"]}}],"collection":[{"href":"https:\/\/www.librairiealkitab.fr\/ar\/wp-json\/wp\/v2\/product"}],"about":[{"href":"https:\/\/www.librairiealkitab.fr\/ar\/wp-json\/wp\/v2\/types\/product"}],"version-history":[{"count":1,"href":"https:\/\/www.librairiealkitab.fr\/ar\/wp-json\/wp\/v2\/product\/2780\/revisions"}],"predecessor-version":[{"id":10338,"href":"https:\/\/www.librairiealkitab.fr\/ar\/wp-json\/wp\/v2\/product\/2780\/revisions\/10338"}],"wp:featuredmedia":[{"embeddable":true,"href":"https:\/\/www.librairiealkitab.fr\/ar\/wp-json\/wp\/v2\/media\/5048"}],"wp:attachment":[{"href":"https:\/\/www.librairiealkitab.fr\/ar\/wp-json\/wp\/v2\/media?parent=2780"}],"wp:term":[{"taxonomy":"product_brand","embeddable":true,"href":"https:\/\/www.librairiealkitab.fr\/ar\/wp-json\/wp\/v2\/product_brand?post=2780"},{"taxonomy":"product_cat","embeddable":true,"href":"https:\/\/www.librairiealkitab.fr\/ar\/wp-json\/wp\/v2\/product_cat?post=2780"},{"taxonomy":"product_tag","embeddable":true,"href":"https:\/\/www.librairiealkitab.fr\/ar\/wp-json\/wp\/v2\/product_tag?post=2780"}],"curies":[{"name":"wp","href":"https:\/\/api.w.org\/{rel}","templated":true}]}}