{"id":3053,"date":"2025-04-13T09:06:22","date_gmt":"2025-04-13T07:06:22","guid":{"rendered":"https:\/\/librairiealkitab.fr\/produit\/la-femme-savante-a-lepoque-lepoque-du-prophete-amira-al-saidi\/"},"modified":"2026-02-12T14:21:19","modified_gmt":"2026-02-12T13:21:19","slug":"la-femme-savante-a-lepoque-lepoque-du-prophete-amira-al-saidi","status":"publish","type":"product","link":"https:\/\/www.librairiealkitab.fr\/ar\/boutique\/la-femme-savante-a-lepoque-lepoque-du-prophete-amira-al-saidi\/","title":{"rendered":"La femme savante \u00e0 l&#8217;\u00e9poque l&#8217;\u00e9poque du Proph\u00e8te &#8211; Am\u00eera Al-S\u00e2&#8217;id\u00ee &#8211; Al Hadith"},"content":{"rendered":"<p>Cet ouvrage met en lumi\u00e8re l\u2019importance et la grandeur du r\u00f4le des femmes dans l\u2019histoire de l\u2019Islam, loin de l&#8217;image r\u00e9ductrice parfois v\u00e9hicul\u00e9e par certaines perceptions contemporaines. En se concentrant sur les contributions exceptionnelles des femmes musulmanes d\u00e8s les premiers temps de l&#8217;Islam, l\u2019auteur d\u00e9montre que la femme en Islam n\u2019a jamais \u00e9t\u00e9 cantonn\u00e9e \u00e0 un r\u00f4le limit\u00e9 au foyer, mais a \u00e9t\u00e9 une source de savoir, d\u2019enseignement et d\u2019\u00e9rudition.<\/p>","protected":false},"excerpt":{"rendered":"<p>Cet ouvrage met en lumi\u00e8re l\u2019importance et la grandeur du r\u00f4le des femmes dans l\u2019histoire de l\u2019Islam, loin de l&#8217;image r\u00e9ductrice parfois v\u00e9hicul\u00e9e par certaines perceptions contemporaines. En se concentrant sur les contributions exceptionnelles des femmes musulmanes d\u00e8s les premiers temps de l&#8217;Islam, l\u2019auteur d\u00e9montre que la femme en Islam n\u2019a jamais \u00e9t\u00e9 cantonn\u00e9e \u00e0<\/p>\n<div class=\"klb-readmore button\"><a class=\"btn link\" href=\"https:\/\/www.librairiealkitab.fr\/ar\/boutique\/la-femme-savante-a-lepoque-lepoque-du-prophete-amira-al-saidi\/\">Read More <i class=\"klbth-icon-right-arrow\"><\/i><\/a><\/div>","protected":false},"featured_media":5562,"template":"","meta":[],"product_brand":[238],"product_cat":[276,298,127],"product_tag":[],"class_list":{"0":"post-3053","1":"product","2":"type-product","3":"status-publish","4":"has-post-thumbnail","6":"product_brand-al-hadith","7":"product_cat-femmes","8":"product_cat-par-auteur","9":"product_cat-noslivres","11":"first","12":"instock","13":"taxable","14":"shipping-taxable","15":"purchasable","16":"product-type-simple"},"yoast_head":"<!-- This site is optimized with the Yoast SEO Premium plugin v25.4 (Yoast SEO v27.0) - https:\/\/yoast.com\/product\/yoast-seo-premium-wordpress\/ -->\n<title>La femme savante \u00e0 l&#039;\u00e9poque l&#039;\u00e9poque du Proph\u00e8te - Am\u00eera Al-S\u00e2&#039;id\u00ee - Al Hadith - Librairie Al Kitab | Livres islamiques en fran\u00e7ais et arabe \u2013 Coran, Hadith, apprentissage islamique en ligne<\/title>\n<meta name=\"robots\" content=\"index, follow, max-snippet:-1, max-image-preview:large, max-video-preview:-1\" \/>\n<link rel=\"canonical\" href=\"https:\/\/www.darkcyan-seahorse-143625.hostingersite.com\/boutique\/la-femme-savante-a-lepoque-lepoque-du-prophete-amira-al-saidi\/\" \/>\n<meta property=\"og:locale\" content=\"ar_AR\" \/>\n<meta property=\"og:type\" content=\"article\" \/>\n<meta property=\"og:title\" content=\"La femme savante \u00e0 l&#039;\u00e9poque l&#039;\u00e9poque du Proph\u00e8te - Am\u00eera Al-S\u00e2&#039;id\u00ee - Al Hadith\" \/>\n<meta property=\"og:description\" content=\"Cet ouvrage met en lumi\u00e8re l\u2019importance et la grandeur du r\u00f4le des femmes dans l\u2019histoire de l\u2019Islam, loin de l&#8217;image r\u00e9ductrice parfois v\u00e9hicul\u00e9e par certaines perceptions contemporaines. En se concentrant sur les contributions exceptionnelles des femmes musulmanes d\u00e8s les premiers temps de l&#8217;Islam, l\u2019auteur d\u00e9montre que la femme en Islam n\u2019a jamais \u00e9t\u00e9 cantonn\u00e9e \u00e0Read More\" \/>\n<meta property=\"og:url\" content=\"https:\/\/www.darkcyan-seahorse-143625.hostingersite.com\/boutique\/la-femme-savante-a-lepoque-lepoque-du-prophete-amira-al-saidi\/\" \/>\n<meta property=\"og:site_name\" content=\"Librairie Al Kitab | Livres islamiques en fran\u00e7ais et arabe \u2013 Coran, Hadith, apprentissage islamique en ligne\" \/>\n<meta property=\"article:modified_time\" content=\"2026-02-12T13:21:19+00:00\" \/>\n<meta property=\"og:image\" content=\"https:\/\/www.darkcyan-seahorse-143625.hostingersite.com\/wp-content\/uploads\/2025\/04\/27_4c57d68a-ab8b-40e6-b427-a2c55f948892.png\" \/>\n\t<meta property=\"og:image:width\" content=\"1563\" \/>\n\t<meta property=\"og:image:height\" content=\"1563\" \/>\n\t<meta property=\"og:image:type\" content=\"image\/png\" \/>\n<meta name=\"twitter:card\" content=\"summary_large_image\" \/>\n<meta name=\"twitter:label1\" content=\"\u0648\u0642\u062a \u0627\u0644\u0642\u0631\u0627\u0621\u0629 \u0627\u0644\u0645\u064f\u0642\u062f\u0651\u0631\" \/>\n\t<meta name=\"twitter:data1\" content=\"\u062f\u0642\u064a\u0642\u0629 \u0648\u0627\u062d\u062f\u0629\" \/>\n<script type=\"application\/ld+json\" class=\"yoast-schema-graph\">{\"@context\":\"https:\/\/schema.org\",\"@graph\":[{\"@type\":\"WebPage\",\"@id\":\"https:\/\/www.darkcyan-seahorse-143625.hostingersite.com\/boutique\/la-femme-savante-a-lepoque-lepoque-du-prophete-amira-al-saidi\/\",\"url\":\"https:\/\/www.darkcyan-seahorse-143625.hostingersite.com\/boutique\/la-femme-savante-a-lepoque-lepoque-du-prophete-amira-al-saidi\/\",\"name\":\"La femme savante \u00e0 l'\u00e9poque l'\u00e9poque du Proph\u00e8te - Am\u00eera Al-S\u00e2'id\u00ee - Al Hadith - Librairie Al Kitab | Livres islamiques en fran\u00e7ais et arabe \u2013 Coran, Hadith, apprentissage islamique en ligne\",\"isPartOf\":{\"@id\":\"https:\/\/www.librairiealkitab.fr\/#website\"},\"primaryImageOfPage\":{\"@id\":\"https:\/\/www.darkcyan-seahorse-143625.hostingersite.com\/boutique\/la-femme-savante-a-lepoque-lepoque-du-prophete-amira-al-saidi\/#primaryimage\"},\"image\":{\"@id\":\"https:\/\/www.darkcyan-seahorse-143625.hostingersite.com\/boutique\/la-femme-savante-a-lepoque-lepoque-du-prophete-amira-al-saidi\/#primaryimage\"},\"thumbnailUrl\":\"https:\/\/www.librairiealkitab.fr\/wp-content\/uploads\/2025\/04\/27_4c57d68a-ab8b-40e6-b427-a2c55f948892.png\",\"datePublished\":\"2025-04-13T07:06:22+00:00\",\"dateModified\":\"2026-02-12T13:21:19+00:00\",\"breadcrumb\":{\"@id\":\"https:\/\/www.darkcyan-seahorse-143625.hostingersite.com\/boutique\/la-femme-savante-a-lepoque-lepoque-du-prophete-amira-al-saidi\/#breadcrumb\"},\"inLanguage\":\"ar\",\"potentialAction\":[{\"@type\":\"ReadAction\",\"target\":[\"https:\/\/www.darkcyan-seahorse-143625.hostingersite.com\/boutique\/la-femme-savante-a-lepoque-lepoque-du-prophete-amira-al-saidi\/\"]}]},{\"@type\":\"ImageObject\",\"inLanguage\":\"ar\",\"@id\":\"https:\/\/www.darkcyan-seahorse-143625.hostingersite.com\/boutique\/la-femme-savante-a-lepoque-lepoque-du-prophete-amira-al-saidi\/#primaryimage\",\"url\":\"https:\/\/www.librairiealkitab.fr\/wp-content\/uploads\/2025\/04\/27_4c57d68a-ab8b-40e6-b427-a2c55f948892.png\",\"contentUrl\":\"https:\/\/www.librairiealkitab.fr\/wp-content\/uploads\/2025\/04\/27_4c57d68a-ab8b-40e6-b427-a2c55f948892.png\",\"width\":1563,\"height\":1563},{\"@type\":\"BreadcrumbList\",\"@id\":\"https:\/\/www.darkcyan-seahorse-143625.hostingersite.com\/boutique\/la-femme-savante-a-lepoque-lepoque-du-prophete-amira-al-saidi\/#breadcrumb\",\"itemListElement\":[{\"@type\":\"ListItem\",\"position\":1,\"name\":\"Accueil\",\"item\":\"https:\/\/www.librairiealkitab.fr\/\"},{\"@type\":\"ListItem\",\"position\":2,\"name\":\"Shop\",\"item\":\"https:\/\/www.librairiealkitab.fr\/shop\/\"},{\"@type\":\"ListItem\",\"position\":3,\"name\":\"La femme savante \u00e0 l&#8217;\u00e9poque l&#8217;\u00e9poque du Proph\u00e8te &#8211; Am\u00eera Al-S\u00e2&#8217;id\u00ee &#8211; Al Hadith\"}]},{\"@type\":\"WebSite\",\"@id\":\"https:\/\/www.librairiealkitab.fr\/#website\",\"url\":\"https:\/\/www.librairiealkitab.fr\/\",\"name\":\"Librairie Al Kitab | Livres islamiques en fran\u00e7ais et arabe \u2013 Coran, Hadith, apprentissage islamique en ligne\",\"description\":\"Boutique en ligne musulmane\",\"publisher\":{\"@id\":\"https:\/\/www.librairiealkitab.fr\/#organization\"},\"potentialAction\":[{\"@type\":\"SearchAction\",\"target\":{\"@type\":\"EntryPoint\",\"urlTemplate\":\"https:\/\/www.librairiealkitab.fr\/?s={search_term_string}\"},\"query-input\":{\"@type\":\"PropertyValueSpecification\",\"valueRequired\":true,\"valueName\":\"search_term_string\"}}],\"inLanguage\":\"ar\"},{\"@type\":\"Organization\",\"@id\":\"https:\/\/www.librairiealkitab.fr\/#organization\",\"name\":\"Librairie Al Kitab | Livres islamiques en fran\u00e7ais et arabe \u2013 Coran, Hadith, apprentissage islamique en ligne\",\"url\":\"https:\/\/www.librairiealkitab.fr\/\",\"logo\":{\"@type\":\"ImageObject\",\"inLanguage\":\"ar\",\"@id\":\"https:\/\/www.librairiealkitab.fr\/#\/schema\/logo\/image\/\",\"url\":\"https:\/\/www.librairiealkitab.fr\/wp-content\/uploads\/2025\/01\/Logo-Librairie-Al-Kitab-2.png\",\"contentUrl\":\"https:\/\/www.librairiealkitab.fr\/wp-content\/uploads\/2025\/01\/Logo-Librairie-Al-Kitab-2.png\",\"width\":500,\"height\":500,\"caption\":\"Librairie Al Kitab | Livres islamiques en fran\u00e7ais et arabe \u2013 Coran, Hadith, apprentissage islamique en ligne\"},\"image\":{\"@id\":\"https:\/\/www.librairiealkitab.fr\/#\/schema\/logo\/image\/\"}}]}<\/script>\n<!-- \/ Yoast SEO Premium plugin. -->","yoast_head_json":{"title":"La femme savante \u00e0 l'\u00e9poque l'\u00e9poque du Proph\u00e8te - Am\u00eera Al-S\u00e2'id\u00ee - Al Hadith - Librairie Al Kitab | Livres islamiques en fran\u00e7ais et arabe \u2013 Coran, Hadith, apprentissage islamique en ligne","robots":{"index":"index","follow":"follow","max-snippet":"max-snippet:-1","max-image-preview":"max-image-preview:large","max-video-preview":"max-video-preview:-1"},"canonical":"https:\/\/www.darkcyan-seahorse-143625.hostingersite.com\/boutique\/la-femme-savante-a-lepoque-lepoque-du-prophete-amira-al-saidi\/","og_locale":"ar_AR","og_type":"article","og_title":"La femme savante \u00e0 l'\u00e9poque l'\u00e9poque du Proph\u00e8te - Am\u00eera Al-S\u00e2'id\u00ee - Al Hadith","og_description":"Cet ouvrage met en lumi\u00e8re l\u2019importance et la grandeur du r\u00f4le des femmes dans l\u2019histoire de l\u2019Islam, loin de l&#8217;image r\u00e9ductrice parfois v\u00e9hicul\u00e9e par certaines perceptions contemporaines. En se concentrant sur les contributions exceptionnelles des femmes musulmanes d\u00e8s les premiers temps de l&#8217;Islam, l\u2019auteur d\u00e9montre que la femme en Islam n\u2019a jamais \u00e9t\u00e9 cantonn\u00e9e \u00e0Read More","og_url":"https:\/\/www.darkcyan-seahorse-143625.hostingersite.com\/boutique\/la-femme-savante-a-lepoque-lepoque-du-prophete-amira-al-saidi\/","og_site_name":"Librairie Al Kitab | Livres islamiques en fran\u00e7ais et arabe \u2013 Coran, Hadith, apprentissage islamique en ligne","article_modified_time":"2026-02-12T13:21:19+00:00","og_image":[{"width":1563,"height":1563,"url":"https:\/\/www.darkcyan-seahorse-143625.hostingersite.com\/wp-content\/uploads\/2025\/04\/27_4c57d68a-ab8b-40e6-b427-a2c55f948892.png","type":"image\/png"}],"twitter_card":"summary_large_image","twitter_misc":{"\u0648\u0642\u062a \u0627\u0644\u0642\u0631\u0627\u0621\u0629 \u0627\u0644\u0645\u064f\u0642\u062f\u0651\u0631":"\u062f\u0642\u064a\u0642\u0629 \u0648\u0627\u062d\u062f\u0629"},"schema":{"@context":"https:\/\/schema.org","@graph":[{"@type":"WebPage","@id":"https:\/\/www.darkcyan-seahorse-143625.hostingersite.com\/boutique\/la-femme-savante-a-lepoque-lepoque-du-prophete-amira-al-saidi\/","url":"https:\/\/www.darkcyan-seahorse-143625.hostingersite.com\/boutique\/la-femme-savante-a-lepoque-lepoque-du-prophete-amira-al-saidi\/","name":"La femme savante \u00e0 l'\u00e9poque l'\u00e9poque du Proph\u00e8te - Am\u00eera Al-S\u00e2'id\u00ee - Al Hadith - Librairie Al Kitab | Livres islamiques en fran\u00e7ais et arabe \u2013 Coran, Hadith, apprentissage islamique en ligne","isPartOf":{"@id":"https:\/\/www.librairiealkitab.fr\/#website"},"primaryImageOfPage":{"@id":"https:\/\/www.darkcyan-seahorse-143625.hostingersite.com\/boutique\/la-femme-savante-a-lepoque-lepoque-du-prophete-amira-al-saidi\/#primaryimage"},"image":{"@id":"https:\/\/www.darkcyan-seahorse-143625.hostingersite.com\/boutique\/la-femme-savante-a-lepoque-lepoque-du-prophete-amira-al-saidi\/#primaryimage"},"thumbnailUrl":"https:\/\/www.librairiealkitab.fr\/wp-content\/uploads\/2025\/04\/27_4c57d68a-ab8b-40e6-b427-a2c55f948892.png","datePublished":"2025-04-13T07:06:22+00:00","dateModified":"2026-02-12T13:21:19+00:00","breadcrumb":{"@id":"https:\/\/www.darkcyan-seahorse-143625.hostingersite.com\/boutique\/la-femme-savante-a-lepoque-lepoque-du-prophete-amira-al-saidi\/#breadcrumb"},"inLanguage":"ar","potentialAction":[{"@type":"ReadAction","target":["https:\/\/www.darkcyan-seahorse-143625.hostingersite.com\/boutique\/la-femme-savante-a-lepoque-lepoque-du-prophete-amira-al-saidi\/"]}]},{"@type":"ImageObject","inLanguage":"ar","@id":"https:\/\/www.darkcyan-seahorse-143625.hostingersite.com\/boutique\/la-femme-savante-a-lepoque-lepoque-du-prophete-amira-al-saidi\/#primaryimage","url":"https:\/\/www.librairiealkitab.fr\/wp-content\/uploads\/2025\/04\/27_4c57d68a-ab8b-40e6-b427-a2c55f948892.png","contentUrl":"https:\/\/www.librairiealkitab.fr\/wp-content\/uploads\/2025\/04\/27_4c57d68a-ab8b-40e6-b427-a2c55f948892.png","width":1563,"height":1563},{"@type":"BreadcrumbList","@id":"https:\/\/www.darkcyan-seahorse-143625.hostingersite.com\/boutique\/la-femme-savante-a-lepoque-lepoque-du-prophete-amira-al-saidi\/#breadcrumb","itemListElement":[{"@type":"ListItem","position":1,"name":"Accueil","item":"https:\/\/www.librairiealkitab.fr\/"},{"@type":"ListItem","position":2,"name":"Shop","item":"https:\/\/www.librairiealkitab.fr\/shop\/"},{"@type":"ListItem","position":3,"name":"La femme savante \u00e0 l&#8217;\u00e9poque l&#8217;\u00e9poque du Proph\u00e8te &#8211; Am\u00eera Al-S\u00e2&#8217;id\u00ee &#8211; Al Hadith"}]},{"@type":"WebSite","@id":"https:\/\/www.librairiealkitab.fr\/#website","url":"https:\/\/www.librairiealkitab.fr\/","name":"Librairie Al Kitab | Livres islamiques en fran\u00e7ais et arabe \u2013 Coran, Hadith, apprentissage islamique en ligne","description":"Boutique en ligne musulmane","publisher":{"@id":"https:\/\/www.librairiealkitab.fr\/#organization"},"potentialAction":[{"@type":"SearchAction","target":{"@type":"EntryPoint","urlTemplate":"https:\/\/www.librairiealkitab.fr\/?s={search_term_string}"},"query-input":{"@type":"PropertyValueSpecification","valueRequired":true,"valueName":"search_term_string"}}],"inLanguage":"ar"},{"@type":"Organization","@id":"https:\/\/www.librairiealkitab.fr\/#organization","name":"Librairie Al Kitab | Livres islamiques en fran\u00e7ais et arabe \u2013 Coran, Hadith, apprentissage islamique en ligne","url":"https:\/\/www.librairiealkitab.fr\/","logo":{"@type":"ImageObject","inLanguage":"ar","@id":"https:\/\/www.librairiealkitab.fr\/#\/schema\/logo\/image\/","url":"https:\/\/www.librairiealkitab.fr\/wp-content\/uploads\/2025\/01\/Logo-Librairie-Al-Kitab-2.png","contentUrl":"https:\/\/www.librairiealkitab.fr\/wp-content\/uploads\/2025\/01\/Logo-Librairie-Al-Kitab-2.png","width":500,"height":500,"caption":"Librairie Al Kitab | Livres islamiques en fran\u00e7ais et arabe \u2013 Coran, Hadith, apprentissage islamique en ligne"},"image":{"@id":"https:\/\/www.librairiealkitab.fr\/#\/schema\/logo\/image\/"}}]}},"jetpack_sharing_enabled":true,"_links":{"self":[{"href":"https:\/\/www.librairiealkitab.fr\/ar\/wp-json\/wp\/v2\/product\/3053","targetHints":{"allow":["GET"]}}],"collection":[{"href":"https:\/\/www.librairiealkitab.fr\/ar\/wp-json\/wp\/v2\/product"}],"about":[{"href":"https:\/\/www.librairiealkitab.fr\/ar\/wp-json\/wp\/v2\/types\/product"}],"version-history":[{"count":2,"href":"https:\/\/www.librairiealkitab.fr\/ar\/wp-json\/wp\/v2\/product\/3053\/revisions"}],"predecessor-version":[{"id":14542,"href":"https:\/\/www.librairiealkitab.fr\/ar\/wp-json\/wp\/v2\/product\/3053\/revisions\/14542"}],"wp:featuredmedia":[{"embeddable":true,"href":"https:\/\/www.librairiealkitab.fr\/ar\/wp-json\/wp\/v2\/media\/5562"}],"wp:attachment":[{"href":"https:\/\/www.librairiealkitab.fr\/ar\/wp-json\/wp\/v2\/media?parent=3053"}],"wp:term":[{"taxonomy":"product_brand","embeddable":true,"href":"https:\/\/www.librairiealkitab.fr\/ar\/wp-json\/wp\/v2\/product_brand?post=3053"},{"taxonomy":"product_cat","embeddable":true,"href":"https:\/\/www.librairiealkitab.fr\/ar\/wp-json\/wp\/v2\/product_cat?post=3053"},{"taxonomy":"product_tag","embeddable":true,"href":"https:\/\/www.librairiealkitab.fr\/ar\/wp-json\/wp\/v2\/product_tag?post=3053"}],"curies":[{"name":"wp","href":"https:\/\/api.w.org\/{rel}","templated":true}]}}