{"id":3134,"date":"2025-04-13T09:08:11","date_gmt":"2025-04-13T07:08:11","guid":{"rendered":"https:\/\/librairiealkitab.fr\/produit\/la-vie-du-prophete-2eme-edition-mohamed-ibn-abdelwahab-al-bayyinah\/"},"modified":"2025-07-31T18:29:45","modified_gmt":"2025-07-31T16:29:45","slug":"la-vie-du-prophete-2eme-edition-mohamed-ibn-abdelwahab-al-bayyinah","status":"publish","type":"product","link":"https:\/\/www.librairiealkitab.fr\/ar\/boutique\/la-vie-du-prophete-2eme-edition-mohamed-ibn-abdelwahab-al-bayyinah\/","title":{"rendered":"La vie du Proph\u00e8te &#8211; 2\u00e8me \u00e9dition &#8211; Mohamed Ibn Abdelwahab &#8211; Al Bayyinah"},"content":{"rendered":"<p>Cet ouvrage <strong>&#8220;La vie du Proph\u00e8te&#8221;<\/strong> de Mohamed Ibn Abdel Wahhab, publi\u00e9 par Al Bayyinah, repr\u00e9sente une contribution importante \u00e0 la compr\u00e9hension de la vie et de la mission de <strong>Muhammad \ufdfa<\/strong>. Loin d\u2019\u00eatre une simple biographie, ce livre s&#8217;enrichit d&#8217;une perspective spirituelle, th\u00e9ologique et sociale qui permet au lecteur de saisir toute la profondeur de l&#8217;impact de la mission proph\u00e9tique, et de ses enseignements sur la soci\u00e9t\u00e9 arabe de l&#8217;\u00e9poque, et au-del\u00e0, sur l&#8217;histoire de la civilisation islamique.<\/p>\n<p>En mettant l\u2019accent sur <strong>le tawhid<\/strong> (unicit\u00e9 de Dieu), cet ouvrage met en lumi\u00e8re l&#8217;importance centrale de l&#8217;unit\u00e9 divine dans le message du Proph\u00e8te. Cela permet aux lecteurs de comprendre comment, \u00e0 travers l&#8217;affirmation d&#8217;un seul Dieu, l&#8217;Islam a radicalement transform\u00e9 la soci\u00e9t\u00e9 pr\u00e9-islamique, fond\u00e9e sur des pratiques polyth\u00e9istes, en une communaut\u00e9 unie par la foi, la justice et la solidarit\u00e9.<\/p>\n<p>Ibn Abdel Wahhab utilise les travaux d&#8217;<strong>Ibn Hish\u00e2m<\/strong> pour offrir une narration qui est \u00e0 la fois historique et analytique. Il explore les \u00e9v\u00e9nements marquants de la vie du Proph\u00e8te \ufdfa, tout en enrichissant le r\u00e9cit d&#8217;une analyse th\u00e9ologique sur l&#8217;impact de chaque moment de la vie du Messager sur la construction de l\u2019Islam. Le texte ne se contente pas de rapporter des \u00e9v\u00e9nements pass\u00e9s, mais incite \u00e9galement le lecteur \u00e0 r\u00e9fl\u00e9chir sur les enseignements intemporels qu\u2019ils comportent, et sur la mani\u00e8re dont ils peuvent \u00eatre appliqu\u00e9s dans le monde contemporain.<\/p>\n<p>En int\u00e9grant des <strong>r\u00e9f\u00e9rences coraniques<\/strong> et des <strong>hadiths authentiques<\/strong>, l&#8217;ouvrage reste profond\u00e9ment ancr\u00e9 dans les sources primaires de l&#8217;Islam. Cela offre une lecture qui est \u00e0 la fois \u00e9rudite et accessible \u00e0 tous ceux qui cherchent \u00e0 approfondir leur compr\u00e9hension des principes et de la pratique du Proph\u00e8te \ufdfa. Il devient ainsi une ressource pr\u00e9cieuse non seulement pour les chercheurs, mais aussi pour les jeunes musulmans qui souhaitent mieux comprendre leur foi et s&#8217;inspirer du mod\u00e8le proph\u00e9tique.<\/p>\n<p>Cet ouvrage est donc une lecture incontournable pour toute personne d\u00e9sireuse d&#8217;approfondir sa compr\u00e9hension de la <strong>s\u00eera<\/strong> (biographie) du Proph\u00e8te Muhammad \ufdfa. Il offre des cl\u00e9s pour saisir comment son exemple continue de guider les musulmans dans leurs vies spirituelles et pratiques, en soulignant les d\u00e9fis et les le\u00e7ons qu&#8217;ils peuvent tirer pour affronter les r\u00e9alit\u00e9s modernes. Il invite \u00e0 revenir aux sources de la foi et \u00e0 appliquer l&#8217;exemple du Proph\u00e8te \ufdfa pour construire une soci\u00e9t\u00e9 juste, solidaire et fond\u00e9e sur la foi en Allah.<\/p>","protected":false},"excerpt":{"rendered":"<p>Cet ouvrage &#8220;La vie du Proph\u00e8te&#8221; de Mohamed Ibn Abdel Wahhab, publi\u00e9 par Al Bayyinah, repr\u00e9sente une contribution importante \u00e0 la compr\u00e9hension de la vie et de la mission de Muhammad \ufdfa. Loin d\u2019\u00eatre une simple biographie, ce livre s&#8217;enrichit d&#8217;une perspective spirituelle, th\u00e9ologique et sociale qui permet au lecteur de saisir toute la profondeur<\/p>\n<div class=\"klb-readmore button\"><a class=\"btn link\" href=\"https:\/\/www.librairiealkitab.fr\/ar\/boutique\/la-vie-du-prophete-2eme-edition-mohamed-ibn-abdelwahab-al-bayyinah\/\">Read More <i class=\"klbth-icon-right-arrow\"><\/i><\/a><\/div>","protected":false},"featured_media":5829,"template":"","meta":[],"product_brand":[232],"product_cat":[127,311,269],"product_tag":[],"class_list":{"0":"post-3134","1":"product","2":"type-product","3":"status-publish","4":"has-post-thumbnail","6":"product_brand-al-bayyinah","7":"product_cat-noslivres","8":"product_cat-ibn-abdel-wahhab","9":"product_cat-muhammad-","11":"first","12":"instock","13":"taxable","14":"shipping-taxable","15":"purchasable","16":"product-type-simple"},"yoast_head":"<!-- This site is optimized with the Yoast SEO Premium plugin v25.4 (Yoast SEO v27.4) - https:\/\/yoast.com\/product\/yoast-seo-premium-wordpress\/ -->\n<title>La vie du Proph\u00e8te - 2\u00e8me \u00e9dition - Mohamed Ibn Abdelwahab - Al Bayyinah - Librairie Al Kitab | Livres islamiques en fran\u00e7ais et arabe \u2013 Coran, Hadith, apprentissage islamique en ligne<\/title>\n<meta name=\"robots\" content=\"index, follow, max-snippet:-1, max-image-preview:large, max-video-preview:-1\" \/>\n<link rel=\"canonical\" href=\"https:\/\/www.librairiealkitab.fr\/ar\/boutique\/la-vie-du-prophete-2eme-edition-mohamed-ibn-abdelwahab-al-bayyinah\/\" \/>\n<meta property=\"og:locale\" content=\"ar_AR\" \/>\n<meta property=\"og:type\" content=\"article\" \/>\n<meta property=\"og:title\" content=\"La vie du Proph\u00e8te - 2\u00e8me \u00e9dition - Mohamed Ibn Abdelwahab - Al Bayyinah\" \/>\n<meta property=\"og:description\" content=\"Cet ouvrage &#8220;La vie du Proph\u00e8te&#8221; de Mohamed Ibn Abdel Wahhab, publi\u00e9 par Al Bayyinah, repr\u00e9sente une contribution importante \u00e0 la compr\u00e9hension de la vie et de la mission de Muhammad \ufdfa. Loin d\u2019\u00eatre une simple biographie, ce livre s&#8217;enrichit d&#8217;une perspective spirituelle, th\u00e9ologique et sociale qui permet au lecteur de saisir toute la profondeurRead More\" \/>\n<meta property=\"og:url\" content=\"https:\/\/www.librairiealkitab.fr\/ar\/boutique\/la-vie-du-prophete-2eme-edition-mohamed-ibn-abdelwahab-al-bayyinah\/\" \/>\n<meta property=\"og:site_name\" content=\"Librairie Al Kitab | Livres islamiques en fran\u00e7ais et arabe \u2013 Coran, Hadith, apprentissage islamique en ligne\" \/>\n<meta property=\"article:modified_time\" content=\"2025-07-31T16:29:45+00:00\" \/>\n<meta property=\"og:image\" content=\"https:\/\/www.librairiealkitab.fr\/wp-content\/uploads\/2025\/04\/50_fc2aae37-e8e4-4bc1-884b-def791842238.png\" \/>\n\t<meta property=\"og:image:width\" content=\"1563\" \/>\n\t<meta property=\"og:image:height\" content=\"1563\" \/>\n\t<meta property=\"og:image:type\" content=\"image\/png\" \/>\n<meta name=\"twitter:card\" content=\"summary_large_image\" \/>\n<meta name=\"twitter:label1\" content=\"\u0648\u0642\u062a \u0627\u0644\u0642\u0631\u0627\u0621\u0629 \u0627\u0644\u0645\u064f\u0642\u062f\u0651\u0631\" \/>\n\t<meta name=\"twitter:data1\" content=\"\u062f\u0642\u064a\u0642\u062a\u0627\u0646\" \/>\n<script type=\"application\/ld+json\" class=\"yoast-schema-graph\">{\"@context\":\"https:\\\/\\\/schema.org\",\"@graph\":[{\"@type\":\"WebPage\",\"@id\":\"https:\\\/\\\/www.librairiealkitab.fr\\\/boutique\\\/la-vie-du-prophete-2eme-edition-mohamed-ibn-abdelwahab-al-bayyinah\\\/\",\"url\":\"https:\\\/\\\/www.librairiealkitab.fr\\\/boutique\\\/la-vie-du-prophete-2eme-edition-mohamed-ibn-abdelwahab-al-bayyinah\\\/\",\"name\":\"La vie du Proph\u00e8te - 2\u00e8me \u00e9dition - Mohamed Ibn Abdelwahab - Al Bayyinah - Librairie Al Kitab | Livres islamiques en fran\u00e7ais et arabe \u2013 Coran, Hadith, apprentissage islamique en ligne\",\"isPartOf\":{\"@id\":\"https:\\\/\\\/www.librairiealkitab.fr\\\/#website\"},\"primaryImageOfPage\":{\"@id\":\"https:\\\/\\\/www.librairiealkitab.fr\\\/boutique\\\/la-vie-du-prophete-2eme-edition-mohamed-ibn-abdelwahab-al-bayyinah\\\/#primaryimage\"},\"image\":{\"@id\":\"https:\\\/\\\/www.librairiealkitab.fr\\\/boutique\\\/la-vie-du-prophete-2eme-edition-mohamed-ibn-abdelwahab-al-bayyinah\\\/#primaryimage\"},\"thumbnailUrl\":\"https:\\\/\\\/www.librairiealkitab.fr\\\/wp-content\\\/uploads\\\/2025\\\/04\\\/50_fc2aae37-e8e4-4bc1-884b-def791842238.png\",\"datePublished\":\"2025-04-13T07:08:11+00:00\",\"dateModified\":\"2025-07-31T16:29:45+00:00\",\"breadcrumb\":{\"@id\":\"https:\\\/\\\/www.librairiealkitab.fr\\\/boutique\\\/la-vie-du-prophete-2eme-edition-mohamed-ibn-abdelwahab-al-bayyinah\\\/#breadcrumb\"},\"inLanguage\":\"ar\",\"potentialAction\":[{\"@type\":\"ReadAction\",\"target\":[\"https:\\\/\\\/www.librairiealkitab.fr\\\/boutique\\\/la-vie-du-prophete-2eme-edition-mohamed-ibn-abdelwahab-al-bayyinah\\\/\"]}]},{\"@type\":\"ImageObject\",\"inLanguage\":\"ar\",\"@id\":\"https:\\\/\\\/www.librairiealkitab.fr\\\/boutique\\\/la-vie-du-prophete-2eme-edition-mohamed-ibn-abdelwahab-al-bayyinah\\\/#primaryimage\",\"url\":\"https:\\\/\\\/www.librairiealkitab.fr\\\/wp-content\\\/uploads\\\/2025\\\/04\\\/50_fc2aae37-e8e4-4bc1-884b-def791842238.png\",\"contentUrl\":\"https:\\\/\\\/www.librairiealkitab.fr\\\/wp-content\\\/uploads\\\/2025\\\/04\\\/50_fc2aae37-e8e4-4bc1-884b-def791842238.png\",\"width\":1563,\"height\":1563},{\"@type\":\"BreadcrumbList\",\"@id\":\"https:\\\/\\\/www.librairiealkitab.fr\\\/boutique\\\/la-vie-du-prophete-2eme-edition-mohamed-ibn-abdelwahab-al-bayyinah\\\/#breadcrumb\",\"itemListElement\":[{\"@type\":\"ListItem\",\"position\":1,\"name\":\"Accueil\",\"item\":\"https:\\\/\\\/www.librairiealkitab.fr\\\/\"},{\"@type\":\"ListItem\",\"position\":2,\"name\":\"Shop\",\"item\":\"https:\\\/\\\/www.librairiealkitab.fr\\\/shop\\\/\"},{\"@type\":\"ListItem\",\"position\":3,\"name\":\"La vie du Proph\u00e8te &#8211; 2\u00e8me \u00e9dition &#8211; Mohamed Ibn Abdelwahab &#8211; Al Bayyinah\"}]},{\"@type\":\"WebSite\",\"@id\":\"https:\\\/\\\/www.librairiealkitab.fr\\\/#website\",\"url\":\"https:\\\/\\\/www.librairiealkitab.fr\\\/\",\"name\":\"Librairie Al Kitab | Livres islamiques en fran\u00e7ais et arabe \u2013 Coran, Hadith, apprentissage islamique en ligne\",\"description\":\"Boutique en ligne musulmane\",\"publisher\":{\"@id\":\"https:\\\/\\\/www.librairiealkitab.fr\\\/#organization\"},\"potentialAction\":[{\"@type\":\"SearchAction\",\"target\":{\"@type\":\"EntryPoint\",\"urlTemplate\":\"https:\\\/\\\/www.librairiealkitab.fr\\\/?s={search_term_string}\"},\"query-input\":{\"@type\":\"PropertyValueSpecification\",\"valueRequired\":true,\"valueName\":\"search_term_string\"}}],\"inLanguage\":\"ar\"},{\"@type\":\"Organization\",\"@id\":\"https:\\\/\\\/www.librairiealkitab.fr\\\/#organization\",\"name\":\"Librairie Al Kitab | Livres islamiques en fran\u00e7ais et arabe \u2013 Coran, Hadith, apprentissage islamique en ligne\",\"url\":\"https:\\\/\\\/www.librairiealkitab.fr\\\/\",\"logo\":{\"@type\":\"ImageObject\",\"inLanguage\":\"ar\",\"@id\":\"https:\\\/\\\/www.librairiealkitab.fr\\\/#\\\/schema\\\/logo\\\/image\\\/\",\"url\":\"https:\\\/\\\/www.librairiealkitab.fr\\\/wp-content\\\/uploads\\\/2025\\\/01\\\/Logo-Librairie-Al-Kitab-2.png\",\"contentUrl\":\"https:\\\/\\\/www.librairiealkitab.fr\\\/wp-content\\\/uploads\\\/2025\\\/01\\\/Logo-Librairie-Al-Kitab-2.png\",\"width\":500,\"height\":500,\"caption\":\"Librairie Al Kitab | Livres islamiques en fran\u00e7ais et arabe \u2013 Coran, Hadith, apprentissage islamique en ligne\"},\"image\":{\"@id\":\"https:\\\/\\\/www.librairiealkitab.fr\\\/#\\\/schema\\\/logo\\\/image\\\/\"}}]}<\/script>\n<!-- \/ Yoast SEO Premium plugin. -->","yoast_head_json":{"title":"La vie du Proph\u00e8te - 2\u00e8me \u00e9dition - Mohamed Ibn Abdelwahab - Al Bayyinah - Librairie Al Kitab | Livres islamiques en fran\u00e7ais et arabe \u2013 Coran, Hadith, apprentissage islamique en ligne","robots":{"index":"index","follow":"follow","max-snippet":"max-snippet:-1","max-image-preview":"max-image-preview:large","max-video-preview":"max-video-preview:-1"},"canonical":"https:\/\/www.librairiealkitab.fr\/ar\/boutique\/la-vie-du-prophete-2eme-edition-mohamed-ibn-abdelwahab-al-bayyinah\/","og_locale":"ar_AR","og_type":"article","og_title":"La vie du Proph\u00e8te - 2\u00e8me \u00e9dition - Mohamed Ibn Abdelwahab - Al Bayyinah","og_description":"Cet ouvrage &#8220;La vie du Proph\u00e8te&#8221; de Mohamed Ibn Abdel Wahhab, publi\u00e9 par Al Bayyinah, repr\u00e9sente une contribution importante \u00e0 la compr\u00e9hension de la vie et de la mission de Muhammad \ufdfa. Loin d\u2019\u00eatre une simple biographie, ce livre s&#8217;enrichit d&#8217;une perspective spirituelle, th\u00e9ologique et sociale qui permet au lecteur de saisir toute la profondeurRead More","og_url":"https:\/\/www.librairiealkitab.fr\/ar\/boutique\/la-vie-du-prophete-2eme-edition-mohamed-ibn-abdelwahab-al-bayyinah\/","og_site_name":"Librairie Al Kitab | Livres islamiques en fran\u00e7ais et arabe \u2013 Coran, Hadith, apprentissage islamique en ligne","article_modified_time":"2025-07-31T16:29:45+00:00","og_image":[{"width":1563,"height":1563,"url":"https:\/\/www.librairiealkitab.fr\/wp-content\/uploads\/2025\/04\/50_fc2aae37-e8e4-4bc1-884b-def791842238.png","type":"image\/png"}],"twitter_card":"summary_large_image","twitter_misc":{"\u0648\u0642\u062a \u0627\u0644\u0642\u0631\u0627\u0621\u0629 \u0627\u0644\u0645\u064f\u0642\u062f\u0651\u0631":"\u062f\u0642\u064a\u0642\u062a\u0627\u0646"},"schema":{"@context":"https:\/\/schema.org","@graph":[{"@type":"WebPage","@id":"https:\/\/www.librairiealkitab.fr\/boutique\/la-vie-du-prophete-2eme-edition-mohamed-ibn-abdelwahab-al-bayyinah\/","url":"https:\/\/www.librairiealkitab.fr\/boutique\/la-vie-du-prophete-2eme-edition-mohamed-ibn-abdelwahab-al-bayyinah\/","name":"La vie du Proph\u00e8te - 2\u00e8me \u00e9dition - Mohamed Ibn Abdelwahab - Al Bayyinah - Librairie Al Kitab | Livres islamiques en fran\u00e7ais et arabe \u2013 Coran, Hadith, apprentissage islamique en ligne","isPartOf":{"@id":"https:\/\/www.librairiealkitab.fr\/#website"},"primaryImageOfPage":{"@id":"https:\/\/www.librairiealkitab.fr\/boutique\/la-vie-du-prophete-2eme-edition-mohamed-ibn-abdelwahab-al-bayyinah\/#primaryimage"},"image":{"@id":"https:\/\/www.librairiealkitab.fr\/boutique\/la-vie-du-prophete-2eme-edition-mohamed-ibn-abdelwahab-al-bayyinah\/#primaryimage"},"thumbnailUrl":"https:\/\/www.librairiealkitab.fr\/wp-content\/uploads\/2025\/04\/50_fc2aae37-e8e4-4bc1-884b-def791842238.png","datePublished":"2025-04-13T07:08:11+00:00","dateModified":"2025-07-31T16:29:45+00:00","breadcrumb":{"@id":"https:\/\/www.librairiealkitab.fr\/boutique\/la-vie-du-prophete-2eme-edition-mohamed-ibn-abdelwahab-al-bayyinah\/#breadcrumb"},"inLanguage":"ar","potentialAction":[{"@type":"ReadAction","target":["https:\/\/www.librairiealkitab.fr\/boutique\/la-vie-du-prophete-2eme-edition-mohamed-ibn-abdelwahab-al-bayyinah\/"]}]},{"@type":"ImageObject","inLanguage":"ar","@id":"https:\/\/www.librairiealkitab.fr\/boutique\/la-vie-du-prophete-2eme-edition-mohamed-ibn-abdelwahab-al-bayyinah\/#primaryimage","url":"https:\/\/www.librairiealkitab.fr\/wp-content\/uploads\/2025\/04\/50_fc2aae37-e8e4-4bc1-884b-def791842238.png","contentUrl":"https:\/\/www.librairiealkitab.fr\/wp-content\/uploads\/2025\/04\/50_fc2aae37-e8e4-4bc1-884b-def791842238.png","width":1563,"height":1563},{"@type":"BreadcrumbList","@id":"https:\/\/www.librairiealkitab.fr\/boutique\/la-vie-du-prophete-2eme-edition-mohamed-ibn-abdelwahab-al-bayyinah\/#breadcrumb","itemListElement":[{"@type":"ListItem","position":1,"name":"Accueil","item":"https:\/\/www.librairiealkitab.fr\/"},{"@type":"ListItem","position":2,"name":"Shop","item":"https:\/\/www.librairiealkitab.fr\/shop\/"},{"@type":"ListItem","position":3,"name":"La vie du Proph\u00e8te &#8211; 2\u00e8me \u00e9dition &#8211; Mohamed Ibn Abdelwahab &#8211; Al Bayyinah"}]},{"@type":"WebSite","@id":"https:\/\/www.librairiealkitab.fr\/#website","url":"https:\/\/www.librairiealkitab.fr\/","name":"Librairie Al Kitab | Livres islamiques en fran\u00e7ais et arabe \u2013 Coran, Hadith, apprentissage islamique en ligne","description":"Boutique en ligne musulmane","publisher":{"@id":"https:\/\/www.librairiealkitab.fr\/#organization"},"potentialAction":[{"@type":"SearchAction","target":{"@type":"EntryPoint","urlTemplate":"https:\/\/www.librairiealkitab.fr\/?s={search_term_string}"},"query-input":{"@type":"PropertyValueSpecification","valueRequired":true,"valueName":"search_term_string"}}],"inLanguage":"ar"},{"@type":"Organization","@id":"https:\/\/www.librairiealkitab.fr\/#organization","name":"Librairie Al Kitab | Livres islamiques en fran\u00e7ais et arabe \u2013 Coran, Hadith, apprentissage islamique en ligne","url":"https:\/\/www.librairiealkitab.fr\/","logo":{"@type":"ImageObject","inLanguage":"ar","@id":"https:\/\/www.librairiealkitab.fr\/#\/schema\/logo\/image\/","url":"https:\/\/www.librairiealkitab.fr\/wp-content\/uploads\/2025\/01\/Logo-Librairie-Al-Kitab-2.png","contentUrl":"https:\/\/www.librairiealkitab.fr\/wp-content\/uploads\/2025\/01\/Logo-Librairie-Al-Kitab-2.png","width":500,"height":500,"caption":"Librairie Al Kitab | Livres islamiques en fran\u00e7ais et arabe \u2013 Coran, Hadith, apprentissage islamique en ligne"},"image":{"@id":"https:\/\/www.librairiealkitab.fr\/#\/schema\/logo\/image\/"}}]}},"jetpack_sharing_enabled":true,"_links":{"self":[{"href":"https:\/\/www.librairiealkitab.fr\/ar\/wp-json\/wp\/v2\/product\/3134","targetHints":{"allow":["GET"]}}],"collection":[{"href":"https:\/\/www.librairiealkitab.fr\/ar\/wp-json\/wp\/v2\/product"}],"about":[{"href":"https:\/\/www.librairiealkitab.fr\/ar\/wp-json\/wp\/v2\/types\/product"}],"version-history":[{"count":2,"href":"https:\/\/www.librairiealkitab.fr\/ar\/wp-json\/wp\/v2\/product\/3134\/revisions"}],"predecessor-version":[{"id":10763,"href":"https:\/\/www.librairiealkitab.fr\/ar\/wp-json\/wp\/v2\/product\/3134\/revisions\/10763"}],"wp:featuredmedia":[{"embeddable":true,"href":"https:\/\/www.librairiealkitab.fr\/ar\/wp-json\/wp\/v2\/media\/5829"}],"wp:attachment":[{"href":"https:\/\/www.librairiealkitab.fr\/ar\/wp-json\/wp\/v2\/media?parent=3134"}],"wp:term":[{"taxonomy":"product_brand","embeddable":true,"href":"https:\/\/www.librairiealkitab.fr\/ar\/wp-json\/wp\/v2\/product_brand?post=3134"},{"taxonomy":"product_cat","embeddable":true,"href":"https:\/\/www.librairiealkitab.fr\/ar\/wp-json\/wp\/v2\/product_cat?post=3134"},{"taxonomy":"product_tag","embeddable":true,"href":"https:\/\/www.librairiealkitab.fr\/ar\/wp-json\/wp\/v2\/product_tag?post=3134"}],"curies":[{"name":"wp","href":"https:\/\/api.w.org\/{rel}","templated":true}]}}