{"id":3172,"date":"2025-04-13T09:09:06","date_gmt":"2025-04-13T07:09:06","guid":{"rendered":"https:\/\/librairiealkitab.fr\/produit\/le-debut-de-la-creation-ibn-kathir-maison-dennour\/"},"modified":"2025-07-31T13:16:33","modified_gmt":"2025-07-31T11:16:33","slug":"le-debut-de-la-creation-ibn-kathir-maison-dennour","status":"publish","type":"product","link":"https:\/\/www.librairiealkitab.fr\/ar\/boutique\/le-debut-de-la-creation-ibn-kathir-maison-dennour\/","title":{"rendered":"Le d\u00e9but de la cr\u00e9ation &#8211; Ibn Kath\u00eer &#8211; Maison d&#8217;Ennour"},"content":{"rendered":"<p><strong>R\u00e9sum\u00e9 du livre : &#8220;Le d\u00e9but de la cr\u00e9ation&#8221; par Ibn Kath\u00eer<\/strong><\/p>\n<p><em>Le d\u00e9but de la cr\u00e9ation<\/em> est un ouvrage fondamental de l\u2019ex\u00e9g\u00e8te et historien islamique Ibn Kath\u00eer, tir\u00e9 de son grand travail <em>Al-Bid\u00e2ya wa An-Nih\u00e2ya<\/em>. Ce livre offre une exploration d\u00e9taill\u00e9e des origines de l&#8217;univers et des \u00e9l\u00e9ments qui le composent selon la perspective islamique, en s&#8217;appuyant sur les sources primaires du Coran et des hadiths authentiques. Il propose une \u00e9tude sur la gen\u00e8se de la cr\u00e9ation, mettant en lumi\u00e8re l&#8217;\u0153uvre divine dans ses premi\u00e8res \u00e9tapes.<\/p>\n<h3><strong>Points cl\u00e9s abord\u00e9s dans l\u2019ouvrage :<\/strong><\/h3>\n<ol>\n<li><strong>La cr\u00e9ation des cieux et de la terre :<\/strong><br \/>\nIbn Kath\u00eer explore la formation des cieux et de la terre, en se r\u00e9f\u00e9rant aux versets coraniques qui d\u00e9crivent leur origine. Le livre d\u00e9taille les diff\u00e9rentes \u00e9tapes de leur cr\u00e9ation par Allah, soulignant la puissance divine \u00e0 l&#8217;origine de l&#8217;univers.<\/li>\n<li><strong>La cr\u00e9ation des anges :<\/strong><br \/>\nL\u2019ouvrage explique la nature des anges, leur r\u00f4le primordial dans l&#8217;ordre cosmique, et les diff\u00e9rentes missions qu\u2019ils accomplissent. Ibn Kath\u00eer se concentre sur certains anges principaux comme <strong>Jibr\u00eel (Gabriel)<\/strong>, <strong>Mik\u00e2\u2019\u00eel (Michel)<\/strong>, et <strong>Isr\u00e2f\u00eel<\/strong>, tout en exposant leur fonction et leur hi\u00e9rarchie dans le royaume divin.<\/li>\n<li><strong>La cr\u00e9ation d&#8217;Adam (&#8216;alayhi salam) :<\/strong><br \/>\nL\u2019auteur d\u00e9crit la cr\u00e9ation d&#8217;Adam, le premier homme, sa formation \u00e0 partir d&#8217;argile, et l\u2019honneur d&#8217;Allah en l\u2019ayant plac\u00e9 au centre de Sa cr\u00e9ation. Ce chapitre traite \u00e9galement de l\u2019\u00e9preuve d\u2019Adam, notamment la d\u00e9sob\u00e9issance d\u2019Iblis (Satan), qui a refus\u00e9 de se prosterner devant lui.<\/li>\n<li><strong>Les autres cr\u00e9ations :<\/strong>\n<ul>\n<li><strong>Les djinns :<\/strong> Ibn Kath\u00eer explore la nature des djinns, des cr\u00e9atures spirituelles faites de feu, qui ont \u00e9t\u00e9 cr\u00e9\u00e9es avant l\u2019homme. Leur libre arbitre leur permet de choisir de suivre ou non la voie d&#8217;Allah.<\/li>\n<li><strong>Les animaux et leur utilit\u00e9 :<\/strong> Le livre examine \u00e9galement la cr\u00e9ation des animaux et leur r\u00f4le dans l&#8217;\u00e9quilibre de la cr\u00e9ation divine, soulignant leur utilit\u00e9 et l\u2019ordre qu\u2019ils apportent \u00e0 l\u2019\u00e9cosyst\u00e8me.<\/li>\n<\/ul>\n<\/li>\n<li><strong>Les signes de la sagesse divine dans la cr\u00e9ation :<\/strong><br \/>\nL\u2019ouvrage met en \u00e9vidence la perfection du design divin dans l\u2019univers, la diversit\u00e9 des cr\u00e9atures et leur interconnexion. Chaque \u00e9l\u00e9ment de la cr\u00e9ation, de la plus petite cr\u00e9ature \u00e0 l\u2019univers dans son ensemble, t\u00e9moigne de l&#8217;harmonie et de l&#8217;\u00e9quilibre parfaits, un signe de la sagesse infinie d&#8217;Allah.<\/li>\n<\/ol>\n<h3><strong>Objectif du livre :<\/strong><\/h3>\n<p>Cet ouvrage sert \u00e0 renforcer la compr\u00e9hension du croyant sur la magnificence de la cr\u00e9ation d&#8217;Allah et sur le r\u00f4le que chaque \u00e9l\u00e9ment joue dans le grand dessein divin. \u00c0 travers une analyse d\u00e9taill\u00e9e des \u00e9l\u00e9ments de la cr\u00e9ation, Ibn Kath\u00eer cherche \u00e0 inculquer une plus grande admiration pour la sagesse d&#8217;Allah et un sentiment de gratitude envers la cr\u00e9ation.<\/p>\n<h3><strong>Un guide spirituel et philosophique :<\/strong><\/h3>\n<p>Le livre ne se contente pas de narrer des \u00e9v\u00e9nements, il incite \u00e9galement \u00e0 la r\u00e9flexion spirituelle. En explorant les diff\u00e9rents aspects de la cr\u00e9ation, Ibn Kath\u00eer am\u00e8ne les croyants \u00e0 m\u00e9diter sur la grandeur et la puissance d&#8217;Allah, tout en les encourageant \u00e0 vivre en harmonie avec l&#8217;univers et ses lois divines.<\/p>\n<p><strong>Conclusion :<\/strong><br \/>\n<em>Le d\u00e9but de la cr\u00e9ation<\/em> est un ouvrage essentiel pour quiconque cherche \u00e0 approfondir sa connaissance des origines du monde et de l\u2019humanit\u00e9, tout en renfor\u00e7ant sa foi. Gr\u00e2ce \u00e0 l\u2019approfondissement des principes de cr\u00e9ation divine, l\u2019auteur offre un \u00e9clairage qui invite \u00e0 la contemplation de la perfection divine et \u00e0 la reconnaissance de la toute-puissante volont\u00e9 d\u2019Allah. Ce livre s\u2019av\u00e8re \u00eatre une lecture indispensable pour les chercheurs et croyants d\u00e9sireux de comprendre les fondements m\u00e9taphysiques de l&#8217;univers islamique.<\/p>","protected":false},"excerpt":{"rendered":"<p>R\u00e9sum\u00e9 du livre : &#8220;Le d\u00e9but de la cr\u00e9ation&#8221; par Ibn Kath\u00eer Le d\u00e9but de la cr\u00e9ation est un ouvrage fondamental de l\u2019ex\u00e9g\u00e8te et historien islamique Ibn Kath\u00eer, tir\u00e9 de son grand travail Al-Bid\u00e2ya wa An-Nih\u00e2ya. Ce livre offre une exploration d\u00e9taill\u00e9e des origines de l&#8217;univers et des \u00e9l\u00e9ments qui le composent selon la perspective<\/p>\n<div class=\"klb-readmore button\"><a class=\"btn link\" href=\"https:\/\/www.librairiealkitab.fr\/ar\/boutique\/le-debut-de-la-creation-ibn-kathir-maison-dennour\/\">Read More <i class=\"klbth-icon-right-arrow\"><\/i><\/a><\/div>","protected":false},"featured_media":5793,"template":"","meta":[],"product_brand":[231],"product_cat":[301,275,127],"product_tag":[],"class_list":{"0":"post-3172","1":"product","2":"type-product","3":"status-publish","4":"has-post-thumbnail","6":"product_brand-maison-dennour","7":"product_cat-ibn-kathir","8":"product_cat-spiritualite","9":"product_cat-noslivres","11":"first","12":"instock","13":"taxable","14":"shipping-taxable","15":"purchasable","16":"product-type-simple"},"yoast_head":"<!-- This site is optimized with the Yoast SEO Premium plugin v25.4 (Yoast SEO v27.0) - https:\/\/yoast.com\/product\/yoast-seo-premium-wordpress\/ -->\n<title>Le d\u00e9but de la cr\u00e9ation - Ibn Kath\u00eer - Maison d&#039;Ennour - Librairie Al Kitab | Livres islamiques en fran\u00e7ais et arabe \u2013 Coran, Hadith, apprentissage islamique en ligne<\/title>\n<meta name=\"robots\" content=\"index, follow, max-snippet:-1, max-image-preview:large, max-video-preview:-1\" \/>\n<link rel=\"canonical\" href=\"https:\/\/www.librairiealkitab.fr\/ar\/boutique\/le-debut-de-la-creation-ibn-kathir-maison-dennour\/\" \/>\n<meta property=\"og:locale\" content=\"ar_AR\" \/>\n<meta property=\"og:type\" content=\"article\" \/>\n<meta property=\"og:title\" content=\"Le d\u00e9but de la cr\u00e9ation - Ibn Kath\u00eer - Maison d&#039;Ennour\" \/>\n<meta property=\"og:description\" content=\"R\u00e9sum\u00e9 du livre : &#8220;Le d\u00e9but de la cr\u00e9ation&#8221; par Ibn Kath\u00eer Le d\u00e9but de la cr\u00e9ation est un ouvrage fondamental de l\u2019ex\u00e9g\u00e8te et historien islamique Ibn Kath\u00eer, tir\u00e9 de son grand travail Al-Bid\u00e2ya wa An-Nih\u00e2ya. Ce livre offre une exploration d\u00e9taill\u00e9e des origines de l&#8217;univers et des \u00e9l\u00e9ments qui le composent selon la perspectiveRead More\" \/>\n<meta property=\"og:url\" content=\"https:\/\/www.librairiealkitab.fr\/ar\/boutique\/le-debut-de-la-creation-ibn-kathir-maison-dennour\/\" \/>\n<meta property=\"og:site_name\" content=\"Librairie Al Kitab | Livres islamiques en fran\u00e7ais et arabe \u2013 Coran, Hadith, apprentissage islamique en ligne\" \/>\n<meta property=\"article:modified_time\" content=\"2025-07-31T11:16:33+00:00\" \/>\n<meta property=\"og:image\" content=\"https:\/\/www.librairiealkitab.fr\/wp-content\/uploads\/2025\/04\/49_8c7026f0-90a7-497e-8644-41d3ee3be20d.png\" \/>\n\t<meta property=\"og:image:width\" content=\"1563\" \/>\n\t<meta property=\"og:image:height\" content=\"1563\" \/>\n\t<meta property=\"og:image:type\" content=\"image\/png\" \/>\n<meta name=\"twitter:card\" content=\"summary_large_image\" \/>\n<meta name=\"twitter:label1\" content=\"\u0648\u0642\u062a \u0627\u0644\u0642\u0631\u0627\u0621\u0629 \u0627\u0644\u0645\u064f\u0642\u062f\u0651\u0631\" \/>\n\t<meta name=\"twitter:data1\" content=\"3 \u062f\u0642\u0627\u0626\u0642\" \/>\n<script type=\"application\/ld+json\" class=\"yoast-schema-graph\">{\"@context\":\"https:\/\/schema.org\",\"@graph\":[{\"@type\":\"WebPage\",\"@id\":\"https:\/\/www.librairiealkitab.fr\/boutique\/le-debut-de-la-creation-ibn-kathir-maison-dennour\/\",\"url\":\"https:\/\/www.librairiealkitab.fr\/boutique\/le-debut-de-la-creation-ibn-kathir-maison-dennour\/\",\"name\":\"Le d\u00e9but de la cr\u00e9ation - Ibn Kath\u00eer - Maison d'Ennour - Librairie Al Kitab | Livres islamiques en fran\u00e7ais et arabe \u2013 Coran, Hadith, apprentissage islamique en ligne\",\"isPartOf\":{\"@id\":\"https:\/\/www.librairiealkitab.fr\/#website\"},\"primaryImageOfPage\":{\"@id\":\"https:\/\/www.librairiealkitab.fr\/boutique\/le-debut-de-la-creation-ibn-kathir-maison-dennour\/#primaryimage\"},\"image\":{\"@id\":\"https:\/\/www.librairiealkitab.fr\/boutique\/le-debut-de-la-creation-ibn-kathir-maison-dennour\/#primaryimage\"},\"thumbnailUrl\":\"https:\/\/www.librairiealkitab.fr\/wp-content\/uploads\/2025\/04\/49_8c7026f0-90a7-497e-8644-41d3ee3be20d.png\",\"datePublished\":\"2025-04-13T07:09:06+00:00\",\"dateModified\":\"2025-07-31T11:16:33+00:00\",\"breadcrumb\":{\"@id\":\"https:\/\/www.librairiealkitab.fr\/boutique\/le-debut-de-la-creation-ibn-kathir-maison-dennour\/#breadcrumb\"},\"inLanguage\":\"ar\",\"potentialAction\":[{\"@type\":\"ReadAction\",\"target\":[\"https:\/\/www.librairiealkitab.fr\/boutique\/le-debut-de-la-creation-ibn-kathir-maison-dennour\/\"]}]},{\"@type\":\"ImageObject\",\"inLanguage\":\"ar\",\"@id\":\"https:\/\/www.librairiealkitab.fr\/boutique\/le-debut-de-la-creation-ibn-kathir-maison-dennour\/#primaryimage\",\"url\":\"https:\/\/www.librairiealkitab.fr\/wp-content\/uploads\/2025\/04\/49_8c7026f0-90a7-497e-8644-41d3ee3be20d.png\",\"contentUrl\":\"https:\/\/www.librairiealkitab.fr\/wp-content\/uploads\/2025\/04\/49_8c7026f0-90a7-497e-8644-41d3ee3be20d.png\",\"width\":1563,\"height\":1563},{\"@type\":\"BreadcrumbList\",\"@id\":\"https:\/\/www.librairiealkitab.fr\/boutique\/le-debut-de-la-creation-ibn-kathir-maison-dennour\/#breadcrumb\",\"itemListElement\":[{\"@type\":\"ListItem\",\"position\":1,\"name\":\"Accueil\",\"item\":\"https:\/\/www.librairiealkitab.fr\/\"},{\"@type\":\"ListItem\",\"position\":2,\"name\":\"Shop\",\"item\":\"https:\/\/www.librairiealkitab.fr\/shop\/\"},{\"@type\":\"ListItem\",\"position\":3,\"name\":\"Le d\u00e9but de la cr\u00e9ation &#8211; Ibn Kath\u00eer &#8211; Maison d&#8217;Ennour\"}]},{\"@type\":\"WebSite\",\"@id\":\"https:\/\/www.librairiealkitab.fr\/#website\",\"url\":\"https:\/\/www.librairiealkitab.fr\/\",\"name\":\"Librairie Al Kitab | Livres islamiques en fran\u00e7ais et arabe \u2013 Coran, Hadith, apprentissage islamique en ligne\",\"description\":\"Boutique en ligne musulmane\",\"publisher\":{\"@id\":\"https:\/\/www.librairiealkitab.fr\/#organization\"},\"potentialAction\":[{\"@type\":\"SearchAction\",\"target\":{\"@type\":\"EntryPoint\",\"urlTemplate\":\"https:\/\/www.librairiealkitab.fr\/?s={search_term_string}\"},\"query-input\":{\"@type\":\"PropertyValueSpecification\",\"valueRequired\":true,\"valueName\":\"search_term_string\"}}],\"inLanguage\":\"ar\"},{\"@type\":\"Organization\",\"@id\":\"https:\/\/www.librairiealkitab.fr\/#organization\",\"name\":\"Librairie Al Kitab | Livres islamiques en fran\u00e7ais et arabe \u2013 Coran, Hadith, apprentissage islamique en ligne\",\"url\":\"https:\/\/www.librairiealkitab.fr\/\",\"logo\":{\"@type\":\"ImageObject\",\"inLanguage\":\"ar\",\"@id\":\"https:\/\/www.librairiealkitab.fr\/#\/schema\/logo\/image\/\",\"url\":\"https:\/\/www.librairiealkitab.fr\/wp-content\/uploads\/2025\/01\/Logo-Librairie-Al-Kitab-2.png\",\"contentUrl\":\"https:\/\/www.librairiealkitab.fr\/wp-content\/uploads\/2025\/01\/Logo-Librairie-Al-Kitab-2.png\",\"width\":500,\"height\":500,\"caption\":\"Librairie Al Kitab | Livres islamiques en fran\u00e7ais et arabe \u2013 Coran, Hadith, apprentissage islamique en ligne\"},\"image\":{\"@id\":\"https:\/\/www.librairiealkitab.fr\/#\/schema\/logo\/image\/\"}}]}<\/script>\n<!-- \/ Yoast SEO Premium plugin. -->","yoast_head_json":{"title":"Le d\u00e9but de la cr\u00e9ation - Ibn Kath\u00eer - Maison d'Ennour - Librairie Al Kitab | Livres islamiques en fran\u00e7ais et arabe \u2013 Coran, Hadith, apprentissage islamique en ligne","robots":{"index":"index","follow":"follow","max-snippet":"max-snippet:-1","max-image-preview":"max-image-preview:large","max-video-preview":"max-video-preview:-1"},"canonical":"https:\/\/www.librairiealkitab.fr\/ar\/boutique\/le-debut-de-la-creation-ibn-kathir-maison-dennour\/","og_locale":"ar_AR","og_type":"article","og_title":"Le d\u00e9but de la cr\u00e9ation - Ibn Kath\u00eer - Maison d'Ennour","og_description":"R\u00e9sum\u00e9 du livre : &#8220;Le d\u00e9but de la cr\u00e9ation&#8221; par Ibn Kath\u00eer Le d\u00e9but de la cr\u00e9ation est un ouvrage fondamental de l\u2019ex\u00e9g\u00e8te et historien islamique Ibn Kath\u00eer, tir\u00e9 de son grand travail Al-Bid\u00e2ya wa An-Nih\u00e2ya. Ce livre offre une exploration d\u00e9taill\u00e9e des origines de l&#8217;univers et des \u00e9l\u00e9ments qui le composent selon la perspectiveRead More","og_url":"https:\/\/www.librairiealkitab.fr\/ar\/boutique\/le-debut-de-la-creation-ibn-kathir-maison-dennour\/","og_site_name":"Librairie Al Kitab | Livres islamiques en fran\u00e7ais et arabe \u2013 Coran, Hadith, apprentissage islamique en ligne","article_modified_time":"2025-07-31T11:16:33+00:00","og_image":[{"width":1563,"height":1563,"url":"https:\/\/www.librairiealkitab.fr\/wp-content\/uploads\/2025\/04\/49_8c7026f0-90a7-497e-8644-41d3ee3be20d.png","type":"image\/png"}],"twitter_card":"summary_large_image","twitter_misc":{"\u0648\u0642\u062a \u0627\u0644\u0642\u0631\u0627\u0621\u0629 \u0627\u0644\u0645\u064f\u0642\u062f\u0651\u0631":"3 \u062f\u0642\u0627\u0626\u0642"},"schema":{"@context":"https:\/\/schema.org","@graph":[{"@type":"WebPage","@id":"https:\/\/www.librairiealkitab.fr\/boutique\/le-debut-de-la-creation-ibn-kathir-maison-dennour\/","url":"https:\/\/www.librairiealkitab.fr\/boutique\/le-debut-de-la-creation-ibn-kathir-maison-dennour\/","name":"Le d\u00e9but de la cr\u00e9ation - Ibn Kath\u00eer - Maison d'Ennour - Librairie Al Kitab | Livres islamiques en fran\u00e7ais et arabe \u2013 Coran, Hadith, apprentissage islamique en ligne","isPartOf":{"@id":"https:\/\/www.librairiealkitab.fr\/#website"},"primaryImageOfPage":{"@id":"https:\/\/www.librairiealkitab.fr\/boutique\/le-debut-de-la-creation-ibn-kathir-maison-dennour\/#primaryimage"},"image":{"@id":"https:\/\/www.librairiealkitab.fr\/boutique\/le-debut-de-la-creation-ibn-kathir-maison-dennour\/#primaryimage"},"thumbnailUrl":"https:\/\/www.librairiealkitab.fr\/wp-content\/uploads\/2025\/04\/49_8c7026f0-90a7-497e-8644-41d3ee3be20d.png","datePublished":"2025-04-13T07:09:06+00:00","dateModified":"2025-07-31T11:16:33+00:00","breadcrumb":{"@id":"https:\/\/www.librairiealkitab.fr\/boutique\/le-debut-de-la-creation-ibn-kathir-maison-dennour\/#breadcrumb"},"inLanguage":"ar","potentialAction":[{"@type":"ReadAction","target":["https:\/\/www.librairiealkitab.fr\/boutique\/le-debut-de-la-creation-ibn-kathir-maison-dennour\/"]}]},{"@type":"ImageObject","inLanguage":"ar","@id":"https:\/\/www.librairiealkitab.fr\/boutique\/le-debut-de-la-creation-ibn-kathir-maison-dennour\/#primaryimage","url":"https:\/\/www.librairiealkitab.fr\/wp-content\/uploads\/2025\/04\/49_8c7026f0-90a7-497e-8644-41d3ee3be20d.png","contentUrl":"https:\/\/www.librairiealkitab.fr\/wp-content\/uploads\/2025\/04\/49_8c7026f0-90a7-497e-8644-41d3ee3be20d.png","width":1563,"height":1563},{"@type":"BreadcrumbList","@id":"https:\/\/www.librairiealkitab.fr\/boutique\/le-debut-de-la-creation-ibn-kathir-maison-dennour\/#breadcrumb","itemListElement":[{"@type":"ListItem","position":1,"name":"Accueil","item":"https:\/\/www.librairiealkitab.fr\/"},{"@type":"ListItem","position":2,"name":"Shop","item":"https:\/\/www.librairiealkitab.fr\/shop\/"},{"@type":"ListItem","position":3,"name":"Le d\u00e9but de la cr\u00e9ation &#8211; Ibn Kath\u00eer &#8211; Maison d&#8217;Ennour"}]},{"@type":"WebSite","@id":"https:\/\/www.librairiealkitab.fr\/#website","url":"https:\/\/www.librairiealkitab.fr\/","name":"Librairie Al Kitab | Livres islamiques en fran\u00e7ais et arabe \u2013 Coran, Hadith, apprentissage islamique en ligne","description":"Boutique en ligne musulmane","publisher":{"@id":"https:\/\/www.librairiealkitab.fr\/#organization"},"potentialAction":[{"@type":"SearchAction","target":{"@type":"EntryPoint","urlTemplate":"https:\/\/www.librairiealkitab.fr\/?s={search_term_string}"},"query-input":{"@type":"PropertyValueSpecification","valueRequired":true,"valueName":"search_term_string"}}],"inLanguage":"ar"},{"@type":"Organization","@id":"https:\/\/www.librairiealkitab.fr\/#organization","name":"Librairie Al Kitab | Livres islamiques en fran\u00e7ais et arabe \u2013 Coran, Hadith, apprentissage islamique en ligne","url":"https:\/\/www.librairiealkitab.fr\/","logo":{"@type":"ImageObject","inLanguage":"ar","@id":"https:\/\/www.librairiealkitab.fr\/#\/schema\/logo\/image\/","url":"https:\/\/www.librairiealkitab.fr\/wp-content\/uploads\/2025\/01\/Logo-Librairie-Al-Kitab-2.png","contentUrl":"https:\/\/www.librairiealkitab.fr\/wp-content\/uploads\/2025\/01\/Logo-Librairie-Al-Kitab-2.png","width":500,"height":500,"caption":"Librairie Al Kitab | Livres islamiques en fran\u00e7ais et arabe \u2013 Coran, Hadith, apprentissage islamique en ligne"},"image":{"@id":"https:\/\/www.librairiealkitab.fr\/#\/schema\/logo\/image\/"}}]}},"jetpack_sharing_enabled":true,"_links":{"self":[{"href":"https:\/\/www.librairiealkitab.fr\/ar\/wp-json\/wp\/v2\/product\/3172","targetHints":{"allow":["GET"]}}],"collection":[{"href":"https:\/\/www.librairiealkitab.fr\/ar\/wp-json\/wp\/v2\/product"}],"about":[{"href":"https:\/\/www.librairiealkitab.fr\/ar\/wp-json\/wp\/v2\/types\/product"}],"version-history":[{"count":1,"href":"https:\/\/www.librairiealkitab.fr\/ar\/wp-json\/wp\/v2\/product\/3172\/revisions"}],"predecessor-version":[{"id":10711,"href":"https:\/\/www.librairiealkitab.fr\/ar\/wp-json\/wp\/v2\/product\/3172\/revisions\/10711"}],"wp:featuredmedia":[{"embeddable":true,"href":"https:\/\/www.librairiealkitab.fr\/ar\/wp-json\/wp\/v2\/media\/5793"}],"wp:attachment":[{"href":"https:\/\/www.librairiealkitab.fr\/ar\/wp-json\/wp\/v2\/media?parent=3172"}],"wp:term":[{"taxonomy":"product_brand","embeddable":true,"href":"https:\/\/www.librairiealkitab.fr\/ar\/wp-json\/wp\/v2\/product_brand?post=3172"},{"taxonomy":"product_cat","embeddable":true,"href":"https:\/\/www.librairiealkitab.fr\/ar\/wp-json\/wp\/v2\/product_cat?post=3172"},{"taxonomy":"product_tag","embeddable":true,"href":"https:\/\/www.librairiealkitab.fr\/ar\/wp-json\/wp\/v2\/product_tag?post=3172"}],"curies":[{"name":"wp","href":"https:\/\/api.w.org\/{rel}","templated":true}]}}