{"id":3235,"date":"2025-04-13T09:10:16","date_gmt":"2025-04-13T07:10:16","guid":{"rendered":"https:\/\/librairiealkitab.fr\/produit\/le-manuel-complet-et-illustre-de-la-priere-de-mahboubi-moussaoui-editions-2016\/"},"modified":"2025-12-08T16:58:17","modified_gmt":"2025-12-08T15:58:17","slug":"le-manuel-complet-et-illustre-de-la-priere-de-mahboubi-moussaoui-editions-2016","status":"publish","type":"product","link":"https:\/\/www.librairiealkitab.fr\/ar\/boutique\/le-manuel-complet-et-illustre-de-la-priere-de-mahboubi-moussaoui-editions-2016\/","title":{"rendered":"Le manuel complet et illustr\u00e9 de la pri\u00e8re, de Mahboubi Moussaoui (\u00e9ditions 2016) &#8211; Sana"},"content":{"rendered":"<p><strong>Le manuel complet et illustr\u00e9 de la pri\u00e8re<\/strong> de <strong>Mahboubi Moussaoui<\/strong> est une <strong>r\u00e9f\u00e9rence incontournable<\/strong> pour <strong>apprendre<\/strong> et <strong>perfectionner<\/strong> la <strong>pri\u00e8re islamique<\/strong>. <strong>Accessible \u00e0 tous<\/strong>, cet <strong>ouvrage d\u00e9taill\u00e9<\/strong> et <strong>richement illustr\u00e9<\/strong> <strong>guide<\/strong> le <strong>lecteur<\/strong> <strong>pas \u00e0 pas<\/strong> dans les <strong>diff\u00e9rentes \u00e9tapes<\/strong> de la <strong>pri\u00e8re<\/strong>, de l\u2019<strong>ablution<\/strong> \u00e0 l\u2019<strong>accomplissement<\/strong> des <strong>pri\u00e8res quotidiennes<\/strong>.<\/p>\n<p>Chaque <strong>aspect<\/strong> est <strong>expliqu\u00e9<\/strong> avec <strong>pr\u00e9cision<\/strong>, <strong>accompagn\u00e9<\/strong> de <strong>sch\u00e9mas<\/strong> et d\u2019<strong>illustrations claires<\/strong> pour <strong>faciliter<\/strong> la <strong>compr\u00e9hension<\/strong> et l\u2019<strong>apprentissage<\/strong>. En s\u2019<strong>appuyant<\/strong> sur les <strong>sources authentiques<\/strong> du <strong>Coran<\/strong> et de la <strong>Sunna<\/strong>, ce <strong>manuel<\/strong> constitue un <strong>outil p\u00e9dagogique id\u00e9al<\/strong> pour les <strong>d\u00e9butants<\/strong>, mais \u00e9galement pour ceux qui souhaitent <strong>renforcer<\/strong> leur <strong>pratique<\/strong>.<\/p>\n<p>Un <strong>livre pratique<\/strong> et <strong>complet<\/strong> pour <strong>vivre pleinement<\/strong> l\u2019un des <strong>piliers fondamentaux<\/strong> de l\u2019<strong>Islam<\/strong>.<\/p>","protected":false},"excerpt":{"rendered":"<p>Le manuel complet et illustr\u00e9 de la pri\u00e8re de Mahboubi Moussaoui est une r\u00e9f\u00e9rence incontournable pour apprendre et perfectionner la pri\u00e8re islamique. Accessible \u00e0 tous, cet ouvrage d\u00e9taill\u00e9 et richement illustr\u00e9 guide le lecteur pas \u00e0 pas dans les diff\u00e9rentes \u00e9tapes de la pri\u00e8re, de l\u2019ablution \u00e0 l\u2019accomplissement des pri\u00e8res quotidiennes. Chaque aspect est expliqu\u00e9<\/p>\n<div class=\"klb-readmore button\"><a class=\"btn link\" href=\"https:\/\/www.librairiealkitab.fr\/ar\/boutique\/le-manuel-complet-et-illustre-de-la-priere-de-mahboubi-moussaoui-editions-2016\/\">Read More <i class=\"klbth-icon-right-arrow\"><\/i><\/a><\/div>","protected":false},"featured_media":5750,"template":"","meta":[],"product_brand":[251],"product_cat":[280,127],"product_tag":[],"class_list":{"0":"post-3235","1":"product","2":"type-product","3":"status-publish","4":"has-post-thumbnail","6":"product_brand-sana","7":"product_cat-priere","8":"product_cat-noslivres","10":"first","11":"instock","12":"taxable","13":"shipping-taxable","14":"purchasable","15":"product-type-simple"},"yoast_head":"<!-- This site is optimized with the Yoast SEO Premium plugin v25.4 (Yoast SEO v27.0) - https:\/\/yoast.com\/product\/yoast-seo-premium-wordpress\/ -->\n<title>Le Manuel Complet Et illustr\u00e9 De la pri\u00e8re<\/title>\n<meta name=\"description\" content=\"Un manuel complet qui explique toutes les formes de la salat ablutions, pri\u00e8re obligatoire et sur\u00e9rogatoire, gestes du Proph\u00e8te\ufdfa pour apprendre \u00e0 bien prier.\" \/>\n<meta name=\"robots\" content=\"index, follow, max-snippet:-1, max-image-preview:large, max-video-preview:-1\" \/>\n<link rel=\"canonical\" href=\"https:\/\/www.librairiealkitab.fr\/ar\/boutique\/le-manuel-complet-et-illustre-de-la-priere-de-mahboubi-moussaoui-editions-2016\/\" \/>\n<meta property=\"og:locale\" content=\"ar_AR\" \/>\n<meta property=\"og:type\" content=\"article\" \/>\n<meta property=\"og:title\" content=\"Le manuel complet et illustr\u00e9 de la pri\u00e8re, de Mahboubi Moussaoui (\u00e9ditions 2016) - Sana\" \/>\n<meta property=\"og:description\" content=\"Un manuel complet qui explique toutes les formes de la salat ablutions, pri\u00e8re obligatoire et sur\u00e9rogatoire, gestes du Proph\u00e8te\ufdfa pour apprendre \u00e0 bien prier.\" \/>\n<meta property=\"og:url\" content=\"https:\/\/www.librairiealkitab.fr\/ar\/boutique\/le-manuel-complet-et-illustre-de-la-priere-de-mahboubi-moussaoui-editions-2016\/\" \/>\n<meta property=\"og:site_name\" content=\"Librairie Al Kitab | Livres islamiques en fran\u00e7ais et arabe \u2013 Coran, Hadith, apprentissage islamique en ligne\" \/>\n<meta property=\"article:modified_time\" content=\"2025-12-08T15:58:17+00:00\" \/>\n<meta property=\"og:image\" content=\"https:\/\/www.librairiealkitab.fr\/wp-content\/uploads\/2025\/04\/9_cdbe28ac-fc1c-4ebb-9c44-1c920432edc6.png\" \/>\n\t<meta property=\"og:image:width\" content=\"1563\" \/>\n\t<meta property=\"og:image:height\" content=\"1563\" \/>\n\t<meta property=\"og:image:type\" content=\"image\/png\" \/>\n<meta name=\"twitter:card\" content=\"summary_large_image\" \/>\n<meta name=\"twitter:label1\" content=\"\u0648\u0642\u062a \u0627\u0644\u0642\u0631\u0627\u0621\u0629 \u0627\u0644\u0645\u064f\u0642\u062f\u0651\u0631\" \/>\n\t<meta name=\"twitter:data1\" content=\"\u062f\u0642\u064a\u0642\u0629 \u0648\u0627\u062d\u062f\u0629\" \/>\n<script type=\"application\/ld+json\" class=\"yoast-schema-graph\">{\"@context\":\"https:\/\/schema.org\",\"@graph\":[{\"@type\":\"WebPage\",\"@id\":\"https:\/\/www.librairiealkitab.fr\/boutique\/le-manuel-complet-et-illustre-de-la-priere-de-mahboubi-moussaoui-editions-2016\/\",\"url\":\"https:\/\/www.librairiealkitab.fr\/boutique\/le-manuel-complet-et-illustre-de-la-priere-de-mahboubi-moussaoui-editions-2016\/\",\"name\":\"Le Manuel Complet Et illustr\u00e9 De la pri\u00e8re\",\"isPartOf\":{\"@id\":\"https:\/\/www.librairiealkitab.fr\/#website\"},\"primaryImageOfPage\":{\"@id\":\"https:\/\/www.librairiealkitab.fr\/boutique\/le-manuel-complet-et-illustre-de-la-priere-de-mahboubi-moussaoui-editions-2016\/#primaryimage\"},\"image\":{\"@id\":\"https:\/\/www.librairiealkitab.fr\/boutique\/le-manuel-complet-et-illustre-de-la-priere-de-mahboubi-moussaoui-editions-2016\/#primaryimage\"},\"thumbnailUrl\":\"https:\/\/www.librairiealkitab.fr\/wp-content\/uploads\/2025\/04\/9_cdbe28ac-fc1c-4ebb-9c44-1c920432edc6.png\",\"datePublished\":\"2025-04-13T07:10:16+00:00\",\"dateModified\":\"2025-12-08T15:58:17+00:00\",\"description\":\"Un manuel complet qui explique toutes les formes de la salat ablutions, pri\u00e8re obligatoire et sur\u00e9rogatoire, gestes du Proph\u00e8te\ufdfa pour apprendre \u00e0 bien prier.\",\"breadcrumb\":{\"@id\":\"https:\/\/www.librairiealkitab.fr\/boutique\/le-manuel-complet-et-illustre-de-la-priere-de-mahboubi-moussaoui-editions-2016\/#breadcrumb\"},\"inLanguage\":\"ar\",\"potentialAction\":[{\"@type\":\"ReadAction\",\"target\":[\"https:\/\/www.librairiealkitab.fr\/boutique\/le-manuel-complet-et-illustre-de-la-priere-de-mahboubi-moussaoui-editions-2016\/\"]}]},{\"@type\":\"ImageObject\",\"inLanguage\":\"ar\",\"@id\":\"https:\/\/www.librairiealkitab.fr\/boutique\/le-manuel-complet-et-illustre-de-la-priere-de-mahboubi-moussaoui-editions-2016\/#primaryimage\",\"url\":\"https:\/\/www.librairiealkitab.fr\/wp-content\/uploads\/2025\/04\/9_cdbe28ac-fc1c-4ebb-9c44-1c920432edc6.png\",\"contentUrl\":\"https:\/\/www.librairiealkitab.fr\/wp-content\/uploads\/2025\/04\/9_cdbe28ac-fc1c-4ebb-9c44-1c920432edc6.png\",\"width\":1563,\"height\":1563},{\"@type\":\"BreadcrumbList\",\"@id\":\"https:\/\/www.librairiealkitab.fr\/boutique\/le-manuel-complet-et-illustre-de-la-priere-de-mahboubi-moussaoui-editions-2016\/#breadcrumb\",\"itemListElement\":[{\"@type\":\"ListItem\",\"position\":1,\"name\":\"Accueil\",\"item\":\"https:\/\/www.librairiealkitab.fr\/\"},{\"@type\":\"ListItem\",\"position\":2,\"name\":\"Shop\",\"item\":\"https:\/\/www.librairiealkitab.fr\/shop\/\"},{\"@type\":\"ListItem\",\"position\":3,\"name\":\"Le manuel complet et illustr\u00e9 de la pri\u00e8re, de Mahboubi Moussaoui (\u00e9ditions 2016) &#8211; Sana\"}]},{\"@type\":\"WebSite\",\"@id\":\"https:\/\/www.librairiealkitab.fr\/#website\",\"url\":\"https:\/\/www.librairiealkitab.fr\/\",\"name\":\"Librairie Al Kitab | Livres islamiques en fran\u00e7ais et arabe \u2013 Coran, Hadith, apprentissage islamique en ligne\",\"description\":\"Boutique en ligne musulmane\",\"publisher\":{\"@id\":\"https:\/\/www.librairiealkitab.fr\/#organization\"},\"potentialAction\":[{\"@type\":\"SearchAction\",\"target\":{\"@type\":\"EntryPoint\",\"urlTemplate\":\"https:\/\/www.librairiealkitab.fr\/?s={search_term_string}\"},\"query-input\":{\"@type\":\"PropertyValueSpecification\",\"valueRequired\":true,\"valueName\":\"search_term_string\"}}],\"inLanguage\":\"ar\"},{\"@type\":\"Organization\",\"@id\":\"https:\/\/www.librairiealkitab.fr\/#organization\",\"name\":\"Librairie Al Kitab | Livres islamiques en fran\u00e7ais et arabe \u2013 Coran, Hadith, apprentissage islamique en ligne\",\"url\":\"https:\/\/www.librairiealkitab.fr\/\",\"logo\":{\"@type\":\"ImageObject\",\"inLanguage\":\"ar\",\"@id\":\"https:\/\/www.librairiealkitab.fr\/#\/schema\/logo\/image\/\",\"url\":\"https:\/\/www.librairiealkitab.fr\/wp-content\/uploads\/2025\/01\/Logo-Librairie-Al-Kitab-2.png\",\"contentUrl\":\"https:\/\/www.librairiealkitab.fr\/wp-content\/uploads\/2025\/01\/Logo-Librairie-Al-Kitab-2.png\",\"width\":500,\"height\":500,\"caption\":\"Librairie Al Kitab | Livres islamiques en fran\u00e7ais et arabe \u2013 Coran, Hadith, apprentissage islamique en ligne\"},\"image\":{\"@id\":\"https:\/\/www.librairiealkitab.fr\/#\/schema\/logo\/image\/\"}}]}<\/script>\n<!-- \/ Yoast SEO Premium plugin. -->","yoast_head_json":{"title":"Le Manuel Complet Et illustr\u00e9 De la pri\u00e8re","description":"Un manuel complet qui explique toutes les formes de la salat ablutions, pri\u00e8re obligatoire et sur\u00e9rogatoire, gestes du Proph\u00e8te\ufdfa pour apprendre \u00e0 bien prier.","robots":{"index":"index","follow":"follow","max-snippet":"max-snippet:-1","max-image-preview":"max-image-preview:large","max-video-preview":"max-video-preview:-1"},"canonical":"https:\/\/www.librairiealkitab.fr\/ar\/boutique\/le-manuel-complet-et-illustre-de-la-priere-de-mahboubi-moussaoui-editions-2016\/","og_locale":"ar_AR","og_type":"article","og_title":"Le manuel complet et illustr\u00e9 de la pri\u00e8re, de Mahboubi Moussaoui (\u00e9ditions 2016) - Sana","og_description":"Un manuel complet qui explique toutes les formes de la salat ablutions, pri\u00e8re obligatoire et sur\u00e9rogatoire, gestes du Proph\u00e8te\ufdfa pour apprendre \u00e0 bien prier.","og_url":"https:\/\/www.librairiealkitab.fr\/ar\/boutique\/le-manuel-complet-et-illustre-de-la-priere-de-mahboubi-moussaoui-editions-2016\/","og_site_name":"Librairie Al Kitab | Livres islamiques en fran\u00e7ais et arabe \u2013 Coran, Hadith, apprentissage islamique en ligne","article_modified_time":"2025-12-08T15:58:17+00:00","og_image":[{"width":1563,"height":1563,"url":"https:\/\/www.librairiealkitab.fr\/wp-content\/uploads\/2025\/04\/9_cdbe28ac-fc1c-4ebb-9c44-1c920432edc6.png","type":"image\/png"}],"twitter_card":"summary_large_image","twitter_misc":{"\u0648\u0642\u062a \u0627\u0644\u0642\u0631\u0627\u0621\u0629 \u0627\u0644\u0645\u064f\u0642\u062f\u0651\u0631":"\u062f\u0642\u064a\u0642\u0629 \u0648\u0627\u062d\u062f\u0629"},"schema":{"@context":"https:\/\/schema.org","@graph":[{"@type":"WebPage","@id":"https:\/\/www.librairiealkitab.fr\/boutique\/le-manuel-complet-et-illustre-de-la-priere-de-mahboubi-moussaoui-editions-2016\/","url":"https:\/\/www.librairiealkitab.fr\/boutique\/le-manuel-complet-et-illustre-de-la-priere-de-mahboubi-moussaoui-editions-2016\/","name":"Le Manuel Complet Et illustr\u00e9 De la pri\u00e8re","isPartOf":{"@id":"https:\/\/www.librairiealkitab.fr\/#website"},"primaryImageOfPage":{"@id":"https:\/\/www.librairiealkitab.fr\/boutique\/le-manuel-complet-et-illustre-de-la-priere-de-mahboubi-moussaoui-editions-2016\/#primaryimage"},"image":{"@id":"https:\/\/www.librairiealkitab.fr\/boutique\/le-manuel-complet-et-illustre-de-la-priere-de-mahboubi-moussaoui-editions-2016\/#primaryimage"},"thumbnailUrl":"https:\/\/www.librairiealkitab.fr\/wp-content\/uploads\/2025\/04\/9_cdbe28ac-fc1c-4ebb-9c44-1c920432edc6.png","datePublished":"2025-04-13T07:10:16+00:00","dateModified":"2025-12-08T15:58:17+00:00","description":"Un manuel complet qui explique toutes les formes de la salat ablutions, pri\u00e8re obligatoire et sur\u00e9rogatoire, gestes du Proph\u00e8te\ufdfa pour apprendre \u00e0 bien prier.","breadcrumb":{"@id":"https:\/\/www.librairiealkitab.fr\/boutique\/le-manuel-complet-et-illustre-de-la-priere-de-mahboubi-moussaoui-editions-2016\/#breadcrumb"},"inLanguage":"ar","potentialAction":[{"@type":"ReadAction","target":["https:\/\/www.librairiealkitab.fr\/boutique\/le-manuel-complet-et-illustre-de-la-priere-de-mahboubi-moussaoui-editions-2016\/"]}]},{"@type":"ImageObject","inLanguage":"ar","@id":"https:\/\/www.librairiealkitab.fr\/boutique\/le-manuel-complet-et-illustre-de-la-priere-de-mahboubi-moussaoui-editions-2016\/#primaryimage","url":"https:\/\/www.librairiealkitab.fr\/wp-content\/uploads\/2025\/04\/9_cdbe28ac-fc1c-4ebb-9c44-1c920432edc6.png","contentUrl":"https:\/\/www.librairiealkitab.fr\/wp-content\/uploads\/2025\/04\/9_cdbe28ac-fc1c-4ebb-9c44-1c920432edc6.png","width":1563,"height":1563},{"@type":"BreadcrumbList","@id":"https:\/\/www.librairiealkitab.fr\/boutique\/le-manuel-complet-et-illustre-de-la-priere-de-mahboubi-moussaoui-editions-2016\/#breadcrumb","itemListElement":[{"@type":"ListItem","position":1,"name":"Accueil","item":"https:\/\/www.librairiealkitab.fr\/"},{"@type":"ListItem","position":2,"name":"Shop","item":"https:\/\/www.librairiealkitab.fr\/shop\/"},{"@type":"ListItem","position":3,"name":"Le manuel complet et illustr\u00e9 de la pri\u00e8re, de Mahboubi Moussaoui (\u00e9ditions 2016) &#8211; Sana"}]},{"@type":"WebSite","@id":"https:\/\/www.librairiealkitab.fr\/#website","url":"https:\/\/www.librairiealkitab.fr\/","name":"Librairie Al Kitab | Livres islamiques en fran\u00e7ais et arabe \u2013 Coran, Hadith, apprentissage islamique en ligne","description":"Boutique en ligne musulmane","publisher":{"@id":"https:\/\/www.librairiealkitab.fr\/#organization"},"potentialAction":[{"@type":"SearchAction","target":{"@type":"EntryPoint","urlTemplate":"https:\/\/www.librairiealkitab.fr\/?s={search_term_string}"},"query-input":{"@type":"PropertyValueSpecification","valueRequired":true,"valueName":"search_term_string"}}],"inLanguage":"ar"},{"@type":"Organization","@id":"https:\/\/www.librairiealkitab.fr\/#organization","name":"Librairie Al Kitab | Livres islamiques en fran\u00e7ais et arabe \u2013 Coran, Hadith, apprentissage islamique en ligne","url":"https:\/\/www.librairiealkitab.fr\/","logo":{"@type":"ImageObject","inLanguage":"ar","@id":"https:\/\/www.librairiealkitab.fr\/#\/schema\/logo\/image\/","url":"https:\/\/www.librairiealkitab.fr\/wp-content\/uploads\/2025\/01\/Logo-Librairie-Al-Kitab-2.png","contentUrl":"https:\/\/www.librairiealkitab.fr\/wp-content\/uploads\/2025\/01\/Logo-Librairie-Al-Kitab-2.png","width":500,"height":500,"caption":"Librairie Al Kitab | Livres islamiques en fran\u00e7ais et arabe \u2013 Coran, Hadith, apprentissage islamique en ligne"},"image":{"@id":"https:\/\/www.librairiealkitab.fr\/#\/schema\/logo\/image\/"}}]}},"jetpack_sharing_enabled":true,"_links":{"self":[{"href":"https:\/\/www.librairiealkitab.fr\/ar\/wp-json\/wp\/v2\/product\/3235","targetHints":{"allow":["GET"]}}],"collection":[{"href":"https:\/\/www.librairiealkitab.fr\/ar\/wp-json\/wp\/v2\/product"}],"about":[{"href":"https:\/\/www.librairiealkitab.fr\/ar\/wp-json\/wp\/v2\/types\/product"}],"version-history":[{"count":2,"href":"https:\/\/www.librairiealkitab.fr\/ar\/wp-json\/wp\/v2\/product\/3235\/revisions"}],"predecessor-version":[{"id":10645,"href":"https:\/\/www.librairiealkitab.fr\/ar\/wp-json\/wp\/v2\/product\/3235\/revisions\/10645"}],"wp:featuredmedia":[{"embeddable":true,"href":"https:\/\/www.librairiealkitab.fr\/ar\/wp-json\/wp\/v2\/media\/5750"}],"wp:attachment":[{"href":"https:\/\/www.librairiealkitab.fr\/ar\/wp-json\/wp\/v2\/media?parent=3235"}],"wp:term":[{"taxonomy":"product_brand","embeddable":true,"href":"https:\/\/www.librairiealkitab.fr\/ar\/wp-json\/wp\/v2\/product_brand?post=3235"},{"taxonomy":"product_cat","embeddable":true,"href":"https:\/\/www.librairiealkitab.fr\/ar\/wp-json\/wp\/v2\/product_cat?post=3235"},{"taxonomy":"product_tag","embeddable":true,"href":"https:\/\/www.librairiealkitab.fr\/ar\/wp-json\/wp\/v2\/product_tag?post=3235"}],"curies":[{"name":"wp","href":"https:\/\/api.w.org\/{rel}","templated":true}]}}