{"id":3239,"date":"2025-04-13T09:10:23","date_gmt":"2025-04-13T07:10:23","guid":{"rendered":"https:\/\/librairiealkitab.fr\/produit\/le-mariage-un-nouveau-depart-dans-la-vie\/"},"modified":"2026-02-12T14:03:24","modified_gmt":"2026-02-12T13:03:24","slug":"le-mariage-un-nouveau-depart-dans-la-vie","status":"publish","type":"product","link":"https:\/\/www.librairiealkitab.fr\/ar\/boutique\/le-mariage-un-nouveau-depart-dans-la-vie\/","title":{"rendered":"Le Mariage un nouveau d\u00e9part dans la vie &#8211; Al Hadith"},"content":{"rendered":"<p><strong>Ce livre<\/strong> est con\u00e7u pour <strong>guider<\/strong> les <strong>pr\u00e9tendants au mariage<\/strong> ainsi que les <strong>couples mari\u00e9s<\/strong>, en leur offrant une <strong>compr\u00e9hension profonde<\/strong> des <strong>objectifs<\/strong> et des <strong>sagesses<\/strong> du <strong>mariage en islam<\/strong>. Il ambitionne non seulement d\u2019exposer les <strong>erreurs courantes<\/strong>, mais surtout de les <strong>corriger<\/strong>, que ce soit au moment des <strong>d\u00e9marches initiales<\/strong>, lors de la <strong>c\u00e9r\u00e9monie<\/strong> ou dans la <strong>vie conjugale<\/strong> au <strong>quotidien<\/strong>.<\/p>\n<p>Nous <strong>recommandons vivement<\/strong> cet <strong>ouvrage<\/strong> aux <strong>fr\u00e8res<\/strong> et <strong>s\u0153urs<\/strong> en <strong>pr\u00e9paration pour le mariage<\/strong> ainsi qu\u2019\u00e0 ceux d\u00e9j\u00e0 <strong>engag\u00e9s<\/strong> dans cette <strong>union<\/strong>, afin qu\u2019ils puissent <strong>profiter<\/strong> des <strong>pr\u00e9cieux conseils<\/strong> qu\u2019il renferme. L\u2019<strong>objectif<\/strong> est de <strong>transformer<\/strong> le <strong>bonheur conjugal<\/strong> en une <strong>r\u00e9alit\u00e9 concr\u00e8te<\/strong>, de faire de la <strong>vie de couple<\/strong> une <strong>voie d\u2019\u00e9panouissement spirituel<\/strong> et non une <strong>simple routine<\/strong> ou une <strong>\u00e9preuve difficile<\/strong>. Que le <strong>mariage<\/strong> devienne ainsi, par la <strong>gr\u00e2ce d\u2019Allah<\/strong>, un <strong>chemin vers le Paradis<\/strong> et une <strong>source de bien-\u00eatre partag\u00e9<\/strong>.<\/p>","protected":false},"excerpt":{"rendered":"<p>Ce livre est con\u00e7u pour guider les pr\u00e9tendants au mariage ainsi que les couples mari\u00e9s, en leur offrant une compr\u00e9hension profonde des objectifs et des sagesses du mariage en islam. Il ambitionne non seulement d\u2019exposer les erreurs courantes, mais surtout de les corriger, que ce soit au moment des d\u00e9marches initiales, lors de la c\u00e9r\u00e9monie<\/p>\n<div class=\"klb-readmore button\"><a class=\"btn link\" href=\"https:\/\/www.librairiealkitab.fr\/ar\/boutique\/le-mariage-un-nouveau-depart-dans-la-vie\/\">Read More <i class=\"klbth-icon-right-arrow\"><\/i><\/a><\/div>","protected":false},"featured_media":5746,"template":"","meta":[],"product_brand":[238],"product_cat":[293,298,127],"product_tag":[],"class_list":{"0":"post-3239","1":"product","2":"type-product","3":"status-publish","4":"has-post-thumbnail","6":"product_brand-al-hadith","7":"product_cat-mariage","8":"product_cat-par-auteur","9":"product_cat-noslivres","11":"first","12":"instock","13":"taxable","14":"shipping-taxable","15":"purchasable","16":"product-type-simple"},"yoast_head":"<!-- This site is optimized with the Yoast SEO Premium plugin v25.4 (Yoast SEO v27.0) - https:\/\/yoast.com\/product\/yoast-seo-premium-wordpress\/ -->\n<title>Le Mariage un nouveau d\u00e9part dans la vie - Al Hadith - Librairie Al Kitab | Livres islamiques en fran\u00e7ais et arabe \u2013 Coran, Hadith, apprentissage islamique en ligne<\/title>\n<meta name=\"robots\" content=\"index, follow, max-snippet:-1, max-image-preview:large, max-video-preview:-1\" \/>\n<link rel=\"canonical\" href=\"https:\/\/www.librairiealkitab.fr\/ar\/boutique\/le-mariage-un-nouveau-depart-dans-la-vie\/\" \/>\n<meta property=\"og:locale\" content=\"ar_AR\" \/>\n<meta property=\"og:type\" content=\"article\" \/>\n<meta property=\"og:title\" content=\"Le Mariage un nouveau d\u00e9part dans la vie - Al Hadith\" \/>\n<meta property=\"og:description\" content=\"Ce livre est con\u00e7u pour guider les pr\u00e9tendants au mariage ainsi que les couples mari\u00e9s, en leur offrant une compr\u00e9hension profonde des objectifs et des sagesses du mariage en islam. Il ambitionne non seulement d\u2019exposer les erreurs courantes, mais surtout de les corriger, que ce soit au moment des d\u00e9marches initiales, lors de la c\u00e9r\u00e9monieRead More\" \/>\n<meta property=\"og:url\" content=\"https:\/\/www.librairiealkitab.fr\/ar\/boutique\/le-mariage-un-nouveau-depart-dans-la-vie\/\" \/>\n<meta property=\"og:site_name\" content=\"Librairie Al Kitab | Livres islamiques en fran\u00e7ais et arabe \u2013 Coran, Hadith, apprentissage islamique en ligne\" \/>\n<meta property=\"article:modified_time\" content=\"2026-02-12T13:03:24+00:00\" \/>\n<meta property=\"og:image\" content=\"https:\/\/www.librairiealkitab.fr\/wp-content\/uploads\/2025\/04\/29_0b390b99-49bc-4451-98ca-5f5f5e1dd380.png\" \/>\n\t<meta property=\"og:image:width\" content=\"1563\" \/>\n\t<meta property=\"og:image:height\" content=\"1563\" \/>\n\t<meta property=\"og:image:type\" content=\"image\/png\" \/>\n<meta name=\"twitter:card\" content=\"summary_large_image\" \/>\n<meta name=\"twitter:label1\" content=\"\u0648\u0642\u062a \u0627\u0644\u0642\u0631\u0627\u0621\u0629 \u0627\u0644\u0645\u064f\u0642\u062f\u0651\u0631\" \/>\n\t<meta name=\"twitter:data1\" content=\"\u062f\u0642\u064a\u0642\u0629 \u0648\u0627\u062d\u062f\u0629\" \/>\n<script type=\"application\/ld+json\" class=\"yoast-schema-graph\">{\"@context\":\"https:\/\/schema.org\",\"@graph\":[{\"@type\":\"WebPage\",\"@id\":\"https:\/\/www.librairiealkitab.fr\/boutique\/le-mariage-un-nouveau-depart-dans-la-vie\/\",\"url\":\"https:\/\/www.librairiealkitab.fr\/boutique\/le-mariage-un-nouveau-depart-dans-la-vie\/\",\"name\":\"Le Mariage un nouveau d\u00e9part dans la vie - Al Hadith - Librairie Al Kitab | Livres islamiques en fran\u00e7ais et arabe \u2013 Coran, Hadith, apprentissage islamique en ligne\",\"isPartOf\":{\"@id\":\"https:\/\/www.librairiealkitab.fr\/#website\"},\"primaryImageOfPage\":{\"@id\":\"https:\/\/www.librairiealkitab.fr\/boutique\/le-mariage-un-nouveau-depart-dans-la-vie\/#primaryimage\"},\"image\":{\"@id\":\"https:\/\/www.librairiealkitab.fr\/boutique\/le-mariage-un-nouveau-depart-dans-la-vie\/#primaryimage\"},\"thumbnailUrl\":\"https:\/\/www.librairiealkitab.fr\/wp-content\/uploads\/2025\/04\/29_0b390b99-49bc-4451-98ca-5f5f5e1dd380.png\",\"datePublished\":\"2025-04-13T07:10:23+00:00\",\"dateModified\":\"2026-02-12T13:03:24+00:00\",\"breadcrumb\":{\"@id\":\"https:\/\/www.librairiealkitab.fr\/boutique\/le-mariage-un-nouveau-depart-dans-la-vie\/#breadcrumb\"},\"inLanguage\":\"ar\",\"potentialAction\":[{\"@type\":\"ReadAction\",\"target\":[\"https:\/\/www.librairiealkitab.fr\/boutique\/le-mariage-un-nouveau-depart-dans-la-vie\/\"]}]},{\"@type\":\"ImageObject\",\"inLanguage\":\"ar\",\"@id\":\"https:\/\/www.librairiealkitab.fr\/boutique\/le-mariage-un-nouveau-depart-dans-la-vie\/#primaryimage\",\"url\":\"https:\/\/www.librairiealkitab.fr\/wp-content\/uploads\/2025\/04\/29_0b390b99-49bc-4451-98ca-5f5f5e1dd380.png\",\"contentUrl\":\"https:\/\/www.librairiealkitab.fr\/wp-content\/uploads\/2025\/04\/29_0b390b99-49bc-4451-98ca-5f5f5e1dd380.png\",\"width\":1563,\"height\":1563},{\"@type\":\"BreadcrumbList\",\"@id\":\"https:\/\/www.librairiealkitab.fr\/boutique\/le-mariage-un-nouveau-depart-dans-la-vie\/#breadcrumb\",\"itemListElement\":[{\"@type\":\"ListItem\",\"position\":1,\"name\":\"Accueil\",\"item\":\"https:\/\/www.librairiealkitab.fr\/\"},{\"@type\":\"ListItem\",\"position\":2,\"name\":\"Shop\",\"item\":\"https:\/\/www.librairiealkitab.fr\/shop\/\"},{\"@type\":\"ListItem\",\"position\":3,\"name\":\"Le Mariage un nouveau d\u00e9part dans la vie &#8211; Al Hadith\"}]},{\"@type\":\"WebSite\",\"@id\":\"https:\/\/www.librairiealkitab.fr\/#website\",\"url\":\"https:\/\/www.librairiealkitab.fr\/\",\"name\":\"Librairie Al Kitab | Livres islamiques en fran\u00e7ais et arabe \u2013 Coran, Hadith, apprentissage islamique en ligne\",\"description\":\"Boutique en ligne musulmane\",\"publisher\":{\"@id\":\"https:\/\/www.librairiealkitab.fr\/#organization\"},\"potentialAction\":[{\"@type\":\"SearchAction\",\"target\":{\"@type\":\"EntryPoint\",\"urlTemplate\":\"https:\/\/www.librairiealkitab.fr\/?s={search_term_string}\"},\"query-input\":{\"@type\":\"PropertyValueSpecification\",\"valueRequired\":true,\"valueName\":\"search_term_string\"}}],\"inLanguage\":\"ar\"},{\"@type\":\"Organization\",\"@id\":\"https:\/\/www.librairiealkitab.fr\/#organization\",\"name\":\"Librairie Al Kitab | Livres islamiques en fran\u00e7ais et arabe \u2013 Coran, Hadith, apprentissage islamique en ligne\",\"url\":\"https:\/\/www.librairiealkitab.fr\/\",\"logo\":{\"@type\":\"ImageObject\",\"inLanguage\":\"ar\",\"@id\":\"https:\/\/www.librairiealkitab.fr\/#\/schema\/logo\/image\/\",\"url\":\"https:\/\/www.librairiealkitab.fr\/wp-content\/uploads\/2025\/01\/Logo-Librairie-Al-Kitab-2.png\",\"contentUrl\":\"https:\/\/www.librairiealkitab.fr\/wp-content\/uploads\/2025\/01\/Logo-Librairie-Al-Kitab-2.png\",\"width\":500,\"height\":500,\"caption\":\"Librairie Al Kitab | Livres islamiques en fran\u00e7ais et arabe \u2013 Coran, Hadith, apprentissage islamique en ligne\"},\"image\":{\"@id\":\"https:\/\/www.librairiealkitab.fr\/#\/schema\/logo\/image\/\"}}]}<\/script>\n<!-- \/ Yoast SEO Premium plugin. -->","yoast_head_json":{"title":"Le Mariage un nouveau d\u00e9part dans la vie - Al Hadith - Librairie Al Kitab | Livres islamiques en fran\u00e7ais et arabe \u2013 Coran, Hadith, apprentissage islamique en ligne","robots":{"index":"index","follow":"follow","max-snippet":"max-snippet:-1","max-image-preview":"max-image-preview:large","max-video-preview":"max-video-preview:-1"},"canonical":"https:\/\/www.librairiealkitab.fr\/ar\/boutique\/le-mariage-un-nouveau-depart-dans-la-vie\/","og_locale":"ar_AR","og_type":"article","og_title":"Le Mariage un nouveau d\u00e9part dans la vie - Al Hadith","og_description":"Ce livre est con\u00e7u pour guider les pr\u00e9tendants au mariage ainsi que les couples mari\u00e9s, en leur offrant une compr\u00e9hension profonde des objectifs et des sagesses du mariage en islam. Il ambitionne non seulement d\u2019exposer les erreurs courantes, mais surtout de les corriger, que ce soit au moment des d\u00e9marches initiales, lors de la c\u00e9r\u00e9monieRead More","og_url":"https:\/\/www.librairiealkitab.fr\/ar\/boutique\/le-mariage-un-nouveau-depart-dans-la-vie\/","og_site_name":"Librairie Al Kitab | Livres islamiques en fran\u00e7ais et arabe \u2013 Coran, Hadith, apprentissage islamique en ligne","article_modified_time":"2026-02-12T13:03:24+00:00","og_image":[{"width":1563,"height":1563,"url":"https:\/\/www.librairiealkitab.fr\/wp-content\/uploads\/2025\/04\/29_0b390b99-49bc-4451-98ca-5f5f5e1dd380.png","type":"image\/png"}],"twitter_card":"summary_large_image","twitter_misc":{"\u0648\u0642\u062a \u0627\u0644\u0642\u0631\u0627\u0621\u0629 \u0627\u0644\u0645\u064f\u0642\u062f\u0651\u0631":"\u062f\u0642\u064a\u0642\u0629 \u0648\u0627\u062d\u062f\u0629"},"schema":{"@context":"https:\/\/schema.org","@graph":[{"@type":"WebPage","@id":"https:\/\/www.librairiealkitab.fr\/boutique\/le-mariage-un-nouveau-depart-dans-la-vie\/","url":"https:\/\/www.librairiealkitab.fr\/boutique\/le-mariage-un-nouveau-depart-dans-la-vie\/","name":"Le Mariage un nouveau d\u00e9part dans la vie - Al Hadith - Librairie Al Kitab | Livres islamiques en fran\u00e7ais et arabe \u2013 Coran, Hadith, apprentissage islamique en ligne","isPartOf":{"@id":"https:\/\/www.librairiealkitab.fr\/#website"},"primaryImageOfPage":{"@id":"https:\/\/www.librairiealkitab.fr\/boutique\/le-mariage-un-nouveau-depart-dans-la-vie\/#primaryimage"},"image":{"@id":"https:\/\/www.librairiealkitab.fr\/boutique\/le-mariage-un-nouveau-depart-dans-la-vie\/#primaryimage"},"thumbnailUrl":"https:\/\/www.librairiealkitab.fr\/wp-content\/uploads\/2025\/04\/29_0b390b99-49bc-4451-98ca-5f5f5e1dd380.png","datePublished":"2025-04-13T07:10:23+00:00","dateModified":"2026-02-12T13:03:24+00:00","breadcrumb":{"@id":"https:\/\/www.librairiealkitab.fr\/boutique\/le-mariage-un-nouveau-depart-dans-la-vie\/#breadcrumb"},"inLanguage":"ar","potentialAction":[{"@type":"ReadAction","target":["https:\/\/www.librairiealkitab.fr\/boutique\/le-mariage-un-nouveau-depart-dans-la-vie\/"]}]},{"@type":"ImageObject","inLanguage":"ar","@id":"https:\/\/www.librairiealkitab.fr\/boutique\/le-mariage-un-nouveau-depart-dans-la-vie\/#primaryimage","url":"https:\/\/www.librairiealkitab.fr\/wp-content\/uploads\/2025\/04\/29_0b390b99-49bc-4451-98ca-5f5f5e1dd380.png","contentUrl":"https:\/\/www.librairiealkitab.fr\/wp-content\/uploads\/2025\/04\/29_0b390b99-49bc-4451-98ca-5f5f5e1dd380.png","width":1563,"height":1563},{"@type":"BreadcrumbList","@id":"https:\/\/www.librairiealkitab.fr\/boutique\/le-mariage-un-nouveau-depart-dans-la-vie\/#breadcrumb","itemListElement":[{"@type":"ListItem","position":1,"name":"Accueil","item":"https:\/\/www.librairiealkitab.fr\/"},{"@type":"ListItem","position":2,"name":"Shop","item":"https:\/\/www.librairiealkitab.fr\/shop\/"},{"@type":"ListItem","position":3,"name":"Le Mariage un nouveau d\u00e9part dans la vie &#8211; Al Hadith"}]},{"@type":"WebSite","@id":"https:\/\/www.librairiealkitab.fr\/#website","url":"https:\/\/www.librairiealkitab.fr\/","name":"Librairie Al Kitab | Livres islamiques en fran\u00e7ais et arabe \u2013 Coran, Hadith, apprentissage islamique en ligne","description":"Boutique en ligne musulmane","publisher":{"@id":"https:\/\/www.librairiealkitab.fr\/#organization"},"potentialAction":[{"@type":"SearchAction","target":{"@type":"EntryPoint","urlTemplate":"https:\/\/www.librairiealkitab.fr\/?s={search_term_string}"},"query-input":{"@type":"PropertyValueSpecification","valueRequired":true,"valueName":"search_term_string"}}],"inLanguage":"ar"},{"@type":"Organization","@id":"https:\/\/www.librairiealkitab.fr\/#organization","name":"Librairie Al Kitab | Livres islamiques en fran\u00e7ais et arabe \u2013 Coran, Hadith, apprentissage islamique en ligne","url":"https:\/\/www.librairiealkitab.fr\/","logo":{"@type":"ImageObject","inLanguage":"ar","@id":"https:\/\/www.librairiealkitab.fr\/#\/schema\/logo\/image\/","url":"https:\/\/www.librairiealkitab.fr\/wp-content\/uploads\/2025\/01\/Logo-Librairie-Al-Kitab-2.png","contentUrl":"https:\/\/www.librairiealkitab.fr\/wp-content\/uploads\/2025\/01\/Logo-Librairie-Al-Kitab-2.png","width":500,"height":500,"caption":"Librairie Al Kitab | Livres islamiques en fran\u00e7ais et arabe \u2013 Coran, Hadith, apprentissage islamique en ligne"},"image":{"@id":"https:\/\/www.librairiealkitab.fr\/#\/schema\/logo\/image\/"}}]}},"jetpack_sharing_enabled":true,"_links":{"self":[{"href":"https:\/\/www.librairiealkitab.fr\/ar\/wp-json\/wp\/v2\/product\/3239","targetHints":{"allow":["GET"]}}],"collection":[{"href":"https:\/\/www.librairiealkitab.fr\/ar\/wp-json\/wp\/v2\/product"}],"about":[{"href":"https:\/\/www.librairiealkitab.fr\/ar\/wp-json\/wp\/v2\/types\/product"}],"version-history":[{"count":1,"href":"https:\/\/www.librairiealkitab.fr\/ar\/wp-json\/wp\/v2\/product\/3239\/revisions"}],"predecessor-version":[{"id":10570,"href":"https:\/\/www.librairiealkitab.fr\/ar\/wp-json\/wp\/v2\/product\/3239\/revisions\/10570"}],"wp:featuredmedia":[{"embeddable":true,"href":"https:\/\/www.librairiealkitab.fr\/ar\/wp-json\/wp\/v2\/media\/5746"}],"wp:attachment":[{"href":"https:\/\/www.librairiealkitab.fr\/ar\/wp-json\/wp\/v2\/media?parent=3239"}],"wp:term":[{"taxonomy":"product_brand","embeddable":true,"href":"https:\/\/www.librairiealkitab.fr\/ar\/wp-json\/wp\/v2\/product_brand?post=3239"},{"taxonomy":"product_cat","embeddable":true,"href":"https:\/\/www.librairiealkitab.fr\/ar\/wp-json\/wp\/v2\/product_cat?post=3239"},{"taxonomy":"product_tag","embeddable":true,"href":"https:\/\/www.librairiealkitab.fr\/ar\/wp-json\/wp\/v2\/product_tag?post=3239"}],"curies":[{"name":"wp","href":"https:\/\/api.w.org\/{rel}","templated":true}]}}