{"id":3290,"date":"2025-04-13T09:11:29","date_gmt":"2025-04-13T07:11:29","guid":{"rendered":"https:\/\/librairiealkitab.fr\/produit\/le-wajiz-ou-le-sommaire-de-la-jurisprudence-abdeladhim-ibn-badaoui-iiph\/"},"modified":"2025-07-28T17:54:22","modified_gmt":"2025-07-28T15:54:22","slug":"le-wajiz-ou-le-sommaire-de-la-jurisprudence-abdeladhim-ibn-badaoui-iiph","status":"publish","type":"product","link":"https:\/\/www.librairiealkitab.fr\/ar\/boutique\/le-wajiz-ou-le-sommaire-de-la-jurisprudence-abdeladhim-ibn-badaoui-iiph\/","title":{"rendered":"Le Wajiz ou le Sommaire de la Jurisprudence &#8211; Abdeladhim Ibn Badaoui &#8211; IIPH"},"content":{"rendered":"<p><strong>Le Wajiz<\/strong> est un ouvrage de <strong>jurisprudence islamique<\/strong> reconnu pour son approche \u00e0 la fois <strong>fid\u00e8le<\/strong> et <strong>concise<\/strong> du <strong>fiqh<\/strong>. D\u00e9j\u00e0 appr\u00e9ci\u00e9 dans sa version arabe, il est d\u00e9sormais disponible en <strong>fran\u00e7ais<\/strong>, enrichissant la litt\u00e9rature islamique francophone d\u2019une r\u00e9f\u00e9rence incontournable.<\/p>\n<p>Ce livre se distingue par la <strong>fiabilit\u00e9<\/strong> de ses sources, exclusivement tir\u00e9es du <strong>Coran<\/strong> et des <strong>hadiths authentiques<\/strong>, sans recourir aux r\u00e9cits faibles souvent rencontr\u00e9s ailleurs. Son ton reste <strong>neutre<\/strong> et <strong>clair<\/strong>, loin des divergences pol\u00e9miques, afin d\u2019exposer les <strong>r\u00e8gles pratiques<\/strong> de mani\u00e8re accessible et coh\u00e9rente.<\/p>\n<p>Con\u00e7u comme un <strong>outil pratique<\/strong>, <strong>Le Wajiz<\/strong> accompagne le lecteur dans la compr\u00e9hension des r\u00e8gles qui organisent le <strong>quotidien du musulman pieux<\/strong>, avec pr\u00e9cision et simplicit\u00e9.<\/p>","protected":false},"excerpt":{"rendered":"<p>Le Wajiz est un ouvrage de jurisprudence islamique reconnu pour son approche \u00e0 la fois fid\u00e8le et concise du fiqh. D\u00e9j\u00e0 appr\u00e9ci\u00e9 dans sa version arabe, il est d\u00e9sormais disponible en fran\u00e7ais, enrichissant la litt\u00e9rature islamique francophone d\u2019une r\u00e9f\u00e9rence incontournable. Ce livre se distingue par la fiabilit\u00e9 de ses sources, exclusivement tir\u00e9es du Coran et<\/p>\n<div class=\"klb-readmore button\"><a class=\"btn link\" href=\"https:\/\/www.librairiealkitab.fr\/ar\/boutique\/le-wajiz-ou-le-sommaire-de-la-jurisprudence-abdeladhim-ibn-badaoui-iiph\/\">Read More <i class=\"klbth-icon-right-arrow\"><\/i><\/a><\/div>","protected":false},"featured_media":5706,"template":"","meta":[],"product_brand":[230],"product_cat":[313,272,127],"product_tag":[],"class_list":{"0":"post-3290","1":"product","2":"type-product","3":"status-publish","4":"has-post-thumbnail","6":"product_brand-iiph","7":"product_cat-fiqh-malikite","8":"product_cat-jurisprudence","9":"product_cat-noslivres","11":"first","12":"instock","13":"taxable","14":"shipping-taxable","15":"purchasable","16":"product-type-simple"},"yoast_head":"<!-- This site is optimized with the Yoast SEO Premium plugin v25.4 (Yoast SEO v27.0) - https:\/\/yoast.com\/product\/yoast-seo-premium-wordpress\/ -->\n<title>Le Wajiz ou le Sommaire de la Jurisprudence - Abdeladhim Ibn Badaoui - IIPH - Librairie Al Kitab | Livres islamiques en fran\u00e7ais et arabe \u2013 Coran, Hadith, apprentissage islamique en ligne<\/title>\n<meta name=\"robots\" content=\"index, follow, max-snippet:-1, max-image-preview:large, max-video-preview:-1\" \/>\n<link rel=\"canonical\" href=\"https:\/\/www.librairiealkitab.fr\/ar\/boutique\/le-wajiz-ou-le-sommaire-de-la-jurisprudence-abdeladhim-ibn-badaoui-iiph\/\" \/>\n<meta property=\"og:locale\" content=\"ar_AR\" \/>\n<meta property=\"og:type\" content=\"article\" \/>\n<meta property=\"og:title\" content=\"Le Wajiz ou le Sommaire de la Jurisprudence - Abdeladhim Ibn Badaoui - IIPH\" \/>\n<meta property=\"og:description\" content=\"Le Wajiz est un ouvrage de jurisprudence islamique reconnu pour son approche \u00e0 la fois fid\u00e8le et concise du fiqh. D\u00e9j\u00e0 appr\u00e9ci\u00e9 dans sa version arabe, il est d\u00e9sormais disponible en fran\u00e7ais, enrichissant la litt\u00e9rature islamique francophone d\u2019une r\u00e9f\u00e9rence incontournable. Ce livre se distingue par la fiabilit\u00e9 de ses sources, exclusivement tir\u00e9es du Coran etRead More\" \/>\n<meta property=\"og:url\" content=\"https:\/\/www.librairiealkitab.fr\/ar\/boutique\/le-wajiz-ou-le-sommaire-de-la-jurisprudence-abdeladhim-ibn-badaoui-iiph\/\" \/>\n<meta property=\"og:site_name\" content=\"Librairie Al Kitab | Livres islamiques en fran\u00e7ais et arabe \u2013 Coran, Hadith, apprentissage islamique en ligne\" \/>\n<meta property=\"article:modified_time\" content=\"2025-07-28T15:54:22+00:00\" \/>\n<meta property=\"og:image\" content=\"https:\/\/www.librairiealkitab.fr\/wp-content\/uploads\/2025\/04\/39_8f43add3-f3bb-4837-bb94-9303832163b1.png\" \/>\n\t<meta property=\"og:image:width\" content=\"1563\" \/>\n\t<meta property=\"og:image:height\" content=\"1563\" \/>\n\t<meta property=\"og:image:type\" content=\"image\/png\" \/>\n<meta name=\"twitter:card\" content=\"summary_large_image\" \/>\n<meta name=\"twitter:label1\" content=\"\u0648\u0642\u062a \u0627\u0644\u0642\u0631\u0627\u0621\u0629 \u0627\u0644\u0645\u064f\u0642\u062f\u0651\u0631\" \/>\n\t<meta name=\"twitter:data1\" content=\"\u062f\u0642\u064a\u0642\u0629 \u0648\u0627\u062d\u062f\u0629\" \/>\n<script type=\"application\/ld+json\" class=\"yoast-schema-graph\">{\"@context\":\"https:\/\/schema.org\",\"@graph\":[{\"@type\":\"WebPage\",\"@id\":\"https:\/\/www.librairiealkitab.fr\/boutique\/le-wajiz-ou-le-sommaire-de-la-jurisprudence-abdeladhim-ibn-badaoui-iiph\/\",\"url\":\"https:\/\/www.librairiealkitab.fr\/boutique\/le-wajiz-ou-le-sommaire-de-la-jurisprudence-abdeladhim-ibn-badaoui-iiph\/\",\"name\":\"Le Wajiz ou le Sommaire de la Jurisprudence - Abdeladhim Ibn Badaoui - IIPH - Librairie Al Kitab | Livres islamiques en fran\u00e7ais et arabe \u2013 Coran, Hadith, apprentissage islamique en ligne\",\"isPartOf\":{\"@id\":\"https:\/\/www.librairiealkitab.fr\/#website\"},\"primaryImageOfPage\":{\"@id\":\"https:\/\/www.librairiealkitab.fr\/boutique\/le-wajiz-ou-le-sommaire-de-la-jurisprudence-abdeladhim-ibn-badaoui-iiph\/#primaryimage\"},\"image\":{\"@id\":\"https:\/\/www.librairiealkitab.fr\/boutique\/le-wajiz-ou-le-sommaire-de-la-jurisprudence-abdeladhim-ibn-badaoui-iiph\/#primaryimage\"},\"thumbnailUrl\":\"https:\/\/www.librairiealkitab.fr\/wp-content\/uploads\/2025\/04\/39_8f43add3-f3bb-4837-bb94-9303832163b1.png\",\"datePublished\":\"2025-04-13T07:11:29+00:00\",\"dateModified\":\"2025-07-28T15:54:22+00:00\",\"breadcrumb\":{\"@id\":\"https:\/\/www.librairiealkitab.fr\/boutique\/le-wajiz-ou-le-sommaire-de-la-jurisprudence-abdeladhim-ibn-badaoui-iiph\/#breadcrumb\"},\"inLanguage\":\"ar\",\"potentialAction\":[{\"@type\":\"ReadAction\",\"target\":[\"https:\/\/www.librairiealkitab.fr\/boutique\/le-wajiz-ou-le-sommaire-de-la-jurisprudence-abdeladhim-ibn-badaoui-iiph\/\"]}]},{\"@type\":\"ImageObject\",\"inLanguage\":\"ar\",\"@id\":\"https:\/\/www.librairiealkitab.fr\/boutique\/le-wajiz-ou-le-sommaire-de-la-jurisprudence-abdeladhim-ibn-badaoui-iiph\/#primaryimage\",\"url\":\"https:\/\/www.librairiealkitab.fr\/wp-content\/uploads\/2025\/04\/39_8f43add3-f3bb-4837-bb94-9303832163b1.png\",\"contentUrl\":\"https:\/\/www.librairiealkitab.fr\/wp-content\/uploads\/2025\/04\/39_8f43add3-f3bb-4837-bb94-9303832163b1.png\",\"width\":1563,\"height\":1563},{\"@type\":\"BreadcrumbList\",\"@id\":\"https:\/\/www.librairiealkitab.fr\/boutique\/le-wajiz-ou-le-sommaire-de-la-jurisprudence-abdeladhim-ibn-badaoui-iiph\/#breadcrumb\",\"itemListElement\":[{\"@type\":\"ListItem\",\"position\":1,\"name\":\"Accueil\",\"item\":\"https:\/\/www.librairiealkitab.fr\/\"},{\"@type\":\"ListItem\",\"position\":2,\"name\":\"Shop\",\"item\":\"https:\/\/www.librairiealkitab.fr\/shop\/\"},{\"@type\":\"ListItem\",\"position\":3,\"name\":\"Le Wajiz ou le Sommaire de la Jurisprudence &#8211; Abdeladhim Ibn Badaoui &#8211; IIPH\"}]},{\"@type\":\"WebSite\",\"@id\":\"https:\/\/www.librairiealkitab.fr\/#website\",\"url\":\"https:\/\/www.librairiealkitab.fr\/\",\"name\":\"Librairie Al Kitab | Livres islamiques en fran\u00e7ais et arabe \u2013 Coran, Hadith, apprentissage islamique en ligne\",\"description\":\"Boutique en ligne musulmane\",\"publisher\":{\"@id\":\"https:\/\/www.librairiealkitab.fr\/#organization\"},\"potentialAction\":[{\"@type\":\"SearchAction\",\"target\":{\"@type\":\"EntryPoint\",\"urlTemplate\":\"https:\/\/www.librairiealkitab.fr\/?s={search_term_string}\"},\"query-input\":{\"@type\":\"PropertyValueSpecification\",\"valueRequired\":true,\"valueName\":\"search_term_string\"}}],\"inLanguage\":\"ar\"},{\"@type\":\"Organization\",\"@id\":\"https:\/\/www.librairiealkitab.fr\/#organization\",\"name\":\"Librairie Al Kitab | Livres islamiques en fran\u00e7ais et arabe \u2013 Coran, Hadith, apprentissage islamique en ligne\",\"url\":\"https:\/\/www.librairiealkitab.fr\/\",\"logo\":{\"@type\":\"ImageObject\",\"inLanguage\":\"ar\",\"@id\":\"https:\/\/www.librairiealkitab.fr\/#\/schema\/logo\/image\/\",\"url\":\"https:\/\/www.librairiealkitab.fr\/wp-content\/uploads\/2025\/01\/Logo-Librairie-Al-Kitab-2.png\",\"contentUrl\":\"https:\/\/www.librairiealkitab.fr\/wp-content\/uploads\/2025\/01\/Logo-Librairie-Al-Kitab-2.png\",\"width\":500,\"height\":500,\"caption\":\"Librairie Al Kitab | Livres islamiques en fran\u00e7ais et arabe \u2013 Coran, Hadith, apprentissage islamique en ligne\"},\"image\":{\"@id\":\"https:\/\/www.librairiealkitab.fr\/#\/schema\/logo\/image\/\"}}]}<\/script>\n<!-- \/ Yoast SEO Premium plugin. -->","yoast_head_json":{"title":"Le Wajiz ou le Sommaire de la Jurisprudence - Abdeladhim Ibn Badaoui - IIPH - Librairie Al Kitab | Livres islamiques en fran\u00e7ais et arabe \u2013 Coran, Hadith, apprentissage islamique en ligne","robots":{"index":"index","follow":"follow","max-snippet":"max-snippet:-1","max-image-preview":"max-image-preview:large","max-video-preview":"max-video-preview:-1"},"canonical":"https:\/\/www.librairiealkitab.fr\/ar\/boutique\/le-wajiz-ou-le-sommaire-de-la-jurisprudence-abdeladhim-ibn-badaoui-iiph\/","og_locale":"ar_AR","og_type":"article","og_title":"Le Wajiz ou le Sommaire de la Jurisprudence - Abdeladhim Ibn Badaoui - IIPH","og_description":"Le Wajiz est un ouvrage de jurisprudence islamique reconnu pour son approche \u00e0 la fois fid\u00e8le et concise du fiqh. D\u00e9j\u00e0 appr\u00e9ci\u00e9 dans sa version arabe, il est d\u00e9sormais disponible en fran\u00e7ais, enrichissant la litt\u00e9rature islamique francophone d\u2019une r\u00e9f\u00e9rence incontournable. Ce livre se distingue par la fiabilit\u00e9 de ses sources, exclusivement tir\u00e9es du Coran etRead More","og_url":"https:\/\/www.librairiealkitab.fr\/ar\/boutique\/le-wajiz-ou-le-sommaire-de-la-jurisprudence-abdeladhim-ibn-badaoui-iiph\/","og_site_name":"Librairie Al Kitab | Livres islamiques en fran\u00e7ais et arabe \u2013 Coran, Hadith, apprentissage islamique en ligne","article_modified_time":"2025-07-28T15:54:22+00:00","og_image":[{"width":1563,"height":1563,"url":"https:\/\/www.librairiealkitab.fr\/wp-content\/uploads\/2025\/04\/39_8f43add3-f3bb-4837-bb94-9303832163b1.png","type":"image\/png"}],"twitter_card":"summary_large_image","twitter_misc":{"\u0648\u0642\u062a \u0627\u0644\u0642\u0631\u0627\u0621\u0629 \u0627\u0644\u0645\u064f\u0642\u062f\u0651\u0631":"\u062f\u0642\u064a\u0642\u0629 \u0648\u0627\u062d\u062f\u0629"},"schema":{"@context":"https:\/\/schema.org","@graph":[{"@type":"WebPage","@id":"https:\/\/www.librairiealkitab.fr\/boutique\/le-wajiz-ou-le-sommaire-de-la-jurisprudence-abdeladhim-ibn-badaoui-iiph\/","url":"https:\/\/www.librairiealkitab.fr\/boutique\/le-wajiz-ou-le-sommaire-de-la-jurisprudence-abdeladhim-ibn-badaoui-iiph\/","name":"Le Wajiz ou le Sommaire de la Jurisprudence - Abdeladhim Ibn Badaoui - IIPH - Librairie Al Kitab | Livres islamiques en fran\u00e7ais et arabe \u2013 Coran, Hadith, apprentissage islamique en ligne","isPartOf":{"@id":"https:\/\/www.librairiealkitab.fr\/#website"},"primaryImageOfPage":{"@id":"https:\/\/www.librairiealkitab.fr\/boutique\/le-wajiz-ou-le-sommaire-de-la-jurisprudence-abdeladhim-ibn-badaoui-iiph\/#primaryimage"},"image":{"@id":"https:\/\/www.librairiealkitab.fr\/boutique\/le-wajiz-ou-le-sommaire-de-la-jurisprudence-abdeladhim-ibn-badaoui-iiph\/#primaryimage"},"thumbnailUrl":"https:\/\/www.librairiealkitab.fr\/wp-content\/uploads\/2025\/04\/39_8f43add3-f3bb-4837-bb94-9303832163b1.png","datePublished":"2025-04-13T07:11:29+00:00","dateModified":"2025-07-28T15:54:22+00:00","breadcrumb":{"@id":"https:\/\/www.librairiealkitab.fr\/boutique\/le-wajiz-ou-le-sommaire-de-la-jurisprudence-abdeladhim-ibn-badaoui-iiph\/#breadcrumb"},"inLanguage":"ar","potentialAction":[{"@type":"ReadAction","target":["https:\/\/www.librairiealkitab.fr\/boutique\/le-wajiz-ou-le-sommaire-de-la-jurisprudence-abdeladhim-ibn-badaoui-iiph\/"]}]},{"@type":"ImageObject","inLanguage":"ar","@id":"https:\/\/www.librairiealkitab.fr\/boutique\/le-wajiz-ou-le-sommaire-de-la-jurisprudence-abdeladhim-ibn-badaoui-iiph\/#primaryimage","url":"https:\/\/www.librairiealkitab.fr\/wp-content\/uploads\/2025\/04\/39_8f43add3-f3bb-4837-bb94-9303832163b1.png","contentUrl":"https:\/\/www.librairiealkitab.fr\/wp-content\/uploads\/2025\/04\/39_8f43add3-f3bb-4837-bb94-9303832163b1.png","width":1563,"height":1563},{"@type":"BreadcrumbList","@id":"https:\/\/www.librairiealkitab.fr\/boutique\/le-wajiz-ou-le-sommaire-de-la-jurisprudence-abdeladhim-ibn-badaoui-iiph\/#breadcrumb","itemListElement":[{"@type":"ListItem","position":1,"name":"Accueil","item":"https:\/\/www.librairiealkitab.fr\/"},{"@type":"ListItem","position":2,"name":"Shop","item":"https:\/\/www.librairiealkitab.fr\/shop\/"},{"@type":"ListItem","position":3,"name":"Le Wajiz ou le Sommaire de la Jurisprudence &#8211; Abdeladhim Ibn Badaoui &#8211; IIPH"}]},{"@type":"WebSite","@id":"https:\/\/www.librairiealkitab.fr\/#website","url":"https:\/\/www.librairiealkitab.fr\/","name":"Librairie Al Kitab | Livres islamiques en fran\u00e7ais et arabe \u2013 Coran, Hadith, apprentissage islamique en ligne","description":"Boutique en ligne musulmane","publisher":{"@id":"https:\/\/www.librairiealkitab.fr\/#organization"},"potentialAction":[{"@type":"SearchAction","target":{"@type":"EntryPoint","urlTemplate":"https:\/\/www.librairiealkitab.fr\/?s={search_term_string}"},"query-input":{"@type":"PropertyValueSpecification","valueRequired":true,"valueName":"search_term_string"}}],"inLanguage":"ar"},{"@type":"Organization","@id":"https:\/\/www.librairiealkitab.fr\/#organization","name":"Librairie Al Kitab | Livres islamiques en fran\u00e7ais et arabe \u2013 Coran, Hadith, apprentissage islamique en ligne","url":"https:\/\/www.librairiealkitab.fr\/","logo":{"@type":"ImageObject","inLanguage":"ar","@id":"https:\/\/www.librairiealkitab.fr\/#\/schema\/logo\/image\/","url":"https:\/\/www.librairiealkitab.fr\/wp-content\/uploads\/2025\/01\/Logo-Librairie-Al-Kitab-2.png","contentUrl":"https:\/\/www.librairiealkitab.fr\/wp-content\/uploads\/2025\/01\/Logo-Librairie-Al-Kitab-2.png","width":500,"height":500,"caption":"Librairie Al Kitab | Livres islamiques en fran\u00e7ais et arabe \u2013 Coran, Hadith, apprentissage islamique en ligne"},"image":{"@id":"https:\/\/www.librairiealkitab.fr\/#\/schema\/logo\/image\/"}}]}},"jetpack_sharing_enabled":true,"_links":{"self":[{"href":"https:\/\/www.librairiealkitab.fr\/ar\/wp-json\/wp\/v2\/product\/3290","targetHints":{"allow":["GET"]}}],"collection":[{"href":"https:\/\/www.librairiealkitab.fr\/ar\/wp-json\/wp\/v2\/product"}],"about":[{"href":"https:\/\/www.librairiealkitab.fr\/ar\/wp-json\/wp\/v2\/types\/product"}],"version-history":[{"count":1,"href":"https:\/\/www.librairiealkitab.fr\/ar\/wp-json\/wp\/v2\/product\/3290\/revisions"}],"predecessor-version":[{"id":10162,"href":"https:\/\/www.librairiealkitab.fr\/ar\/wp-json\/wp\/v2\/product\/3290\/revisions\/10162"}],"wp:featuredmedia":[{"embeddable":true,"href":"https:\/\/www.librairiealkitab.fr\/ar\/wp-json\/wp\/v2\/media\/5706"}],"wp:attachment":[{"href":"https:\/\/www.librairiealkitab.fr\/ar\/wp-json\/wp\/v2\/media?parent=3290"}],"wp:term":[{"taxonomy":"product_brand","embeddable":true,"href":"https:\/\/www.librairiealkitab.fr\/ar\/wp-json\/wp\/v2\/product_brand?post=3290"},{"taxonomy":"product_cat","embeddable":true,"href":"https:\/\/www.librairiealkitab.fr\/ar\/wp-json\/wp\/v2\/product_cat?post=3290"},{"taxonomy":"product_tag","embeddable":true,"href":"https:\/\/www.librairiealkitab.fr\/ar\/wp-json\/wp\/v2\/product_tag?post=3290"}],"curies":[{"name":"wp","href":"https:\/\/api.w.org\/{rel}","templated":true}]}}