{"id":3322,"date":"2025-04-13T09:12:13","date_gmt":"2025-04-13T07:12:13","guid":{"rendered":"https:\/\/librairiealkitab.fr\/produit\/les-cles-du-bonheur-ibn-al-qayyim\/"},"modified":"2026-04-23T17:40:31","modified_gmt":"2026-04-23T15:40:31","slug":"les-cles-du-bonheur-ibn-al-qayyim","status":"publish","type":"product","link":"https:\/\/www.librairiealkitab.fr\/ar\/boutique\/les-cles-du-bonheur-ibn-al-qayyim\/","title":{"rendered":"Les cl\u00e9s du bonheur &#8211; Ibn Al-Qayyim &#8211; Muslimlife"},"content":{"rendered":"<p><strong>Comment \u00eatre heureux ?<\/strong><\/p>\n<p>Toutes les louanges appartiennent \u00e0 <strong>Allah<\/strong> qui a dit (traduction approch\u00e9e du sens des versets) :<\/p>\n<p>\u00ab <strong>Nous n&#8217;avons point fait descendre sur toi le Coran pour que tu sois malheureux<\/strong> \u00bb<br \/>\n(<strong>Sourate 20 : T\u00e2-H\u00e2, verset 2<\/strong>)<\/p>\n<p>\u00ab <strong>Et que c&#8217;est Lui qui a fait rire et qui a fait pleurer<\/strong> \u00bb<br \/>\n(<strong>Sourate 53 : L\u2019\u00c9toile, verset 43<\/strong>)<\/p>\n<p>\u00ab <strong>Puis, si jamais un guide vous vient de Ma part, quiconque suit Mon guide ne s&#8217;\u00e9garera ni ne sera malheureux<\/strong> \u00bb<br \/>\n(<strong>Sourate 20 : T\u00e2-H\u00e2, verset 123<\/strong>)<\/p>\n<p>\u00ab <strong>Et quiconque se d\u00e9tourne de Mon Rappel, m\u00e8nera certes, une vie pleine de g\u00eane, et le Jour de la R\u00e9surrection Nous l&#8217;am\u00e8nerons aveugle au rassemblement<\/strong> \u00bb<br \/>\n(<strong>Sourate 20 : T\u00e2-H\u00e2, verset 124<\/strong>)<\/p>","protected":false},"excerpt":{"rendered":"<p>Comment \u00eatre heureux ? Toutes les louanges appartiennent \u00e0 Allah qui a dit (traduction approch\u00e9e du sens des versets) : \u00ab Nous n&#8217;avons point fait descendre sur toi le Coran pour que tu sois malheureux \u00bb (Sourate 20 : T\u00e2-H\u00e2, verset 2) \u00ab Et que c&#8217;est Lui qui a fait rire et qui a fait<\/p>\n<div class=\"klb-readmore button\"><a class=\"btn link\" href=\"https:\/\/www.librairiealkitab.fr\/ar\/boutique\/les-cles-du-bonheur-ibn-al-qayyim\/\">Read More <i class=\"klbth-icon-right-arrow\"><\/i><\/a><\/div>","protected":false},"featured_media":5680,"template":"","meta":[],"product_brand":[254],"product_cat":[300,127,275],"product_tag":[],"class_list":{"0":"post-3322","1":"product","2":"type-product","3":"status-publish","4":"has-post-thumbnail","6":"product_brand-muslimlife","7":"product_cat-ibn-al-qayyim-al-jawziyya","8":"product_cat-noslivres","9":"product_cat-spiritualite","11":"first","12":"instock","13":"taxable","14":"shipping-taxable","15":"purchasable","16":"product-type-simple"},"yoast_head":"<!-- This site is optimized with the Yoast SEO Premium plugin v25.4 (Yoast SEO v27.4) - https:\/\/yoast.com\/product\/yoast-seo-premium-wordpress\/ -->\n<title>Les cl\u00e9s du bonheur - Ibn Al-Qayyim - Muslimlife - Librairie Al Kitab | Livres islamiques en fran\u00e7ais et arabe \u2013 Coran, Hadith, apprentissage islamique en ligne<\/title>\n<meta name=\"description\" content=\"D\u00e9couvrez Les Cl\u00e9s du Bonheur d\u2019Ibn al-Qayyim d\u00e9voile 13 principes tir\u00e9s du Coran pour atteindre le bonheur, la s\u00e9r\u00e9nit\u00e9 et la guidance en islam.\" \/>\n<meta name=\"robots\" content=\"index, follow, max-snippet:-1, max-image-preview:large, max-video-preview:-1\" \/>\n<link rel=\"canonical\" href=\"https:\/\/www.librairiealkitab.fr\/ar\/boutique\/les-cles-du-bonheur-ibn-al-qayyim\/\" \/>\n<meta property=\"og:locale\" content=\"ar_AR\" \/>\n<meta property=\"og:type\" content=\"article\" \/>\n<meta property=\"og:title\" content=\"Les cl\u00e9s du bonheur - Ibn Al-Qayyim - Muslimlife\" \/>\n<meta property=\"og:description\" content=\"D\u00e9couvrez Les Cl\u00e9s du Bonheur d\u2019Ibn al-Qayyim d\u00e9voile 13 principes tir\u00e9s du Coran pour atteindre le bonheur, la s\u00e9r\u00e9nit\u00e9 et la guidance en islam.\" \/>\n<meta property=\"og:url\" content=\"https:\/\/www.librairiealkitab.fr\/ar\/boutique\/les-cles-du-bonheur-ibn-al-qayyim\/\" \/>\n<meta property=\"og:site_name\" content=\"Librairie Al Kitab | Livres islamiques en fran\u00e7ais et arabe \u2013 Coran, Hadith, apprentissage islamique en ligne\" \/>\n<meta property=\"article:modified_time\" content=\"2026-04-23T15:40:31+00:00\" \/>\n<meta property=\"og:image\" content=\"https:\/\/www.librairiealkitab.fr\/wp-content\/uploads\/2025\/04\/51_e95533a2-187c-4b4e-8b37-ac38d80954f4.png\" \/>\n\t<meta property=\"og:image:width\" content=\"1563\" \/>\n\t<meta property=\"og:image:height\" content=\"1563\" \/>\n\t<meta property=\"og:image:type\" content=\"image\/png\" \/>\n<meta name=\"twitter:card\" content=\"summary_large_image\" \/>\n<meta name=\"twitter:label1\" content=\"\u0648\u0642\u062a \u0627\u0644\u0642\u0631\u0627\u0621\u0629 \u0627\u0644\u0645\u064f\u0642\u062f\u0651\u0631\" \/>\n\t<meta name=\"twitter:data1\" content=\"\u062f\u0642\u064a\u0642\u0629 \u0648\u0627\u062d\u062f\u0629\" \/>\n<script type=\"application\/ld+json\" class=\"yoast-schema-graph\">{\"@context\":\"https:\\\/\\\/schema.org\",\"@graph\":[{\"@type\":\"WebPage\",\"@id\":\"https:\\\/\\\/www.librairiealkitab.fr\\\/boutique\\\/les-cles-du-bonheur-ibn-al-qayyim\\\/\",\"url\":\"https:\\\/\\\/www.librairiealkitab.fr\\\/boutique\\\/les-cles-du-bonheur-ibn-al-qayyim\\\/\",\"name\":\"Les cl\u00e9s du bonheur - Ibn Al-Qayyim - Muslimlife - Librairie Al Kitab | Livres islamiques en fran\u00e7ais et arabe \u2013 Coran, Hadith, apprentissage islamique en ligne\",\"isPartOf\":{\"@id\":\"https:\\\/\\\/www.librairiealkitab.fr\\\/#website\"},\"primaryImageOfPage\":{\"@id\":\"https:\\\/\\\/www.librairiealkitab.fr\\\/boutique\\\/les-cles-du-bonheur-ibn-al-qayyim\\\/#primaryimage\"},\"image\":{\"@id\":\"https:\\\/\\\/www.librairiealkitab.fr\\\/boutique\\\/les-cles-du-bonheur-ibn-al-qayyim\\\/#primaryimage\"},\"thumbnailUrl\":\"https:\\\/\\\/www.librairiealkitab.fr\\\/wp-content\\\/uploads\\\/2025\\\/04\\\/51_e95533a2-187c-4b4e-8b37-ac38d80954f4.png\",\"datePublished\":\"2025-04-13T07:12:13+00:00\",\"dateModified\":\"2026-04-23T15:40:31+00:00\",\"description\":\"D\u00e9couvrez Les Cl\u00e9s du Bonheur d\u2019Ibn al-Qayyim d\u00e9voile 13 principes tir\u00e9s du Coran pour atteindre le bonheur, la s\u00e9r\u00e9nit\u00e9 et la guidance en islam.\",\"breadcrumb\":{\"@id\":\"https:\\\/\\\/www.librairiealkitab.fr\\\/boutique\\\/les-cles-du-bonheur-ibn-al-qayyim\\\/#breadcrumb\"},\"inLanguage\":\"ar\",\"potentialAction\":[{\"@type\":\"ReadAction\",\"target\":[\"https:\\\/\\\/www.librairiealkitab.fr\\\/boutique\\\/les-cles-du-bonheur-ibn-al-qayyim\\\/\"]}]},{\"@type\":\"ImageObject\",\"inLanguage\":\"ar\",\"@id\":\"https:\\\/\\\/www.librairiealkitab.fr\\\/boutique\\\/les-cles-du-bonheur-ibn-al-qayyim\\\/#primaryimage\",\"url\":\"https:\\\/\\\/www.librairiealkitab.fr\\\/wp-content\\\/uploads\\\/2025\\\/04\\\/51_e95533a2-187c-4b4e-8b37-ac38d80954f4.png\",\"contentUrl\":\"https:\\\/\\\/www.librairiealkitab.fr\\\/wp-content\\\/uploads\\\/2025\\\/04\\\/51_e95533a2-187c-4b4e-8b37-ac38d80954f4.png\",\"width\":1563,\"height\":1563},{\"@type\":\"BreadcrumbList\",\"@id\":\"https:\\\/\\\/www.librairiealkitab.fr\\\/boutique\\\/les-cles-du-bonheur-ibn-al-qayyim\\\/#breadcrumb\",\"itemListElement\":[{\"@type\":\"ListItem\",\"position\":1,\"name\":\"Accueil\",\"item\":\"https:\\\/\\\/www.librairiealkitab.fr\\\/\"},{\"@type\":\"ListItem\",\"position\":2,\"name\":\"Shop\",\"item\":\"https:\\\/\\\/www.librairiealkitab.fr\\\/shop\\\/\"},{\"@type\":\"ListItem\",\"position\":3,\"name\":\"Les cl\u00e9s du bonheur &#8211; Ibn Al-Qayyim &#8211; Muslimlife\"}]},{\"@type\":\"WebSite\",\"@id\":\"https:\\\/\\\/www.librairiealkitab.fr\\\/#website\",\"url\":\"https:\\\/\\\/www.librairiealkitab.fr\\\/\",\"name\":\"Librairie Al Kitab | Livres islamiques en fran\u00e7ais et arabe \u2013 Coran, Hadith, apprentissage islamique en ligne\",\"description\":\"Boutique en ligne musulmane\",\"publisher\":{\"@id\":\"https:\\\/\\\/www.librairiealkitab.fr\\\/#organization\"},\"potentialAction\":[{\"@type\":\"SearchAction\",\"target\":{\"@type\":\"EntryPoint\",\"urlTemplate\":\"https:\\\/\\\/www.librairiealkitab.fr\\\/?s={search_term_string}\"},\"query-input\":{\"@type\":\"PropertyValueSpecification\",\"valueRequired\":true,\"valueName\":\"search_term_string\"}}],\"inLanguage\":\"ar\"},{\"@type\":\"Organization\",\"@id\":\"https:\\\/\\\/www.librairiealkitab.fr\\\/#organization\",\"name\":\"Librairie Al Kitab | Livres islamiques en fran\u00e7ais et arabe \u2013 Coran, Hadith, apprentissage islamique en ligne\",\"url\":\"https:\\\/\\\/www.librairiealkitab.fr\\\/\",\"logo\":{\"@type\":\"ImageObject\",\"inLanguage\":\"ar\",\"@id\":\"https:\\\/\\\/www.librairiealkitab.fr\\\/#\\\/schema\\\/logo\\\/image\\\/\",\"url\":\"https:\\\/\\\/www.librairiealkitab.fr\\\/wp-content\\\/uploads\\\/2025\\\/01\\\/Logo-Librairie-Al-Kitab-2.png\",\"contentUrl\":\"https:\\\/\\\/www.librairiealkitab.fr\\\/wp-content\\\/uploads\\\/2025\\\/01\\\/Logo-Librairie-Al-Kitab-2.png\",\"width\":500,\"height\":500,\"caption\":\"Librairie Al Kitab | Livres islamiques en fran\u00e7ais et arabe \u2013 Coran, Hadith, apprentissage islamique en ligne\"},\"image\":{\"@id\":\"https:\\\/\\\/www.librairiealkitab.fr\\\/#\\\/schema\\\/logo\\\/image\\\/\"}}]}<\/script>\n<!-- \/ Yoast SEO Premium plugin. -->","yoast_head_json":{"title":"Les cl\u00e9s du bonheur - Ibn Al-Qayyim - Muslimlife - Librairie Al Kitab | Livres islamiques en fran\u00e7ais et arabe \u2013 Coran, Hadith, apprentissage islamique en ligne","description":"D\u00e9couvrez Les Cl\u00e9s du Bonheur d\u2019Ibn al-Qayyim d\u00e9voile 13 principes tir\u00e9s du Coran pour atteindre le bonheur, la s\u00e9r\u00e9nit\u00e9 et la guidance en islam.","robots":{"index":"index","follow":"follow","max-snippet":"max-snippet:-1","max-image-preview":"max-image-preview:large","max-video-preview":"max-video-preview:-1"},"canonical":"https:\/\/www.librairiealkitab.fr\/ar\/boutique\/les-cles-du-bonheur-ibn-al-qayyim\/","og_locale":"ar_AR","og_type":"article","og_title":"Les cl\u00e9s du bonheur - Ibn Al-Qayyim - Muslimlife","og_description":"D\u00e9couvrez Les Cl\u00e9s du Bonheur d\u2019Ibn al-Qayyim d\u00e9voile 13 principes tir\u00e9s du Coran pour atteindre le bonheur, la s\u00e9r\u00e9nit\u00e9 et la guidance en islam.","og_url":"https:\/\/www.librairiealkitab.fr\/ar\/boutique\/les-cles-du-bonheur-ibn-al-qayyim\/","og_site_name":"Librairie Al Kitab | Livres islamiques en fran\u00e7ais et arabe \u2013 Coran, Hadith, apprentissage islamique en ligne","article_modified_time":"2026-04-23T15:40:31+00:00","og_image":[{"width":1563,"height":1563,"url":"https:\/\/www.librairiealkitab.fr\/wp-content\/uploads\/2025\/04\/51_e95533a2-187c-4b4e-8b37-ac38d80954f4.png","type":"image\/png"}],"twitter_card":"summary_large_image","twitter_misc":{"\u0648\u0642\u062a \u0627\u0644\u0642\u0631\u0627\u0621\u0629 \u0627\u0644\u0645\u064f\u0642\u062f\u0651\u0631":"\u062f\u0642\u064a\u0642\u0629 \u0648\u0627\u062d\u062f\u0629"},"schema":{"@context":"https:\/\/schema.org","@graph":[{"@type":"WebPage","@id":"https:\/\/www.librairiealkitab.fr\/boutique\/les-cles-du-bonheur-ibn-al-qayyim\/","url":"https:\/\/www.librairiealkitab.fr\/boutique\/les-cles-du-bonheur-ibn-al-qayyim\/","name":"Les cl\u00e9s du bonheur - Ibn Al-Qayyim - Muslimlife - Librairie Al Kitab | Livres islamiques en fran\u00e7ais et arabe \u2013 Coran, Hadith, apprentissage islamique en ligne","isPartOf":{"@id":"https:\/\/www.librairiealkitab.fr\/#website"},"primaryImageOfPage":{"@id":"https:\/\/www.librairiealkitab.fr\/boutique\/les-cles-du-bonheur-ibn-al-qayyim\/#primaryimage"},"image":{"@id":"https:\/\/www.librairiealkitab.fr\/boutique\/les-cles-du-bonheur-ibn-al-qayyim\/#primaryimage"},"thumbnailUrl":"https:\/\/www.librairiealkitab.fr\/wp-content\/uploads\/2025\/04\/51_e95533a2-187c-4b4e-8b37-ac38d80954f4.png","datePublished":"2025-04-13T07:12:13+00:00","dateModified":"2026-04-23T15:40:31+00:00","description":"D\u00e9couvrez Les Cl\u00e9s du Bonheur d\u2019Ibn al-Qayyim d\u00e9voile 13 principes tir\u00e9s du Coran pour atteindre le bonheur, la s\u00e9r\u00e9nit\u00e9 et la guidance en islam.","breadcrumb":{"@id":"https:\/\/www.librairiealkitab.fr\/boutique\/les-cles-du-bonheur-ibn-al-qayyim\/#breadcrumb"},"inLanguage":"ar","potentialAction":[{"@type":"ReadAction","target":["https:\/\/www.librairiealkitab.fr\/boutique\/les-cles-du-bonheur-ibn-al-qayyim\/"]}]},{"@type":"ImageObject","inLanguage":"ar","@id":"https:\/\/www.librairiealkitab.fr\/boutique\/les-cles-du-bonheur-ibn-al-qayyim\/#primaryimage","url":"https:\/\/www.librairiealkitab.fr\/wp-content\/uploads\/2025\/04\/51_e95533a2-187c-4b4e-8b37-ac38d80954f4.png","contentUrl":"https:\/\/www.librairiealkitab.fr\/wp-content\/uploads\/2025\/04\/51_e95533a2-187c-4b4e-8b37-ac38d80954f4.png","width":1563,"height":1563},{"@type":"BreadcrumbList","@id":"https:\/\/www.librairiealkitab.fr\/boutique\/les-cles-du-bonheur-ibn-al-qayyim\/#breadcrumb","itemListElement":[{"@type":"ListItem","position":1,"name":"Accueil","item":"https:\/\/www.librairiealkitab.fr\/"},{"@type":"ListItem","position":2,"name":"Shop","item":"https:\/\/www.librairiealkitab.fr\/shop\/"},{"@type":"ListItem","position":3,"name":"Les cl\u00e9s du bonheur &#8211; Ibn Al-Qayyim &#8211; Muslimlife"}]},{"@type":"WebSite","@id":"https:\/\/www.librairiealkitab.fr\/#website","url":"https:\/\/www.librairiealkitab.fr\/","name":"Librairie Al Kitab | Livres islamiques en fran\u00e7ais et arabe \u2013 Coran, Hadith, apprentissage islamique en ligne","description":"Boutique en ligne musulmane","publisher":{"@id":"https:\/\/www.librairiealkitab.fr\/#organization"},"potentialAction":[{"@type":"SearchAction","target":{"@type":"EntryPoint","urlTemplate":"https:\/\/www.librairiealkitab.fr\/?s={search_term_string}"},"query-input":{"@type":"PropertyValueSpecification","valueRequired":true,"valueName":"search_term_string"}}],"inLanguage":"ar"},{"@type":"Organization","@id":"https:\/\/www.librairiealkitab.fr\/#organization","name":"Librairie Al Kitab | Livres islamiques en fran\u00e7ais et arabe \u2013 Coran, Hadith, apprentissage islamique en ligne","url":"https:\/\/www.librairiealkitab.fr\/","logo":{"@type":"ImageObject","inLanguage":"ar","@id":"https:\/\/www.librairiealkitab.fr\/#\/schema\/logo\/image\/","url":"https:\/\/www.librairiealkitab.fr\/wp-content\/uploads\/2025\/01\/Logo-Librairie-Al-Kitab-2.png","contentUrl":"https:\/\/www.librairiealkitab.fr\/wp-content\/uploads\/2025\/01\/Logo-Librairie-Al-Kitab-2.png","width":500,"height":500,"caption":"Librairie Al Kitab | Livres islamiques en fran\u00e7ais et arabe \u2013 Coran, Hadith, apprentissage islamique en ligne"},"image":{"@id":"https:\/\/www.librairiealkitab.fr\/#\/schema\/logo\/image\/"}}]}},"jetpack_sharing_enabled":true,"_links":{"self":[{"href":"https:\/\/www.librairiealkitab.fr\/ar\/wp-json\/wp\/v2\/product\/3322","targetHints":{"allow":["GET"]}}],"collection":[{"href":"https:\/\/www.librairiealkitab.fr\/ar\/wp-json\/wp\/v2\/product"}],"about":[{"href":"https:\/\/www.librairiealkitab.fr\/ar\/wp-json\/wp\/v2\/types\/product"}],"version-history":[{"count":1,"href":"https:\/\/www.librairiealkitab.fr\/ar\/wp-json\/wp\/v2\/product\/3322\/revisions"}],"predecessor-version":[{"id":10089,"href":"https:\/\/www.librairiealkitab.fr\/ar\/wp-json\/wp\/v2\/product\/3322\/revisions\/10089"}],"wp:featuredmedia":[{"embeddable":true,"href":"https:\/\/www.librairiealkitab.fr\/ar\/wp-json\/wp\/v2\/media\/5680"}],"wp:attachment":[{"href":"https:\/\/www.librairiealkitab.fr\/ar\/wp-json\/wp\/v2\/media?parent=3322"}],"wp:term":[{"taxonomy":"product_brand","embeddable":true,"href":"https:\/\/www.librairiealkitab.fr\/ar\/wp-json\/wp\/v2\/product_brand?post=3322"},{"taxonomy":"product_cat","embeddable":true,"href":"https:\/\/www.librairiealkitab.fr\/ar\/wp-json\/wp\/v2\/product_cat?post=3322"},{"taxonomy":"product_tag","embeddable":true,"href":"https:\/\/www.librairiealkitab.fr\/ar\/wp-json\/wp\/v2\/product_tag?post=3322"}],"curies":[{"name":"wp","href":"https:\/\/api.w.org\/{rel}","templated":true}]}}