{"id":3424,"date":"2025-04-13T09:14:31","date_gmt":"2025-04-13T07:14:31","guid":{"rendered":"https:\/\/librairiealkitab.fr\/produit\/les-qualites-de-l-epouse-vertueuse-shaykh-al-badr-al-bayyinah\/"},"modified":"2025-07-30T11:59:41","modified_gmt":"2025-07-30T09:59:41","slug":"les-qualites-de-l-epouse-vertueuse-shaykh-al-badr-al-bayyinah","status":"publish","type":"product","link":"https:\/\/www.librairiealkitab.fr\/ar\/boutique\/les-qualites-de-l-epouse-vertueuse-shaykh-al-badr-al-bayyinah\/","title":{"rendered":"Les qualit\u00e9s de l\u2019\u00e9pouse vertueuse &#8211; Shaykh Al-Badr &#8211; Al Bayyinah"},"content":{"rendered":"<p><strong>Shaykh Al-Badr<\/strong> explore les traits essentiels qui d\u00e9finissent une <strong>\u00e9pouse id\u00e9ale<\/strong> selon les <strong>enseignements islamiques<\/strong>. S\u2019appuyant sur le <strong>Coran<\/strong> et la <strong>Sunna<\/strong>, l\u2019auteur met en avant des qualit\u00e9s telles que la <strong>foi<\/strong>, la <strong>pi\u00e9t\u00e9<\/strong>, la <strong>bienveillance<\/strong> et la <strong>patience<\/strong>, qui contribuent \u00e0 b\u00e2tir un <strong>foyer harmonieux<\/strong>. Le livre offre des <strong>conseils pratiques<\/strong> pour renforcer <strong>l\u2019amour<\/strong>, le <strong>respect mutuel<\/strong> et <strong>l\u2019\u00e9quilibre<\/strong> dans la vie conjugale, tout en soulignant l\u2019importance du <strong>r\u00f4le de l\u2019\u00e9pouse<\/strong> dans la <strong>stabilit\u00e9 familiale<\/strong>. Un <strong>guide inspirant<\/strong> pour toutes celles qui aspirent \u00e0 <strong>\u00e9panouir leur r\u00f4le<\/strong> dans un mariage selon les <strong>valeurs islamiques<\/strong>.<\/p>","protected":false},"excerpt":{"rendered":"<p>Shaykh Al-Badr explore les traits essentiels qui d\u00e9finissent une \u00e9pouse id\u00e9ale selon les enseignements islamiques. S\u2019appuyant sur le Coran et la Sunna, l\u2019auteur met en avant des qualit\u00e9s telles que la foi, la pi\u00e9t\u00e9, la bienveillance et la patience, qui contribuent \u00e0 b\u00e2tir un foyer harmonieux. Le livre offre des conseils pratiques pour renforcer l\u2019amour,<\/p>\n<div class=\"klb-readmore button\"><a class=\"btn link\" href=\"https:\/\/www.librairiealkitab.fr\/ar\/boutique\/les-qualites-de-l-epouse-vertueuse-shaykh-al-badr-al-bayyinah\/\">Read More <i class=\"klbth-icon-right-arrow\"><\/i><\/a><\/div>","protected":false},"featured_media":5420,"template":"","meta":[],"product_brand":[232],"product_cat":[302,276,127],"product_tag":[],"class_list":{"0":"post-3424","1":"product","2":"type-product","3":"status-publish","4":"has-post-thumbnail","6":"product_brand-al-bayyinah","7":"product_cat-abderrazaq-al-badr","8":"product_cat-femmes","9":"product_cat-noslivres","11":"first","12":"instock","13":"taxable","14":"shipping-taxable","15":"purchasable","16":"product-type-simple"},"yoast_head":"<!-- This site is optimized with the Yoast SEO Premium plugin v25.4 (Yoast SEO v27.0) - https:\/\/yoast.com\/product\/yoast-seo-premium-wordpress\/ -->\n<title>Les qualit\u00e9s de l\u2019\u00e9pouse vertueuse - Shaykh Al-Badr - Al Bayyinah - Librairie Al Kitab | Livres islamiques en fran\u00e7ais et arabe \u2013 Coran, Hadith, apprentissage islamique en ligne<\/title>\n<meta name=\"robots\" content=\"index, follow, max-snippet:-1, max-image-preview:large, max-video-preview:-1\" \/>\n<link rel=\"canonical\" href=\"https:\/\/darkcyan-seahorse-143625.hostingersite.com\/boutique\/les-qualites-de-l-epouse-vertueuse-shaykh-al-badr-al-bayyinah\/\" \/>\n<meta property=\"og:locale\" content=\"ar_AR\" \/>\n<meta property=\"og:type\" content=\"article\" \/>\n<meta property=\"og:title\" content=\"Les qualit\u00e9s de l\u2019\u00e9pouse vertueuse - Shaykh Al-Badr - Al Bayyinah\" \/>\n<meta property=\"og:description\" content=\"Shaykh Al-Badr explore les traits essentiels qui d\u00e9finissent une \u00e9pouse id\u00e9ale selon les enseignements islamiques. S\u2019appuyant sur le Coran et la Sunna, l\u2019auteur met en avant des qualit\u00e9s telles que la foi, la pi\u00e9t\u00e9, la bienveillance et la patience, qui contribuent \u00e0 b\u00e2tir un foyer harmonieux. Le livre offre des conseils pratiques pour renforcer l\u2019amour,Read More\" \/>\n<meta property=\"og:url\" content=\"https:\/\/darkcyan-seahorse-143625.hostingersite.com\/boutique\/les-qualites-de-l-epouse-vertueuse-shaykh-al-badr-al-bayyinah\/\" \/>\n<meta property=\"og:site_name\" content=\"Librairie Al Kitab | Livres islamiques en fran\u00e7ais et arabe \u2013 Coran, Hadith, apprentissage islamique en ligne\" \/>\n<meta property=\"article:modified_time\" content=\"2025-07-30T09:59:41+00:00\" \/>\n<meta property=\"og:image\" content=\"https:\/\/darkcyan-seahorse-143625.hostingersite.com\/wp-content\/uploads\/2025\/04\/20_8dd67c7e-b0e7-43a4-82c1-9b770be71670.png\" \/>\n\t<meta property=\"og:image:width\" content=\"1563\" \/>\n\t<meta property=\"og:image:height\" content=\"1563\" \/>\n\t<meta property=\"og:image:type\" content=\"image\/png\" \/>\n<meta name=\"twitter:card\" content=\"summary_large_image\" \/>\n<meta name=\"twitter:label1\" content=\"\u0648\u0642\u062a \u0627\u0644\u0642\u0631\u0627\u0621\u0629 \u0627\u0644\u0645\u064f\u0642\u062f\u0651\u0631\" \/>\n\t<meta name=\"twitter:data1\" content=\"\u062f\u0642\u064a\u0642\u0629 \u0648\u0627\u062d\u062f\u0629\" \/>\n<script type=\"application\/ld+json\" class=\"yoast-schema-graph\">{\"@context\":\"https:\/\/schema.org\",\"@graph\":[{\"@type\":\"WebPage\",\"@id\":\"https:\/\/darkcyan-seahorse-143625.hostingersite.com\/boutique\/les-qualites-de-l-epouse-vertueuse-shaykh-al-badr-al-bayyinah\/\",\"url\":\"https:\/\/darkcyan-seahorse-143625.hostingersite.com\/boutique\/les-qualites-de-l-epouse-vertueuse-shaykh-al-badr-al-bayyinah\/\",\"name\":\"Les qualit\u00e9s de l\u2019\u00e9pouse vertueuse - Shaykh Al-Badr - Al Bayyinah - Librairie Al Kitab | Livres islamiques en fran\u00e7ais et arabe \u2013 Coran, Hadith, apprentissage islamique en ligne\",\"isPartOf\":{\"@id\":\"https:\/\/www.librairiealkitab.fr\/#website\"},\"primaryImageOfPage\":{\"@id\":\"https:\/\/darkcyan-seahorse-143625.hostingersite.com\/boutique\/les-qualites-de-l-epouse-vertueuse-shaykh-al-badr-al-bayyinah\/#primaryimage\"},\"image\":{\"@id\":\"https:\/\/darkcyan-seahorse-143625.hostingersite.com\/boutique\/les-qualites-de-l-epouse-vertueuse-shaykh-al-badr-al-bayyinah\/#primaryimage\"},\"thumbnailUrl\":\"https:\/\/www.librairiealkitab.fr\/wp-content\/uploads\/2025\/04\/20_8dd67c7e-b0e7-43a4-82c1-9b770be71670.png\",\"datePublished\":\"2025-04-13T07:14:31+00:00\",\"dateModified\":\"2025-07-30T09:59:41+00:00\",\"breadcrumb\":{\"@id\":\"https:\/\/darkcyan-seahorse-143625.hostingersite.com\/boutique\/les-qualites-de-l-epouse-vertueuse-shaykh-al-badr-al-bayyinah\/#breadcrumb\"},\"inLanguage\":\"ar\",\"potentialAction\":[{\"@type\":\"ReadAction\",\"target\":[\"https:\/\/darkcyan-seahorse-143625.hostingersite.com\/boutique\/les-qualites-de-l-epouse-vertueuse-shaykh-al-badr-al-bayyinah\/\"]}]},{\"@type\":\"ImageObject\",\"inLanguage\":\"ar\",\"@id\":\"https:\/\/darkcyan-seahorse-143625.hostingersite.com\/boutique\/les-qualites-de-l-epouse-vertueuse-shaykh-al-badr-al-bayyinah\/#primaryimage\",\"url\":\"https:\/\/www.librairiealkitab.fr\/wp-content\/uploads\/2025\/04\/20_8dd67c7e-b0e7-43a4-82c1-9b770be71670.png\",\"contentUrl\":\"https:\/\/www.librairiealkitab.fr\/wp-content\/uploads\/2025\/04\/20_8dd67c7e-b0e7-43a4-82c1-9b770be71670.png\",\"width\":1563,\"height\":1563},{\"@type\":\"BreadcrumbList\",\"@id\":\"https:\/\/darkcyan-seahorse-143625.hostingersite.com\/boutique\/les-qualites-de-l-epouse-vertueuse-shaykh-al-badr-al-bayyinah\/#breadcrumb\",\"itemListElement\":[{\"@type\":\"ListItem\",\"position\":1,\"name\":\"Accueil\",\"item\":\"https:\/\/www.librairiealkitab.fr\/\"},{\"@type\":\"ListItem\",\"position\":2,\"name\":\"Shop\",\"item\":\"https:\/\/www.librairiealkitab.fr\/shop\/\"},{\"@type\":\"ListItem\",\"position\":3,\"name\":\"Les qualit\u00e9s de l\u2019\u00e9pouse vertueuse &#8211; Shaykh Al-Badr &#8211; Al Bayyinah\"}]},{\"@type\":\"WebSite\",\"@id\":\"https:\/\/www.librairiealkitab.fr\/#website\",\"url\":\"https:\/\/www.librairiealkitab.fr\/\",\"name\":\"Librairie Al Kitab | Livres islamiques en fran\u00e7ais et arabe \u2013 Coran, Hadith, apprentissage islamique en ligne\",\"description\":\"Boutique en ligne musulmane\",\"publisher\":{\"@id\":\"https:\/\/www.librairiealkitab.fr\/#organization\"},\"potentialAction\":[{\"@type\":\"SearchAction\",\"target\":{\"@type\":\"EntryPoint\",\"urlTemplate\":\"https:\/\/www.librairiealkitab.fr\/?s={search_term_string}\"},\"query-input\":{\"@type\":\"PropertyValueSpecification\",\"valueRequired\":true,\"valueName\":\"search_term_string\"}}],\"inLanguage\":\"ar\"},{\"@type\":\"Organization\",\"@id\":\"https:\/\/www.librairiealkitab.fr\/#organization\",\"name\":\"Librairie Al Kitab | Livres islamiques en fran\u00e7ais et arabe \u2013 Coran, Hadith, apprentissage islamique en ligne\",\"url\":\"https:\/\/www.librairiealkitab.fr\/\",\"logo\":{\"@type\":\"ImageObject\",\"inLanguage\":\"ar\",\"@id\":\"https:\/\/www.librairiealkitab.fr\/#\/schema\/logo\/image\/\",\"url\":\"https:\/\/www.librairiealkitab.fr\/wp-content\/uploads\/2025\/01\/Logo-Librairie-Al-Kitab-2.png\",\"contentUrl\":\"https:\/\/www.librairiealkitab.fr\/wp-content\/uploads\/2025\/01\/Logo-Librairie-Al-Kitab-2.png\",\"width\":500,\"height\":500,\"caption\":\"Librairie Al Kitab | Livres islamiques en fran\u00e7ais et arabe \u2013 Coran, Hadith, apprentissage islamique en ligne\"},\"image\":{\"@id\":\"https:\/\/www.librairiealkitab.fr\/#\/schema\/logo\/image\/\"}}]}<\/script>\n<!-- \/ Yoast SEO Premium plugin. -->","yoast_head_json":{"title":"Les qualit\u00e9s de l\u2019\u00e9pouse vertueuse - Shaykh Al-Badr - Al Bayyinah - Librairie Al Kitab | Livres islamiques en fran\u00e7ais et arabe \u2013 Coran, Hadith, apprentissage islamique en ligne","robots":{"index":"index","follow":"follow","max-snippet":"max-snippet:-1","max-image-preview":"max-image-preview:large","max-video-preview":"max-video-preview:-1"},"canonical":"https:\/\/darkcyan-seahorse-143625.hostingersite.com\/boutique\/les-qualites-de-l-epouse-vertueuse-shaykh-al-badr-al-bayyinah\/","og_locale":"ar_AR","og_type":"article","og_title":"Les qualit\u00e9s de l\u2019\u00e9pouse vertueuse - Shaykh Al-Badr - Al Bayyinah","og_description":"Shaykh Al-Badr explore les traits essentiels qui d\u00e9finissent une \u00e9pouse id\u00e9ale selon les enseignements islamiques. S\u2019appuyant sur le Coran et la Sunna, l\u2019auteur met en avant des qualit\u00e9s telles que la foi, la pi\u00e9t\u00e9, la bienveillance et la patience, qui contribuent \u00e0 b\u00e2tir un foyer harmonieux. Le livre offre des conseils pratiques pour renforcer l\u2019amour,Read More","og_url":"https:\/\/darkcyan-seahorse-143625.hostingersite.com\/boutique\/les-qualites-de-l-epouse-vertueuse-shaykh-al-badr-al-bayyinah\/","og_site_name":"Librairie Al Kitab | Livres islamiques en fran\u00e7ais et arabe \u2013 Coran, Hadith, apprentissage islamique en ligne","article_modified_time":"2025-07-30T09:59:41+00:00","og_image":[{"width":1563,"height":1563,"url":"https:\/\/darkcyan-seahorse-143625.hostingersite.com\/wp-content\/uploads\/2025\/04\/20_8dd67c7e-b0e7-43a4-82c1-9b770be71670.png","type":"image\/png"}],"twitter_card":"summary_large_image","twitter_misc":{"\u0648\u0642\u062a \u0627\u0644\u0642\u0631\u0627\u0621\u0629 \u0627\u0644\u0645\u064f\u0642\u062f\u0651\u0631":"\u062f\u0642\u064a\u0642\u0629 \u0648\u0627\u062d\u062f\u0629"},"schema":{"@context":"https:\/\/schema.org","@graph":[{"@type":"WebPage","@id":"https:\/\/darkcyan-seahorse-143625.hostingersite.com\/boutique\/les-qualites-de-l-epouse-vertueuse-shaykh-al-badr-al-bayyinah\/","url":"https:\/\/darkcyan-seahorse-143625.hostingersite.com\/boutique\/les-qualites-de-l-epouse-vertueuse-shaykh-al-badr-al-bayyinah\/","name":"Les qualit\u00e9s de l\u2019\u00e9pouse vertueuse - Shaykh Al-Badr - Al Bayyinah - Librairie Al Kitab | Livres islamiques en fran\u00e7ais et arabe \u2013 Coran, Hadith, apprentissage islamique en ligne","isPartOf":{"@id":"https:\/\/www.librairiealkitab.fr\/#website"},"primaryImageOfPage":{"@id":"https:\/\/darkcyan-seahorse-143625.hostingersite.com\/boutique\/les-qualites-de-l-epouse-vertueuse-shaykh-al-badr-al-bayyinah\/#primaryimage"},"image":{"@id":"https:\/\/darkcyan-seahorse-143625.hostingersite.com\/boutique\/les-qualites-de-l-epouse-vertueuse-shaykh-al-badr-al-bayyinah\/#primaryimage"},"thumbnailUrl":"https:\/\/www.librairiealkitab.fr\/wp-content\/uploads\/2025\/04\/20_8dd67c7e-b0e7-43a4-82c1-9b770be71670.png","datePublished":"2025-04-13T07:14:31+00:00","dateModified":"2025-07-30T09:59:41+00:00","breadcrumb":{"@id":"https:\/\/darkcyan-seahorse-143625.hostingersite.com\/boutique\/les-qualites-de-l-epouse-vertueuse-shaykh-al-badr-al-bayyinah\/#breadcrumb"},"inLanguage":"ar","potentialAction":[{"@type":"ReadAction","target":["https:\/\/darkcyan-seahorse-143625.hostingersite.com\/boutique\/les-qualites-de-l-epouse-vertueuse-shaykh-al-badr-al-bayyinah\/"]}]},{"@type":"ImageObject","inLanguage":"ar","@id":"https:\/\/darkcyan-seahorse-143625.hostingersite.com\/boutique\/les-qualites-de-l-epouse-vertueuse-shaykh-al-badr-al-bayyinah\/#primaryimage","url":"https:\/\/www.librairiealkitab.fr\/wp-content\/uploads\/2025\/04\/20_8dd67c7e-b0e7-43a4-82c1-9b770be71670.png","contentUrl":"https:\/\/www.librairiealkitab.fr\/wp-content\/uploads\/2025\/04\/20_8dd67c7e-b0e7-43a4-82c1-9b770be71670.png","width":1563,"height":1563},{"@type":"BreadcrumbList","@id":"https:\/\/darkcyan-seahorse-143625.hostingersite.com\/boutique\/les-qualites-de-l-epouse-vertueuse-shaykh-al-badr-al-bayyinah\/#breadcrumb","itemListElement":[{"@type":"ListItem","position":1,"name":"Accueil","item":"https:\/\/www.librairiealkitab.fr\/"},{"@type":"ListItem","position":2,"name":"Shop","item":"https:\/\/www.librairiealkitab.fr\/shop\/"},{"@type":"ListItem","position":3,"name":"Les qualit\u00e9s de l\u2019\u00e9pouse vertueuse &#8211; Shaykh Al-Badr &#8211; Al Bayyinah"}]},{"@type":"WebSite","@id":"https:\/\/www.librairiealkitab.fr\/#website","url":"https:\/\/www.librairiealkitab.fr\/","name":"Librairie Al Kitab | Livres islamiques en fran\u00e7ais et arabe \u2013 Coran, Hadith, apprentissage islamique en ligne","description":"Boutique en ligne musulmane","publisher":{"@id":"https:\/\/www.librairiealkitab.fr\/#organization"},"potentialAction":[{"@type":"SearchAction","target":{"@type":"EntryPoint","urlTemplate":"https:\/\/www.librairiealkitab.fr\/?s={search_term_string}"},"query-input":{"@type":"PropertyValueSpecification","valueRequired":true,"valueName":"search_term_string"}}],"inLanguage":"ar"},{"@type":"Organization","@id":"https:\/\/www.librairiealkitab.fr\/#organization","name":"Librairie Al Kitab | Livres islamiques en fran\u00e7ais et arabe \u2013 Coran, Hadith, apprentissage islamique en ligne","url":"https:\/\/www.librairiealkitab.fr\/","logo":{"@type":"ImageObject","inLanguage":"ar","@id":"https:\/\/www.librairiealkitab.fr\/#\/schema\/logo\/image\/","url":"https:\/\/www.librairiealkitab.fr\/wp-content\/uploads\/2025\/01\/Logo-Librairie-Al-Kitab-2.png","contentUrl":"https:\/\/www.librairiealkitab.fr\/wp-content\/uploads\/2025\/01\/Logo-Librairie-Al-Kitab-2.png","width":500,"height":500,"caption":"Librairie Al Kitab | Livres islamiques en fran\u00e7ais et arabe \u2013 Coran, Hadith, apprentissage islamique en ligne"},"image":{"@id":"https:\/\/www.librairiealkitab.fr\/#\/schema\/logo\/image\/"}}]}},"jetpack_sharing_enabled":true,"_links":{"self":[{"href":"https:\/\/www.librairiealkitab.fr\/ar\/wp-json\/wp\/v2\/product\/3424","targetHints":{"allow":["GET"]}}],"collection":[{"href":"https:\/\/www.librairiealkitab.fr\/ar\/wp-json\/wp\/v2\/product"}],"about":[{"href":"https:\/\/www.librairiealkitab.fr\/ar\/wp-json\/wp\/v2\/types\/product"}],"version-history":[{"count":1,"href":"https:\/\/www.librairiealkitab.fr\/ar\/wp-json\/wp\/v2\/product\/3424\/revisions"}],"predecessor-version":[{"id":9885,"href":"https:\/\/www.librairiealkitab.fr\/ar\/wp-json\/wp\/v2\/product\/3424\/revisions\/9885"}],"wp:featuredmedia":[{"embeddable":true,"href":"https:\/\/www.librairiealkitab.fr\/ar\/wp-json\/wp\/v2\/media\/5420"}],"wp:attachment":[{"href":"https:\/\/www.librairiealkitab.fr\/ar\/wp-json\/wp\/v2\/media?parent=3424"}],"wp:term":[{"taxonomy":"product_brand","embeddable":true,"href":"https:\/\/www.librairiealkitab.fr\/ar\/wp-json\/wp\/v2\/product_brand?post=3424"},{"taxonomy":"product_cat","embeddable":true,"href":"https:\/\/www.librairiealkitab.fr\/ar\/wp-json\/wp\/v2\/product_cat?post=3424"},{"taxonomy":"product_tag","embeddable":true,"href":"https:\/\/www.librairiealkitab.fr\/ar\/wp-json\/wp\/v2\/product_tag?post=3424"}],"curies":[{"name":"wp","href":"https:\/\/api.w.org\/{rel}","templated":true}]}}