{"id":3573,"date":"2025-04-13T09:17:58","date_gmt":"2025-04-13T07:17:58","guid":{"rendered":"https:\/\/librairiealkitab.fr\/produit\/que-la-douceur-impregne-ton-ame-akhawates\/"},"modified":"2025-07-29T16:52:39","modified_gmt":"2025-07-29T14:52:39","slug":"que-la-douceur-impregne-ton-ame-akhawates","status":"publish","type":"product","link":"https:\/\/www.librairiealkitab.fr\/ar\/boutique\/que-la-douceur-impregne-ton-ame-akhawates\/","title":{"rendered":"Que la douceur impr\u00e8gne ton \u00e2me &#8211; Akhawates"},"content":{"rendered":"<p data-start=\"177\" data-end=\"237\">Un voyage spirituel vers la paix, la foi et la bienveillance<\/p>\n<p data-start=\"239\" data-end=\"620\"><em data-start=\"239\" data-end=\"276\">\u00ab Que la douceur impr\u00e8gne ton \u00e2me \u00bb<\/em> est une invitation \u00e0 cheminer vers <strong data-start=\"312\" data-end=\"344\">une paix int\u00e9rieure profonde<\/strong>, \u00e0 <strong data-start=\"348\" data-end=\"368\">raffermir sa foi<\/strong>, et \u00e0 <strong data-start=\"375\" data-end=\"399\">embrasser la douceur<\/strong> comme vertu essentielle dans notre rapport \u00e0 Allah, \u00e0 soi-m\u00eame et aux autres. \u00c0 travers des <strong data-start=\"492\" data-end=\"517\">r\u00e9flexions lumineuses<\/strong>, ce livre offre des cl\u00e9s spirituelles pour traverser les \u00e9preuves avec <strong data-start=\"589\" data-end=\"619\">s\u00e9r\u00e9nit\u00e9, sagesse et amour<\/strong>.<\/p>\n<h4 data-start=\"622\" data-end=\"668\"><strong data-start=\"630\" data-end=\"668\">Th\u00e9matiques principales abord\u00e9es :<\/strong><\/h4>\n<p data-start=\"670\" data-end=\"701\"><strong data-start=\"670\" data-end=\"699\">La douceur envers Allah<\/strong><\/p>\n<ul data-start=\"702\" data-end=\"861\">\n<li data-start=\"702\" data-end=\"767\">\n<p data-start=\"704\" data-end=\"767\">D\u00e9velopper une relation intime et confiante avec le Cr\u00e9ateur.<\/p>\n<\/li>\n<li data-start=\"768\" data-end=\"861\">\n<p data-start=\"770\" data-end=\"861\">M\u00e9diter sur Sa mis\u00e9ricorde infinie et accomplir les actes d\u2019adoration avec amour et espoir.<\/p>\n<\/li>\n<\/ul>\n<p data-start=\"863\" data-end=\"897\"><strong data-start=\"863\" data-end=\"895\">La douceur envers soi-m\u00eame<\/strong><\/p>\n<ul data-start=\"898\" data-end=\"1077\">\n<li data-start=\"898\" data-end=\"971\">\n<p data-start=\"900\" data-end=\"971\">Apprendre \u00e0 se pardonner, \u00e0 reconna\u00eetre ses fragilit\u00e9s sans se juger.<\/p>\n<\/li>\n<li data-start=\"972\" data-end=\"1077\">\n<p data-start=\"974\" data-end=\"1077\">Accueillir les \u00e9preuves avec patience et gratitude, en s\u2019appuyant sur la foi comme source de r\u00e9confort.<\/p>\n<\/li>\n<\/ul>\n<p data-start=\"1079\" data-end=\"1125\"><strong data-start=\"1079\" data-end=\"1123\">La douceur dans les relations humaines<\/strong><\/p>\n<ul data-start=\"1126\" data-end=\"1271\">\n<li data-start=\"1126\" data-end=\"1182\">\n<p data-start=\"1128\" data-end=\"1182\">Cultiver la bienveillance, m\u00eame dans les d\u00e9saccords.<\/p>\n<\/li>\n<li data-start=\"1183\" data-end=\"1271\">\n<p data-start=\"1185\" data-end=\"1271\">S\u2019abstenir des jugements h\u00e2tifs, favoriser la compr\u00e9hension et \u0153uvrer pour l\u2019harmonie.<\/p>\n<\/li>\n<\/ul>\n<p data-start=\"1273\" data-end=\"1318\"><strong data-start=\"1273\" data-end=\"1316\">L\u2019impact transformateur de la douceur<\/strong><\/p>\n<ul data-start=\"1319\" data-end=\"1572\">\n<li data-start=\"1319\" data-end=\"1410\">\n<p data-start=\"1321\" data-end=\"1410\">D\u00e9couvrir comment cette qualit\u00e9 peut pacifier les c\u0153urs et semer le bien autour de soi.<\/p>\n<\/li>\n<li data-start=\"1411\" data-end=\"1572\">\n<p data-start=\"1413\" data-end=\"1572\">S\u2019inspirer du <strong data-start=\"1427\" data-end=\"1469\">noble caract\u00e8re du Proph\u00e8te Muhammad \ufdfa<\/strong>, incarnation supr\u00eame de la douceur et de la mis\u00e9ricorde dans ses paroles, ses gestes et ses d\u00e9cisions.<\/p>\n<\/li>\n<\/ul>","protected":false},"excerpt":{"rendered":"<p>Un voyage spirituel vers la paix, la foi et la bienveillance \u00ab Que la douceur impr\u00e8gne ton \u00e2me \u00bb est une invitation \u00e0 cheminer vers une paix int\u00e9rieure profonde, \u00e0 raffermir sa foi, et \u00e0 embrasser la douceur comme vertu essentielle dans notre rapport \u00e0 Allah, \u00e0 soi-m\u00eame et aux autres. \u00c0 travers des r\u00e9flexions<\/p>\n<div class=\"klb-readmore button\"><a class=\"btn link\" href=\"https:\/\/www.librairiealkitab.fr\/ar\/boutique\/que-la-douceur-impregne-ton-ame-akhawates\/\">Read More <i class=\"klbth-icon-right-arrow\"><\/i><\/a><\/div>","protected":false},"featured_media":4765,"template":"","meta":[],"product_brand":[242],"product_cat":[276,127],"product_tag":[],"class_list":{"0":"post-3573","1":"product","2":"type-product","3":"status-publish","4":"has-post-thumbnail","6":"product_brand-akhawates","7":"product_cat-femmes","8":"product_cat-noslivres","10":"first","11":"instock","12":"taxable","13":"shipping-taxable","14":"purchasable","15":"product-type-simple"},"yoast_head":"<!-- This site is optimized with the Yoast SEO Premium plugin v25.4 (Yoast SEO v27.4) - https:\/\/yoast.com\/product\/yoast-seo-premium-wordpress\/ -->\n<title>Que la douceur impr\u00e8gne ton \u00e2me - Akhawates - Librairie Al Kitab | Livres islamiques en fran\u00e7ais et arabe \u2013 Coran, Hadith, apprentissage islamique en ligne<\/title>\n<meta name=\"robots\" content=\"index, follow, max-snippet:-1, max-image-preview:large, max-video-preview:-1\" \/>\n<link rel=\"canonical\" href=\"https:\/\/www.librairiealkitab.fr\/ar\/boutique\/que-la-douceur-impregne-ton-ame-akhawates\/\" \/>\n<meta property=\"og:locale\" content=\"ar_AR\" \/>\n<meta property=\"og:type\" content=\"article\" \/>\n<meta property=\"og:title\" content=\"Que la douceur impr\u00e8gne ton \u00e2me - Akhawates\" \/>\n<meta property=\"og:description\" content=\"Un voyage spirituel vers la paix, la foi et la bienveillance \u00ab Que la douceur impr\u00e8gne ton \u00e2me \u00bb est une invitation \u00e0 cheminer vers une paix int\u00e9rieure profonde, \u00e0 raffermir sa foi, et \u00e0 embrasser la douceur comme vertu essentielle dans notre rapport \u00e0 Allah, \u00e0 soi-m\u00eame et aux autres. \u00c0 travers des r\u00e9flexionsRead More\" \/>\n<meta property=\"og:url\" content=\"https:\/\/www.librairiealkitab.fr\/ar\/boutique\/que-la-douceur-impregne-ton-ame-akhawates\/\" \/>\n<meta property=\"og:site_name\" content=\"Librairie Al Kitab | Livres islamiques en fran\u00e7ais et arabe \u2013 Coran, Hadith, apprentissage islamique en ligne\" \/>\n<meta property=\"article:modified_time\" content=\"2025-07-29T14:52:39+00:00\" \/>\n<meta property=\"og:image\" content=\"https:\/\/www.librairiealkitab.fr\/wp-content\/uploads\/2025\/04\/1_8260e75a-2f0d-46ad-a6f5-ca3863fa9b4c.png\" \/>\n\t<meta property=\"og:image:width\" content=\"1563\" \/>\n\t<meta property=\"og:image:height\" content=\"1563\" \/>\n\t<meta property=\"og:image:type\" content=\"image\/png\" \/>\n<meta name=\"twitter:card\" content=\"summary_large_image\" \/>\n<meta name=\"twitter:label1\" content=\"\u0648\u0642\u062a \u0627\u0644\u0642\u0631\u0627\u0621\u0629 \u0627\u0644\u0645\u064f\u0642\u062f\u0651\u0631\" \/>\n\t<meta name=\"twitter:data1\" content=\"\u062f\u0642\u064a\u0642\u0629 \u0648\u0627\u062d\u062f\u0629\" \/>\n<script type=\"application\/ld+json\" class=\"yoast-schema-graph\">{\"@context\":\"https:\\\/\\\/schema.org\",\"@graph\":[{\"@type\":\"WebPage\",\"@id\":\"https:\\\/\\\/www.librairiealkitab.fr\\\/boutique\\\/que-la-douceur-impregne-ton-ame-akhawates\\\/\",\"url\":\"https:\\\/\\\/www.librairiealkitab.fr\\\/boutique\\\/que-la-douceur-impregne-ton-ame-akhawates\\\/\",\"name\":\"Que la douceur impr\u00e8gne ton \u00e2me - Akhawates - Librairie Al Kitab | Livres islamiques en fran\u00e7ais et arabe \u2013 Coran, Hadith, apprentissage islamique en ligne\",\"isPartOf\":{\"@id\":\"https:\\\/\\\/www.librairiealkitab.fr\\\/#website\"},\"primaryImageOfPage\":{\"@id\":\"https:\\\/\\\/www.librairiealkitab.fr\\\/boutique\\\/que-la-douceur-impregne-ton-ame-akhawates\\\/#primaryimage\"},\"image\":{\"@id\":\"https:\\\/\\\/www.librairiealkitab.fr\\\/boutique\\\/que-la-douceur-impregne-ton-ame-akhawates\\\/#primaryimage\"},\"thumbnailUrl\":\"https:\\\/\\\/www.librairiealkitab.fr\\\/wp-content\\\/uploads\\\/2025\\\/04\\\/1_8260e75a-2f0d-46ad-a6f5-ca3863fa9b4c.png\",\"datePublished\":\"2025-04-13T07:17:58+00:00\",\"dateModified\":\"2025-07-29T14:52:39+00:00\",\"breadcrumb\":{\"@id\":\"https:\\\/\\\/www.librairiealkitab.fr\\\/boutique\\\/que-la-douceur-impregne-ton-ame-akhawates\\\/#breadcrumb\"},\"inLanguage\":\"ar\",\"potentialAction\":[{\"@type\":\"ReadAction\",\"target\":[\"https:\\\/\\\/www.librairiealkitab.fr\\\/boutique\\\/que-la-douceur-impregne-ton-ame-akhawates\\\/\"]}]},{\"@type\":\"ImageObject\",\"inLanguage\":\"ar\",\"@id\":\"https:\\\/\\\/www.librairiealkitab.fr\\\/boutique\\\/que-la-douceur-impregne-ton-ame-akhawates\\\/#primaryimage\",\"url\":\"https:\\\/\\\/www.librairiealkitab.fr\\\/wp-content\\\/uploads\\\/2025\\\/04\\\/1_8260e75a-2f0d-46ad-a6f5-ca3863fa9b4c.png\",\"contentUrl\":\"https:\\\/\\\/www.librairiealkitab.fr\\\/wp-content\\\/uploads\\\/2025\\\/04\\\/1_8260e75a-2f0d-46ad-a6f5-ca3863fa9b4c.png\",\"width\":1563,\"height\":1563},{\"@type\":\"BreadcrumbList\",\"@id\":\"https:\\\/\\\/www.librairiealkitab.fr\\\/boutique\\\/que-la-douceur-impregne-ton-ame-akhawates\\\/#breadcrumb\",\"itemListElement\":[{\"@type\":\"ListItem\",\"position\":1,\"name\":\"Accueil\",\"item\":\"https:\\\/\\\/www.librairiealkitab.fr\\\/\"},{\"@type\":\"ListItem\",\"position\":2,\"name\":\"Shop\",\"item\":\"https:\\\/\\\/www.librairiealkitab.fr\\\/shop\\\/\"},{\"@type\":\"ListItem\",\"position\":3,\"name\":\"Que la douceur impr\u00e8gne ton \u00e2me &#8211; Akhawates\"}]},{\"@type\":\"WebSite\",\"@id\":\"https:\\\/\\\/www.librairiealkitab.fr\\\/#website\",\"url\":\"https:\\\/\\\/www.librairiealkitab.fr\\\/\",\"name\":\"Librairie Al Kitab | Livres islamiques en fran\u00e7ais et arabe \u2013 Coran, Hadith, apprentissage islamique en ligne\",\"description\":\"Boutique en ligne musulmane\",\"publisher\":{\"@id\":\"https:\\\/\\\/www.librairiealkitab.fr\\\/#organization\"},\"potentialAction\":[{\"@type\":\"SearchAction\",\"target\":{\"@type\":\"EntryPoint\",\"urlTemplate\":\"https:\\\/\\\/www.librairiealkitab.fr\\\/?s={search_term_string}\"},\"query-input\":{\"@type\":\"PropertyValueSpecification\",\"valueRequired\":true,\"valueName\":\"search_term_string\"}}],\"inLanguage\":\"ar\"},{\"@type\":\"Organization\",\"@id\":\"https:\\\/\\\/www.librairiealkitab.fr\\\/#organization\",\"name\":\"Librairie Al Kitab | Livres islamiques en fran\u00e7ais et arabe \u2013 Coran, Hadith, apprentissage islamique en ligne\",\"url\":\"https:\\\/\\\/www.librairiealkitab.fr\\\/\",\"logo\":{\"@type\":\"ImageObject\",\"inLanguage\":\"ar\",\"@id\":\"https:\\\/\\\/www.librairiealkitab.fr\\\/#\\\/schema\\\/logo\\\/image\\\/\",\"url\":\"https:\\\/\\\/www.librairiealkitab.fr\\\/wp-content\\\/uploads\\\/2025\\\/01\\\/Logo-Librairie-Al-Kitab-2.png\",\"contentUrl\":\"https:\\\/\\\/www.librairiealkitab.fr\\\/wp-content\\\/uploads\\\/2025\\\/01\\\/Logo-Librairie-Al-Kitab-2.png\",\"width\":500,\"height\":500,\"caption\":\"Librairie Al Kitab | Livres islamiques en fran\u00e7ais et arabe \u2013 Coran, Hadith, apprentissage islamique en ligne\"},\"image\":{\"@id\":\"https:\\\/\\\/www.librairiealkitab.fr\\\/#\\\/schema\\\/logo\\\/image\\\/\"}}]}<\/script>\n<!-- \/ Yoast SEO Premium plugin. -->","yoast_head_json":{"title":"Que la douceur impr\u00e8gne ton \u00e2me - Akhawates - Librairie Al Kitab | Livres islamiques en fran\u00e7ais et arabe \u2013 Coran, Hadith, apprentissage islamique en ligne","robots":{"index":"index","follow":"follow","max-snippet":"max-snippet:-1","max-image-preview":"max-image-preview:large","max-video-preview":"max-video-preview:-1"},"canonical":"https:\/\/www.librairiealkitab.fr\/ar\/boutique\/que-la-douceur-impregne-ton-ame-akhawates\/","og_locale":"ar_AR","og_type":"article","og_title":"Que la douceur impr\u00e8gne ton \u00e2me - Akhawates","og_description":"Un voyage spirituel vers la paix, la foi et la bienveillance \u00ab Que la douceur impr\u00e8gne ton \u00e2me \u00bb est une invitation \u00e0 cheminer vers une paix int\u00e9rieure profonde, \u00e0 raffermir sa foi, et \u00e0 embrasser la douceur comme vertu essentielle dans notre rapport \u00e0 Allah, \u00e0 soi-m\u00eame et aux autres. \u00c0 travers des r\u00e9flexionsRead More","og_url":"https:\/\/www.librairiealkitab.fr\/ar\/boutique\/que-la-douceur-impregne-ton-ame-akhawates\/","og_site_name":"Librairie Al Kitab | Livres islamiques en fran\u00e7ais et arabe \u2013 Coran, Hadith, apprentissage islamique en ligne","article_modified_time":"2025-07-29T14:52:39+00:00","og_image":[{"width":1563,"height":1563,"url":"https:\/\/www.librairiealkitab.fr\/wp-content\/uploads\/2025\/04\/1_8260e75a-2f0d-46ad-a6f5-ca3863fa9b4c.png","type":"image\/png"}],"twitter_card":"summary_large_image","twitter_misc":{"\u0648\u0642\u062a \u0627\u0644\u0642\u0631\u0627\u0621\u0629 \u0627\u0644\u0645\u064f\u0642\u062f\u0651\u0631":"\u062f\u0642\u064a\u0642\u0629 \u0648\u0627\u062d\u062f\u0629"},"schema":{"@context":"https:\/\/schema.org","@graph":[{"@type":"WebPage","@id":"https:\/\/www.librairiealkitab.fr\/boutique\/que-la-douceur-impregne-ton-ame-akhawates\/","url":"https:\/\/www.librairiealkitab.fr\/boutique\/que-la-douceur-impregne-ton-ame-akhawates\/","name":"Que la douceur impr\u00e8gne ton \u00e2me - Akhawates - Librairie Al Kitab | Livres islamiques en fran\u00e7ais et arabe \u2013 Coran, Hadith, apprentissage islamique en ligne","isPartOf":{"@id":"https:\/\/www.librairiealkitab.fr\/#website"},"primaryImageOfPage":{"@id":"https:\/\/www.librairiealkitab.fr\/boutique\/que-la-douceur-impregne-ton-ame-akhawates\/#primaryimage"},"image":{"@id":"https:\/\/www.librairiealkitab.fr\/boutique\/que-la-douceur-impregne-ton-ame-akhawates\/#primaryimage"},"thumbnailUrl":"https:\/\/www.librairiealkitab.fr\/wp-content\/uploads\/2025\/04\/1_8260e75a-2f0d-46ad-a6f5-ca3863fa9b4c.png","datePublished":"2025-04-13T07:17:58+00:00","dateModified":"2025-07-29T14:52:39+00:00","breadcrumb":{"@id":"https:\/\/www.librairiealkitab.fr\/boutique\/que-la-douceur-impregne-ton-ame-akhawates\/#breadcrumb"},"inLanguage":"ar","potentialAction":[{"@type":"ReadAction","target":["https:\/\/www.librairiealkitab.fr\/boutique\/que-la-douceur-impregne-ton-ame-akhawates\/"]}]},{"@type":"ImageObject","inLanguage":"ar","@id":"https:\/\/www.librairiealkitab.fr\/boutique\/que-la-douceur-impregne-ton-ame-akhawates\/#primaryimage","url":"https:\/\/www.librairiealkitab.fr\/wp-content\/uploads\/2025\/04\/1_8260e75a-2f0d-46ad-a6f5-ca3863fa9b4c.png","contentUrl":"https:\/\/www.librairiealkitab.fr\/wp-content\/uploads\/2025\/04\/1_8260e75a-2f0d-46ad-a6f5-ca3863fa9b4c.png","width":1563,"height":1563},{"@type":"BreadcrumbList","@id":"https:\/\/www.librairiealkitab.fr\/boutique\/que-la-douceur-impregne-ton-ame-akhawates\/#breadcrumb","itemListElement":[{"@type":"ListItem","position":1,"name":"Accueil","item":"https:\/\/www.librairiealkitab.fr\/"},{"@type":"ListItem","position":2,"name":"Shop","item":"https:\/\/www.librairiealkitab.fr\/shop\/"},{"@type":"ListItem","position":3,"name":"Que la douceur impr\u00e8gne ton \u00e2me &#8211; Akhawates"}]},{"@type":"WebSite","@id":"https:\/\/www.librairiealkitab.fr\/#website","url":"https:\/\/www.librairiealkitab.fr\/","name":"Librairie Al Kitab | Livres islamiques en fran\u00e7ais et arabe \u2013 Coran, Hadith, apprentissage islamique en ligne","description":"Boutique en ligne musulmane","publisher":{"@id":"https:\/\/www.librairiealkitab.fr\/#organization"},"potentialAction":[{"@type":"SearchAction","target":{"@type":"EntryPoint","urlTemplate":"https:\/\/www.librairiealkitab.fr\/?s={search_term_string}"},"query-input":{"@type":"PropertyValueSpecification","valueRequired":true,"valueName":"search_term_string"}}],"inLanguage":"ar"},{"@type":"Organization","@id":"https:\/\/www.librairiealkitab.fr\/#organization","name":"Librairie Al Kitab | Livres islamiques en fran\u00e7ais et arabe \u2013 Coran, Hadith, apprentissage islamique en ligne","url":"https:\/\/www.librairiealkitab.fr\/","logo":{"@type":"ImageObject","inLanguage":"ar","@id":"https:\/\/www.librairiealkitab.fr\/#\/schema\/logo\/image\/","url":"https:\/\/www.librairiealkitab.fr\/wp-content\/uploads\/2025\/01\/Logo-Librairie-Al-Kitab-2.png","contentUrl":"https:\/\/www.librairiealkitab.fr\/wp-content\/uploads\/2025\/01\/Logo-Librairie-Al-Kitab-2.png","width":500,"height":500,"caption":"Librairie Al Kitab | Livres islamiques en fran\u00e7ais et arabe \u2013 Coran, Hadith, apprentissage islamique en ligne"},"image":{"@id":"https:\/\/www.librairiealkitab.fr\/#\/schema\/logo\/image\/"}}]}},"jetpack_sharing_enabled":true,"_links":{"self":[{"href":"https:\/\/www.librairiealkitab.fr\/ar\/wp-json\/wp\/v2\/product\/3573","targetHints":{"allow":["GET"]}}],"collection":[{"href":"https:\/\/www.librairiealkitab.fr\/ar\/wp-json\/wp\/v2\/product"}],"about":[{"href":"https:\/\/www.librairiealkitab.fr\/ar\/wp-json\/wp\/v2\/types\/product"}],"version-history":[{"count":2,"href":"https:\/\/www.librairiealkitab.fr\/ar\/wp-json\/wp\/v2\/product\/3573\/revisions"}],"predecessor-version":[{"id":9461,"href":"https:\/\/www.librairiealkitab.fr\/ar\/wp-json\/wp\/v2\/product\/3573\/revisions\/9461"}],"wp:featuredmedia":[{"embeddable":true,"href":"https:\/\/www.librairiealkitab.fr\/ar\/wp-json\/wp\/v2\/media\/4765"}],"wp:attachment":[{"href":"https:\/\/www.librairiealkitab.fr\/ar\/wp-json\/wp\/v2\/media?parent=3573"}],"wp:term":[{"taxonomy":"product_brand","embeddable":true,"href":"https:\/\/www.librairiealkitab.fr\/ar\/wp-json\/wp\/v2\/product_brand?post=3573"},{"taxonomy":"product_cat","embeddable":true,"href":"https:\/\/www.librairiealkitab.fr\/ar\/wp-json\/wp\/v2\/product_cat?post=3573"},{"taxonomy":"product_tag","embeddable":true,"href":"https:\/\/www.librairiealkitab.fr\/ar\/wp-json\/wp\/v2\/product_tag?post=3573"}],"curies":[{"name":"wp","href":"https:\/\/api.w.org\/{rel}","templated":true}]}}