{"id":3701,"date":"2025-04-13T09:20:47","date_gmt":"2025-04-13T07:20:47","guid":{"rendered":"https:\/\/librairiealkitab.fr\/produit\/tout-savoir-sur-le-hajj-la-omra\/"},"modified":"2026-02-18T12:29:35","modified_gmt":"2026-02-18T11:29:35","slug":"tout-savoir-sur-le-hajj-la-omra","status":"publish","type":"product","link":"https:\/\/www.librairiealkitab.fr\/ar\/boutique\/tout-savoir-sur-le-hajj-la-omra\/","title":{"rendered":"Tout savoir sur le hajj &amp; la omra &#8211; Tawbah"},"content":{"rendered":"<p data-start=\"219\" data-end=\"256\"><strong data-start=\"219\" data-end=\"256\">TOUT SAVOIR SUR LE HAJJ &amp; LA OMRA<\/strong><\/p>\n<p data-start=\"258\" data-end=\"674\">Il est facile de voyager vers la Mecque et d\u2019en revenir, mais il est autrement plus difficile d\u2019accomplir le p\u00e8lerinage comme il se doit. Ainsi, il faut pouvoir acc\u00e9der au sens r\u00e9el du p\u00e8lerinage pour en tirer profit, ceci car le Proph\u00e8te \ufdfa dit :<br data-start=\"504\" data-end=\"507\" \/>\u00ab Les actes ne valent que par les intentions et chacun ne sera r\u00e9tribu\u00e9 que selon ce qu\u2019il a voulu. \u00bb<br data-start=\"608\" data-end=\"611\" \/>On n\u2019obtient donc de son p\u00e8lerinage que ce qu\u2019on y a recherch\u00e9.<\/p>\n<p data-start=\"676\" data-end=\"1187\">Le Proph\u00e8te \ufdfa a dit :<br data-start=\"697\" data-end=\"700\" \/>\u00ab Celui qui accomplit le p\u00e8lerinage pour Allah sans avoir aucun rapport charnel et sans commettre aucune d\u00e9sob\u00e9issance \u00e0 Allah en revient comme au jour o\u00f9 sa m\u00e8re l\u2019a mis au monde. \u00bb<br data-start=\"882\" data-end=\"885\" \/>Mais il est clair que l\u2019ex\u00e9cution apparente des rites, m\u00eame si elle est correcte, est tr\u00e8s loin de suffire et n\u2019est pas ce qui est r\u00e9ellement demand\u00e9. Voil\u00e0 pourquoi la r\u00e9compense du p\u00e8lerinage est si grande : il demande une somme d\u2019efforts consid\u00e9rables, physiques, certes, mais avant tout spirituels.<\/p>\n<p data-start=\"1189\" data-end=\"1538\">Le p\u00e8lerinage est avant tout un voyage du c\u0153ur, de l\u2019\u00e2me, dont le corps n\u2019est que la monture. C\u2019est la difficult\u00e9 principale du p\u00e8lerinage tel qu\u2019il est accompli de nos jours, car si on n\u2019y prend pas garde, et si on ne reste pas attentif \u00e0 chaque instant, on tombe tr\u00e8s vite dans le simple voyage, voire le tourisme ; puisse Allah nous en pr\u00e9server.<\/p>\n<p data-start=\"1540\" data-end=\"2086\">Cet ouvrage se veut donc un guide pratique, exposant de mani\u00e8re simple les rites, les r\u00e8gles, les interdits, les permissions, les d\u00e9rogations, tout en donnant \u00e9galement acc\u00e8s aux sagesses et origines des rites, et montrant les choses telles qu\u2019elles sont \u00e0 l\u2019heure actuelle, afin que le p\u00e8lerin puisse pleinement tirer profit de son p\u00e8lerinage. Ceci car il existe une diff\u00e9rence entre la th\u00e9orie et la pratique, ce qui est expos\u00e9 dans les livres et ce qu\u2019on peut vivre, si bien que le p\u00e8lerin peut \u00eatre d\u00e9boussol\u00e9 et passer \u00e0 c\u00f4t\u00e9 de l\u2019essentiel.<\/p>","protected":false},"excerpt":{"rendered":"<p>TOUT SAVOIR SUR LE HAJJ &amp; LA OMRA Il est facile de voyager vers la Mecque et d\u2019en revenir, mais il est autrement plus difficile d\u2019accomplir le p\u00e8lerinage comme il se doit. Ainsi, il faut pouvoir acc\u00e9der au sens r\u00e9el du p\u00e8lerinage pour en tirer profit, ceci car le Proph\u00e8te \ufdfa dit :\u00ab Les actes<\/p>\n<div class=\"klb-readmore button\"><a class=\"btn link\" href=\"https:\/\/www.librairiealkitab.fr\/ar\/boutique\/tout-savoir-sur-le-hajj-la-omra\/\">Read More <i class=\"klbth-icon-right-arrow\"><\/i><\/a><\/div>","protected":false},"featured_media":4631,"template":"","meta":[],"product_brand":[240],"product_cat":[284,127],"product_tag":[],"class_list":{"0":"post-3701","1":"product","2":"type-product","3":"status-publish","4":"has-post-thumbnail","6":"product_brand-tawbah","7":"product_cat-hajj-omra-pelerinage","8":"product_cat-noslivres","10":"first","11":"instock","12":"taxable","13":"shipping-taxable","14":"purchasable","15":"product-type-simple"},"yoast_head":"<!-- This site is optimized with the Yoast SEO Premium plugin v25.4 (Yoast SEO v27.0) - https:\/\/yoast.com\/product\/yoast-seo-premium-wordpress\/ -->\n<title>Tout savoir sur le hajj &amp; la omra - Tawbah - Librairie Al Kitab<\/title>\n<meta name=\"description\" content=\"Ce livre propose une approche pratique du Hajj et de la Omra pour permettre au p\u00e8lerin d\u2019en comprendre les r\u00e8gles et d\u2019en tirer un r\u00e9el profit spirituel.\" \/>\n<meta name=\"robots\" content=\"index, follow, max-snippet:-1, max-image-preview:large, max-video-preview:-1\" \/>\n<link rel=\"canonical\" href=\"https:\/\/www.librairiealkitab.fr\/ar\/boutique\/tout-savoir-sur-le-hajj-la-omra\/\" \/>\n<meta property=\"og:locale\" content=\"ar_AR\" \/>\n<meta property=\"og:type\" content=\"article\" \/>\n<meta property=\"og:title\" content=\"Tout savoir sur le hajj &amp; la omra - Tawbah\" \/>\n<meta property=\"og:description\" content=\"Ce livre propose une approche pratique du Hajj et de la Omra pour permettre au p\u00e8lerin d\u2019en comprendre les r\u00e8gles et d\u2019en tirer un r\u00e9el profit spirituel.\" \/>\n<meta property=\"og:url\" content=\"https:\/\/www.librairiealkitab.fr\/ar\/boutique\/tout-savoir-sur-le-hajj-la-omra\/\" \/>\n<meta property=\"og:site_name\" content=\"Librairie Al Kitab | Livres islamiques en fran\u00e7ais et arabe \u2013 Coran, Hadith, apprentissage islamique en ligne\" \/>\n<meta property=\"article:modified_time\" content=\"2026-02-18T11:29:35+00:00\" \/>\n<meta property=\"og:image\" content=\"https:\/\/www.librairiealkitab.fr\/wp-content\/uploads\/2025\/04\/48_d1c0e0b4-14be-4863-bf01-d7b5b9417585.png\" \/>\n\t<meta property=\"og:image:width\" content=\"1563\" \/>\n\t<meta property=\"og:image:height\" content=\"1563\" \/>\n\t<meta property=\"og:image:type\" content=\"image\/png\" \/>\n<meta name=\"twitter:card\" content=\"summary_large_image\" \/>\n<meta name=\"twitter:label1\" content=\"\u0648\u0642\u062a \u0627\u0644\u0642\u0631\u0627\u0621\u0629 \u0627\u0644\u0645\u064f\u0642\u062f\u0651\u0631\" \/>\n\t<meta name=\"twitter:data1\" content=\"\u062f\u0642\u064a\u0642\u062a\u0627\u0646\" \/>\n<script type=\"application\/ld+json\" class=\"yoast-schema-graph\">{\"@context\":\"https:\/\/schema.org\",\"@graph\":[{\"@type\":\"WebPage\",\"@id\":\"https:\/\/www.librairiealkitab.fr\/boutique\/tout-savoir-sur-le-hajj-la-omra\/\",\"url\":\"https:\/\/www.librairiealkitab.fr\/boutique\/tout-savoir-sur-le-hajj-la-omra\/\",\"name\":\"Tout savoir sur le hajj & la omra - Tawbah - Librairie Al Kitab\",\"isPartOf\":{\"@id\":\"https:\/\/www.librairiealkitab.fr\/#website\"},\"primaryImageOfPage\":{\"@id\":\"https:\/\/www.librairiealkitab.fr\/boutique\/tout-savoir-sur-le-hajj-la-omra\/#primaryimage\"},\"image\":{\"@id\":\"https:\/\/www.librairiealkitab.fr\/boutique\/tout-savoir-sur-le-hajj-la-omra\/#primaryimage\"},\"thumbnailUrl\":\"https:\/\/www.librairiealkitab.fr\/wp-content\/uploads\/2025\/04\/48_d1c0e0b4-14be-4863-bf01-d7b5b9417585.png\",\"datePublished\":\"2025-04-13T07:20:47+00:00\",\"dateModified\":\"2026-02-18T11:29:35+00:00\",\"description\":\"Ce livre propose une approche pratique du Hajj et de la Omra pour permettre au p\u00e8lerin d\u2019en comprendre les r\u00e8gles et d\u2019en tirer un r\u00e9el profit spirituel.\",\"breadcrumb\":{\"@id\":\"https:\/\/www.librairiealkitab.fr\/boutique\/tout-savoir-sur-le-hajj-la-omra\/#breadcrumb\"},\"inLanguage\":\"ar\",\"potentialAction\":[{\"@type\":\"ReadAction\",\"target\":[\"https:\/\/www.librairiealkitab.fr\/boutique\/tout-savoir-sur-le-hajj-la-omra\/\"]}]},{\"@type\":\"ImageObject\",\"inLanguage\":\"ar\",\"@id\":\"https:\/\/www.librairiealkitab.fr\/boutique\/tout-savoir-sur-le-hajj-la-omra\/#primaryimage\",\"url\":\"https:\/\/www.librairiealkitab.fr\/wp-content\/uploads\/2025\/04\/48_d1c0e0b4-14be-4863-bf01-d7b5b9417585.png\",\"contentUrl\":\"https:\/\/www.librairiealkitab.fr\/wp-content\/uploads\/2025\/04\/48_d1c0e0b4-14be-4863-bf01-d7b5b9417585.png\",\"width\":1563,\"height\":1563},{\"@type\":\"BreadcrumbList\",\"@id\":\"https:\/\/www.librairiealkitab.fr\/boutique\/tout-savoir-sur-le-hajj-la-omra\/#breadcrumb\",\"itemListElement\":[{\"@type\":\"ListItem\",\"position\":1,\"name\":\"Accueil\",\"item\":\"https:\/\/www.librairiealkitab.fr\/\"},{\"@type\":\"ListItem\",\"position\":2,\"name\":\"Shop\",\"item\":\"https:\/\/www.librairiealkitab.fr\/shop\/\"},{\"@type\":\"ListItem\",\"position\":3,\"name\":\"Tout savoir sur le hajj &amp; la omra &#8211; Tawbah\"}]},{\"@type\":\"WebSite\",\"@id\":\"https:\/\/www.librairiealkitab.fr\/#website\",\"url\":\"https:\/\/www.librairiealkitab.fr\/\",\"name\":\"Librairie Al Kitab | Livres islamiques en fran\u00e7ais et arabe \u2013 Coran, Hadith, apprentissage islamique en ligne\",\"description\":\"Boutique en ligne musulmane\",\"publisher\":{\"@id\":\"https:\/\/www.librairiealkitab.fr\/#organization\"},\"potentialAction\":[{\"@type\":\"SearchAction\",\"target\":{\"@type\":\"EntryPoint\",\"urlTemplate\":\"https:\/\/www.librairiealkitab.fr\/?s={search_term_string}\"},\"query-input\":{\"@type\":\"PropertyValueSpecification\",\"valueRequired\":true,\"valueName\":\"search_term_string\"}}],\"inLanguage\":\"ar\"},{\"@type\":\"Organization\",\"@id\":\"https:\/\/www.librairiealkitab.fr\/#organization\",\"name\":\"Librairie Al Kitab | Livres islamiques en fran\u00e7ais et arabe \u2013 Coran, Hadith, apprentissage islamique en ligne\",\"url\":\"https:\/\/www.librairiealkitab.fr\/\",\"logo\":{\"@type\":\"ImageObject\",\"inLanguage\":\"ar\",\"@id\":\"https:\/\/www.librairiealkitab.fr\/#\/schema\/logo\/image\/\",\"url\":\"https:\/\/www.librairiealkitab.fr\/wp-content\/uploads\/2025\/01\/Logo-Librairie-Al-Kitab-2.png\",\"contentUrl\":\"https:\/\/www.librairiealkitab.fr\/wp-content\/uploads\/2025\/01\/Logo-Librairie-Al-Kitab-2.png\",\"width\":500,\"height\":500,\"caption\":\"Librairie Al Kitab | Livres islamiques en fran\u00e7ais et arabe \u2013 Coran, Hadith, apprentissage islamique en ligne\"},\"image\":{\"@id\":\"https:\/\/www.librairiealkitab.fr\/#\/schema\/logo\/image\/\"}}]}<\/script>\n<!-- \/ Yoast SEO Premium plugin. -->","yoast_head_json":{"title":"Tout savoir sur le hajj & la omra - Tawbah - Librairie Al Kitab","description":"Ce livre propose une approche pratique du Hajj et de la Omra pour permettre au p\u00e8lerin d\u2019en comprendre les r\u00e8gles et d\u2019en tirer un r\u00e9el profit spirituel.","robots":{"index":"index","follow":"follow","max-snippet":"max-snippet:-1","max-image-preview":"max-image-preview:large","max-video-preview":"max-video-preview:-1"},"canonical":"https:\/\/www.librairiealkitab.fr\/ar\/boutique\/tout-savoir-sur-le-hajj-la-omra\/","og_locale":"ar_AR","og_type":"article","og_title":"Tout savoir sur le hajj &amp; la omra - Tawbah","og_description":"Ce livre propose une approche pratique du Hajj et de la Omra pour permettre au p\u00e8lerin d\u2019en comprendre les r\u00e8gles et d\u2019en tirer un r\u00e9el profit spirituel.","og_url":"https:\/\/www.librairiealkitab.fr\/ar\/boutique\/tout-savoir-sur-le-hajj-la-omra\/","og_site_name":"Librairie Al Kitab | Livres islamiques en fran\u00e7ais et arabe \u2013 Coran, Hadith, apprentissage islamique en ligne","article_modified_time":"2026-02-18T11:29:35+00:00","og_image":[{"width":1563,"height":1563,"url":"https:\/\/www.librairiealkitab.fr\/wp-content\/uploads\/2025\/04\/48_d1c0e0b4-14be-4863-bf01-d7b5b9417585.png","type":"image\/png"}],"twitter_card":"summary_large_image","twitter_misc":{"\u0648\u0642\u062a \u0627\u0644\u0642\u0631\u0627\u0621\u0629 \u0627\u0644\u0645\u064f\u0642\u062f\u0651\u0631":"\u062f\u0642\u064a\u0642\u062a\u0627\u0646"},"schema":{"@context":"https:\/\/schema.org","@graph":[{"@type":"WebPage","@id":"https:\/\/www.librairiealkitab.fr\/boutique\/tout-savoir-sur-le-hajj-la-omra\/","url":"https:\/\/www.librairiealkitab.fr\/boutique\/tout-savoir-sur-le-hajj-la-omra\/","name":"Tout savoir sur le hajj & la omra - Tawbah - Librairie Al Kitab","isPartOf":{"@id":"https:\/\/www.librairiealkitab.fr\/#website"},"primaryImageOfPage":{"@id":"https:\/\/www.librairiealkitab.fr\/boutique\/tout-savoir-sur-le-hajj-la-omra\/#primaryimage"},"image":{"@id":"https:\/\/www.librairiealkitab.fr\/boutique\/tout-savoir-sur-le-hajj-la-omra\/#primaryimage"},"thumbnailUrl":"https:\/\/www.librairiealkitab.fr\/wp-content\/uploads\/2025\/04\/48_d1c0e0b4-14be-4863-bf01-d7b5b9417585.png","datePublished":"2025-04-13T07:20:47+00:00","dateModified":"2026-02-18T11:29:35+00:00","description":"Ce livre propose une approche pratique du Hajj et de la Omra pour permettre au p\u00e8lerin d\u2019en comprendre les r\u00e8gles et d\u2019en tirer un r\u00e9el profit spirituel.","breadcrumb":{"@id":"https:\/\/www.librairiealkitab.fr\/boutique\/tout-savoir-sur-le-hajj-la-omra\/#breadcrumb"},"inLanguage":"ar","potentialAction":[{"@type":"ReadAction","target":["https:\/\/www.librairiealkitab.fr\/boutique\/tout-savoir-sur-le-hajj-la-omra\/"]}]},{"@type":"ImageObject","inLanguage":"ar","@id":"https:\/\/www.librairiealkitab.fr\/boutique\/tout-savoir-sur-le-hajj-la-omra\/#primaryimage","url":"https:\/\/www.librairiealkitab.fr\/wp-content\/uploads\/2025\/04\/48_d1c0e0b4-14be-4863-bf01-d7b5b9417585.png","contentUrl":"https:\/\/www.librairiealkitab.fr\/wp-content\/uploads\/2025\/04\/48_d1c0e0b4-14be-4863-bf01-d7b5b9417585.png","width":1563,"height":1563},{"@type":"BreadcrumbList","@id":"https:\/\/www.librairiealkitab.fr\/boutique\/tout-savoir-sur-le-hajj-la-omra\/#breadcrumb","itemListElement":[{"@type":"ListItem","position":1,"name":"Accueil","item":"https:\/\/www.librairiealkitab.fr\/"},{"@type":"ListItem","position":2,"name":"Shop","item":"https:\/\/www.librairiealkitab.fr\/shop\/"},{"@type":"ListItem","position":3,"name":"Tout savoir sur le hajj &amp; la omra &#8211; Tawbah"}]},{"@type":"WebSite","@id":"https:\/\/www.librairiealkitab.fr\/#website","url":"https:\/\/www.librairiealkitab.fr\/","name":"Librairie Al Kitab | Livres islamiques en fran\u00e7ais et arabe \u2013 Coran, Hadith, apprentissage islamique en ligne","description":"Boutique en ligne musulmane","publisher":{"@id":"https:\/\/www.librairiealkitab.fr\/#organization"},"potentialAction":[{"@type":"SearchAction","target":{"@type":"EntryPoint","urlTemplate":"https:\/\/www.librairiealkitab.fr\/?s={search_term_string}"},"query-input":{"@type":"PropertyValueSpecification","valueRequired":true,"valueName":"search_term_string"}}],"inLanguage":"ar"},{"@type":"Organization","@id":"https:\/\/www.librairiealkitab.fr\/#organization","name":"Librairie Al Kitab | Livres islamiques en fran\u00e7ais et arabe \u2013 Coran, Hadith, apprentissage islamique en ligne","url":"https:\/\/www.librairiealkitab.fr\/","logo":{"@type":"ImageObject","inLanguage":"ar","@id":"https:\/\/www.librairiealkitab.fr\/#\/schema\/logo\/image\/","url":"https:\/\/www.librairiealkitab.fr\/wp-content\/uploads\/2025\/01\/Logo-Librairie-Al-Kitab-2.png","contentUrl":"https:\/\/www.librairiealkitab.fr\/wp-content\/uploads\/2025\/01\/Logo-Librairie-Al-Kitab-2.png","width":500,"height":500,"caption":"Librairie Al Kitab | Livres islamiques en fran\u00e7ais et arabe \u2013 Coran, Hadith, apprentissage islamique en ligne"},"image":{"@id":"https:\/\/www.librairiealkitab.fr\/#\/schema\/logo\/image\/"}}]}},"jetpack_sharing_enabled":true,"_links":{"self":[{"href":"https:\/\/www.librairiealkitab.fr\/ar\/wp-json\/wp\/v2\/product\/3701","targetHints":{"allow":["GET"]}}],"collection":[{"href":"https:\/\/www.librairiealkitab.fr\/ar\/wp-json\/wp\/v2\/product"}],"about":[{"href":"https:\/\/www.librairiealkitab.fr\/ar\/wp-json\/wp\/v2\/types\/product"}],"version-history":[{"count":4,"href":"https:\/\/www.librairiealkitab.fr\/ar\/wp-json\/wp\/v2\/product\/3701\/revisions"}],"predecessor-version":[{"id":14197,"href":"https:\/\/www.librairiealkitab.fr\/ar\/wp-json\/wp\/v2\/product\/3701\/revisions\/14197"}],"wp:featuredmedia":[{"embeddable":true,"href":"https:\/\/www.librairiealkitab.fr\/ar\/wp-json\/wp\/v2\/media\/4631"}],"wp:attachment":[{"href":"https:\/\/www.librairiealkitab.fr\/ar\/wp-json\/wp\/v2\/media?parent=3701"}],"wp:term":[{"taxonomy":"product_brand","embeddable":true,"href":"https:\/\/www.librairiealkitab.fr\/ar\/wp-json\/wp\/v2\/product_brand?post=3701"},{"taxonomy":"product_cat","embeddable":true,"href":"https:\/\/www.librairiealkitab.fr\/ar\/wp-json\/wp\/v2\/product_cat?post=3701"},{"taxonomy":"product_tag","embeddable":true,"href":"https:\/\/www.librairiealkitab.fr\/ar\/wp-json\/wp\/v2\/product_tag?post=3701"}],"curies":[{"name":"wp","href":"https:\/\/api.w.org\/{rel}","templated":true}]}}