{"id":3708,"date":"2025-04-13T09:20:59","date_gmt":"2025-04-13T07:20:59","guid":{"rendered":"https:\/\/librairiealkitab.fr\/produit\/une-breve-histoire-de-lafrique-de-louest-islamique-ribat\/"},"modified":"2025-11-14T14:45:07","modified_gmt":"2025-11-14T13:45:07","slug":"une-breve-histoire-de-lafrique-de-louest-islamique-ribat","status":"publish","type":"product","link":"https:\/\/www.librairiealkitab.fr\/ar\/boutique\/une-breve-histoire-de-lafrique-de-louest-islamique-ribat\/","title":{"rendered":"Une br\u00e8ve histoire de l&#8217;Afrique de l&#8217;ouest islamique &#8211; Ribat"},"content":{"rendered":"<p data-start=\"106\" data-end=\"1346\">Ce livre retrace <strong data-start=\"123\" data-end=\"158\">plus d\u2019un mill\u00e9naire d\u2019histoire<\/strong> \u00e0 travers la <strong data-start=\"172\" data-end=\"220\">propagation de l\u2019Islam en Afrique de l\u2019Ouest<\/strong>, depuis les <strong data-start=\"233\" data-end=\"269\">premi\u00e8res conversions m\u00e9di\u00e9vales<\/strong> jusqu\u2019\u00e0 l\u2019<strong data-start=\"280\" data-end=\"297\">\u00e8re coloniale<\/strong>. De la r\u00e9gion du <strong data-start=\"315\" data-end=\"325\">Sahara<\/strong> jusqu\u2019\u00e0 l\u2019<strong data-start=\"336\" data-end=\"356\">oc\u00e9an Atlantique<\/strong>, en passant par le <strong data-start=\"376\" data-end=\"389\">lac Tchad<\/strong>, cette vaste zone, autrefois connue sous le nom de <strong data-start=\"441\" data-end=\"451\">Soudan<\/strong>, a vu na\u00eetre une <strong data-start=\"469\" data-end=\"492\">tradition islamique<\/strong> \u00e0 la fois <strong data-start=\"503\" data-end=\"512\">riche<\/strong>, <strong data-start=\"514\" data-end=\"527\">originale<\/strong> et profond\u00e9ment <strong data-start=\"544\" data-end=\"557\">dynamique<\/strong>. L\u2019ouvrage met en lumi\u00e8re les <strong data-start=\"588\" data-end=\"607\">grands royaumes<\/strong> et <strong data-start=\"611\" data-end=\"634\">figures historiques<\/strong> qui ont marqu\u00e9 cette histoire, comme l\u2019<strong data-start=\"674\" data-end=\"692\">empire du Mali<\/strong> sous le r\u00e8gne du l\u00e9gendaire <strong data-start=\"721\" data-end=\"735\">Mansa M\u00fbs\u00e2<\/strong>, le <strong data-start=\"740\" data-end=\"767\">puissant empire Songha\u00ef<\/strong>, ou encore le <strong data-start=\"782\" data-end=\"804\">sultanat de Sokoto<\/strong> fond\u00e9 par <strong data-start=\"815\" data-end=\"836\">\u2018Uthm\u00e2n dan Fodio<\/strong> au XIX\u1d49 si\u00e8cle. Plus qu\u2019un simple r\u00e9cit politique, ce livre explore aussi une <strong data-start=\"915\" data-end=\"934\">histoire de foi<\/strong>, de <strong data-start=\"939\" data-end=\"964\">r\u00e9formes spirituelles<\/strong> et de <strong data-start=\"971\" data-end=\"985\">r\u00e9sistance<\/strong>, o\u00f9 <strong data-start=\"990\" data-end=\"1001\">savants<\/strong>, <strong data-start=\"1003\" data-end=\"1018\">conqu\u00e9rants<\/strong> et <strong data-start=\"1022\" data-end=\"1038\">r\u00e9formateurs<\/strong> ont contribu\u00e9 \u00e0 faire de l\u2019Afrique de l\u2019Ouest un <strong data-start=\"1088\" data-end=\"1115\">foyer majeur de l\u2019Islam<\/strong>, m\u00ealant <strong data-start=\"1124\" data-end=\"1134\">savoir<\/strong>, <strong data-start=\"1136\" data-end=\"1152\">spiritualit\u00e9<\/strong> et <strong data-start=\"1156\" data-end=\"1170\">engagement<\/strong>. Un ouvrage incontournable pour d\u00e9couvrir la <strong data-start=\"1216\" data-end=\"1267\">richesse de l\u2019h\u00e9ritage islamique ouest-africain<\/strong> et son <strong data-start=\"1275\" data-end=\"1293\">impact durable<\/strong> sur la <strong data-start=\"1301\" data-end=\"1312\">culture<\/strong> et l\u2019<strong data-start=\"1318\" data-end=\"1343\">histoire du continent<\/strong>.<\/p>","protected":false},"excerpt":{"rendered":"<p>Ce livre retrace plus d\u2019un mill\u00e9naire d\u2019histoire \u00e0 travers la propagation de l\u2019Islam en Afrique de l\u2019Ouest, depuis les premi\u00e8res conversions m\u00e9di\u00e9vales jusqu\u2019\u00e0 l\u2019\u00e8re coloniale. De la r\u00e9gion du Sahara jusqu\u2019\u00e0 l\u2019oc\u00e9an Atlantique, en passant par le lac Tchad, cette vaste zone, autrefois connue sous le nom de Soudan, a vu na\u00eetre une tradition islamique<\/p>\n<div class=\"klb-readmore button\"><a class=\"btn link\" href=\"https:\/\/www.librairiealkitab.fr\/ar\/boutique\/une-breve-histoire-de-lafrique-de-louest-islamique-ribat\/\">Read More <i class=\"klbth-icon-right-arrow\"><\/i><\/a><\/div>","protected":false},"featured_media":4589,"template":"","meta":[],"product_brand":[234],"product_cat":[127],"product_tag":[],"class_list":{"0":"post-3708","1":"product","2":"type-product","3":"status-publish","4":"has-post-thumbnail","6":"product_brand-ribat","7":"product_cat-noslivres","9":"first","10":"instock","11":"taxable","12":"shipping-taxable","13":"purchasable","14":"product-type-simple"},"yoast_head":"<!-- This site is optimized with the Yoast SEO Premium plugin v25.4 (Yoast SEO v27.0) - https:\/\/yoast.com\/product\/yoast-seo-premium-wordpress\/ -->\n<title>Une br\u00e8ve histoire de l&#039;Afrique de l&#039;ouest islamique - Ribat - Librairie Al Kitab | Livres islamiques en fran\u00e7ais et arabe \u2013 Coran, Hadith, apprentissage islamique en ligne<\/title>\n<meta name=\"robots\" content=\"index, follow, max-snippet:-1, max-image-preview:large, max-video-preview:-1\" \/>\n<link rel=\"canonical\" href=\"https:\/\/www.librairiealkitab.fr\/ar\/boutique\/une-breve-histoire-de-lafrique-de-louest-islamique-ribat\/\" \/>\n<meta property=\"og:locale\" content=\"ar_AR\" \/>\n<meta property=\"og:type\" content=\"article\" \/>\n<meta property=\"og:title\" content=\"Une br\u00e8ve histoire de l&#039;Afrique de l&#039;ouest islamique - Ribat\" \/>\n<meta property=\"og:description\" content=\"Ce livre retrace plus d\u2019un mill\u00e9naire d\u2019histoire \u00e0 travers la propagation de l\u2019Islam en Afrique de l\u2019Ouest, depuis les premi\u00e8res conversions m\u00e9di\u00e9vales jusqu\u2019\u00e0 l\u2019\u00e8re coloniale. De la r\u00e9gion du Sahara jusqu\u2019\u00e0 l\u2019oc\u00e9an Atlantique, en passant par le lac Tchad, cette vaste zone, autrefois connue sous le nom de Soudan, a vu na\u00eetre une tradition islamiqueRead More\" \/>\n<meta property=\"og:url\" content=\"https:\/\/www.librairiealkitab.fr\/ar\/boutique\/une-breve-histoire-de-lafrique-de-louest-islamique-ribat\/\" \/>\n<meta property=\"og:site_name\" content=\"Librairie Al Kitab | Livres islamiques en fran\u00e7ais et arabe \u2013 Coran, Hadith, apprentissage islamique en ligne\" \/>\n<meta property=\"article:modified_time\" content=\"2025-11-14T13:45:07+00:00\" \/>\n<meta property=\"og:image\" content=\"https:\/\/www.librairiealkitab.fr\/wp-content\/uploads\/2025\/04\/23_8315327c-1b3d-4ef2-883d-e941213d2249.png\" \/>\n\t<meta property=\"og:image:width\" content=\"1563\" \/>\n\t<meta property=\"og:image:height\" content=\"1563\" \/>\n\t<meta property=\"og:image:type\" content=\"image\/png\" \/>\n<meta name=\"twitter:card\" content=\"summary_large_image\" \/>\n<meta name=\"twitter:label1\" content=\"\u0648\u0642\u062a \u0627\u0644\u0642\u0631\u0627\u0621\u0629 \u0627\u0644\u0645\u064f\u0642\u062f\u0651\u0631\" \/>\n\t<meta name=\"twitter:data1\" content=\"\u062f\u0642\u064a\u0642\u062a\u0627\u0646\" \/>\n<script type=\"application\/ld+json\" class=\"yoast-schema-graph\">{\"@context\":\"https:\/\/schema.org\",\"@graph\":[{\"@type\":\"WebPage\",\"@id\":\"https:\/\/www.librairiealkitab.fr\/boutique\/une-breve-histoire-de-lafrique-de-louest-islamique-ribat\/\",\"url\":\"https:\/\/www.librairiealkitab.fr\/boutique\/une-breve-histoire-de-lafrique-de-louest-islamique-ribat\/\",\"name\":\"Une br\u00e8ve histoire de l'Afrique de l'ouest islamique - Ribat - Librairie Al Kitab | Livres islamiques en fran\u00e7ais et arabe \u2013 Coran, Hadith, apprentissage islamique en ligne\",\"isPartOf\":{\"@id\":\"https:\/\/www.librairiealkitab.fr\/#website\"},\"primaryImageOfPage\":{\"@id\":\"https:\/\/www.librairiealkitab.fr\/boutique\/une-breve-histoire-de-lafrique-de-louest-islamique-ribat\/#primaryimage\"},\"image\":{\"@id\":\"https:\/\/www.librairiealkitab.fr\/boutique\/une-breve-histoire-de-lafrique-de-louest-islamique-ribat\/#primaryimage\"},\"thumbnailUrl\":\"https:\/\/www.librairiealkitab.fr\/wp-content\/uploads\/2025\/04\/23_8315327c-1b3d-4ef2-883d-e941213d2249.png\",\"datePublished\":\"2025-04-13T07:20:59+00:00\",\"dateModified\":\"2025-11-14T13:45:07+00:00\",\"breadcrumb\":{\"@id\":\"https:\/\/www.librairiealkitab.fr\/boutique\/une-breve-histoire-de-lafrique-de-louest-islamique-ribat\/#breadcrumb\"},\"inLanguage\":\"ar\",\"potentialAction\":[{\"@type\":\"ReadAction\",\"target\":[\"https:\/\/www.librairiealkitab.fr\/boutique\/une-breve-histoire-de-lafrique-de-louest-islamique-ribat\/\"]}]},{\"@type\":\"ImageObject\",\"inLanguage\":\"ar\",\"@id\":\"https:\/\/www.librairiealkitab.fr\/boutique\/une-breve-histoire-de-lafrique-de-louest-islamique-ribat\/#primaryimage\",\"url\":\"https:\/\/www.librairiealkitab.fr\/wp-content\/uploads\/2025\/04\/23_8315327c-1b3d-4ef2-883d-e941213d2249.png\",\"contentUrl\":\"https:\/\/www.librairiealkitab.fr\/wp-content\/uploads\/2025\/04\/23_8315327c-1b3d-4ef2-883d-e941213d2249.png\",\"width\":1563,\"height\":1563},{\"@type\":\"BreadcrumbList\",\"@id\":\"https:\/\/www.librairiealkitab.fr\/boutique\/une-breve-histoire-de-lafrique-de-louest-islamique-ribat\/#breadcrumb\",\"itemListElement\":[{\"@type\":\"ListItem\",\"position\":1,\"name\":\"Accueil\",\"item\":\"https:\/\/www.librairiealkitab.fr\/\"},{\"@type\":\"ListItem\",\"position\":2,\"name\":\"Shop\",\"item\":\"https:\/\/www.librairiealkitab.fr\/shop\/\"},{\"@type\":\"ListItem\",\"position\":3,\"name\":\"Une br\u00e8ve histoire de l&#8217;Afrique de l&#8217;ouest islamique &#8211; Ribat\"}]},{\"@type\":\"WebSite\",\"@id\":\"https:\/\/www.librairiealkitab.fr\/#website\",\"url\":\"https:\/\/www.librairiealkitab.fr\/\",\"name\":\"Librairie Al Kitab | Livres islamiques en fran\u00e7ais et arabe \u2013 Coran, Hadith, apprentissage islamique en ligne\",\"description\":\"Boutique en ligne musulmane\",\"publisher\":{\"@id\":\"https:\/\/www.librairiealkitab.fr\/#organization\"},\"potentialAction\":[{\"@type\":\"SearchAction\",\"target\":{\"@type\":\"EntryPoint\",\"urlTemplate\":\"https:\/\/www.librairiealkitab.fr\/?s={search_term_string}\"},\"query-input\":{\"@type\":\"PropertyValueSpecification\",\"valueRequired\":true,\"valueName\":\"search_term_string\"}}],\"inLanguage\":\"ar\"},{\"@type\":\"Organization\",\"@id\":\"https:\/\/www.librairiealkitab.fr\/#organization\",\"name\":\"Librairie Al Kitab | Livres islamiques en fran\u00e7ais et arabe \u2013 Coran, Hadith, apprentissage islamique en ligne\",\"url\":\"https:\/\/www.librairiealkitab.fr\/\",\"logo\":{\"@type\":\"ImageObject\",\"inLanguage\":\"ar\",\"@id\":\"https:\/\/www.librairiealkitab.fr\/#\/schema\/logo\/image\/\",\"url\":\"https:\/\/www.librairiealkitab.fr\/wp-content\/uploads\/2025\/01\/Logo-Librairie-Al-Kitab-2.png\",\"contentUrl\":\"https:\/\/www.librairiealkitab.fr\/wp-content\/uploads\/2025\/01\/Logo-Librairie-Al-Kitab-2.png\",\"width\":500,\"height\":500,\"caption\":\"Librairie Al Kitab | Livres islamiques en fran\u00e7ais et arabe \u2013 Coran, Hadith, apprentissage islamique en ligne\"},\"image\":{\"@id\":\"https:\/\/www.librairiealkitab.fr\/#\/schema\/logo\/image\/\"}}]}<\/script>\n<!-- \/ Yoast SEO Premium plugin. -->","yoast_head_json":{"title":"Une br\u00e8ve histoire de l'Afrique de l'ouest islamique - Ribat - Librairie Al Kitab | Livres islamiques en fran\u00e7ais et arabe \u2013 Coran, Hadith, apprentissage islamique en ligne","robots":{"index":"index","follow":"follow","max-snippet":"max-snippet:-1","max-image-preview":"max-image-preview:large","max-video-preview":"max-video-preview:-1"},"canonical":"https:\/\/www.librairiealkitab.fr\/ar\/boutique\/une-breve-histoire-de-lafrique-de-louest-islamique-ribat\/","og_locale":"ar_AR","og_type":"article","og_title":"Une br\u00e8ve histoire de l'Afrique de l'ouest islamique - Ribat","og_description":"Ce livre retrace plus d\u2019un mill\u00e9naire d\u2019histoire \u00e0 travers la propagation de l\u2019Islam en Afrique de l\u2019Ouest, depuis les premi\u00e8res conversions m\u00e9di\u00e9vales jusqu\u2019\u00e0 l\u2019\u00e8re coloniale. De la r\u00e9gion du Sahara jusqu\u2019\u00e0 l\u2019oc\u00e9an Atlantique, en passant par le lac Tchad, cette vaste zone, autrefois connue sous le nom de Soudan, a vu na\u00eetre une tradition islamiqueRead More","og_url":"https:\/\/www.librairiealkitab.fr\/ar\/boutique\/une-breve-histoire-de-lafrique-de-louest-islamique-ribat\/","og_site_name":"Librairie Al Kitab | Livres islamiques en fran\u00e7ais et arabe \u2013 Coran, Hadith, apprentissage islamique en ligne","article_modified_time":"2025-11-14T13:45:07+00:00","og_image":[{"width":1563,"height":1563,"url":"https:\/\/www.librairiealkitab.fr\/wp-content\/uploads\/2025\/04\/23_8315327c-1b3d-4ef2-883d-e941213d2249.png","type":"image\/png"}],"twitter_card":"summary_large_image","twitter_misc":{"\u0648\u0642\u062a \u0627\u0644\u0642\u0631\u0627\u0621\u0629 \u0627\u0644\u0645\u064f\u0642\u062f\u0651\u0631":"\u062f\u0642\u064a\u0642\u062a\u0627\u0646"},"schema":{"@context":"https:\/\/schema.org","@graph":[{"@type":"WebPage","@id":"https:\/\/www.librairiealkitab.fr\/boutique\/une-breve-histoire-de-lafrique-de-louest-islamique-ribat\/","url":"https:\/\/www.librairiealkitab.fr\/boutique\/une-breve-histoire-de-lafrique-de-louest-islamique-ribat\/","name":"Une br\u00e8ve histoire de l'Afrique de l'ouest islamique - Ribat - Librairie Al Kitab | Livres islamiques en fran\u00e7ais et arabe \u2013 Coran, Hadith, apprentissage islamique en ligne","isPartOf":{"@id":"https:\/\/www.librairiealkitab.fr\/#website"},"primaryImageOfPage":{"@id":"https:\/\/www.librairiealkitab.fr\/boutique\/une-breve-histoire-de-lafrique-de-louest-islamique-ribat\/#primaryimage"},"image":{"@id":"https:\/\/www.librairiealkitab.fr\/boutique\/une-breve-histoire-de-lafrique-de-louest-islamique-ribat\/#primaryimage"},"thumbnailUrl":"https:\/\/www.librairiealkitab.fr\/wp-content\/uploads\/2025\/04\/23_8315327c-1b3d-4ef2-883d-e941213d2249.png","datePublished":"2025-04-13T07:20:59+00:00","dateModified":"2025-11-14T13:45:07+00:00","breadcrumb":{"@id":"https:\/\/www.librairiealkitab.fr\/boutique\/une-breve-histoire-de-lafrique-de-louest-islamique-ribat\/#breadcrumb"},"inLanguage":"ar","potentialAction":[{"@type":"ReadAction","target":["https:\/\/www.librairiealkitab.fr\/boutique\/une-breve-histoire-de-lafrique-de-louest-islamique-ribat\/"]}]},{"@type":"ImageObject","inLanguage":"ar","@id":"https:\/\/www.librairiealkitab.fr\/boutique\/une-breve-histoire-de-lafrique-de-louest-islamique-ribat\/#primaryimage","url":"https:\/\/www.librairiealkitab.fr\/wp-content\/uploads\/2025\/04\/23_8315327c-1b3d-4ef2-883d-e941213d2249.png","contentUrl":"https:\/\/www.librairiealkitab.fr\/wp-content\/uploads\/2025\/04\/23_8315327c-1b3d-4ef2-883d-e941213d2249.png","width":1563,"height":1563},{"@type":"BreadcrumbList","@id":"https:\/\/www.librairiealkitab.fr\/boutique\/une-breve-histoire-de-lafrique-de-louest-islamique-ribat\/#breadcrumb","itemListElement":[{"@type":"ListItem","position":1,"name":"Accueil","item":"https:\/\/www.librairiealkitab.fr\/"},{"@type":"ListItem","position":2,"name":"Shop","item":"https:\/\/www.librairiealkitab.fr\/shop\/"},{"@type":"ListItem","position":3,"name":"Une br\u00e8ve histoire de l&#8217;Afrique de l&#8217;ouest islamique &#8211; Ribat"}]},{"@type":"WebSite","@id":"https:\/\/www.librairiealkitab.fr\/#website","url":"https:\/\/www.librairiealkitab.fr\/","name":"Librairie Al Kitab | Livres islamiques en fran\u00e7ais et arabe \u2013 Coran, Hadith, apprentissage islamique en ligne","description":"Boutique en ligne musulmane","publisher":{"@id":"https:\/\/www.librairiealkitab.fr\/#organization"},"potentialAction":[{"@type":"SearchAction","target":{"@type":"EntryPoint","urlTemplate":"https:\/\/www.librairiealkitab.fr\/?s={search_term_string}"},"query-input":{"@type":"PropertyValueSpecification","valueRequired":true,"valueName":"search_term_string"}}],"inLanguage":"ar"},{"@type":"Organization","@id":"https:\/\/www.librairiealkitab.fr\/#organization","name":"Librairie Al Kitab | Livres islamiques en fran\u00e7ais et arabe \u2013 Coran, Hadith, apprentissage islamique en ligne","url":"https:\/\/www.librairiealkitab.fr\/","logo":{"@type":"ImageObject","inLanguage":"ar","@id":"https:\/\/www.librairiealkitab.fr\/#\/schema\/logo\/image\/","url":"https:\/\/www.librairiealkitab.fr\/wp-content\/uploads\/2025\/01\/Logo-Librairie-Al-Kitab-2.png","contentUrl":"https:\/\/www.librairiealkitab.fr\/wp-content\/uploads\/2025\/01\/Logo-Librairie-Al-Kitab-2.png","width":500,"height":500,"caption":"Librairie Al Kitab | Livres islamiques en fran\u00e7ais et arabe \u2013 Coran, Hadith, apprentissage islamique en ligne"},"image":{"@id":"https:\/\/www.librairiealkitab.fr\/#\/schema\/logo\/image\/"}}]}},"jetpack_sharing_enabled":true,"_links":{"self":[{"href":"https:\/\/www.librairiealkitab.fr\/ar\/wp-json\/wp\/v2\/product\/3708","targetHints":{"allow":["GET"]}}],"collection":[{"href":"https:\/\/www.librairiealkitab.fr\/ar\/wp-json\/wp\/v2\/product"}],"about":[{"href":"https:\/\/www.librairiealkitab.fr\/ar\/wp-json\/wp\/v2\/types\/product"}],"version-history":[{"count":1,"href":"https:\/\/www.librairiealkitab.fr\/ar\/wp-json\/wp\/v2\/product\/3708\/revisions"}],"predecessor-version":[{"id":9501,"href":"https:\/\/www.librairiealkitab.fr\/ar\/wp-json\/wp\/v2\/product\/3708\/revisions\/9501"}],"wp:featuredmedia":[{"embeddable":true,"href":"https:\/\/www.librairiealkitab.fr\/ar\/wp-json\/wp\/v2\/media\/4589"}],"wp:attachment":[{"href":"https:\/\/www.librairiealkitab.fr\/ar\/wp-json\/wp\/v2\/media?parent=3708"}],"wp:term":[{"taxonomy":"product_brand","embeddable":true,"href":"https:\/\/www.librairiealkitab.fr\/ar\/wp-json\/wp\/v2\/product_brand?post=3708"},{"taxonomy":"product_cat","embeddable":true,"href":"https:\/\/www.librairiealkitab.fr\/ar\/wp-json\/wp\/v2\/product_cat?post=3708"},{"taxonomy":"product_tag","embeddable":true,"href":"https:\/\/www.librairiealkitab.fr\/ar\/wp-json\/wp\/v2\/product_tag?post=3708"}],"curies":[{"name":"wp","href":"https:\/\/api.w.org\/{rel}","templated":true}]}}