{"id":11588,"date":"2025-08-18T16:12:33","date_gmt":"2025-08-18T14:12:33","guid":{"rendered":"https:\/\/librairiealkitab.fr\/?post_type=product&#038;p=11588"},"modified":"2025-08-18T16:12:33","modified_gmt":"2025-08-18T14:12:33","slug":"coran-tajwid-hafs-17-x-24cm-dar-al-maarifa","status":"publish","type":"product","link":"https:\/\/www.librairiealkitab.fr\/en\/boutique\/coran-tajwid-hafs-17-x-24cm-dar-al-maarifa\/","title":{"rendered":"Coran Tajwid hafs 17 x 24cm &#8211; Dar Al Ma&#8217;arifa"},"content":{"rendered":"<p data-start=\"2349\" data-end=\"2608\"><strong data-start=\"2349\" data-end=\"2415\">Mushaf Tajwid \u2013 Lecture Hafs (Arabe-Arabe) \u2013 Format 17 \u00d7 24 cm<\/strong><br data-start=\"2415\" data-end=\"2418\" \/>D\u00e9couvrez une \u00e9dition raffin\u00e9e du <strong data-start=\"2452\" data-end=\"2467\">Saint Coran<\/strong>, conforme \u00e0 la <strong data-start=\"2483\" data-end=\"2499\">lecture Hafs<\/strong> et au <strong data-start=\"2506\" data-end=\"2525\">Rasm al-Othmani<\/strong>, sp\u00e9cialement con\u00e7ue pour faciliter la r\u00e9citation avec les <strong data-start=\"2585\" data-end=\"2605\">r\u00e8gles de Tajwid<\/strong>.<\/p>\n<p data-start=\"2610\" data-end=\"2833\"><strong data-start=\"2610\" data-end=\"2635\">Couverture et contenu<\/strong><br data-start=\"2635\" data-end=\"2638\" \/>Couverture de <strong data-start=\"2652\" data-end=\"2673\">couleur al\u00e9atoire<\/strong> selon les <strong data-start=\"2684\" data-end=\"2712\">disponibilit\u00e9s du moment<\/strong>, la couverture peut donc \u00eatre d&#8217;une couleur diff\u00e9rente de celle sur la <strong data-start=\"2784\" data-end=\"2793\">photo<\/strong>, mais le <strong data-start=\"2803\" data-end=\"2814\">contenu<\/strong> reste identique.<\/p>\n<p data-start=\"2835\" data-end=\"3256\"><strong data-start=\"2835\" data-end=\"2867\">Ce mushaf se distingue par :<\/strong><br data-start=\"2867\" data-end=\"2870\" \/>\u2022 Une <strong data-start=\"2876\" data-end=\"2904\">codification en couleurs<\/strong> (rouge, vert, bleu, gris) pour identifier les <strong data-start=\"2951\" data-end=\"2975\">r\u00e8gles de r\u00e9citation<\/strong> \u00e0 appliquer \u00e0 chaque lettre.<br data-start=\"3004\" data-end=\"3007\" \/>\u2022 Des <strong data-start=\"3013\" data-end=\"3037\">explications claires<\/strong> des termes complexes en marge, enti\u00e8rement en <strong data-start=\"3084\" data-end=\"3093\">arabe<\/strong>.<br data-start=\"3094\" data-end=\"3097\" \/>\u2022 Un <strong data-start=\"3102\" data-end=\"3136\">format classique de 17 \u00d7 24 cm<\/strong>, spacieux pour suivre les r\u00e8gles de Tajwid avec aisance.<br data-start=\"3193\" data-end=\"3196\" \/>\u2022 Une <strong data-start=\"3202\" data-end=\"3229\">couverture rigide dor\u00e9e<\/strong>, \u00e9l\u00e9gante et r\u00e9sistante.<\/p>\n<p data-start=\"3258\" data-end=\"3388\"><strong data-start=\"3258\" data-end=\"3386\">Parfait pour les \u00e9tudiants, enseignants ou lecteurs souhaitant un format agr\u00e9able pour la lecture \u00e0 la maison ou en mosqu\u00e9e.<\/strong><\/p>","protected":false},"excerpt":{"rendered":"<p>Mushaf Tajwid \u2013 Lecture Hafs (Arabe-Arabe) \u2013 Format 17 \u00d7 24 cmD\u00e9couvrez une \u00e9dition raffin\u00e9e du Saint Coran, conforme \u00e0 la lecture Hafs et au Rasm al-Othmani, sp\u00e9cialement con\u00e7ue pour faciliter la r\u00e9citation avec les r\u00e8gles de Tajwid. Couverture et contenuCouverture de couleur al\u00e9atoire selon les disponibilit\u00e9s du moment, la couverture peut donc \u00eatre d&#8217;une<\/p>\n<div class=\"klb-readmore button\"><a class=\"btn link\" href=\"https:\/\/www.librairiealkitab.fr\/en\/boutique\/coran-tajwid-hafs-17-x-24cm-dar-al-maarifa\/\">Read More <i class=\"klbth-icon-right-arrow\"><\/i><\/a><\/div>","protected":false},"featured_media":11589,"template":"","meta":[],"product_brand":[373],"product_cat":[332,333],"product_tag":[],"class_list":{"0":"post-11588","1":"product","2":"type-product","3":"status-publish","4":"has-post-thumbnail","6":"product_brand-dar-al-maarifa","7":"product_cat-coran","8":"product_cat-coran-arabe","10":"first","11":"instock","12":"taxable","13":"shipping-taxable","14":"purchasable","15":"product-type-simple"},"yoast_head":"<!-- This site is optimized with the Yoast SEO Premium plugin v25.4 (Yoast SEO v27.0) - https:\/\/yoast.com\/product\/yoast-seo-premium-wordpress\/ -->\n<title>Coran Tajwid hafs 17 x 24cm - Dar Al Ma&#039;arifa - Librairie Al Kitab | Livres islamiques en fran\u00e7ais et arabe \u2013 Coran, Hadith, apprentissage islamique en ligne<\/title>\n<meta name=\"robots\" content=\"index, follow, max-snippet:-1, max-image-preview:large, max-video-preview:-1\" \/>\n<link rel=\"canonical\" href=\"https:\/\/www.librairiealkitab.fr\/en\/boutique\/coran-tajwid-hafs-17-x-24cm-dar-al-maarifa\/\" \/>\n<meta property=\"og:locale\" content=\"en_US\" \/>\n<meta property=\"og:type\" content=\"article\" \/>\n<meta property=\"og:title\" content=\"Coran Tajwid hafs 17 x 24cm - Dar Al Ma&#039;arifa\" \/>\n<meta property=\"og:description\" content=\"Mushaf Tajwid \u2013 Lecture Hafs (Arabe-Arabe) \u2013 Format 17 \u00d7 24 cmD\u00e9couvrez une \u00e9dition raffin\u00e9e du Saint Coran, conforme \u00e0 la lecture Hafs et au Rasm al-Othmani, sp\u00e9cialement con\u00e7ue pour faciliter la r\u00e9citation avec les r\u00e8gles de Tajwid. Couverture et contenuCouverture de couleur al\u00e9atoire selon les disponibilit\u00e9s du moment, la couverture peut donc \u00eatre d&#8217;uneRead More\" \/>\n<meta property=\"og:url\" content=\"https:\/\/www.librairiealkitab.fr\/en\/boutique\/coran-tajwid-hafs-17-x-24cm-dar-al-maarifa\/\" \/>\n<meta property=\"og:site_name\" content=\"Librairie Al Kitab | Livres islamiques en fran\u00e7ais et arabe \u2013 Coran, Hadith, apprentissage islamique en ligne\" \/>\n<meta property=\"og:image\" content=\"https:\/\/www.librairiealkitab.fr\/wp-content\/uploads\/2025\/08\/4-1-1200x1200.png\" \/>\n\t<meta property=\"og:image:width\" content=\"1200\" \/>\n\t<meta property=\"og:image:height\" content=\"1200\" \/>\n\t<meta property=\"og:image:type\" content=\"image\/png\" \/>\n<meta name=\"twitter:card\" content=\"summary_large_image\" \/>\n<meta name=\"twitter:label1\" content=\"Est. reading time\" \/>\n\t<meta name=\"twitter:data1\" content=\"1 minute\" \/>\n<script type=\"application\/ld+json\" class=\"yoast-schema-graph\">{\"@context\":\"https:\/\/schema.org\",\"@graph\":[{\"@type\":\"WebPage\",\"@id\":\"https:\/\/www.librairiealkitab.fr\/en\/boutique\/coran-tajwid-hafs-17-x-24cm-dar-al-maarifa\/\",\"url\":\"https:\/\/www.librairiealkitab.fr\/en\/boutique\/coran-tajwid-hafs-17-x-24cm-dar-al-maarifa\/\",\"name\":\"Coran Tajwid hafs 17 x 24cm - Dar Al Ma'arifa - Librairie Al Kitab | Livres islamiques en fran\u00e7ais et arabe \u2013 Coran, Hadith, apprentissage islamique en ligne\",\"isPartOf\":{\"@id\":\"https:\/\/www.librairiealkitab.fr\/#website\"},\"primaryImageOfPage\":{\"@id\":\"https:\/\/www.librairiealkitab.fr\/en\/boutique\/coran-tajwid-hafs-17-x-24cm-dar-al-maarifa\/#primaryimage\"},\"image\":{\"@id\":\"https:\/\/www.librairiealkitab.fr\/en\/boutique\/coran-tajwid-hafs-17-x-24cm-dar-al-maarifa\/#primaryimage\"},\"thumbnailUrl\":\"https:\/\/www.librairiealkitab.fr\/wp-content\/uploads\/2025\/08\/4-1.png\",\"datePublished\":\"2025-08-18T14:12:33+00:00\",\"breadcrumb\":{\"@id\":\"https:\/\/www.librairiealkitab.fr\/en\/boutique\/coran-tajwid-hafs-17-x-24cm-dar-al-maarifa\/#breadcrumb\"},\"inLanguage\":\"en-US\",\"potentialAction\":[{\"@type\":\"ReadAction\",\"target\":[\"https:\/\/www.librairiealkitab.fr\/en\/boutique\/coran-tajwid-hafs-17-x-24cm-dar-al-maarifa\/\"]}]},{\"@type\":\"ImageObject\",\"inLanguage\":\"en-US\",\"@id\":\"https:\/\/www.librairiealkitab.fr\/en\/boutique\/coran-tajwid-hafs-17-x-24cm-dar-al-maarifa\/#primaryimage\",\"url\":\"https:\/\/www.librairiealkitab.fr\/wp-content\/uploads\/2025\/08\/4-1.png\",\"contentUrl\":\"https:\/\/www.librairiealkitab.fr\/wp-content\/uploads\/2025\/08\/4-1.png\",\"width\":1563,\"height\":1563},{\"@type\":\"BreadcrumbList\",\"@id\":\"https:\/\/www.librairiealkitab.fr\/en\/boutique\/coran-tajwid-hafs-17-x-24cm-dar-al-maarifa\/#breadcrumb\",\"itemListElement\":[{\"@type\":\"ListItem\",\"position\":1,\"name\":\"Accueil\",\"item\":\"https:\/\/www.librairiealkitab.fr\/\"},{\"@type\":\"ListItem\",\"position\":2,\"name\":\"Shop\",\"item\":\"https:\/\/www.librairiealkitab.fr\/shop\/\"},{\"@type\":\"ListItem\",\"position\":3,\"name\":\"Coran Tajwid hafs 17 x 24cm &#8211; Dar Al Ma&#8217;arifa\"}]},{\"@type\":\"WebSite\",\"@id\":\"https:\/\/www.librairiealkitab.fr\/#website\",\"url\":\"https:\/\/www.librairiealkitab.fr\/\",\"name\":\"Librairie Al Kitab | Livres islamiques en fran\u00e7ais et arabe \u2013 Coran, Hadith, apprentissage islamique en ligne\",\"description\":\"Boutique en ligne musulmane\",\"publisher\":{\"@id\":\"https:\/\/www.librairiealkitab.fr\/#organization\"},\"potentialAction\":[{\"@type\":\"SearchAction\",\"target\":{\"@type\":\"EntryPoint\",\"urlTemplate\":\"https:\/\/www.librairiealkitab.fr\/?s={search_term_string}\"},\"query-input\":{\"@type\":\"PropertyValueSpecification\",\"valueRequired\":true,\"valueName\":\"search_term_string\"}}],\"inLanguage\":\"en-US\"},{\"@type\":\"Organization\",\"@id\":\"https:\/\/www.librairiealkitab.fr\/#organization\",\"name\":\"Librairie Al Kitab | Livres islamiques en fran\u00e7ais et arabe \u2013 Coran, Hadith, apprentissage islamique en ligne\",\"url\":\"https:\/\/www.librairiealkitab.fr\/\",\"logo\":{\"@type\":\"ImageObject\",\"inLanguage\":\"en-US\",\"@id\":\"https:\/\/www.librairiealkitab.fr\/#\/schema\/logo\/image\/\",\"url\":\"https:\/\/www.librairiealkitab.fr\/wp-content\/uploads\/2025\/01\/Logo-Librairie-Al-Kitab-2.png\",\"contentUrl\":\"https:\/\/www.librairiealkitab.fr\/wp-content\/uploads\/2025\/01\/Logo-Librairie-Al-Kitab-2.png\",\"width\":500,\"height\":500,\"caption\":\"Librairie Al Kitab | Livres islamiques en fran\u00e7ais et arabe \u2013 Coran, Hadith, apprentissage islamique en ligne\"},\"image\":{\"@id\":\"https:\/\/www.librairiealkitab.fr\/#\/schema\/logo\/image\/\"}}]}<\/script>\n<!-- \/ Yoast SEO Premium plugin. -->","yoast_head_json":{"title":"Coran Tajwid hafs 17 x 24cm - Dar Al Ma'arifa - Librairie Al Kitab | Livres islamiques en fran\u00e7ais et arabe \u2013 Coran, Hadith, apprentissage islamique en ligne","robots":{"index":"index","follow":"follow","max-snippet":"max-snippet:-1","max-image-preview":"max-image-preview:large","max-video-preview":"max-video-preview:-1"},"canonical":"https:\/\/www.librairiealkitab.fr\/en\/boutique\/coran-tajwid-hafs-17-x-24cm-dar-al-maarifa\/","og_locale":"en_US","og_type":"article","og_title":"Coran Tajwid hafs 17 x 24cm - Dar Al Ma'arifa","og_description":"Mushaf Tajwid \u2013 Lecture Hafs (Arabe-Arabe) \u2013 Format 17 \u00d7 24 cmD\u00e9couvrez une \u00e9dition raffin\u00e9e du Saint Coran, conforme \u00e0 la lecture Hafs et au Rasm al-Othmani, sp\u00e9cialement con\u00e7ue pour faciliter la r\u00e9citation avec les r\u00e8gles de Tajwid. Couverture et contenuCouverture de couleur al\u00e9atoire selon les disponibilit\u00e9s du moment, la couverture peut donc \u00eatre d&#8217;uneRead More","og_url":"https:\/\/www.librairiealkitab.fr\/en\/boutique\/coran-tajwid-hafs-17-x-24cm-dar-al-maarifa\/","og_site_name":"Librairie Al Kitab | Livres islamiques en fran\u00e7ais et arabe \u2013 Coran, Hadith, apprentissage islamique en ligne","og_image":[{"width":1200,"height":1200,"url":"https:\/\/www.librairiealkitab.fr\/wp-content\/uploads\/2025\/08\/4-1-1200x1200.png","type":"image\/png"}],"twitter_card":"summary_large_image","twitter_misc":{"Est. reading time":"1 minute"},"schema":{"@context":"https:\/\/schema.org","@graph":[{"@type":"WebPage","@id":"https:\/\/www.librairiealkitab.fr\/en\/boutique\/coran-tajwid-hafs-17-x-24cm-dar-al-maarifa\/","url":"https:\/\/www.librairiealkitab.fr\/en\/boutique\/coran-tajwid-hafs-17-x-24cm-dar-al-maarifa\/","name":"Coran Tajwid hafs 17 x 24cm - Dar Al Ma'arifa - Librairie Al Kitab | Livres islamiques en fran\u00e7ais et arabe \u2013 Coran, Hadith, apprentissage islamique en ligne","isPartOf":{"@id":"https:\/\/www.librairiealkitab.fr\/#website"},"primaryImageOfPage":{"@id":"https:\/\/www.librairiealkitab.fr\/en\/boutique\/coran-tajwid-hafs-17-x-24cm-dar-al-maarifa\/#primaryimage"},"image":{"@id":"https:\/\/www.librairiealkitab.fr\/en\/boutique\/coran-tajwid-hafs-17-x-24cm-dar-al-maarifa\/#primaryimage"},"thumbnailUrl":"https:\/\/www.librairiealkitab.fr\/wp-content\/uploads\/2025\/08\/4-1.png","datePublished":"2025-08-18T14:12:33+00:00","breadcrumb":{"@id":"https:\/\/www.librairiealkitab.fr\/en\/boutique\/coran-tajwid-hafs-17-x-24cm-dar-al-maarifa\/#breadcrumb"},"inLanguage":"en-US","potentialAction":[{"@type":"ReadAction","target":["https:\/\/www.librairiealkitab.fr\/en\/boutique\/coran-tajwid-hafs-17-x-24cm-dar-al-maarifa\/"]}]},{"@type":"ImageObject","inLanguage":"en-US","@id":"https:\/\/www.librairiealkitab.fr\/en\/boutique\/coran-tajwid-hafs-17-x-24cm-dar-al-maarifa\/#primaryimage","url":"https:\/\/www.librairiealkitab.fr\/wp-content\/uploads\/2025\/08\/4-1.png","contentUrl":"https:\/\/www.librairiealkitab.fr\/wp-content\/uploads\/2025\/08\/4-1.png","width":1563,"height":1563},{"@type":"BreadcrumbList","@id":"https:\/\/www.librairiealkitab.fr\/en\/boutique\/coran-tajwid-hafs-17-x-24cm-dar-al-maarifa\/#breadcrumb","itemListElement":[{"@type":"ListItem","position":1,"name":"Accueil","item":"https:\/\/www.librairiealkitab.fr\/"},{"@type":"ListItem","position":2,"name":"Shop","item":"https:\/\/www.librairiealkitab.fr\/shop\/"},{"@type":"ListItem","position":3,"name":"Coran Tajwid hafs 17 x 24cm &#8211; Dar Al Ma&#8217;arifa"}]},{"@type":"WebSite","@id":"https:\/\/www.librairiealkitab.fr\/#website","url":"https:\/\/www.librairiealkitab.fr\/","name":"Librairie Al Kitab | Livres islamiques en fran\u00e7ais et arabe \u2013 Coran, Hadith, apprentissage islamique en ligne","description":"Boutique en ligne musulmane","publisher":{"@id":"https:\/\/www.librairiealkitab.fr\/#organization"},"potentialAction":[{"@type":"SearchAction","target":{"@type":"EntryPoint","urlTemplate":"https:\/\/www.librairiealkitab.fr\/?s={search_term_string}"},"query-input":{"@type":"PropertyValueSpecification","valueRequired":true,"valueName":"search_term_string"}}],"inLanguage":"en-US"},{"@type":"Organization","@id":"https:\/\/www.librairiealkitab.fr\/#organization","name":"Librairie Al Kitab | Livres islamiques en fran\u00e7ais et arabe \u2013 Coran, Hadith, apprentissage islamique en ligne","url":"https:\/\/www.librairiealkitab.fr\/","logo":{"@type":"ImageObject","inLanguage":"en-US","@id":"https:\/\/www.librairiealkitab.fr\/#\/schema\/logo\/image\/","url":"https:\/\/www.librairiealkitab.fr\/wp-content\/uploads\/2025\/01\/Logo-Librairie-Al-Kitab-2.png","contentUrl":"https:\/\/www.librairiealkitab.fr\/wp-content\/uploads\/2025\/01\/Logo-Librairie-Al-Kitab-2.png","width":500,"height":500,"caption":"Librairie Al Kitab | Livres islamiques en fran\u00e7ais et arabe \u2013 Coran, Hadith, apprentissage islamique en ligne"},"image":{"@id":"https:\/\/www.librairiealkitab.fr\/#\/schema\/logo\/image\/"}}]}},"jetpack_sharing_enabled":true,"_links":{"self":[{"href":"https:\/\/www.librairiealkitab.fr\/en\/wp-json\/wp\/v2\/product\/11588","targetHints":{"allow":["GET"]}}],"collection":[{"href":"https:\/\/www.librairiealkitab.fr\/en\/wp-json\/wp\/v2\/product"}],"about":[{"href":"https:\/\/www.librairiealkitab.fr\/en\/wp-json\/wp\/v2\/types\/product"}],"version-history":[{"count":1,"href":"https:\/\/www.librairiealkitab.fr\/en\/wp-json\/wp\/v2\/product\/11588\/revisions"}],"predecessor-version":[{"id":11590,"href":"https:\/\/www.librairiealkitab.fr\/en\/wp-json\/wp\/v2\/product\/11588\/revisions\/11590"}],"wp:featuredmedia":[{"embeddable":true,"href":"https:\/\/www.librairiealkitab.fr\/en\/wp-json\/wp\/v2\/media\/11589"}],"wp:attachment":[{"href":"https:\/\/www.librairiealkitab.fr\/en\/wp-json\/wp\/v2\/media?parent=11588"}],"wp:term":[{"taxonomy":"product_brand","embeddable":true,"href":"https:\/\/www.librairiealkitab.fr\/en\/wp-json\/wp\/v2\/product_brand?post=11588"},{"taxonomy":"product_cat","embeddable":true,"href":"https:\/\/www.librairiealkitab.fr\/en\/wp-json\/wp\/v2\/product_cat?post=11588"},{"taxonomy":"product_tag","embeddable":true,"href":"https:\/\/www.librairiealkitab.fr\/en\/wp-json\/wp\/v2\/product_tag?post=11588"}],"curies":[{"name":"wp","href":"https:\/\/api.w.org\/{rel}","templated":true}]}}