{"id":2707,"date":"2025-04-13T08:59:26","date_gmt":"2025-04-13T06:59:26","guid":{"rendered":"https:\/\/librairiealkitab.fr\/produit\/apaise-ton-coeur-et-fleuris-ton-ame-tendresse-et-bienveillance-akhawates\/"},"modified":"2025-11-12T15:19:02","modified_gmt":"2025-11-12T14:19:02","slug":"apaise-ton-coeur-et-fleuris-ton-ame-tendresse-et-bienveillance-akhawates","status":"publish","type":"product","link":"https:\/\/www.librairiealkitab.fr\/en\/boutique\/apaise-ton-coeur-et-fleuris-ton-ame-tendresse-et-bienveillance-akhawates\/","title":{"rendered":"Apaise ton c\u0153ur et fleuris ton \u00e2me : tendresse et bienveillance &#8211; Akhawates"},"content":{"rendered":"<p data-start=\"96\" data-end=\"650\"><em data-start=\"96\" data-end=\"134\">&#8220;Apaise ton c\u0153ur et fleuris ton \u00e2me&#8221;<\/em> est un ouvrage profond\u00e9ment inspirant, une v\u00e9ritable invitation \u00e0 la gu\u00e9rison int\u00e9rieure. Ce livre guide le lecteur \u00e0 travers un voyage spirituel, visant \u00e0 <strong data-start=\"291\" data-end=\"315\">cultiver la s\u00e9r\u00e9nit\u00e9<\/strong>, r\u00e9parer les <strong data-start=\"329\" data-end=\"351\">blessures de l\u2019\u00e2me<\/strong> et \u00e9tablir un <strong data-start=\"366\" data-end=\"390\">\u00e9quilibre \u00e9motionnel<\/strong> solide en se basant sur la <strong data-start=\"418\" data-end=\"435\">foi islamique<\/strong> et les enseignements du <strong data-start=\"460\" data-end=\"483\">Proph\u00e8te Muhammad \ufdfa<\/strong>. Dans un monde o\u00f9 les \u00e9motions sont souvent mises \u00e0 l\u2019\u00e9preuve, cet ouvrage propose des pistes concr\u00e8tes pour trouver la paix int\u00e9rieure et l\u2019\u00e9panouissement spirituel.<\/p>\n<h3 data-section-id=\"rjua8r\" data-start=\"652\" data-end=\"709\"><\/h3>","protected":false},"excerpt":{"rendered":"<p>&#8220;Apaise ton c\u0153ur et fleuris ton \u00e2me&#8221; est un ouvrage profond\u00e9ment inspirant, une v\u00e9ritable invitation \u00e0 la gu\u00e9rison int\u00e9rieure. Ce livre guide le lecteur \u00e0 travers un voyage spirituel, visant \u00e0 cultiver la s\u00e9r\u00e9nit\u00e9, r\u00e9parer les blessures de l\u2019\u00e2me et \u00e9tablir un \u00e9quilibre \u00e9motionnel solide en se basant sur la foi islamique et les enseignements<\/p>\n<div class=\"klb-readmore button\"><a class=\"btn link\" href=\"https:\/\/www.librairiealkitab.fr\/en\/boutique\/apaise-ton-coeur-et-fleuris-ton-ame-tendresse-et-bienveillance-akhawates\/\">Read More <i class=\"klbth-icon-right-arrow\"><\/i><\/a><\/div>","protected":false},"featured_media":4882,"template":"","meta":[],"product_brand":[242],"product_cat":[276,127],"product_tag":[],"class_list":{"0":"post-2707","1":"product","2":"type-product","3":"status-publish","4":"has-post-thumbnail","6":"product_brand-akhawates","7":"product_cat-femmes","8":"product_cat-noslivres","10":"first","11":"instock","12":"taxable","13":"shipping-taxable","14":"purchasable","15":"product-type-simple"},"yoast_head":"<!-- This site is optimized with the Yoast SEO Premium plugin v25.4 (Yoast SEO v27.0) - https:\/\/yoast.com\/product\/yoast-seo-premium-wordpress\/ -->\n<title>Apaise ton c\u0153ur et fleuris ton \u00e2me : tendresse et bienveillance - Akhawates - Librairie Al Kitab | Livres islamiques en fran\u00e7ais et arabe \u2013 Coran, Hadith, apprentissage islamique en ligne<\/title>\n<meta name=\"robots\" content=\"index, follow, max-snippet:-1, max-image-preview:large, max-video-preview:-1\" \/>\n<link rel=\"canonical\" href=\"https:\/\/www.librairiealkitab.fr\/en\/boutique\/apaise-ton-coeur-et-fleuris-ton-ame-tendresse-et-bienveillance-akhawates\/\" \/>\n<meta property=\"og:locale\" content=\"en_US\" \/>\n<meta property=\"og:type\" content=\"article\" \/>\n<meta property=\"og:title\" content=\"Apaise ton c\u0153ur et fleuris ton \u00e2me : tendresse et bienveillance - Akhawates\" \/>\n<meta property=\"og:description\" content=\"&#8220;Apaise ton c\u0153ur et fleuris ton \u00e2me&#8221; est un ouvrage profond\u00e9ment inspirant, une v\u00e9ritable invitation \u00e0 la gu\u00e9rison int\u00e9rieure. Ce livre guide le lecteur \u00e0 travers un voyage spirituel, visant \u00e0 cultiver la s\u00e9r\u00e9nit\u00e9, r\u00e9parer les blessures de l\u2019\u00e2me et \u00e9tablir un \u00e9quilibre \u00e9motionnel solide en se basant sur la foi islamique et les enseignementsRead More\" \/>\n<meta property=\"og:url\" content=\"https:\/\/www.librairiealkitab.fr\/en\/boutique\/apaise-ton-coeur-et-fleuris-ton-ame-tendresse-et-bienveillance-akhawates\/\" \/>\n<meta property=\"og:site_name\" content=\"Librairie Al Kitab | Livres islamiques en fran\u00e7ais et arabe \u2013 Coran, Hadith, apprentissage islamique en ligne\" \/>\n<meta property=\"article:modified_time\" content=\"2025-11-12T14:19:02+00:00\" \/>\n<meta property=\"og:image\" content=\"https:\/\/www.librairiealkitab.fr\/wp-content\/uploads\/2025\/04\/3_8f56792d-6c5f-4c4b-985e-0efa0133af92.png\" \/>\n\t<meta property=\"og:image:width\" content=\"1563\" \/>\n\t<meta property=\"og:image:height\" content=\"1563\" \/>\n\t<meta property=\"og:image:type\" content=\"image\/png\" \/>\n<meta name=\"twitter:card\" content=\"summary_large_image\" \/>\n<meta name=\"twitter:label1\" content=\"Est. reading time\" \/>\n\t<meta name=\"twitter:data1\" content=\"1 minute\" \/>\n<script type=\"application\/ld+json\" class=\"yoast-schema-graph\">{\"@context\":\"https:\/\/schema.org\",\"@graph\":[{\"@type\":\"WebPage\",\"@id\":\"https:\/\/www.librairiealkitab.fr\/boutique\/apaise-ton-coeur-et-fleuris-ton-ame-tendresse-et-bienveillance-akhawates\/\",\"url\":\"https:\/\/www.librairiealkitab.fr\/boutique\/apaise-ton-coeur-et-fleuris-ton-ame-tendresse-et-bienveillance-akhawates\/\",\"name\":\"Apaise ton c\u0153ur et fleuris ton \u00e2me : tendresse et bienveillance - Akhawates - Librairie Al Kitab | Livres islamiques en fran\u00e7ais et arabe \u2013 Coran, Hadith, apprentissage islamique en ligne\",\"isPartOf\":{\"@id\":\"https:\/\/www.librairiealkitab.fr\/#website\"},\"primaryImageOfPage\":{\"@id\":\"https:\/\/www.librairiealkitab.fr\/boutique\/apaise-ton-coeur-et-fleuris-ton-ame-tendresse-et-bienveillance-akhawates\/#primaryimage\"},\"image\":{\"@id\":\"https:\/\/www.librairiealkitab.fr\/boutique\/apaise-ton-coeur-et-fleuris-ton-ame-tendresse-et-bienveillance-akhawates\/#primaryimage\"},\"thumbnailUrl\":\"https:\/\/www.librairiealkitab.fr\/wp-content\/uploads\/2025\/04\/3_8f56792d-6c5f-4c4b-985e-0efa0133af92.png\",\"datePublished\":\"2025-04-13T06:59:26+00:00\",\"dateModified\":\"2025-11-12T14:19:02+00:00\",\"breadcrumb\":{\"@id\":\"https:\/\/www.librairiealkitab.fr\/boutique\/apaise-ton-coeur-et-fleuris-ton-ame-tendresse-et-bienveillance-akhawates\/#breadcrumb\"},\"inLanguage\":\"en-US\",\"potentialAction\":[{\"@type\":\"ReadAction\",\"target\":[\"https:\/\/www.librairiealkitab.fr\/boutique\/apaise-ton-coeur-et-fleuris-ton-ame-tendresse-et-bienveillance-akhawates\/\"]}]},{\"@type\":\"ImageObject\",\"inLanguage\":\"en-US\",\"@id\":\"https:\/\/www.librairiealkitab.fr\/boutique\/apaise-ton-coeur-et-fleuris-ton-ame-tendresse-et-bienveillance-akhawates\/#primaryimage\",\"url\":\"https:\/\/www.librairiealkitab.fr\/wp-content\/uploads\/2025\/04\/3_8f56792d-6c5f-4c4b-985e-0efa0133af92.png\",\"contentUrl\":\"https:\/\/www.librairiealkitab.fr\/wp-content\/uploads\/2025\/04\/3_8f56792d-6c5f-4c4b-985e-0efa0133af92.png\",\"width\":1563,\"height\":1563},{\"@type\":\"BreadcrumbList\",\"@id\":\"https:\/\/www.librairiealkitab.fr\/boutique\/apaise-ton-coeur-et-fleuris-ton-ame-tendresse-et-bienveillance-akhawates\/#breadcrumb\",\"itemListElement\":[{\"@type\":\"ListItem\",\"position\":1,\"name\":\"Accueil\",\"item\":\"https:\/\/www.librairiealkitab.fr\/\"},{\"@type\":\"ListItem\",\"position\":2,\"name\":\"Shop\",\"item\":\"https:\/\/www.librairiealkitab.fr\/shop\/\"},{\"@type\":\"ListItem\",\"position\":3,\"name\":\"Apaise ton c\u0153ur et fleuris ton \u00e2me : tendresse et bienveillance &#8211; Akhawates\"}]},{\"@type\":\"WebSite\",\"@id\":\"https:\/\/www.librairiealkitab.fr\/#website\",\"url\":\"https:\/\/www.librairiealkitab.fr\/\",\"name\":\"Librairie Al Kitab | Livres islamiques en fran\u00e7ais et arabe \u2013 Coran, Hadith, apprentissage islamique en ligne\",\"description\":\"Boutique en ligne musulmane\",\"publisher\":{\"@id\":\"https:\/\/www.librairiealkitab.fr\/#organization\"},\"potentialAction\":[{\"@type\":\"SearchAction\",\"target\":{\"@type\":\"EntryPoint\",\"urlTemplate\":\"https:\/\/www.librairiealkitab.fr\/?s={search_term_string}\"},\"query-input\":{\"@type\":\"PropertyValueSpecification\",\"valueRequired\":true,\"valueName\":\"search_term_string\"}}],\"inLanguage\":\"en-US\"},{\"@type\":\"Organization\",\"@id\":\"https:\/\/www.librairiealkitab.fr\/#organization\",\"name\":\"Librairie Al Kitab | Livres islamiques en fran\u00e7ais et arabe \u2013 Coran, Hadith, apprentissage islamique en ligne\",\"url\":\"https:\/\/www.librairiealkitab.fr\/\",\"logo\":{\"@type\":\"ImageObject\",\"inLanguage\":\"en-US\",\"@id\":\"https:\/\/www.librairiealkitab.fr\/#\/schema\/logo\/image\/\",\"url\":\"https:\/\/www.librairiealkitab.fr\/wp-content\/uploads\/2025\/01\/Logo-Librairie-Al-Kitab-2.png\",\"contentUrl\":\"https:\/\/www.librairiealkitab.fr\/wp-content\/uploads\/2025\/01\/Logo-Librairie-Al-Kitab-2.png\",\"width\":500,\"height\":500,\"caption\":\"Librairie Al Kitab | Livres islamiques en fran\u00e7ais et arabe \u2013 Coran, Hadith, apprentissage islamique en ligne\"},\"image\":{\"@id\":\"https:\/\/www.librairiealkitab.fr\/#\/schema\/logo\/image\/\"}}]}<\/script>\n<!-- \/ Yoast SEO Premium plugin. -->","yoast_head_json":{"title":"Apaise ton c\u0153ur et fleuris ton \u00e2me : tendresse et bienveillance - Akhawates - Librairie Al Kitab | Livres islamiques en fran\u00e7ais et arabe \u2013 Coran, Hadith, apprentissage islamique en ligne","robots":{"index":"index","follow":"follow","max-snippet":"max-snippet:-1","max-image-preview":"max-image-preview:large","max-video-preview":"max-video-preview:-1"},"canonical":"https:\/\/www.librairiealkitab.fr\/en\/boutique\/apaise-ton-coeur-et-fleuris-ton-ame-tendresse-et-bienveillance-akhawates\/","og_locale":"en_US","og_type":"article","og_title":"Apaise ton c\u0153ur et fleuris ton \u00e2me : tendresse et bienveillance - Akhawates","og_description":"&#8220;Apaise ton c\u0153ur et fleuris ton \u00e2me&#8221; est un ouvrage profond\u00e9ment inspirant, une v\u00e9ritable invitation \u00e0 la gu\u00e9rison int\u00e9rieure. Ce livre guide le lecteur \u00e0 travers un voyage spirituel, visant \u00e0 cultiver la s\u00e9r\u00e9nit\u00e9, r\u00e9parer les blessures de l\u2019\u00e2me et \u00e9tablir un \u00e9quilibre \u00e9motionnel solide en se basant sur la foi islamique et les enseignementsRead More","og_url":"https:\/\/www.librairiealkitab.fr\/en\/boutique\/apaise-ton-coeur-et-fleuris-ton-ame-tendresse-et-bienveillance-akhawates\/","og_site_name":"Librairie Al Kitab | Livres islamiques en fran\u00e7ais et arabe \u2013 Coran, Hadith, apprentissage islamique en ligne","article_modified_time":"2025-11-12T14:19:02+00:00","og_image":[{"width":1563,"height":1563,"url":"https:\/\/www.librairiealkitab.fr\/wp-content\/uploads\/2025\/04\/3_8f56792d-6c5f-4c4b-985e-0efa0133af92.png","type":"image\/png"}],"twitter_card":"summary_large_image","twitter_misc":{"Est. reading time":"1 minute"},"schema":{"@context":"https:\/\/schema.org","@graph":[{"@type":"WebPage","@id":"https:\/\/www.librairiealkitab.fr\/boutique\/apaise-ton-coeur-et-fleuris-ton-ame-tendresse-et-bienveillance-akhawates\/","url":"https:\/\/www.librairiealkitab.fr\/boutique\/apaise-ton-coeur-et-fleuris-ton-ame-tendresse-et-bienveillance-akhawates\/","name":"Apaise ton c\u0153ur et fleuris ton \u00e2me : tendresse et bienveillance - Akhawates - Librairie Al Kitab | Livres islamiques en fran\u00e7ais et arabe \u2013 Coran, Hadith, apprentissage islamique en ligne","isPartOf":{"@id":"https:\/\/www.librairiealkitab.fr\/#website"},"primaryImageOfPage":{"@id":"https:\/\/www.librairiealkitab.fr\/boutique\/apaise-ton-coeur-et-fleuris-ton-ame-tendresse-et-bienveillance-akhawates\/#primaryimage"},"image":{"@id":"https:\/\/www.librairiealkitab.fr\/boutique\/apaise-ton-coeur-et-fleuris-ton-ame-tendresse-et-bienveillance-akhawates\/#primaryimage"},"thumbnailUrl":"https:\/\/www.librairiealkitab.fr\/wp-content\/uploads\/2025\/04\/3_8f56792d-6c5f-4c4b-985e-0efa0133af92.png","datePublished":"2025-04-13T06:59:26+00:00","dateModified":"2025-11-12T14:19:02+00:00","breadcrumb":{"@id":"https:\/\/www.librairiealkitab.fr\/boutique\/apaise-ton-coeur-et-fleuris-ton-ame-tendresse-et-bienveillance-akhawates\/#breadcrumb"},"inLanguage":"en-US","potentialAction":[{"@type":"ReadAction","target":["https:\/\/www.librairiealkitab.fr\/boutique\/apaise-ton-coeur-et-fleuris-ton-ame-tendresse-et-bienveillance-akhawates\/"]}]},{"@type":"ImageObject","inLanguage":"en-US","@id":"https:\/\/www.librairiealkitab.fr\/boutique\/apaise-ton-coeur-et-fleuris-ton-ame-tendresse-et-bienveillance-akhawates\/#primaryimage","url":"https:\/\/www.librairiealkitab.fr\/wp-content\/uploads\/2025\/04\/3_8f56792d-6c5f-4c4b-985e-0efa0133af92.png","contentUrl":"https:\/\/www.librairiealkitab.fr\/wp-content\/uploads\/2025\/04\/3_8f56792d-6c5f-4c4b-985e-0efa0133af92.png","width":1563,"height":1563},{"@type":"BreadcrumbList","@id":"https:\/\/www.librairiealkitab.fr\/boutique\/apaise-ton-coeur-et-fleuris-ton-ame-tendresse-et-bienveillance-akhawates\/#breadcrumb","itemListElement":[{"@type":"ListItem","position":1,"name":"Accueil","item":"https:\/\/www.librairiealkitab.fr\/"},{"@type":"ListItem","position":2,"name":"Shop","item":"https:\/\/www.librairiealkitab.fr\/shop\/"},{"@type":"ListItem","position":3,"name":"Apaise ton c\u0153ur et fleuris ton \u00e2me : tendresse et bienveillance &#8211; Akhawates"}]},{"@type":"WebSite","@id":"https:\/\/www.librairiealkitab.fr\/#website","url":"https:\/\/www.librairiealkitab.fr\/","name":"Librairie Al Kitab | Livres islamiques en fran\u00e7ais et arabe \u2013 Coran, Hadith, apprentissage islamique en ligne","description":"Boutique en ligne musulmane","publisher":{"@id":"https:\/\/www.librairiealkitab.fr\/#organization"},"potentialAction":[{"@type":"SearchAction","target":{"@type":"EntryPoint","urlTemplate":"https:\/\/www.librairiealkitab.fr\/?s={search_term_string}"},"query-input":{"@type":"PropertyValueSpecification","valueRequired":true,"valueName":"search_term_string"}}],"inLanguage":"en-US"},{"@type":"Organization","@id":"https:\/\/www.librairiealkitab.fr\/#organization","name":"Librairie Al Kitab | Livres islamiques en fran\u00e7ais et arabe \u2013 Coran, Hadith, apprentissage islamique en ligne","url":"https:\/\/www.librairiealkitab.fr\/","logo":{"@type":"ImageObject","inLanguage":"en-US","@id":"https:\/\/www.librairiealkitab.fr\/#\/schema\/logo\/image\/","url":"https:\/\/www.librairiealkitab.fr\/wp-content\/uploads\/2025\/01\/Logo-Librairie-Al-Kitab-2.png","contentUrl":"https:\/\/www.librairiealkitab.fr\/wp-content\/uploads\/2025\/01\/Logo-Librairie-Al-Kitab-2.png","width":500,"height":500,"caption":"Librairie Al Kitab | Livres islamiques en fran\u00e7ais et arabe \u2013 Coran, Hadith, apprentissage islamique en ligne"},"image":{"@id":"https:\/\/www.librairiealkitab.fr\/#\/schema\/logo\/image\/"}}]}},"jetpack_sharing_enabled":true,"_links":{"self":[{"href":"https:\/\/www.librairiealkitab.fr\/en\/wp-json\/wp\/v2\/product\/2707","targetHints":{"allow":["GET"]}}],"collection":[{"href":"https:\/\/www.librairiealkitab.fr\/en\/wp-json\/wp\/v2\/product"}],"about":[{"href":"https:\/\/www.librairiealkitab.fr\/en\/wp-json\/wp\/v2\/types\/product"}],"version-history":[{"count":1,"href":"https:\/\/www.librairiealkitab.fr\/en\/wp-json\/wp\/v2\/product\/2707\/revisions"}],"predecessor-version":[{"id":10261,"href":"https:\/\/www.librairiealkitab.fr\/en\/wp-json\/wp\/v2\/product\/2707\/revisions\/10261"}],"wp:featuredmedia":[{"embeddable":true,"href":"https:\/\/www.librairiealkitab.fr\/en\/wp-json\/wp\/v2\/media\/4882"}],"wp:attachment":[{"href":"https:\/\/www.librairiealkitab.fr\/en\/wp-json\/wp\/v2\/media?parent=2707"}],"wp:term":[{"taxonomy":"product_brand","embeddable":true,"href":"https:\/\/www.librairiealkitab.fr\/en\/wp-json\/wp\/v2\/product_brand?post=2707"},{"taxonomy":"product_cat","embeddable":true,"href":"https:\/\/www.librairiealkitab.fr\/en\/wp-json\/wp\/v2\/product_cat?post=2707"},{"taxonomy":"product_tag","embeddable":true,"href":"https:\/\/www.librairiealkitab.fr\/en\/wp-json\/wp\/v2\/product_tag?post=2707"}],"curies":[{"name":"wp","href":"https:\/\/api.w.org\/{rel}","templated":true}]}}