{"id":2789,"date":"2025-04-13T09:01:08","date_gmt":"2025-04-13T07:01:08","guid":{"rendered":"https:\/\/librairiealkitab.fr\/produit\/des-enfants-autour-du-prophete-hesham-al-awadi-editions-muslimcity\/"},"modified":"2025-08-04T12:38:21","modified_gmt":"2025-08-04T10:38:21","slug":"des-enfants-autour-du-prophete-hesham-al-awadi-editions-muslimcity","status":"publish","type":"product","link":"https:\/\/www.librairiealkitab.fr\/en\/boutique\/des-enfants-autour-du-prophete-hesham-al-awadi-editions-muslimcity\/","title":{"rendered":"Des enfants autour du Proph\u00e8te &#8211; Hesham Al-Awadi &#8211; Editions Muslimcity"},"content":{"rendered":"<p data-start=\"85\" data-end=\"324\">Vous connaissez <strong data-start=\"101\" data-end=\"115\">Muhammad \ufdfa<\/strong> en tant que <strong data-start=\"128\" data-end=\"140\">Messager<\/strong>, chef politique, \u00e9poux, g\u00e9n\u00e9ral et ami. Ce livre explore cependant la vie du <strong data-start=\"218\" data-end=\"241\">Proph\u00e8te Muhammad \ufdfa<\/strong> \u00e0 travers les yeux de certains de ses disciples les plus jeunes \u2013 les <strong data-start=\"312\" data-end=\"323\">enfants<\/strong>.<\/p>\n<p data-start=\"326\" data-end=\"650\">\u00c0 l\u2019aide de conseils pratiques et de r\u00e9cits \u00e9mouvants, le <strong data-start=\"384\" data-end=\"407\">Dr. Hesham Al-Awadi<\/strong> guide le lecteur \u00e0 travers les m\u00e9thodes et les approches qu\u2019a utilis\u00e9es le <strong data-start=\"483\" data-end=\"497\">Proph\u00e8te \ufdfa<\/strong> pour relever les d\u00e9fis complexes de l\u2019<strong data-start=\"536\" data-end=\"559\">\u00e9ducation parentale<\/strong>, offrant ainsi une perspective unique sur son r\u00f4le de mod\u00e8le pour les g\u00e9n\u00e9rations futures.<\/p>","protected":false},"excerpt":{"rendered":"<p>Vous connaissez Muhammad \ufdfa en tant que Messager, chef politique, \u00e9poux, g\u00e9n\u00e9ral et ami. Ce livre explore cependant la vie du Proph\u00e8te Muhammad \ufdfa \u00e0 travers les yeux de certains de ses disciples les plus jeunes \u2013 les enfants. \u00c0 l\u2019aide de conseils pratiques et de r\u00e9cits \u00e9mouvants, le Dr. Hesham Al-Awadi guide le lecteur<\/p>\n<div class=\"klb-readmore button\"><a class=\"btn link\" href=\"https:\/\/www.librairiealkitab.fr\/en\/boutique\/des-enfants-autour-du-prophete-hesham-al-awadi-editions-muslimcity\/\">Read More <i class=\"klbth-icon-right-arrow\"><\/i><\/a><\/div>","protected":false},"featured_media":5063,"template":"","meta":[],"product_brand":[247],"product_cat":[274,127],"product_tag":[],"class_list":{"0":"post-2789","1":"product","2":"type-product","3":"status-publish","4":"has-post-thumbnail","6":"product_brand-muslimcity","7":"product_cat-biographies-histoires","8":"product_cat-noslivres","10":"first","11":"instock","12":"taxable","13":"shipping-taxable","14":"purchasable","15":"product-type-simple"},"yoast_head":"<!-- This site is optimized with the Yoast SEO Premium plugin v25.4 (Yoast SEO v27.0) - https:\/\/yoast.com\/product\/yoast-seo-premium-wordpress\/ -->\n<title>Des enfants autour du Proph\u00e8te - Hesham Al-Awadi - Editions Muslimcity - Librairie Al Kitab | Livres islamiques en fran\u00e7ais et arabe \u2013 Coran, Hadith, apprentissage islamique en ligne<\/title>\n<meta name=\"robots\" content=\"index, follow, max-snippet:-1, max-image-preview:large, max-video-preview:-1\" \/>\n<link rel=\"canonical\" href=\"https:\/\/www.librairiealkitab.fr\/en\/boutique\/des-enfants-autour-du-prophete-hesham-al-awadi-editions-muslimcity\/\" \/>\n<meta property=\"og:locale\" content=\"en_US\" \/>\n<meta property=\"og:type\" content=\"article\" \/>\n<meta property=\"og:title\" content=\"Des enfants autour du Proph\u00e8te - Hesham Al-Awadi - Editions Muslimcity\" \/>\n<meta property=\"og:description\" content=\"Vous connaissez Muhammad \ufdfa en tant que Messager, chef politique, \u00e9poux, g\u00e9n\u00e9ral et ami. Ce livre explore cependant la vie du Proph\u00e8te Muhammad \ufdfa \u00e0 travers les yeux de certains de ses disciples les plus jeunes \u2013 les enfants. \u00c0 l\u2019aide de conseils pratiques et de r\u00e9cits \u00e9mouvants, le Dr. Hesham Al-Awadi guide le lecteurRead More\" \/>\n<meta property=\"og:url\" content=\"https:\/\/www.librairiealkitab.fr\/en\/boutique\/des-enfants-autour-du-prophete-hesham-al-awadi-editions-muslimcity\/\" \/>\n<meta property=\"og:site_name\" content=\"Librairie Al Kitab | Livres islamiques en fran\u00e7ais et arabe \u2013 Coran, Hadith, apprentissage islamique en ligne\" \/>\n<meta property=\"article:modified_time\" content=\"2025-08-04T10:38:21+00:00\" \/>\n<meta property=\"og:image\" content=\"https:\/\/www.librairiealkitab.fr\/wp-content\/uploads\/2025\/04\/25_79a80837-ca67-49f6-9a13-e34c3fdfc654.png\" \/>\n\t<meta property=\"og:image:width\" content=\"1563\" \/>\n\t<meta property=\"og:image:height\" content=\"1563\" \/>\n\t<meta property=\"og:image:type\" content=\"image\/png\" \/>\n<meta name=\"twitter:card\" content=\"summary_large_image\" \/>\n<script type=\"application\/ld+json\" class=\"yoast-schema-graph\">{\"@context\":\"https:\/\/schema.org\",\"@graph\":[{\"@type\":\"WebPage\",\"@id\":\"https:\/\/www.librairiealkitab.fr\/boutique\/des-enfants-autour-du-prophete-hesham-al-awadi-editions-muslimcity\/\",\"url\":\"https:\/\/www.librairiealkitab.fr\/boutique\/des-enfants-autour-du-prophete-hesham-al-awadi-editions-muslimcity\/\",\"name\":\"Des enfants autour du Proph\u00e8te - Hesham Al-Awadi - Editions Muslimcity - Librairie Al Kitab | Livres islamiques en fran\u00e7ais et arabe \u2013 Coran, Hadith, apprentissage islamique en ligne\",\"isPartOf\":{\"@id\":\"https:\/\/www.librairiealkitab.fr\/#website\"},\"primaryImageOfPage\":{\"@id\":\"https:\/\/www.librairiealkitab.fr\/boutique\/des-enfants-autour-du-prophete-hesham-al-awadi-editions-muslimcity\/#primaryimage\"},\"image\":{\"@id\":\"https:\/\/www.librairiealkitab.fr\/boutique\/des-enfants-autour-du-prophete-hesham-al-awadi-editions-muslimcity\/#primaryimage\"},\"thumbnailUrl\":\"https:\/\/www.librairiealkitab.fr\/wp-content\/uploads\/2025\/04\/25_79a80837-ca67-49f6-9a13-e34c3fdfc654.png\",\"datePublished\":\"2025-04-13T07:01:08+00:00\",\"dateModified\":\"2025-08-04T10:38:21+00:00\",\"breadcrumb\":{\"@id\":\"https:\/\/www.librairiealkitab.fr\/boutique\/des-enfants-autour-du-prophete-hesham-al-awadi-editions-muslimcity\/#breadcrumb\"},\"inLanguage\":\"en-US\",\"potentialAction\":[{\"@type\":\"ReadAction\",\"target\":[\"https:\/\/www.librairiealkitab.fr\/boutique\/des-enfants-autour-du-prophete-hesham-al-awadi-editions-muslimcity\/\"]}]},{\"@type\":\"ImageObject\",\"inLanguage\":\"en-US\",\"@id\":\"https:\/\/www.librairiealkitab.fr\/boutique\/des-enfants-autour-du-prophete-hesham-al-awadi-editions-muslimcity\/#primaryimage\",\"url\":\"https:\/\/www.librairiealkitab.fr\/wp-content\/uploads\/2025\/04\/25_79a80837-ca67-49f6-9a13-e34c3fdfc654.png\",\"contentUrl\":\"https:\/\/www.librairiealkitab.fr\/wp-content\/uploads\/2025\/04\/25_79a80837-ca67-49f6-9a13-e34c3fdfc654.png\",\"width\":1563,\"height\":1563},{\"@type\":\"BreadcrumbList\",\"@id\":\"https:\/\/www.librairiealkitab.fr\/boutique\/des-enfants-autour-du-prophete-hesham-al-awadi-editions-muslimcity\/#breadcrumb\",\"itemListElement\":[{\"@type\":\"ListItem\",\"position\":1,\"name\":\"Accueil\",\"item\":\"https:\/\/www.librairiealkitab.fr\/\"},{\"@type\":\"ListItem\",\"position\":2,\"name\":\"Shop\",\"item\":\"https:\/\/www.librairiealkitab.fr\/shop\/\"},{\"@type\":\"ListItem\",\"position\":3,\"name\":\"Des enfants autour du Proph\u00e8te &#8211; Hesham Al-Awadi &#8211; Editions Muslimcity\"}]},{\"@type\":\"WebSite\",\"@id\":\"https:\/\/www.librairiealkitab.fr\/#website\",\"url\":\"https:\/\/www.librairiealkitab.fr\/\",\"name\":\"Librairie Al Kitab | Livres islamiques en fran\u00e7ais et arabe \u2013 Coran, Hadith, apprentissage islamique en ligne\",\"description\":\"Boutique en ligne musulmane\",\"publisher\":{\"@id\":\"https:\/\/www.librairiealkitab.fr\/#organization\"},\"potentialAction\":[{\"@type\":\"SearchAction\",\"target\":{\"@type\":\"EntryPoint\",\"urlTemplate\":\"https:\/\/www.librairiealkitab.fr\/?s={search_term_string}\"},\"query-input\":{\"@type\":\"PropertyValueSpecification\",\"valueRequired\":true,\"valueName\":\"search_term_string\"}}],\"inLanguage\":\"en-US\"},{\"@type\":\"Organization\",\"@id\":\"https:\/\/www.librairiealkitab.fr\/#organization\",\"name\":\"Librairie Al Kitab | Livres islamiques en fran\u00e7ais et arabe \u2013 Coran, Hadith, apprentissage islamique en ligne\",\"url\":\"https:\/\/www.librairiealkitab.fr\/\",\"logo\":{\"@type\":\"ImageObject\",\"inLanguage\":\"en-US\",\"@id\":\"https:\/\/www.librairiealkitab.fr\/#\/schema\/logo\/image\/\",\"url\":\"https:\/\/www.librairiealkitab.fr\/wp-content\/uploads\/2025\/01\/Logo-Librairie-Al-Kitab-2.png\",\"contentUrl\":\"https:\/\/www.librairiealkitab.fr\/wp-content\/uploads\/2025\/01\/Logo-Librairie-Al-Kitab-2.png\",\"width\":500,\"height\":500,\"caption\":\"Librairie Al Kitab | Livres islamiques en fran\u00e7ais et arabe \u2013 Coran, Hadith, apprentissage islamique en ligne\"},\"image\":{\"@id\":\"https:\/\/www.librairiealkitab.fr\/#\/schema\/logo\/image\/\"}}]}<\/script>\n<!-- \/ Yoast SEO Premium plugin. -->","yoast_head_json":{"title":"Des enfants autour du Proph\u00e8te - Hesham Al-Awadi - Editions Muslimcity - Librairie Al Kitab | Livres islamiques en fran\u00e7ais et arabe \u2013 Coran, Hadith, apprentissage islamique en ligne","robots":{"index":"index","follow":"follow","max-snippet":"max-snippet:-1","max-image-preview":"max-image-preview:large","max-video-preview":"max-video-preview:-1"},"canonical":"https:\/\/www.librairiealkitab.fr\/en\/boutique\/des-enfants-autour-du-prophete-hesham-al-awadi-editions-muslimcity\/","og_locale":"en_US","og_type":"article","og_title":"Des enfants autour du Proph\u00e8te - Hesham Al-Awadi - Editions Muslimcity","og_description":"Vous connaissez Muhammad \ufdfa en tant que Messager, chef politique, \u00e9poux, g\u00e9n\u00e9ral et ami. Ce livre explore cependant la vie du Proph\u00e8te Muhammad \ufdfa \u00e0 travers les yeux de certains de ses disciples les plus jeunes \u2013 les enfants. \u00c0 l\u2019aide de conseils pratiques et de r\u00e9cits \u00e9mouvants, le Dr. Hesham Al-Awadi guide le lecteurRead More","og_url":"https:\/\/www.librairiealkitab.fr\/en\/boutique\/des-enfants-autour-du-prophete-hesham-al-awadi-editions-muslimcity\/","og_site_name":"Librairie Al Kitab | Livres islamiques en fran\u00e7ais et arabe \u2013 Coran, Hadith, apprentissage islamique en ligne","article_modified_time":"2025-08-04T10:38:21+00:00","og_image":[{"width":1563,"height":1563,"url":"https:\/\/www.librairiealkitab.fr\/wp-content\/uploads\/2025\/04\/25_79a80837-ca67-49f6-9a13-e34c3fdfc654.png","type":"image\/png"}],"twitter_card":"summary_large_image","schema":{"@context":"https:\/\/schema.org","@graph":[{"@type":"WebPage","@id":"https:\/\/www.librairiealkitab.fr\/boutique\/des-enfants-autour-du-prophete-hesham-al-awadi-editions-muslimcity\/","url":"https:\/\/www.librairiealkitab.fr\/boutique\/des-enfants-autour-du-prophete-hesham-al-awadi-editions-muslimcity\/","name":"Des enfants autour du Proph\u00e8te - Hesham Al-Awadi - Editions Muslimcity - Librairie Al Kitab | Livres islamiques en fran\u00e7ais et arabe \u2013 Coran, Hadith, apprentissage islamique en ligne","isPartOf":{"@id":"https:\/\/www.librairiealkitab.fr\/#website"},"primaryImageOfPage":{"@id":"https:\/\/www.librairiealkitab.fr\/boutique\/des-enfants-autour-du-prophete-hesham-al-awadi-editions-muslimcity\/#primaryimage"},"image":{"@id":"https:\/\/www.librairiealkitab.fr\/boutique\/des-enfants-autour-du-prophete-hesham-al-awadi-editions-muslimcity\/#primaryimage"},"thumbnailUrl":"https:\/\/www.librairiealkitab.fr\/wp-content\/uploads\/2025\/04\/25_79a80837-ca67-49f6-9a13-e34c3fdfc654.png","datePublished":"2025-04-13T07:01:08+00:00","dateModified":"2025-08-04T10:38:21+00:00","breadcrumb":{"@id":"https:\/\/www.librairiealkitab.fr\/boutique\/des-enfants-autour-du-prophete-hesham-al-awadi-editions-muslimcity\/#breadcrumb"},"inLanguage":"en-US","potentialAction":[{"@type":"ReadAction","target":["https:\/\/www.librairiealkitab.fr\/boutique\/des-enfants-autour-du-prophete-hesham-al-awadi-editions-muslimcity\/"]}]},{"@type":"ImageObject","inLanguage":"en-US","@id":"https:\/\/www.librairiealkitab.fr\/boutique\/des-enfants-autour-du-prophete-hesham-al-awadi-editions-muslimcity\/#primaryimage","url":"https:\/\/www.librairiealkitab.fr\/wp-content\/uploads\/2025\/04\/25_79a80837-ca67-49f6-9a13-e34c3fdfc654.png","contentUrl":"https:\/\/www.librairiealkitab.fr\/wp-content\/uploads\/2025\/04\/25_79a80837-ca67-49f6-9a13-e34c3fdfc654.png","width":1563,"height":1563},{"@type":"BreadcrumbList","@id":"https:\/\/www.librairiealkitab.fr\/boutique\/des-enfants-autour-du-prophete-hesham-al-awadi-editions-muslimcity\/#breadcrumb","itemListElement":[{"@type":"ListItem","position":1,"name":"Accueil","item":"https:\/\/www.librairiealkitab.fr\/"},{"@type":"ListItem","position":2,"name":"Shop","item":"https:\/\/www.librairiealkitab.fr\/shop\/"},{"@type":"ListItem","position":3,"name":"Des enfants autour du Proph\u00e8te &#8211; Hesham Al-Awadi &#8211; Editions Muslimcity"}]},{"@type":"WebSite","@id":"https:\/\/www.librairiealkitab.fr\/#website","url":"https:\/\/www.librairiealkitab.fr\/","name":"Librairie Al Kitab | Livres islamiques en fran\u00e7ais et arabe \u2013 Coran, Hadith, apprentissage islamique en ligne","description":"Boutique en ligne musulmane","publisher":{"@id":"https:\/\/www.librairiealkitab.fr\/#organization"},"potentialAction":[{"@type":"SearchAction","target":{"@type":"EntryPoint","urlTemplate":"https:\/\/www.librairiealkitab.fr\/?s={search_term_string}"},"query-input":{"@type":"PropertyValueSpecification","valueRequired":true,"valueName":"search_term_string"}}],"inLanguage":"en-US"},{"@type":"Organization","@id":"https:\/\/www.librairiealkitab.fr\/#organization","name":"Librairie Al Kitab | Livres islamiques en fran\u00e7ais et arabe \u2013 Coran, Hadith, apprentissage islamique en ligne","url":"https:\/\/www.librairiealkitab.fr\/","logo":{"@type":"ImageObject","inLanguage":"en-US","@id":"https:\/\/www.librairiealkitab.fr\/#\/schema\/logo\/image\/","url":"https:\/\/www.librairiealkitab.fr\/wp-content\/uploads\/2025\/01\/Logo-Librairie-Al-Kitab-2.png","contentUrl":"https:\/\/www.librairiealkitab.fr\/wp-content\/uploads\/2025\/01\/Logo-Librairie-Al-Kitab-2.png","width":500,"height":500,"caption":"Librairie Al Kitab | Livres islamiques en fran\u00e7ais et arabe \u2013 Coran, Hadith, apprentissage islamique en ligne"},"image":{"@id":"https:\/\/www.librairiealkitab.fr\/#\/schema\/logo\/image\/"}}]}},"jetpack_sharing_enabled":true,"_links":{"self":[{"href":"https:\/\/www.librairiealkitab.fr\/en\/wp-json\/wp\/v2\/product\/2789","targetHints":{"allow":["GET"]}}],"collection":[{"href":"https:\/\/www.librairiealkitab.fr\/en\/wp-json\/wp\/v2\/product"}],"about":[{"href":"https:\/\/www.librairiealkitab.fr\/en\/wp-json\/wp\/v2\/types\/product"}],"version-history":[{"count":1,"href":"https:\/\/www.librairiealkitab.fr\/en\/wp-json\/wp\/v2\/product\/2789\/revisions"}],"predecessor-version":[{"id":10330,"href":"https:\/\/www.librairiealkitab.fr\/en\/wp-json\/wp\/v2\/product\/2789\/revisions\/10330"}],"wp:featuredmedia":[{"embeddable":true,"href":"https:\/\/www.librairiealkitab.fr\/en\/wp-json\/wp\/v2\/media\/5063"}],"wp:attachment":[{"href":"https:\/\/www.librairiealkitab.fr\/en\/wp-json\/wp\/v2\/media?parent=2789"}],"wp:term":[{"taxonomy":"product_brand","embeddable":true,"href":"https:\/\/www.librairiealkitab.fr\/en\/wp-json\/wp\/v2\/product_brand?post=2789"},{"taxonomy":"product_cat","embeddable":true,"href":"https:\/\/www.librairiealkitab.fr\/en\/wp-json\/wp\/v2\/product_cat?post=2789"},{"taxonomy":"product_tag","embeddable":true,"href":"https:\/\/www.librairiealkitab.fr\/en\/wp-json\/wp\/v2\/product_tag?post=2789"}],"curies":[{"name":"wp","href":"https:\/\/api.w.org\/{rel}","templated":true}]}}