{"id":2823,"date":"2025-04-13T09:01:50","date_gmt":"2025-04-13T07:01:50","guid":{"rendered":"https:\/\/librairiealkitab.fr\/produit\/exegese-jouz-amma\/"},"modified":"2026-02-11T14:57:55","modified_gmt":"2026-02-11T13:57:55","slug":"exegese-jouz-amma","status":"publish","type":"product","link":"https:\/\/www.librairiealkitab.fr\/en\/boutique\/exegese-jouz-amma\/","title":{"rendered":"Ex\u00e9g\u00e8se Jouz&#8217; &#8216;amma &#8211; Universel"},"content":{"rendered":"<p data-start=\"85\" data-end=\"319\"><strong data-start=\"85\" data-end=\"97\">Le Coran<\/strong> est la r\u00e9v\u00e9lation des Paroles d&#8217;<strong data-start=\"130\" data-end=\"139\">Allah<\/strong> destin\u00e9es \u00e0 guider Ses cr\u00e9atures. Il constitue la <strong data-start=\"190\" data-end=\"213\">source fondamentale<\/strong> des enseignements islamiques, et il est essentiel pour chaque <strong data-start=\"276\" data-end=\"288\">musulman<\/strong> de le comprendre correctement.<\/p>\n<p data-start=\"326\" data-end=\"588\"><strong data-start=\"326\" data-end=\"350\">Le Tafsir Ibn Kathir<\/strong> est l&#8217;ex\u00e9g\u00e8se la plus r\u00e9put\u00e9e du noble <strong data-start=\"390\" data-end=\"399\">Coran<\/strong> \u00e0 travers le monde. <strong data-start=\"420\" data-end=\"446\">L&#8217;Ex\u00e9g\u00e8se d&#8217;Ibn Kathir<\/strong> en version <strong data-start=\"458\" data-end=\"476\">arabe-fran\u00e7ais<\/strong> offre une traduction et un commentaire qui doivent \u00eatre indissociablement li\u00e9s, formant ainsi un tout coh\u00e9rent.<\/p>","protected":false},"excerpt":{"rendered":"<p>Le Coran est la r\u00e9v\u00e9lation des Paroles d&#8217;Allah destin\u00e9es \u00e0 guider Ses cr\u00e9atures. Il constitue la source fondamentale des enseignements islamiques, et il est essentiel pour chaque musulman de le comprendre correctement. Le Tafsir Ibn Kathir est l&#8217;ex\u00e9g\u00e8se la plus r\u00e9put\u00e9e du noble Coran \u00e0 travers le monde. L&#8217;Ex\u00e9g\u00e8se d&#8217;Ibn Kathir en version arabe-fran\u00e7ais offre<\/p>\n<div class=\"klb-readmore button\"><a class=\"btn link\" href=\"https:\/\/www.librairiealkitab.fr\/en\/boutique\/exegese-jouz-amma\/\">Read More <i class=\"klbth-icon-right-arrow\"><\/i><\/a><\/div>","protected":false},"featured_media":5109,"template":"","meta":[],"product_brand":[243],"product_cat":[268,301,127],"product_tag":[],"class_list":{"0":"post-2823","1":"product","2":"type-product","3":"status-publish","4":"has-post-thumbnail","6":"product_brand-universel","7":"product_cat-exegese-tafsir","8":"product_cat-ibn-kathir","9":"product_cat-noslivres","11":"first","12":"instock","13":"taxable","14":"shipping-taxable","15":"purchasable","16":"product-type-simple"},"yoast_head":"<!-- This site is optimized with the Yoast SEO Premium plugin v25.4 (Yoast SEO v27.0) - https:\/\/yoast.com\/product\/yoast-seo-premium-wordpress\/ -->\n<title>Ex\u00e9g\u00e8se Jouz&#039; &#039;amma - Universel - Librairie Al Kitab | Livres islamiques en fran\u00e7ais et arabe \u2013 Coran, Hadith, apprentissage islamique en ligne<\/title>\n<meta name=\"robots\" content=\"index, follow, max-snippet:-1, max-image-preview:large, max-video-preview:-1\" \/>\n<link rel=\"canonical\" href=\"https:\/\/www.librairiealkitab.fr\/en\/boutique\/exegese-jouz-amma\/\" \/>\n<meta property=\"og:locale\" content=\"en_US\" \/>\n<meta property=\"og:type\" content=\"article\" \/>\n<meta property=\"og:title\" content=\"Ex\u00e9g\u00e8se Jouz&#039; &#039;amma - Universel\" \/>\n<meta property=\"og:description\" content=\"Le Coran est la r\u00e9v\u00e9lation des Paroles d&#8217;Allah destin\u00e9es \u00e0 guider Ses cr\u00e9atures. Il constitue la source fondamentale des enseignements islamiques, et il est essentiel pour chaque musulman de le comprendre correctement. Le Tafsir Ibn Kathir est l&#8217;ex\u00e9g\u00e8se la plus r\u00e9put\u00e9e du noble Coran \u00e0 travers le monde. L&#8217;Ex\u00e9g\u00e8se d&#8217;Ibn Kathir en version arabe-fran\u00e7ais offreRead More\" \/>\n<meta property=\"og:url\" content=\"https:\/\/www.librairiealkitab.fr\/en\/boutique\/exegese-jouz-amma\/\" \/>\n<meta property=\"og:site_name\" content=\"Librairie Al Kitab | Livres islamiques en fran\u00e7ais et arabe \u2013 Coran, Hadith, apprentissage islamique en ligne\" \/>\n<meta property=\"article:modified_time\" content=\"2026-02-11T13:57:55+00:00\" \/>\n<meta property=\"og:image\" content=\"https:\/\/www.librairiealkitab.fr\/wp-content\/uploads\/2025\/04\/ShopifyUniversel_3.png\" \/>\n\t<meta property=\"og:image:width\" content=\"1563\" \/>\n\t<meta property=\"og:image:height\" content=\"1563\" \/>\n\t<meta property=\"og:image:type\" content=\"image\/png\" \/>\n<meta name=\"twitter:card\" content=\"summary_large_image\" \/>\n<meta name=\"twitter:label1\" content=\"Est. reading time\" \/>\n\t<meta name=\"twitter:data1\" content=\"1 minute\" \/>\n<script type=\"application\/ld+json\" class=\"yoast-schema-graph\">{\"@context\":\"https:\/\/schema.org\",\"@graph\":[{\"@type\":\"WebPage\",\"@id\":\"https:\/\/www.librairiealkitab.fr\/boutique\/exegese-jouz-amma\/\",\"url\":\"https:\/\/www.librairiealkitab.fr\/boutique\/exegese-jouz-amma\/\",\"name\":\"Ex\u00e9g\u00e8se Jouz' 'amma - Universel - Librairie Al Kitab | Livres islamiques en fran\u00e7ais et arabe \u2013 Coran, Hadith, apprentissage islamique en ligne\",\"isPartOf\":{\"@id\":\"https:\/\/www.librairiealkitab.fr\/#website\"},\"primaryImageOfPage\":{\"@id\":\"https:\/\/www.librairiealkitab.fr\/boutique\/exegese-jouz-amma\/#primaryimage\"},\"image\":{\"@id\":\"https:\/\/www.librairiealkitab.fr\/boutique\/exegese-jouz-amma\/#primaryimage\"},\"thumbnailUrl\":\"https:\/\/www.librairiealkitab.fr\/wp-content\/uploads\/2025\/04\/ShopifyUniversel_3.png\",\"datePublished\":\"2025-04-13T07:01:50+00:00\",\"dateModified\":\"2026-02-11T13:57:55+00:00\",\"breadcrumb\":{\"@id\":\"https:\/\/www.librairiealkitab.fr\/boutique\/exegese-jouz-amma\/#breadcrumb\"},\"inLanguage\":\"en-US\",\"potentialAction\":[{\"@type\":\"ReadAction\",\"target\":[\"https:\/\/www.librairiealkitab.fr\/boutique\/exegese-jouz-amma\/\"]}]},{\"@type\":\"ImageObject\",\"inLanguage\":\"en-US\",\"@id\":\"https:\/\/www.librairiealkitab.fr\/boutique\/exegese-jouz-amma\/#primaryimage\",\"url\":\"https:\/\/www.librairiealkitab.fr\/wp-content\/uploads\/2025\/04\/ShopifyUniversel_3.png\",\"contentUrl\":\"https:\/\/www.librairiealkitab.fr\/wp-content\/uploads\/2025\/04\/ShopifyUniversel_3.png\",\"width\":1563,\"height\":1563},{\"@type\":\"BreadcrumbList\",\"@id\":\"https:\/\/www.librairiealkitab.fr\/boutique\/exegese-jouz-amma\/#breadcrumb\",\"itemListElement\":[{\"@type\":\"ListItem\",\"position\":1,\"name\":\"Accueil\",\"item\":\"https:\/\/www.librairiealkitab.fr\/\"},{\"@type\":\"ListItem\",\"position\":2,\"name\":\"Shop\",\"item\":\"https:\/\/www.librairiealkitab.fr\/shop\/\"},{\"@type\":\"ListItem\",\"position\":3,\"name\":\"Ex\u00e9g\u00e8se Jouz&#8217; &#8216;amma &#8211; Universel\"}]},{\"@type\":\"WebSite\",\"@id\":\"https:\/\/www.librairiealkitab.fr\/#website\",\"url\":\"https:\/\/www.librairiealkitab.fr\/\",\"name\":\"Librairie Al Kitab | Livres islamiques en fran\u00e7ais et arabe \u2013 Coran, Hadith, apprentissage islamique en ligne\",\"description\":\"Boutique en ligne musulmane\",\"publisher\":{\"@id\":\"https:\/\/www.librairiealkitab.fr\/#organization\"},\"potentialAction\":[{\"@type\":\"SearchAction\",\"target\":{\"@type\":\"EntryPoint\",\"urlTemplate\":\"https:\/\/www.librairiealkitab.fr\/?s={search_term_string}\"},\"query-input\":{\"@type\":\"PropertyValueSpecification\",\"valueRequired\":true,\"valueName\":\"search_term_string\"}}],\"inLanguage\":\"en-US\"},{\"@type\":\"Organization\",\"@id\":\"https:\/\/www.librairiealkitab.fr\/#organization\",\"name\":\"Librairie Al Kitab | Livres islamiques en fran\u00e7ais et arabe \u2013 Coran, Hadith, apprentissage islamique en ligne\",\"url\":\"https:\/\/www.librairiealkitab.fr\/\",\"logo\":{\"@type\":\"ImageObject\",\"inLanguage\":\"en-US\",\"@id\":\"https:\/\/www.librairiealkitab.fr\/#\/schema\/logo\/image\/\",\"url\":\"https:\/\/www.librairiealkitab.fr\/wp-content\/uploads\/2025\/01\/Logo-Librairie-Al-Kitab-2.png\",\"contentUrl\":\"https:\/\/www.librairiealkitab.fr\/wp-content\/uploads\/2025\/01\/Logo-Librairie-Al-Kitab-2.png\",\"width\":500,\"height\":500,\"caption\":\"Librairie Al Kitab | Livres islamiques en fran\u00e7ais et arabe \u2013 Coran, Hadith, apprentissage islamique en ligne\"},\"image\":{\"@id\":\"https:\/\/www.librairiealkitab.fr\/#\/schema\/logo\/image\/\"}}]}<\/script>\n<!-- \/ Yoast SEO Premium plugin. -->","yoast_head_json":{"title":"Ex\u00e9g\u00e8se Jouz' 'amma - Universel - Librairie Al Kitab | Livres islamiques en fran\u00e7ais et arabe \u2013 Coran, Hadith, apprentissage islamique en ligne","robots":{"index":"index","follow":"follow","max-snippet":"max-snippet:-1","max-image-preview":"max-image-preview:large","max-video-preview":"max-video-preview:-1"},"canonical":"https:\/\/www.librairiealkitab.fr\/en\/boutique\/exegese-jouz-amma\/","og_locale":"en_US","og_type":"article","og_title":"Ex\u00e9g\u00e8se Jouz' 'amma - Universel","og_description":"Le Coran est la r\u00e9v\u00e9lation des Paroles d&#8217;Allah destin\u00e9es \u00e0 guider Ses cr\u00e9atures. Il constitue la source fondamentale des enseignements islamiques, et il est essentiel pour chaque musulman de le comprendre correctement. Le Tafsir Ibn Kathir est l&#8217;ex\u00e9g\u00e8se la plus r\u00e9put\u00e9e du noble Coran \u00e0 travers le monde. L&#8217;Ex\u00e9g\u00e8se d&#8217;Ibn Kathir en version arabe-fran\u00e7ais offreRead More","og_url":"https:\/\/www.librairiealkitab.fr\/en\/boutique\/exegese-jouz-amma\/","og_site_name":"Librairie Al Kitab | Livres islamiques en fran\u00e7ais et arabe \u2013 Coran, Hadith, apprentissage islamique en ligne","article_modified_time":"2026-02-11T13:57:55+00:00","og_image":[{"width":1563,"height":1563,"url":"https:\/\/www.librairiealkitab.fr\/wp-content\/uploads\/2025\/04\/ShopifyUniversel_3.png","type":"image\/png"}],"twitter_card":"summary_large_image","twitter_misc":{"Est. reading time":"1 minute"},"schema":{"@context":"https:\/\/schema.org","@graph":[{"@type":"WebPage","@id":"https:\/\/www.librairiealkitab.fr\/boutique\/exegese-jouz-amma\/","url":"https:\/\/www.librairiealkitab.fr\/boutique\/exegese-jouz-amma\/","name":"Ex\u00e9g\u00e8se Jouz' 'amma - Universel - Librairie Al Kitab | Livres islamiques en fran\u00e7ais et arabe \u2013 Coran, Hadith, apprentissage islamique en ligne","isPartOf":{"@id":"https:\/\/www.librairiealkitab.fr\/#website"},"primaryImageOfPage":{"@id":"https:\/\/www.librairiealkitab.fr\/boutique\/exegese-jouz-amma\/#primaryimage"},"image":{"@id":"https:\/\/www.librairiealkitab.fr\/boutique\/exegese-jouz-amma\/#primaryimage"},"thumbnailUrl":"https:\/\/www.librairiealkitab.fr\/wp-content\/uploads\/2025\/04\/ShopifyUniversel_3.png","datePublished":"2025-04-13T07:01:50+00:00","dateModified":"2026-02-11T13:57:55+00:00","breadcrumb":{"@id":"https:\/\/www.librairiealkitab.fr\/boutique\/exegese-jouz-amma\/#breadcrumb"},"inLanguage":"en-US","potentialAction":[{"@type":"ReadAction","target":["https:\/\/www.librairiealkitab.fr\/boutique\/exegese-jouz-amma\/"]}]},{"@type":"ImageObject","inLanguage":"en-US","@id":"https:\/\/www.librairiealkitab.fr\/boutique\/exegese-jouz-amma\/#primaryimage","url":"https:\/\/www.librairiealkitab.fr\/wp-content\/uploads\/2025\/04\/ShopifyUniversel_3.png","contentUrl":"https:\/\/www.librairiealkitab.fr\/wp-content\/uploads\/2025\/04\/ShopifyUniversel_3.png","width":1563,"height":1563},{"@type":"BreadcrumbList","@id":"https:\/\/www.librairiealkitab.fr\/boutique\/exegese-jouz-amma\/#breadcrumb","itemListElement":[{"@type":"ListItem","position":1,"name":"Accueil","item":"https:\/\/www.librairiealkitab.fr\/"},{"@type":"ListItem","position":2,"name":"Shop","item":"https:\/\/www.librairiealkitab.fr\/shop\/"},{"@type":"ListItem","position":3,"name":"Ex\u00e9g\u00e8se Jouz&#8217; &#8216;amma &#8211; Universel"}]},{"@type":"WebSite","@id":"https:\/\/www.librairiealkitab.fr\/#website","url":"https:\/\/www.librairiealkitab.fr\/","name":"Librairie Al Kitab | Livres islamiques en fran\u00e7ais et arabe \u2013 Coran, Hadith, apprentissage islamique en ligne","description":"Boutique en ligne musulmane","publisher":{"@id":"https:\/\/www.librairiealkitab.fr\/#organization"},"potentialAction":[{"@type":"SearchAction","target":{"@type":"EntryPoint","urlTemplate":"https:\/\/www.librairiealkitab.fr\/?s={search_term_string}"},"query-input":{"@type":"PropertyValueSpecification","valueRequired":true,"valueName":"search_term_string"}}],"inLanguage":"en-US"},{"@type":"Organization","@id":"https:\/\/www.librairiealkitab.fr\/#organization","name":"Librairie Al Kitab | Livres islamiques en fran\u00e7ais et arabe \u2013 Coran, Hadith, apprentissage islamique en ligne","url":"https:\/\/www.librairiealkitab.fr\/","logo":{"@type":"ImageObject","inLanguage":"en-US","@id":"https:\/\/www.librairiealkitab.fr\/#\/schema\/logo\/image\/","url":"https:\/\/www.librairiealkitab.fr\/wp-content\/uploads\/2025\/01\/Logo-Librairie-Al-Kitab-2.png","contentUrl":"https:\/\/www.librairiealkitab.fr\/wp-content\/uploads\/2025\/01\/Logo-Librairie-Al-Kitab-2.png","width":500,"height":500,"caption":"Librairie Al Kitab | Livres islamiques en fran\u00e7ais et arabe \u2013 Coran, Hadith, apprentissage islamique en ligne"},"image":{"@id":"https:\/\/www.librairiealkitab.fr\/#\/schema\/logo\/image\/"}}]}},"jetpack_sharing_enabled":true,"_links":{"self":[{"href":"https:\/\/www.librairiealkitab.fr\/en\/wp-json\/wp\/v2\/product\/2823","targetHints":{"allow":["GET"]}}],"collection":[{"href":"https:\/\/www.librairiealkitab.fr\/en\/wp-json\/wp\/v2\/product"}],"about":[{"href":"https:\/\/www.librairiealkitab.fr\/en\/wp-json\/wp\/v2\/types\/product"}],"version-history":[{"count":1,"href":"https:\/\/www.librairiealkitab.fr\/en\/wp-json\/wp\/v2\/product\/2823\/revisions"}],"predecessor-version":[{"id":10389,"href":"https:\/\/www.librairiealkitab.fr\/en\/wp-json\/wp\/v2\/product\/2823\/revisions\/10389"}],"wp:featuredmedia":[{"embeddable":true,"href":"https:\/\/www.librairiealkitab.fr\/en\/wp-json\/wp\/v2\/media\/5109"}],"wp:attachment":[{"href":"https:\/\/www.librairiealkitab.fr\/en\/wp-json\/wp\/v2\/media?parent=2823"}],"wp:term":[{"taxonomy":"product_brand","embeddable":true,"href":"https:\/\/www.librairiealkitab.fr\/en\/wp-json\/wp\/v2\/product_brand?post=2823"},{"taxonomy":"product_cat","embeddable":true,"href":"https:\/\/www.librairiealkitab.fr\/en\/wp-json\/wp\/v2\/product_cat?post=2823"},{"taxonomy":"product_tag","embeddable":true,"href":"https:\/\/www.librairiealkitab.fr\/en\/wp-json\/wp\/v2\/product_tag?post=2823"}],"curies":[{"name":"wp","href":"https:\/\/api.w.org\/{rel}","templated":true}]}}