{"id":3297,"date":"2025-04-13T09:11:44","date_gmt":"2025-04-13T07:11:44","guid":{"rendered":"https:\/\/librairiealkitab.fr\/produit\/les-101-grands-hommes-de-l-islam-renaud-k-sarrazins\/"},"modified":"2025-07-28T17:44:06","modified_gmt":"2025-07-28T15:44:06","slug":"les-101-grands-hommes-de-l-islam-renaud-k-sarrazins","status":"publish","type":"product","link":"https:\/\/www.librairiealkitab.fr\/en\/boutique\/les-101-grands-hommes-de-l-islam-renaud-k-sarrazins\/","title":{"rendered":"Les 101 grands hommes de l\u2019Islam \u2013 Renaud K. \u2013 Sarrazins"},"content":{"rendered":"<div class=\"flex max-w-full flex-col flex-grow\">\n<div class=\"min-h-8 text-message flex w-full flex-col items-end gap-2 whitespace-normal break-words [.text-message+&amp;]:mt-5\" dir=\"auto\" data-message-author-role=\"assistant\" data-message-id=\"a3c9bc5d-89bd-4fab-9679-80d00043bb33\" data-message-model-slug=\"gpt-4o\">\n<div class=\"flex w-full flex-col gap-1 empty:hidden first:pt-[3px]\">\n<div class=\"markdown prose w-full break-words dark:prose-invert light\">\n<p>Du <strong>Proph\u00e8te Mu\u1e25ammad<\/strong> (paix et salut sur lui) \u00e0 l\u2019\u00e9rudit andalou <strong>Ibn \u1e24azm<\/strong>, en passant par le compagnon fid\u00e8le <strong>Ab\u016b Ayy\u016bb al-An\u1e63\u0101r\u012b<\/strong> et le r\u00e9sistant courageux <strong>Sh\u0101mil<\/strong>, ce livre retrace le parcours de <strong>figures embl\u00e9matiques<\/strong> de l\u2019histoire islamique. Il d\u00e9voile aussi la vie du grand savant du <strong>\u1e24ad\u012bth al-Bukh\u0101r\u012b<\/strong> et celle de <strong>Me\u1e25med II<\/strong>, conqu\u00e9rant l\u00e9gendaire de <strong>Constantinople<\/strong>.<\/p>\n<p>\u00c0 travers ces r\u00e9cits, explorez un <strong>h\u00e9ritage spirituel<\/strong>, <strong>intellectuel<\/strong> et <strong>historique<\/strong> port\u00e9 par des hommes remarquables qui ont profond\u00e9ment marqu\u00e9 l\u2019histoire de l\u2019<strong>islam<\/strong> et de l\u2019humanit\u00e9.<\/p>\n<\/div>\n<\/div>\n<\/div>\n<\/div>","protected":false},"excerpt":{"rendered":"<p>Du Proph\u00e8te Mu\u1e25ammad (paix et salut sur lui) \u00e0 l\u2019\u00e9rudit andalou Ibn \u1e24azm, en passant par le compagnon fid\u00e8le Ab\u016b Ayy\u016bb al-An\u1e63\u0101r\u012b et le r\u00e9sistant courageux Sh\u0101mil, ce livre retrace le parcours de figures embl\u00e9matiques de l\u2019histoire islamique. Il d\u00e9voile aussi la vie du grand savant du \u1e24ad\u012bth al-Bukh\u0101r\u012b et celle de Me\u1e25med II, conqu\u00e9rant<\/p>\n<div class=\"klb-readmore button\"><a class=\"btn link\" href=\"https:\/\/www.librairiealkitab.fr\/en\/boutique\/les-101-grands-hommes-de-l-islam-renaud-k-sarrazins\/\">Read More <i class=\"klbth-icon-right-arrow\"><\/i><\/a><\/div>","protected":false},"featured_media":5699,"template":"","meta":[],"product_brand":[233],"product_cat":[274,127],"product_tag":[],"class_list":{"0":"post-3297","1":"product","2":"type-product","3":"status-publish","4":"has-post-thumbnail","6":"product_brand-sarrazins","7":"product_cat-biographies-histoires","8":"product_cat-noslivres","10":"first","11":"instock","12":"taxable","13":"shipping-taxable","14":"purchasable","15":"product-type-simple"},"yoast_head":"<!-- This site is optimized with the Yoast SEO Premium plugin v25.4 (Yoast SEO v27.4) - https:\/\/yoast.com\/product\/yoast-seo-premium-wordpress\/ -->\n<title>Les 101 grands hommes de l\u2019Islam \u2013 Renaud K. \u2013 Sarrazins - Librairie Al Kitab | Livres islamiques en fran\u00e7ais et arabe \u2013 Coran, Hadith, apprentissage islamique en ligne<\/title>\n<meta name=\"robots\" content=\"index, follow, max-snippet:-1, max-image-preview:large, max-video-preview:-1\" \/>\n<link rel=\"canonical\" href=\"https:\/\/www.librairiealkitab.fr\/en\/boutique\/les-101-grands-hommes-de-l-islam-renaud-k-sarrazins\/\" \/>\n<meta property=\"og:locale\" content=\"en_US\" \/>\n<meta property=\"og:type\" content=\"article\" \/>\n<meta property=\"og:title\" content=\"Les 101 grands hommes de l\u2019Islam \u2013 Renaud K. \u2013 Sarrazins\" \/>\n<meta property=\"og:description\" content=\"Du Proph\u00e8te Mu\u1e25ammad (paix et salut sur lui) \u00e0 l\u2019\u00e9rudit andalou Ibn \u1e24azm, en passant par le compagnon fid\u00e8le Ab\u016b Ayy\u016bb al-An\u1e63\u0101r\u012b et le r\u00e9sistant courageux Sh\u0101mil, ce livre retrace le parcours de figures embl\u00e9matiques de l\u2019histoire islamique. Il d\u00e9voile aussi la vie du grand savant du \u1e24ad\u012bth al-Bukh\u0101r\u012b et celle de Me\u1e25med II, conqu\u00e9rantRead More\" \/>\n<meta property=\"og:url\" content=\"https:\/\/www.librairiealkitab.fr\/en\/boutique\/les-101-grands-hommes-de-l-islam-renaud-k-sarrazins\/\" \/>\n<meta property=\"og:site_name\" content=\"Librairie Al Kitab | Livres islamiques en fran\u00e7ais et arabe \u2013 Coran, Hadith, apprentissage islamique en ligne\" \/>\n<meta property=\"article:modified_time\" content=\"2025-07-28T15:44:06+00:00\" \/>\n<meta property=\"og:image\" content=\"https:\/\/www.librairiealkitab.fr\/wp-content\/uploads\/2025\/04\/11_d75c5180-9ac0-4583-b8a3-94fed23fae9b.png\" \/>\n\t<meta property=\"og:image:width\" content=\"1563\" \/>\n\t<meta property=\"og:image:height\" content=\"1563\" \/>\n\t<meta property=\"og:image:type\" content=\"image\/png\" \/>\n<meta name=\"twitter:card\" content=\"summary_large_image\" \/>\n<meta name=\"twitter:label1\" content=\"Est. reading time\" \/>\n\t<meta name=\"twitter:data1\" content=\"1 minute\" \/>\n<script type=\"application\/ld+json\" class=\"yoast-schema-graph\">{\"@context\":\"https:\\\/\\\/schema.org\",\"@graph\":[{\"@type\":\"WebPage\",\"@id\":\"https:\\\/\\\/www.librairiealkitab.fr\\\/boutique\\\/les-101-grands-hommes-de-l-islam-renaud-k-sarrazins\\\/\",\"url\":\"https:\\\/\\\/www.librairiealkitab.fr\\\/boutique\\\/les-101-grands-hommes-de-l-islam-renaud-k-sarrazins\\\/\",\"name\":\"Les 101 grands hommes de l\u2019Islam \u2013 Renaud K. \u2013 Sarrazins - Librairie Al Kitab | Livres islamiques en fran\u00e7ais et arabe \u2013 Coran, Hadith, apprentissage islamique en ligne\",\"isPartOf\":{\"@id\":\"https:\\\/\\\/www.librairiealkitab.fr\\\/#website\"},\"primaryImageOfPage\":{\"@id\":\"https:\\\/\\\/www.librairiealkitab.fr\\\/boutique\\\/les-101-grands-hommes-de-l-islam-renaud-k-sarrazins\\\/#primaryimage\"},\"image\":{\"@id\":\"https:\\\/\\\/www.librairiealkitab.fr\\\/boutique\\\/les-101-grands-hommes-de-l-islam-renaud-k-sarrazins\\\/#primaryimage\"},\"thumbnailUrl\":\"https:\\\/\\\/www.librairiealkitab.fr\\\/wp-content\\\/uploads\\\/2025\\\/04\\\/11_d75c5180-9ac0-4583-b8a3-94fed23fae9b.png\",\"datePublished\":\"2025-04-13T07:11:44+00:00\",\"dateModified\":\"2025-07-28T15:44:06+00:00\",\"breadcrumb\":{\"@id\":\"https:\\\/\\\/www.librairiealkitab.fr\\\/boutique\\\/les-101-grands-hommes-de-l-islam-renaud-k-sarrazins\\\/#breadcrumb\"},\"inLanguage\":\"en-US\",\"potentialAction\":[{\"@type\":\"ReadAction\",\"target\":[\"https:\\\/\\\/www.librairiealkitab.fr\\\/boutique\\\/les-101-grands-hommes-de-l-islam-renaud-k-sarrazins\\\/\"]}]},{\"@type\":\"ImageObject\",\"inLanguage\":\"en-US\",\"@id\":\"https:\\\/\\\/www.librairiealkitab.fr\\\/boutique\\\/les-101-grands-hommes-de-l-islam-renaud-k-sarrazins\\\/#primaryimage\",\"url\":\"https:\\\/\\\/www.librairiealkitab.fr\\\/wp-content\\\/uploads\\\/2025\\\/04\\\/11_d75c5180-9ac0-4583-b8a3-94fed23fae9b.png\",\"contentUrl\":\"https:\\\/\\\/www.librairiealkitab.fr\\\/wp-content\\\/uploads\\\/2025\\\/04\\\/11_d75c5180-9ac0-4583-b8a3-94fed23fae9b.png\",\"width\":1563,\"height\":1563},{\"@type\":\"BreadcrumbList\",\"@id\":\"https:\\\/\\\/www.librairiealkitab.fr\\\/boutique\\\/les-101-grands-hommes-de-l-islam-renaud-k-sarrazins\\\/#breadcrumb\",\"itemListElement\":[{\"@type\":\"ListItem\",\"position\":1,\"name\":\"Accueil\",\"item\":\"https:\\\/\\\/www.librairiealkitab.fr\\\/\"},{\"@type\":\"ListItem\",\"position\":2,\"name\":\"Shop\",\"item\":\"https:\\\/\\\/www.librairiealkitab.fr\\\/shop\\\/\"},{\"@type\":\"ListItem\",\"position\":3,\"name\":\"Les 101 grands hommes de l\u2019Islam \u2013 Renaud K. \u2013 Sarrazins\"}]},{\"@type\":\"WebSite\",\"@id\":\"https:\\\/\\\/www.librairiealkitab.fr\\\/#website\",\"url\":\"https:\\\/\\\/www.librairiealkitab.fr\\\/\",\"name\":\"Librairie Al Kitab | Livres islamiques en fran\u00e7ais et arabe \u2013 Coran, Hadith, apprentissage islamique en ligne\",\"description\":\"Boutique en ligne musulmane\",\"publisher\":{\"@id\":\"https:\\\/\\\/www.librairiealkitab.fr\\\/#organization\"},\"potentialAction\":[{\"@type\":\"SearchAction\",\"target\":{\"@type\":\"EntryPoint\",\"urlTemplate\":\"https:\\\/\\\/www.librairiealkitab.fr\\\/?s={search_term_string}\"},\"query-input\":{\"@type\":\"PropertyValueSpecification\",\"valueRequired\":true,\"valueName\":\"search_term_string\"}}],\"inLanguage\":\"en-US\"},{\"@type\":\"Organization\",\"@id\":\"https:\\\/\\\/www.librairiealkitab.fr\\\/#organization\",\"name\":\"Librairie Al Kitab | Livres islamiques en fran\u00e7ais et arabe \u2013 Coran, Hadith, apprentissage islamique en ligne\",\"url\":\"https:\\\/\\\/www.librairiealkitab.fr\\\/\",\"logo\":{\"@type\":\"ImageObject\",\"inLanguage\":\"en-US\",\"@id\":\"https:\\\/\\\/www.librairiealkitab.fr\\\/#\\\/schema\\\/logo\\\/image\\\/\",\"url\":\"https:\\\/\\\/www.librairiealkitab.fr\\\/wp-content\\\/uploads\\\/2025\\\/01\\\/Logo-Librairie-Al-Kitab-2.png\",\"contentUrl\":\"https:\\\/\\\/www.librairiealkitab.fr\\\/wp-content\\\/uploads\\\/2025\\\/01\\\/Logo-Librairie-Al-Kitab-2.png\",\"width\":500,\"height\":500,\"caption\":\"Librairie Al Kitab | Livres islamiques en fran\u00e7ais et arabe \u2013 Coran, Hadith, apprentissage islamique en ligne\"},\"image\":{\"@id\":\"https:\\\/\\\/www.librairiealkitab.fr\\\/#\\\/schema\\\/logo\\\/image\\\/\"}}]}<\/script>\n<!-- \/ Yoast SEO Premium plugin. -->","yoast_head_json":{"title":"Les 101 grands hommes de l\u2019Islam \u2013 Renaud K. \u2013 Sarrazins - Librairie Al Kitab | Livres islamiques en fran\u00e7ais et arabe \u2013 Coran, Hadith, apprentissage islamique en ligne","robots":{"index":"index","follow":"follow","max-snippet":"max-snippet:-1","max-image-preview":"max-image-preview:large","max-video-preview":"max-video-preview:-1"},"canonical":"https:\/\/www.librairiealkitab.fr\/en\/boutique\/les-101-grands-hommes-de-l-islam-renaud-k-sarrazins\/","og_locale":"en_US","og_type":"article","og_title":"Les 101 grands hommes de l\u2019Islam \u2013 Renaud K. \u2013 Sarrazins","og_description":"Du Proph\u00e8te Mu\u1e25ammad (paix et salut sur lui) \u00e0 l\u2019\u00e9rudit andalou Ibn \u1e24azm, en passant par le compagnon fid\u00e8le Ab\u016b Ayy\u016bb al-An\u1e63\u0101r\u012b et le r\u00e9sistant courageux Sh\u0101mil, ce livre retrace le parcours de figures embl\u00e9matiques de l\u2019histoire islamique. Il d\u00e9voile aussi la vie du grand savant du \u1e24ad\u012bth al-Bukh\u0101r\u012b et celle de Me\u1e25med II, conqu\u00e9rantRead More","og_url":"https:\/\/www.librairiealkitab.fr\/en\/boutique\/les-101-grands-hommes-de-l-islam-renaud-k-sarrazins\/","og_site_name":"Librairie Al Kitab | Livres islamiques en fran\u00e7ais et arabe \u2013 Coran, Hadith, apprentissage islamique en ligne","article_modified_time":"2025-07-28T15:44:06+00:00","og_image":[{"width":1563,"height":1563,"url":"https:\/\/www.librairiealkitab.fr\/wp-content\/uploads\/2025\/04\/11_d75c5180-9ac0-4583-b8a3-94fed23fae9b.png","type":"image\/png"}],"twitter_card":"summary_large_image","twitter_misc":{"Est. reading time":"1 minute"},"schema":{"@context":"https:\/\/schema.org","@graph":[{"@type":"WebPage","@id":"https:\/\/www.librairiealkitab.fr\/boutique\/les-101-grands-hommes-de-l-islam-renaud-k-sarrazins\/","url":"https:\/\/www.librairiealkitab.fr\/boutique\/les-101-grands-hommes-de-l-islam-renaud-k-sarrazins\/","name":"Les 101 grands hommes de l\u2019Islam \u2013 Renaud K. \u2013 Sarrazins - Librairie Al Kitab | Livres islamiques en fran\u00e7ais et arabe \u2013 Coran, Hadith, apprentissage islamique en ligne","isPartOf":{"@id":"https:\/\/www.librairiealkitab.fr\/#website"},"primaryImageOfPage":{"@id":"https:\/\/www.librairiealkitab.fr\/boutique\/les-101-grands-hommes-de-l-islam-renaud-k-sarrazins\/#primaryimage"},"image":{"@id":"https:\/\/www.librairiealkitab.fr\/boutique\/les-101-grands-hommes-de-l-islam-renaud-k-sarrazins\/#primaryimage"},"thumbnailUrl":"https:\/\/www.librairiealkitab.fr\/wp-content\/uploads\/2025\/04\/11_d75c5180-9ac0-4583-b8a3-94fed23fae9b.png","datePublished":"2025-04-13T07:11:44+00:00","dateModified":"2025-07-28T15:44:06+00:00","breadcrumb":{"@id":"https:\/\/www.librairiealkitab.fr\/boutique\/les-101-grands-hommes-de-l-islam-renaud-k-sarrazins\/#breadcrumb"},"inLanguage":"en-US","potentialAction":[{"@type":"ReadAction","target":["https:\/\/www.librairiealkitab.fr\/boutique\/les-101-grands-hommes-de-l-islam-renaud-k-sarrazins\/"]}]},{"@type":"ImageObject","inLanguage":"en-US","@id":"https:\/\/www.librairiealkitab.fr\/boutique\/les-101-grands-hommes-de-l-islam-renaud-k-sarrazins\/#primaryimage","url":"https:\/\/www.librairiealkitab.fr\/wp-content\/uploads\/2025\/04\/11_d75c5180-9ac0-4583-b8a3-94fed23fae9b.png","contentUrl":"https:\/\/www.librairiealkitab.fr\/wp-content\/uploads\/2025\/04\/11_d75c5180-9ac0-4583-b8a3-94fed23fae9b.png","width":1563,"height":1563},{"@type":"BreadcrumbList","@id":"https:\/\/www.librairiealkitab.fr\/boutique\/les-101-grands-hommes-de-l-islam-renaud-k-sarrazins\/#breadcrumb","itemListElement":[{"@type":"ListItem","position":1,"name":"Accueil","item":"https:\/\/www.librairiealkitab.fr\/"},{"@type":"ListItem","position":2,"name":"Shop","item":"https:\/\/www.librairiealkitab.fr\/shop\/"},{"@type":"ListItem","position":3,"name":"Les 101 grands hommes de l\u2019Islam \u2013 Renaud K. \u2013 Sarrazins"}]},{"@type":"WebSite","@id":"https:\/\/www.librairiealkitab.fr\/#website","url":"https:\/\/www.librairiealkitab.fr\/","name":"Librairie Al Kitab | Livres islamiques en fran\u00e7ais et arabe \u2013 Coran, Hadith, apprentissage islamique en ligne","description":"Boutique en ligne musulmane","publisher":{"@id":"https:\/\/www.librairiealkitab.fr\/#organization"},"potentialAction":[{"@type":"SearchAction","target":{"@type":"EntryPoint","urlTemplate":"https:\/\/www.librairiealkitab.fr\/?s={search_term_string}"},"query-input":{"@type":"PropertyValueSpecification","valueRequired":true,"valueName":"search_term_string"}}],"inLanguage":"en-US"},{"@type":"Organization","@id":"https:\/\/www.librairiealkitab.fr\/#organization","name":"Librairie Al Kitab | Livres islamiques en fran\u00e7ais et arabe \u2013 Coran, Hadith, apprentissage islamique en ligne","url":"https:\/\/www.librairiealkitab.fr\/","logo":{"@type":"ImageObject","inLanguage":"en-US","@id":"https:\/\/www.librairiealkitab.fr\/#\/schema\/logo\/image\/","url":"https:\/\/www.librairiealkitab.fr\/wp-content\/uploads\/2025\/01\/Logo-Librairie-Al-Kitab-2.png","contentUrl":"https:\/\/www.librairiealkitab.fr\/wp-content\/uploads\/2025\/01\/Logo-Librairie-Al-Kitab-2.png","width":500,"height":500,"caption":"Librairie Al Kitab | Livres islamiques en fran\u00e7ais et arabe \u2013 Coran, Hadith, apprentissage islamique en ligne"},"image":{"@id":"https:\/\/www.librairiealkitab.fr\/#\/schema\/logo\/image\/"}}]}},"jetpack_sharing_enabled":true,"_links":{"self":[{"href":"https:\/\/www.librairiealkitab.fr\/en\/wp-json\/wp\/v2\/product\/3297","targetHints":{"allow":["GET"]}}],"collection":[{"href":"https:\/\/www.librairiealkitab.fr\/en\/wp-json\/wp\/v2\/product"}],"about":[{"href":"https:\/\/www.librairiealkitab.fr\/en\/wp-json\/wp\/v2\/types\/product"}],"version-history":[{"count":2,"href":"https:\/\/www.librairiealkitab.fr\/en\/wp-json\/wp\/v2\/product\/3297\/revisions"}],"predecessor-version":[{"id":10152,"href":"https:\/\/www.librairiealkitab.fr\/en\/wp-json\/wp\/v2\/product\/3297\/revisions\/10152"}],"wp:featuredmedia":[{"embeddable":true,"href":"https:\/\/www.librairiealkitab.fr\/en\/wp-json\/wp\/v2\/media\/5699"}],"wp:attachment":[{"href":"https:\/\/www.librairiealkitab.fr\/en\/wp-json\/wp\/v2\/media?parent=3297"}],"wp:term":[{"taxonomy":"product_brand","embeddable":true,"href":"https:\/\/www.librairiealkitab.fr\/en\/wp-json\/wp\/v2\/product_brand?post=3297"},{"taxonomy":"product_cat","embeddable":true,"href":"https:\/\/www.librairiealkitab.fr\/en\/wp-json\/wp\/v2\/product_cat?post=3297"},{"taxonomy":"product_tag","embeddable":true,"href":"https:\/\/www.librairiealkitab.fr\/en\/wp-json\/wp\/v2\/product_tag?post=3297"}],"curies":[{"name":"wp","href":"https:\/\/api.w.org\/{rel}","templated":true}]}}